{"id":1320,"date":"2026-02-10T04:35:10","date_gmt":"2026-02-10T04:35:10","guid":{"rendered":"https:\/\/megapari.games\/?page_id=1320"},"modified":"2026-03-30T13:30:58","modified_gmt":"2026-03-30T13:30:58","slug":"book-of-dead","status":"publish","type":"page","link":"https:\/\/megapari.games\/ro\/book-of-dead\/","title":{"rendered":"Book of Dead"},"content":{"rendered":"","protected":false},"excerpt":{"rendered":"","protected":false},"author":1,"featured_media":0,"parent":0,"menu_order":0,"comment_status":"closed","ping_status":"closed","template":"","meta":{"inline_featured_image":false,"footnotes":""},"class_list":["post-1320","page","type-page","status-publish","hentry"],"yoast_head":"<!-- This site is optimized with the Yoast SEO plugin v27.6 - https:\/\/yoast.com\/product\/yoast-seo-wordpress\/ -->\n<title>Book of Dead Megapari \u2014 Joac\u0103 celebrul slot \u201eBook\u201d<\/title>\n<meta name=\"description\" content=\"Descoper\u0103 atmosfera misterelor antice cu Book of Dead! Mecanica simpl\u0103, rotirile gratuite \u0219i simbolurile expansive fac din acest slot de la Megapari alegerea perfect\u0103 at\u00e2t pentru \u00eencep\u0103tori, c\u00e2t \u0219i pentru juc\u0103torii experimenta\u021bi.\" \/>\n<meta name=\"robots\" content=\"index, follow, max-snippet:-1, max-image-preview:large, max-video-preview:-1\" \/>\n<link rel=\"canonical\" href=\"https:\/\/megapari.games\/ro\/book-of-dead\/\" \/>\n<meta property=\"og:locale\" content=\"ro_RO\" \/>\n<meta property=\"og:type\" content=\"article\" \/>\n<meta property=\"og:title\" content=\"Book of Dead Megapari \u2014 Joac\u0103 celebrul slot \u201eBook\u201d\" \/>\n<meta property=\"og:description\" content=\"Descoper\u0103 atmosfera misterelor antice cu Book of Dead! Mecanica simpl\u0103, rotirile gratuite \u0219i simbolurile expansive fac din acest slot de la Megapari alegerea perfect\u0103 at\u00e2t pentru \u00eencep\u0103tori, c\u00e2t \u0219i pentru juc\u0103torii experimenta\u021bi.\" \/>\n<meta property=\"og:url\" content=\"https:\/\/megapari.games\/ro\/book-of-dead\/\" \/>\n<meta property=\"og:site_name\" content=\"Megapari Games ro\" \/>\n<meta property=\"article:modified_time\" content=\"2026-03-30T13:30:58+00:00\" \/>\n<meta name=\"twitter:card\" content=\"summary_large_image\" \/>\n<script type=\"application\/ld+json\" class=\"yoast-schema-graph\">{\"@context\":\"https:\\\/\\\/schema.org\",\"@graph\":[{\"@type\":\"WebPage\",\"@id\":\"https:\\\/\\\/megapari.games\\\/ro\\\/book-of-dead\\\/\",\"url\":\"https:\\\/\\\/megapari.games\\\/ro\\\/book-of-dead\\\/\",\"name\":\"Book of Dead Megapari \u2014 Joac\u0103 celebrul slot \u201eBook\u201d\",\"isPartOf\":{\"@id\":\"https:\\\/\\\/megapari.games\\\/ro\\\/#website\"},\"datePublished\":\"2026-02-10T04:35:10+00:00\",\"dateModified\":\"2026-03-30T13:30:58+00:00\",\"description\":\"Descoper\u0103 atmosfera misterelor antice cu Book of Dead! Mecanica simpl\u0103, rotirile gratuite \u0219i simbolurile expansive fac din acest slot de la Megapari alegerea perfect\u0103 at\u00e2t pentru \u00eencep\u0103tori, c\u00e2t \u0219i pentru juc\u0103torii experimenta\u021bi.\",\"breadcrumb\":{\"@id\":\"https:\\\/\\\/megapari.games\\\/ro\\\/book-of-dead\\\/#breadcrumb\"},\"inLanguage\":\"ro-RO\",\"potentialAction\":[{\"@type\":\"ReadAction\",\"target\":[\"https:\\\/\\\/megapari.games\\\/ro\\\/book-of-dead\\\/\"]}]},{\"@type\":\"BreadcrumbList\",\"@id\":\"https:\\\/\\\/megapari.games\\\/ro\\\/book-of-dead\\\/#breadcrumb\",\"itemListElement\":[{\"@type\":\"ListItem\",\"position\":1,\"name\":\"\u0413\u043b\u0430\u0432\u043d\u0430\u044f \u0441\u0442\u0440\u0430\u043d\u0438\u0446\u0430\",\"item\":\"https:\\\/\\\/megapari.games\\\/ro\\\/\"},{\"@type\":\"ListItem\",\"position\":2,\"name\":\"Book of Dead\"}]},{\"@type\":\"WebSite\",\"@id\":\"https:\\\/\\\/megapari.games\\\/ro\\\/#website\",\"url\":\"https:\\\/\\\/megapari.games\\\/ro\\\/\",\"name\":\"Megapari Games ro\",\"description\":\"My WordPress Blog\",\"potentialAction\":[{\"@type\":\"SearchAction\",\"target\":{\"@type\":\"EntryPoint\",\"urlTemplate\":\"https:\\\/\\\/megapari.games\\\/ro\\\/?s={search_term_string}\"},\"query-input\":{\"@type\":\"PropertyValueSpecification\",\"valueRequired\":true,\"valueName\":\"search_term_string\"}}],\"inLanguage\":\"ro-RO\"}]}<\/script>\n<!-- \/ Yoast SEO plugin. -->","yoast_head_json":{"title":"Book of Dead Megapari \u2014 Joac\u0103 celebrul slot \u201eBook\u201d","description":"Descoper\u0103 atmosfera misterelor antice cu Book of Dead! Mecanica simpl\u0103, rotirile gratuite \u0219i simbolurile expansive fac din acest slot de la Megapari alegerea perfect\u0103 at\u00e2t pentru \u00eencep\u0103tori, c\u00e2t \u0219i pentru juc\u0103torii experimenta\u021bi.","robots":{"index":"index","follow":"follow","max-snippet":"max-snippet:-1","max-image-preview":"max-image-preview:large","max-video-preview":"max-video-preview:-1"},"canonical":"https:\/\/megapari.games\/ro\/book-of-dead\/","og_locale":"ro_RO","og_type":"article","og_title":"Book of Dead Megapari \u2014 Joac\u0103 celebrul slot \u201eBook\u201d","og_description":"Descoper\u0103 atmosfera misterelor antice cu Book of Dead! Mecanica simpl\u0103, rotirile gratuite \u0219i simbolurile expansive fac din acest slot de la Megapari alegerea perfect\u0103 at\u00e2t pentru \u00eencep\u0103tori, c\u00e2t \u0219i pentru juc\u0103torii experimenta\u021bi.","og_url":"https:\/\/megapari.games\/ro\/book-of-dead\/","og_site_name":"Megapari Games ro","article_modified_time":"2026-03-30T13:30:58+00:00","twitter_card":"summary_large_image","schema":{"@context":"https:\/\/schema.org","@graph":[{"@type":"WebPage","@id":"https:\/\/megapari.games\/ro\/book-of-dead\/","url":"https:\/\/megapari.games\/ro\/book-of-dead\/","name":"Book of Dead Megapari \u2014 Joac\u0103 celebrul slot \u201eBook\u201d","isPartOf":{"@id":"https:\/\/megapari.games\/ro\/#website"},"datePublished":"2026-02-10T04:35:10+00:00","dateModified":"2026-03-30T13:30:58+00:00","description":"Descoper\u0103 atmosfera misterelor antice cu Book of Dead! Mecanica simpl\u0103, rotirile gratuite \u0219i simbolurile expansive fac din acest slot de la Megapari alegerea perfect\u0103 at\u00e2t pentru \u00eencep\u0103tori, c\u00e2t \u0219i pentru juc\u0103torii experimenta\u021bi.","breadcrumb":{"@id":"https:\/\/megapari.games\/ro\/book-of-dead\/#breadcrumb"},"inLanguage":"ro-RO","potentialAction":[{"@type":"ReadAction","target":["https:\/\/megapari.games\/ro\/book-of-dead\/"]}]},{"@type":"BreadcrumbList","@id":"https:\/\/megapari.games\/ro\/book-of-dead\/#breadcrumb","itemListElement":[{"@type":"ListItem","position":1,"name":"\u0413\u043b\u0430\u0432\u043d\u0430\u044f \u0441\u0442\u0440\u0430\u043d\u0438\u0446\u0430","item":"https:\/\/megapari.games\/ro\/"},{"@type":"ListItem","position":2,"name":"Book of Dead"}]},{"@type":"WebSite","@id":"https:\/\/megapari.games\/ro\/#website","url":"https:\/\/megapari.games\/ro\/","name":"Megapari Games ro","description":"My WordPress Blog","potentialAction":[{"@type":"SearchAction","target":{"@type":"EntryPoint","urlTemplate":"https:\/\/megapari.games\/ro\/?s={search_term_string}"},"query-input":{"@type":"PropertyValueSpecification","valueRequired":true,"valueName":"search_term_string"}}],"inLanguage":"ro-RO"}]}},"_links":{"self":[{"href":"https:\/\/megapari.games\/ro\/wp-json\/wp\/v2\/pages\/1320","targetHints":{"allow":["GET"]}}],"collection":[{"href":"https:\/\/megapari.games\/ro\/wp-json\/wp\/v2\/pages"}],"about":[{"href":"https:\/\/megapari.games\/ro\/wp-json\/wp\/v2\/types\/page"}],"author":[{"embeddable":true,"href":"https:\/\/megapari.games\/ro\/wp-json\/wp\/v2\/users\/1"}],"replies":[{"embeddable":true,"href":"https:\/\/megapari.games\/ro\/wp-json\/wp\/v2\/comments?post=1320"}],"version-history":[{"count":2,"href":"https:\/\/megapari.games\/ro\/wp-json\/wp\/v2\/pages\/1320\/revisions"}],"predecessor-version":[{"id":1753,"href":"https:\/\/megapari.games\/ro\/wp-json\/wp\/v2\/pages\/1320\/revisions\/1753"}],"wp:attachment":[{"href":"https:\/\/megapari.games\/ro\/wp-json\/wp\/v2\/media?parent=1320"}],"curies":[{"name":"wp","href":"https:\/\/api.w.org\/{rel}","templated":true}]}}