{"id":1372,"date":"2026-02-10T09:31:33","date_gmt":"2026-02-10T09:31:33","guid":{"rendered":"https:\/\/megapari.games\/?page_id=1372"},"modified":"2026-03-30T16:49:43","modified_gmt":"2026-03-30T16:49:43","slug":"sugar-rush","status":"publish","type":"page","link":"https:\/\/megapari.games\/ro\/sugar-rush\/","title":{"rendered":"Sugar Rush"},"content":{"rendered":"","protected":false},"excerpt":{"rendered":"","protected":false},"author":1,"featured_media":0,"parent":0,"menu_order":0,"comment_status":"closed","ping_status":"closed","template":"","meta":{"inline_featured_image":false,"footnotes":""},"class_list":["post-1372","page","type-page","status-publish","hentry"],"yoast_head":"<!-- This site is optimized with the Yoast SEO plugin v27.6 - https:\/\/yoast.com\/product\/yoast-seo-wordpress\/ -->\n<title>Sugar Rush Megapari \u2014 cascade \u0219i multiplicatori x1024<\/title>\n<meta name=\"description\" content=\"Joac\u0103 Sugar Rush la Megapari \u2014 un slot plin de via\u021b\u0103 cu c\u00e2\u0219tiguri pe grupuri, cascade \u0219i multiplicatori de p\u00e2n\u0103 la x1024. Afl\u0103 regulile \u0219i func\u021biile bonus \u0219i \u00eencepe s\u0103 joci.\" \/>\n<meta name=\"robots\" content=\"index, follow, max-snippet:-1, max-image-preview:large, max-video-preview:-1\" \/>\n<link rel=\"canonical\" href=\"https:\/\/megapari.games\/ro\/sugar-rush\/\" \/>\n<meta property=\"og:locale\" content=\"ro_RO\" \/>\n<meta property=\"og:type\" content=\"article\" \/>\n<meta property=\"og:title\" content=\"Sugar Rush Megapari \u2014 cascade \u0219i multiplicatori x1024\" \/>\n<meta property=\"og:description\" content=\"Joac\u0103 Sugar Rush la Megapari \u2014 un slot plin de via\u021b\u0103 cu c\u00e2\u0219tiguri pe grupuri, cascade \u0219i multiplicatori de p\u00e2n\u0103 la x1024. Afl\u0103 regulile \u0219i func\u021biile bonus \u0219i \u00eencepe s\u0103 joci.\" \/>\n<meta property=\"og:url\" content=\"https:\/\/megapari.games\/ro\/sugar-rush\/\" \/>\n<meta property=\"og:site_name\" content=\"Megapari Games ro\" \/>\n<meta property=\"article:modified_time\" content=\"2026-03-30T16:49:43+00:00\" \/>\n<meta name=\"twitter:card\" content=\"summary_large_image\" \/>\n<script type=\"application\/ld+json\" class=\"yoast-schema-graph\">{\"@context\":\"https:\\\/\\\/schema.org\",\"@graph\":[{\"@type\":\"WebPage\",\"@id\":\"https:\\\/\\\/megapari.games\\\/ro\\\/sugar-rush\\\/\",\"url\":\"https:\\\/\\\/megapari.games\\\/ro\\\/sugar-rush\\\/\",\"name\":\"Sugar Rush Megapari \u2014 cascade \u0219i multiplicatori x1024\",\"isPartOf\":{\"@id\":\"https:\\\/\\\/megapari.games\\\/ro\\\/#website\"},\"datePublished\":\"2026-02-10T09:31:33+00:00\",\"dateModified\":\"2026-03-30T16:49:43+00:00\",\"description\":\"Joac\u0103 Sugar Rush la Megapari \u2014 un slot plin de via\u021b\u0103 cu c\u00e2\u0219tiguri pe grupuri, cascade \u0219i multiplicatori de p\u00e2n\u0103 la x1024. Afl\u0103 regulile \u0219i func\u021biile bonus \u0219i \u00eencepe s\u0103 joci.\",\"breadcrumb\":{\"@id\":\"https:\\\/\\\/megapari.games\\\/ro\\\/sugar-rush\\\/#breadcrumb\"},\"inLanguage\":\"ro-RO\",\"potentialAction\":[{\"@type\":\"ReadAction\",\"target\":[\"https:\\\/\\\/megapari.games\\\/ro\\\/sugar-rush\\\/\"]}]},{\"@type\":\"BreadcrumbList\",\"@id\":\"https:\\\/\\\/megapari.games\\\/ro\\\/sugar-rush\\\/#breadcrumb\",\"itemListElement\":[{\"@type\":\"ListItem\",\"position\":1,\"name\":\"\u0413\u043b\u0430\u0432\u043d\u0430\u044f \u0441\u0442\u0440\u0430\u043d\u0438\u0446\u0430\",\"item\":\"https:\\\/\\\/megapari.games\\\/ro\\\/\"},{\"@type\":\"ListItem\",\"position\":2,\"name\":\"Sugar Rush\"}]},{\"@type\":\"WebSite\",\"@id\":\"https:\\\/\\\/megapari.games\\\/ro\\\/#website\",\"url\":\"https:\\\/\\\/megapari.games\\\/ro\\\/\",\"name\":\"Megapari Games ro\",\"description\":\"My WordPress Blog\",\"potentialAction\":[{\"@type\":\"SearchAction\",\"target\":{\"@type\":\"EntryPoint\",\"urlTemplate\":\"https:\\\/\\\/megapari.games\\\/ro\\\/?s={search_term_string}\"},\"query-input\":{\"@type\":\"PropertyValueSpecification\",\"valueRequired\":true,\"valueName\":\"search_term_string\"}}],\"inLanguage\":\"ro-RO\"}]}<\/script>\n<!-- \/ Yoast SEO plugin. -->","yoast_head_json":{"title":"Sugar Rush Megapari \u2014 cascade \u0219i multiplicatori x1024","description":"Joac\u0103 Sugar Rush la Megapari \u2014 un slot plin de via\u021b\u0103 cu c\u00e2\u0219tiguri pe grupuri, cascade \u0219i multiplicatori de p\u00e2n\u0103 la x1024. Afl\u0103 regulile \u0219i func\u021biile bonus \u0219i \u00eencepe s\u0103 joci.","robots":{"index":"index","follow":"follow","max-snippet":"max-snippet:-1","max-image-preview":"max-image-preview:large","max-video-preview":"max-video-preview:-1"},"canonical":"https:\/\/megapari.games\/ro\/sugar-rush\/","og_locale":"ro_RO","og_type":"article","og_title":"Sugar Rush Megapari \u2014 cascade \u0219i multiplicatori x1024","og_description":"Joac\u0103 Sugar Rush la Megapari \u2014 un slot plin de via\u021b\u0103 cu c\u00e2\u0219tiguri pe grupuri, cascade \u0219i multiplicatori de p\u00e2n\u0103 la x1024. Afl\u0103 regulile \u0219i func\u021biile bonus \u0219i \u00eencepe s\u0103 joci.","og_url":"https:\/\/megapari.games\/ro\/sugar-rush\/","og_site_name":"Megapari Games ro","article_modified_time":"2026-03-30T16:49:43+00:00","twitter_card":"summary_large_image","schema":{"@context":"https:\/\/schema.org","@graph":[{"@type":"WebPage","@id":"https:\/\/megapari.games\/ro\/sugar-rush\/","url":"https:\/\/megapari.games\/ro\/sugar-rush\/","name":"Sugar Rush Megapari \u2014 cascade \u0219i multiplicatori x1024","isPartOf":{"@id":"https:\/\/megapari.games\/ro\/#website"},"datePublished":"2026-02-10T09:31:33+00:00","dateModified":"2026-03-30T16:49:43+00:00","description":"Joac\u0103 Sugar Rush la Megapari \u2014 un slot plin de via\u021b\u0103 cu c\u00e2\u0219tiguri pe grupuri, cascade \u0219i multiplicatori de p\u00e2n\u0103 la x1024. Afl\u0103 regulile \u0219i func\u021biile bonus \u0219i \u00eencepe s\u0103 joci.","breadcrumb":{"@id":"https:\/\/megapari.games\/ro\/sugar-rush\/#breadcrumb"},"inLanguage":"ro-RO","potentialAction":[{"@type":"ReadAction","target":["https:\/\/megapari.games\/ro\/sugar-rush\/"]}]},{"@type":"BreadcrumbList","@id":"https:\/\/megapari.games\/ro\/sugar-rush\/#breadcrumb","itemListElement":[{"@type":"ListItem","position":1,"name":"\u0413\u043b\u0430\u0432\u043d\u0430\u044f \u0441\u0442\u0440\u0430\u043d\u0438\u0446\u0430","item":"https:\/\/megapari.games\/ro\/"},{"@type":"ListItem","position":2,"name":"Sugar Rush"}]},{"@type":"WebSite","@id":"https:\/\/megapari.games\/ro\/#website","url":"https:\/\/megapari.games\/ro\/","name":"Megapari Games ro","description":"My WordPress Blog","potentialAction":[{"@type":"SearchAction","target":{"@type":"EntryPoint","urlTemplate":"https:\/\/megapari.games\/ro\/?s={search_term_string}"},"query-input":{"@type":"PropertyValueSpecification","valueRequired":true,"valueName":"search_term_string"}}],"inLanguage":"ro-RO"}]}},"_links":{"self":[{"href":"https:\/\/megapari.games\/ro\/wp-json\/wp\/v2\/pages\/1372","targetHints":{"allow":["GET"]}}],"collection":[{"href":"https:\/\/megapari.games\/ro\/wp-json\/wp\/v2\/pages"}],"about":[{"href":"https:\/\/megapari.games\/ro\/wp-json\/wp\/v2\/types\/page"}],"author":[{"embeddable":true,"href":"https:\/\/megapari.games\/ro\/wp-json\/wp\/v2\/users\/1"}],"replies":[{"embeddable":true,"href":"https:\/\/megapari.games\/ro\/wp-json\/wp\/v2\/comments?post=1372"}],"version-history":[{"count":2,"href":"https:\/\/megapari.games\/ro\/wp-json\/wp\/v2\/pages\/1372\/revisions"}],"predecessor-version":[{"id":1756,"href":"https:\/\/megapari.games\/ro\/wp-json\/wp\/v2\/pages\/1372\/revisions\/1756"}],"wp:attachment":[{"href":"https:\/\/megapari.games\/ro\/wp-json\/wp\/v2\/media?parent=1372"}],"curies":[{"name":"wp","href":"https:\/\/api.w.org\/{rel}","templated":true}]}}