{"id":1554,"date":"2026-03-02T14:22:01","date_gmt":"2026-03-02T14:22:01","guid":{"rendered":"https:\/\/megapari.games\/?page_id=1554"},"modified":"2026-03-30T18:19:20","modified_gmt":"2026-03-30T18:19:20","slug":"megapari","status":"publish","type":"page","link":"https:\/\/megapari.games\/ro\/","title":{"rendered":"Megapari"},"content":{"rendered":"","protected":false},"excerpt":{"rendered":"","protected":false},"author":1,"featured_media":0,"parent":0,"menu_order":0,"comment_status":"closed","ping_status":"closed","template":"","meta":{"inline_featured_image":false,"footnotes":""},"class_list":["post-1554","page","type-page","status-publish","hentry"],"yoast_head":"<!-- This site is optimized with the Yoast SEO plugin v27.5 - https:\/\/yoast.com\/product\/yoast-seo-wordpress\/ -->\n<title>MegaPari\u2122 \u2014 Pariuri sportive \u0219i cote live \u2014 mai 2026<\/title>\n<meta name=\"description\" content=\"Pariaz\u0103 cu Mega Pari pe fotbal \u0219i pe marile evenimente, bucur\u0103-te de cote live, pl\u0103\u021bi rapide \u0219i o experien\u021b\u0103 de pariere mobil\u0103 f\u0103r\u0103 probleme, cu o gam\u0103 larg\u0103 de pie\u021be sportive.\" \/>\n<meta name=\"robots\" content=\"index, follow, max-snippet:-1, max-image-preview:large, max-video-preview:-1\" \/>\n<link rel=\"canonical\" href=\"https:\/\/megapari.games\/ro\/\" \/>\n<meta property=\"og:locale\" content=\"ro_RO\" \/>\n<meta property=\"og:type\" content=\"article\" \/>\n<meta property=\"og:title\" content=\"MegaPari\u2122 \u2014 Pariuri sportive \u0219i cote live \u2014 mai 2026\" \/>\n<meta property=\"og:description\" content=\"Pariaz\u0103 cu Mega Pari pe fotbal \u0219i pe marile evenimente, bucur\u0103-te de cote live, pl\u0103\u021bi rapide \u0219i o experien\u021b\u0103 de pariere mobil\u0103 f\u0103r\u0103 probleme, cu o gam\u0103 larg\u0103 de pie\u021be sportive.\" \/>\n<meta property=\"og:url\" content=\"https:\/\/megapari.games\/ro\/\" \/>\n<meta property=\"og:site_name\" content=\"Megapari Games ro\" \/>\n<meta property=\"article:modified_time\" content=\"2026-03-30T18:19:20+00:00\" \/>\n<meta name=\"twitter:card\" content=\"summary_large_image\" \/>\n<script type=\"application\/ld+json\" class=\"yoast-schema-graph\">{\"@context\":\"https:\\\/\\\/schema.org\",\"@graph\":[{\"@type\":\"WebPage\",\"@id\":\"https:\\\/\\\/megapari.games\\\/ro\\\/\",\"url\":\"https:\\\/\\\/megapari.games\\\/ro\\\/\",\"name\":\"MegaPari\u2122 \u2014 Pariuri sportive \u0219i cote live \u2014 mai 2026\",\"isPartOf\":{\"@id\":\"https:\\\/\\\/megapari.games\\\/ro\\\/#website\"},\"datePublished\":\"2026-03-02T14:22:01+00:00\",\"dateModified\":\"2026-03-30T18:19:20+00:00\",\"description\":\"Pariaz\u0103 cu Mega Pari pe fotbal \u0219i pe marile evenimente, bucur\u0103-te de cote live, pl\u0103\u021bi rapide \u0219i o experien\u021b\u0103 de pariere mobil\u0103 f\u0103r\u0103 probleme, cu o gam\u0103 larg\u0103 de pie\u021be sportive.\",\"breadcrumb\":{\"@id\":\"https:\\\/\\\/megapari.games\\\/ro\\\/#breadcrumb\"},\"inLanguage\":\"ro-RO\",\"potentialAction\":[{\"@type\":\"ReadAction\",\"target\":[\"https:\\\/\\\/megapari.games\\\/ro\\\/\"]}]},{\"@type\":\"BreadcrumbList\",\"@id\":\"https:\\\/\\\/megapari.games\\\/ro\\\/#breadcrumb\",\"itemListElement\":[{\"@type\":\"ListItem\",\"position\":1,\"name\":\"\u0413\u043b\u0430\u0432\u043d\u0430\u044f \u0441\u0442\u0440\u0430\u043d\u0438\u0446\u0430\",\"item\":\"https:\\\/\\\/megapari.games\\\/ro\\\/\"},{\"@type\":\"ListItem\",\"position\":2,\"name\":\"Megapari\"}]},{\"@type\":\"WebSite\",\"@id\":\"https:\\\/\\\/megapari.games\\\/ro\\\/#website\",\"url\":\"https:\\\/\\\/megapari.games\\\/ro\\\/\",\"name\":\"Megapari Games ro\",\"description\":\"My WordPress Blog\",\"potentialAction\":[{\"@type\":\"SearchAction\",\"target\":{\"@type\":\"EntryPoint\",\"urlTemplate\":\"https:\\\/\\\/megapari.games\\\/ro\\\/?s={search_term_string}\"},\"query-input\":{\"@type\":\"PropertyValueSpecification\",\"valueRequired\":true,\"valueName\":\"search_term_string\"}}],\"inLanguage\":\"ro-RO\"}]}<\/script>\n<!-- \/ Yoast SEO plugin. -->","yoast_head_json":{"title":"MegaPari\u2122 \u2014 Pariuri sportive \u0219i cote live \u2014 mai 2026","description":"Pariaz\u0103 cu Mega Pari pe fotbal \u0219i pe marile evenimente, bucur\u0103-te de cote live, pl\u0103\u021bi rapide \u0219i o experien\u021b\u0103 de pariere mobil\u0103 f\u0103r\u0103 probleme, cu o gam\u0103 larg\u0103 de pie\u021be sportive.","robots":{"index":"index","follow":"follow","max-snippet":"max-snippet:-1","max-image-preview":"max-image-preview:large","max-video-preview":"max-video-preview:-1"},"canonical":"https:\/\/megapari.games\/ro\/","og_locale":"ro_RO","og_type":"article","og_title":"MegaPari\u2122 \u2014 Pariuri sportive \u0219i cote live \u2014 mai 2026","og_description":"Pariaz\u0103 cu Mega Pari pe fotbal \u0219i pe marile evenimente, bucur\u0103-te de cote live, pl\u0103\u021bi rapide \u0219i o experien\u021b\u0103 de pariere mobil\u0103 f\u0103r\u0103 probleme, cu o gam\u0103 larg\u0103 de pie\u021be sportive.","og_url":"https:\/\/megapari.games\/ro\/","og_site_name":"Megapari Games ro","article_modified_time":"2026-03-30T18:19:20+00:00","twitter_card":"summary_large_image","schema":{"@context":"https:\/\/schema.org","@graph":[{"@type":"WebPage","@id":"https:\/\/megapari.games\/ro\/","url":"https:\/\/megapari.games\/ro\/","name":"MegaPari\u2122 \u2014 Pariuri sportive \u0219i cote live \u2014 mai 2026","isPartOf":{"@id":"https:\/\/megapari.games\/ro\/#website"},"datePublished":"2026-03-02T14:22:01+00:00","dateModified":"2026-03-30T18:19:20+00:00","description":"Pariaz\u0103 cu Mega Pari pe fotbal \u0219i pe marile evenimente, bucur\u0103-te de cote live, pl\u0103\u021bi rapide \u0219i o experien\u021b\u0103 de pariere mobil\u0103 f\u0103r\u0103 probleme, cu o gam\u0103 larg\u0103 de pie\u021be sportive.","breadcrumb":{"@id":"https:\/\/megapari.games\/ro\/#breadcrumb"},"inLanguage":"ro-RO","potentialAction":[{"@type":"ReadAction","target":["https:\/\/megapari.games\/ro\/"]}]},{"@type":"BreadcrumbList","@id":"https:\/\/megapari.games\/ro\/#breadcrumb","itemListElement":[{"@type":"ListItem","position":1,"name":"\u0413\u043b\u0430\u0432\u043d\u0430\u044f \u0441\u0442\u0440\u0430\u043d\u0438\u0446\u0430","item":"https:\/\/megapari.games\/ro\/"},{"@type":"ListItem","position":2,"name":"Megapari"}]},{"@type":"WebSite","@id":"https:\/\/megapari.games\/ro\/#website","url":"https:\/\/megapari.games\/ro\/","name":"Megapari Games ro","description":"My WordPress Blog","potentialAction":[{"@type":"SearchAction","target":{"@type":"EntryPoint","urlTemplate":"https:\/\/megapari.games\/ro\/?s={search_term_string}"},"query-input":{"@type":"PropertyValueSpecification","valueRequired":true,"valueName":"search_term_string"}}],"inLanguage":"ro-RO"}]}},"_links":{"self":[{"href":"https:\/\/megapari.games\/ro\/wp-json\/wp\/v2\/pages\/1554","targetHints":{"allow":["GET"]}}],"collection":[{"href":"https:\/\/megapari.games\/ro\/wp-json\/wp\/v2\/pages"}],"about":[{"href":"https:\/\/megapari.games\/ro\/wp-json\/wp\/v2\/types\/page"}],"author":[{"embeddable":true,"href":"https:\/\/megapari.games\/ro\/wp-json\/wp\/v2\/users\/1"}],"replies":[{"embeddable":true,"href":"https:\/\/megapari.games\/ro\/wp-json\/wp\/v2\/comments?post=1554"}],"version-history":[{"count":5,"href":"https:\/\/megapari.games\/ro\/wp-json\/wp\/v2\/pages\/1554\/revisions"}],"predecessor-version":[{"id":1764,"href":"https:\/\/megapari.games\/ro\/wp-json\/wp\/v2\/pages\/1554\/revisions\/1764"}],"wp:attachment":[{"href":"https:\/\/megapari.games\/ro\/wp-json\/wp\/v2\/media?parent=1554"}],"curies":[{"name":"wp","href":"https:\/\/api.w.org\/{rel}","templated":true}]}}