{"id":1711,"date":"2026-03-25T06:12:10","date_gmt":"2026-03-25T06:12:10","guid":{"rendered":"https:\/\/megapari.games\/?page_id=1711"},"modified":"2026-03-31T06:34:50","modified_gmt":"2026-03-31T06:34:50","slug":"sports-cashback","status":"publish","type":"page","link":"https:\/\/megapari.games\/ro\/bonus\/sports-cashback\/","title":{"rendered":"Rambursare pentru pariuri sportive"},"content":{"rendered":"","protected":false},"excerpt":{"rendered":"","protected":false},"author":1,"featured_media":0,"parent":152,"menu_order":0,"comment_status":"closed","ping_status":"closed","template":"","meta":{"inline_featured_image":false,"footnotes":""},"class_list":["post-1711","page","type-page","status-publish","hentry"],"yoast_head":"<!-- This site is optimized with the Yoast SEO plugin v27.5 - https:\/\/yoast.com\/product\/yoast-seo-wordpress\/ -->\n<title>Megapari Sport Rambursare \u2014 3% rambursare p\u00e2n\u0103 la 5000 RON<\/title>\n<meta name=\"description\" content=\"Prime\u0219ti 3% rambursare la pariurile sportive s\u0103pt\u0103m\u00e2nale cu Megapari. Prime\u0219ti p\u00e2n\u0103 la 5000 RON \u00eenapoi \u0219i \u00ee\u021bi \u00eembun\u0103t\u0103\u021be\u0219ti strategia de pariere cu pl\u0103\u021bi regulate.\" \/>\n<meta name=\"robots\" content=\"index, follow, max-snippet:-1, max-image-preview:large, max-video-preview:-1\" \/>\n<link rel=\"canonical\" href=\"https:\/\/megapari.games\/ro\/bonus\/sports-cashback\/\" \/>\n<meta property=\"og:locale\" content=\"ro_RO\" \/>\n<meta property=\"og:type\" content=\"article\" \/>\n<meta property=\"og:title\" content=\"Megapari Sport Rambursare \u2014 3% rambursare p\u00e2n\u0103 la 5000 RON\" \/>\n<meta property=\"og:description\" content=\"Prime\u0219ti 3% rambursare la pariurile sportive s\u0103pt\u0103m\u00e2nale cu Megapari. Prime\u0219ti p\u00e2n\u0103 la 5000 RON \u00eenapoi \u0219i \u00ee\u021bi \u00eembun\u0103t\u0103\u021be\u0219ti strategia de pariere cu pl\u0103\u021bi regulate.\" \/>\n<meta property=\"og:url\" content=\"https:\/\/megapari.games\/ro\/bonus\/sports-cashback\/\" \/>\n<meta property=\"og:site_name\" content=\"Megapari Games ro\" \/>\n<meta property=\"article:modified_time\" content=\"2026-03-31T06:34:50+00:00\" \/>\n<meta name=\"twitter:card\" content=\"summary_large_image\" \/>\n<script type=\"application\/ld+json\" class=\"yoast-schema-graph\">{\"@context\":\"https:\\\/\\\/schema.org\",\"@graph\":[{\"@type\":\"WebPage\",\"@id\":\"https:\\\/\\\/megapari.games\\\/ro\\\/bonus\\\/sports-cashback\\\/\",\"url\":\"https:\\\/\\\/megapari.games\\\/ro\\\/bonus\\\/sports-cashback\\\/\",\"name\":\"Megapari Sport Rambursare \u2014 3% rambursare p\u00e2n\u0103 la 5000 RON\",\"isPartOf\":{\"@id\":\"https:\\\/\\\/megapari.games\\\/ro\\\/#website\"},\"datePublished\":\"2026-03-25T06:12:10+00:00\",\"dateModified\":\"2026-03-31T06:34:50+00:00\",\"description\":\"Prime\u0219ti 3% rambursare la pariurile sportive s\u0103pt\u0103m\u00e2nale cu Megapari. Prime\u0219ti p\u00e2n\u0103 la 5000 RON \u00eenapoi \u0219i \u00ee\u021bi \u00eembun\u0103t\u0103\u021be\u0219ti strategia de pariere cu pl\u0103\u021bi regulate.\",\"breadcrumb\":{\"@id\":\"https:\\\/\\\/megapari.games\\\/ro\\\/bonus\\\/sports-cashback\\\/#breadcrumb\"},\"inLanguage\":\"ro-RO\",\"potentialAction\":[{\"@type\":\"ReadAction\",\"target\":[\"https:\\\/\\\/megapari.games\\\/ro\\\/bonus\\\/sports-cashback\\\/\"]}]},{\"@type\":\"BreadcrumbList\",\"@id\":\"https:\\\/\\\/megapari.games\\\/ro\\\/bonus\\\/sports-cashback\\\/#breadcrumb\",\"itemListElement\":[{\"@type\":\"ListItem\",\"position\":1,\"name\":\"\u0413\u043b\u0430\u0432\u043d\u0430\u044f \u0441\u0442\u0440\u0430\u043d\u0438\u0446\u0430\",\"item\":\"https:\\\/\\\/megapari.games\\\/ro\\\/\"},{\"@type\":\"ListItem\",\"position\":2,\"name\":\"Bonus\",\"item\":\"https:\\\/\\\/megapari.games\\\/ro\\\/bonus\\\/\"},{\"@type\":\"ListItem\",\"position\":3,\"name\":\"Rambursare pentru pariuri sportive\"}]},{\"@type\":\"WebSite\",\"@id\":\"https:\\\/\\\/megapari.games\\\/ro\\\/#website\",\"url\":\"https:\\\/\\\/megapari.games\\\/ro\\\/\",\"name\":\"Megapari Games ro\",\"description\":\"My WordPress Blog\",\"potentialAction\":[{\"@type\":\"SearchAction\",\"target\":{\"@type\":\"EntryPoint\",\"urlTemplate\":\"https:\\\/\\\/megapari.games\\\/ro\\\/?s={search_term_string}\"},\"query-input\":{\"@type\":\"PropertyValueSpecification\",\"valueRequired\":true,\"valueName\":\"search_term_string\"}}],\"inLanguage\":\"ro-RO\"}]}<\/script>\n<!-- \/ Yoast SEO plugin. -->","yoast_head_json":{"title":"Megapari Sport Rambursare \u2014 3% rambursare p\u00e2n\u0103 la 5000 RON","description":"Prime\u0219ti 3% rambursare la pariurile sportive s\u0103pt\u0103m\u00e2nale cu Megapari. Prime\u0219ti p\u00e2n\u0103 la 5000 RON \u00eenapoi \u0219i \u00ee\u021bi \u00eembun\u0103t\u0103\u021be\u0219ti strategia de pariere cu pl\u0103\u021bi regulate.","robots":{"index":"index","follow":"follow","max-snippet":"max-snippet:-1","max-image-preview":"max-image-preview:large","max-video-preview":"max-video-preview:-1"},"canonical":"https:\/\/megapari.games\/ro\/bonus\/sports-cashback\/","og_locale":"ro_RO","og_type":"article","og_title":"Megapari Sport Rambursare \u2014 3% rambursare p\u00e2n\u0103 la 5000 RON","og_description":"Prime\u0219ti 3% rambursare la pariurile sportive s\u0103pt\u0103m\u00e2nale cu Megapari. Prime\u0219ti p\u00e2n\u0103 la 5000 RON \u00eenapoi \u0219i \u00ee\u021bi \u00eembun\u0103t\u0103\u021be\u0219ti strategia de pariere cu pl\u0103\u021bi regulate.","og_url":"https:\/\/megapari.games\/ro\/bonus\/sports-cashback\/","og_site_name":"Megapari Games ro","article_modified_time":"2026-03-31T06:34:50+00:00","twitter_card":"summary_large_image","schema":{"@context":"https:\/\/schema.org","@graph":[{"@type":"WebPage","@id":"https:\/\/megapari.games\/ro\/bonus\/sports-cashback\/","url":"https:\/\/megapari.games\/ro\/bonus\/sports-cashback\/","name":"Megapari Sport Rambursare \u2014 3% rambursare p\u00e2n\u0103 la 5000 RON","isPartOf":{"@id":"https:\/\/megapari.games\/ro\/#website"},"datePublished":"2026-03-25T06:12:10+00:00","dateModified":"2026-03-31T06:34:50+00:00","description":"Prime\u0219ti 3% rambursare la pariurile sportive s\u0103pt\u0103m\u00e2nale cu Megapari. Prime\u0219ti p\u00e2n\u0103 la 5000 RON \u00eenapoi \u0219i \u00ee\u021bi \u00eembun\u0103t\u0103\u021be\u0219ti strategia de pariere cu pl\u0103\u021bi regulate.","breadcrumb":{"@id":"https:\/\/megapari.games\/ro\/bonus\/sports-cashback\/#breadcrumb"},"inLanguage":"ro-RO","potentialAction":[{"@type":"ReadAction","target":["https:\/\/megapari.games\/ro\/bonus\/sports-cashback\/"]}]},{"@type":"BreadcrumbList","@id":"https:\/\/megapari.games\/ro\/bonus\/sports-cashback\/#breadcrumb","itemListElement":[{"@type":"ListItem","position":1,"name":"\u0413\u043b\u0430\u0432\u043d\u0430\u044f \u0441\u0442\u0440\u0430\u043d\u0438\u0446\u0430","item":"https:\/\/megapari.games\/ro\/"},{"@type":"ListItem","position":2,"name":"Bonus","item":"https:\/\/megapari.games\/ro\/bonus\/"},{"@type":"ListItem","position":3,"name":"Rambursare pentru pariuri sportive"}]},{"@type":"WebSite","@id":"https:\/\/megapari.games\/ro\/#website","url":"https:\/\/megapari.games\/ro\/","name":"Megapari Games ro","description":"My WordPress Blog","potentialAction":[{"@type":"SearchAction","target":{"@type":"EntryPoint","urlTemplate":"https:\/\/megapari.games\/ro\/?s={search_term_string}"},"query-input":{"@type":"PropertyValueSpecification","valueRequired":true,"valueName":"search_term_string"}}],"inLanguage":"ro-RO"}]}},"_links":{"self":[{"href":"https:\/\/megapari.games\/ro\/wp-json\/wp\/v2\/pages\/1711","targetHints":{"allow":["GET"]}}],"collection":[{"href":"https:\/\/megapari.games\/ro\/wp-json\/wp\/v2\/pages"}],"about":[{"href":"https:\/\/megapari.games\/ro\/wp-json\/wp\/v2\/types\/page"}],"author":[{"embeddable":true,"href":"https:\/\/megapari.games\/ro\/wp-json\/wp\/v2\/users\/1"}],"replies":[{"embeddable":true,"href":"https:\/\/megapari.games\/ro\/wp-json\/wp\/v2\/comments?post=1711"}],"version-history":[{"count":2,"href":"https:\/\/megapari.games\/ro\/wp-json\/wp\/v2\/pages\/1711\/revisions"}],"predecessor-version":[{"id":1797,"href":"https:\/\/megapari.games\/ro\/wp-json\/wp\/v2\/pages\/1711\/revisions\/1797"}],"up":[{"embeddable":true,"href":"https:\/\/megapari.games\/ro\/wp-json\/wp\/v2\/pages\/152"}],"wp:attachment":[{"href":"https:\/\/megapari.games\/ro\/wp-json\/wp\/v2\/media?parent=1711"}],"curies":[{"name":"wp","href":"https:\/\/api.w.org\/{rel}","templated":true}]}}