{"id":1114,"date":"2025-11-24T07:51:07","date_gmt":"2025-11-24T07:51:07","guid":{"rendered":"https:\/\/megapari.games\/?page_id=1114"},"modified":"2025-12-01T12:45:22","modified_gmt":"2025-12-01T12:45:22","slug":"hockey-betting","status":"publish","type":"page","link":"https:\/\/megapari.games\/sl\/hockey-betting\/","title":{"rendered":"Hokej"},"content":{"rendered":"","protected":false},"excerpt":{"rendered":"","protected":false},"author":1,"featured_media":0,"parent":0,"menu_order":0,"comment_status":"closed","ping_status":"closed","template":"","meta":{"inline_featured_image":false,"footnotes":""},"class_list":["post-1114","page","type-page","status-publish","hentry"],"yoast_head":"<!-- This site is optimized with the Yoast SEO plugin v27.4 - https:\/\/yoast.com\/product\/yoast-seo-wordpress\/ -->\n<title>Megapari Hokejske stave | Raz\u0161irjena ponudba, analitika, bonusi<\/title>\n<meta name=\"description\" content=\"Stave na hokej na Megapari: podrobni seznami tekem NHL in KHL, statistike igralcev, podatki v \u017eivo in priro\u010dni filtri. Spoznajte zmogljivosti platforme, analiti\u010dne funkcije in razpolo\u017eljive bonus programe.\" \/>\n<meta name=\"robots\" content=\"index, follow, max-snippet:-1, max-image-preview:large, max-video-preview:-1\" \/>\n<link rel=\"canonical\" href=\"https:\/\/megapari.games\/sl\/hockey-betting\/\" \/>\n<meta property=\"og:locale\" content=\"sl_SI\" \/>\n<meta property=\"og:type\" content=\"article\" \/>\n<meta property=\"og:title\" content=\"Megapari Hokejske stave | Raz\u0161irjena ponudba, analitika, bonusi\" \/>\n<meta property=\"og:description\" content=\"Stave na hokej na Megapari: podrobni seznami tekem NHL in KHL, statistike igralcev, podatki v \u017eivo in priro\u010dni filtri. Spoznajte zmogljivosti platforme, analiti\u010dne funkcije in razpolo\u017eljive bonus programe.\" \/>\n<meta property=\"og:url\" content=\"https:\/\/megapari.games\/sl\/hockey-betting\/\" \/>\n<meta property=\"og:site_name\" content=\"Megapari Games sl\" \/>\n<meta property=\"article:modified_time\" content=\"2025-12-01T12:45:22+00:00\" \/>\n<meta name=\"twitter:card\" content=\"summary_large_image\" \/>\n<script type=\"application\/ld+json\" class=\"yoast-schema-graph\">{\"@context\":\"https:\\\/\\\/schema.org\",\"@graph\":[{\"@type\":\"WebPage\",\"@id\":\"https:\\\/\\\/megapari.games\\\/sl\\\/hockey-betting\\\/\",\"url\":\"https:\\\/\\\/megapari.games\\\/sl\\\/hockey-betting\\\/\",\"name\":\"Megapari Hokejske stave | Raz\u0161irjena ponudba, analitika, bonusi\",\"isPartOf\":{\"@id\":\"https:\\\/\\\/megapari.games\\\/sl\\\/#website\"},\"datePublished\":\"2025-11-24T07:51:07+00:00\",\"dateModified\":\"2025-12-01T12:45:22+00:00\",\"description\":\"Stave na hokej na Megapari: podrobni seznami tekem NHL in KHL, statistike igralcev, podatki v \u017eivo in priro\u010dni filtri. Spoznajte zmogljivosti platforme, analiti\u010dne funkcije in razpolo\u017eljive bonus programe.\",\"breadcrumb\":{\"@id\":\"https:\\\/\\\/megapari.games\\\/sl\\\/hockey-betting\\\/#breadcrumb\"},\"inLanguage\":\"sl-SI\",\"potentialAction\":[{\"@type\":\"ReadAction\",\"target\":[\"https:\\\/\\\/megapari.games\\\/sl\\\/hockey-betting\\\/\"]}]},{\"@type\":\"BreadcrumbList\",\"@id\":\"https:\\\/\\\/megapari.games\\\/sl\\\/hockey-betting\\\/#breadcrumb\",\"itemListElement\":[{\"@type\":\"ListItem\",\"position\":1,\"name\":\"\u0413\u043b\u0430\u0432\u043d\u0430\u044f \u0441\u0442\u0440\u0430\u043d\u0438\u0446\u0430\",\"item\":\"https:\\\/\\\/megapari.games\\\/sl\\\/\"},{\"@type\":\"ListItem\",\"position\":2,\"name\":\"Hokej\"}]},{\"@type\":\"WebSite\",\"@id\":\"https:\\\/\\\/megapari.games\\\/sl\\\/#website\",\"url\":\"https:\\\/\\\/megapari.games\\\/sl\\\/\",\"name\":\"Megapari Games sl\",\"description\":\"My WordPress Blog\",\"potentialAction\":[{\"@type\":\"SearchAction\",\"target\":{\"@type\":\"EntryPoint\",\"urlTemplate\":\"https:\\\/\\\/megapari.games\\\/sl\\\/?s={search_term_string}\"},\"query-input\":{\"@type\":\"PropertyValueSpecification\",\"valueRequired\":true,\"valueName\":\"search_term_string\"}}],\"inLanguage\":\"sl-SI\"}]}<\/script>\n<!-- \/ Yoast SEO plugin. -->","yoast_head_json":{"title":"Megapari Hokejske stave | Raz\u0161irjena ponudba, analitika, bonusi","description":"Stave na hokej na Megapari: podrobni seznami tekem NHL in KHL, statistike igralcev, podatki v \u017eivo in priro\u010dni filtri. Spoznajte zmogljivosti platforme, analiti\u010dne funkcije in razpolo\u017eljive bonus programe.","robots":{"index":"index","follow":"follow","max-snippet":"max-snippet:-1","max-image-preview":"max-image-preview:large","max-video-preview":"max-video-preview:-1"},"canonical":"https:\/\/megapari.games\/sl\/hockey-betting\/","og_locale":"sl_SI","og_type":"article","og_title":"Megapari Hokejske stave | Raz\u0161irjena ponudba, analitika, bonusi","og_description":"Stave na hokej na Megapari: podrobni seznami tekem NHL in KHL, statistike igralcev, podatki v \u017eivo in priro\u010dni filtri. Spoznajte zmogljivosti platforme, analiti\u010dne funkcije in razpolo\u017eljive bonus programe.","og_url":"https:\/\/megapari.games\/sl\/hockey-betting\/","og_site_name":"Megapari Games sl","article_modified_time":"2025-12-01T12:45:22+00:00","twitter_card":"summary_large_image","schema":{"@context":"https:\/\/schema.org","@graph":[{"@type":"WebPage","@id":"https:\/\/megapari.games\/sl\/hockey-betting\/","url":"https:\/\/megapari.games\/sl\/hockey-betting\/","name":"Megapari Hokejske stave | Raz\u0161irjena ponudba, analitika, bonusi","isPartOf":{"@id":"https:\/\/megapari.games\/sl\/#website"},"datePublished":"2025-11-24T07:51:07+00:00","dateModified":"2025-12-01T12:45:22+00:00","description":"Stave na hokej na Megapari: podrobni seznami tekem NHL in KHL, statistike igralcev, podatki v \u017eivo in priro\u010dni filtri. Spoznajte zmogljivosti platforme, analiti\u010dne funkcije in razpolo\u017eljive bonus programe.","breadcrumb":{"@id":"https:\/\/megapari.games\/sl\/hockey-betting\/#breadcrumb"},"inLanguage":"sl-SI","potentialAction":[{"@type":"ReadAction","target":["https:\/\/megapari.games\/sl\/hockey-betting\/"]}]},{"@type":"BreadcrumbList","@id":"https:\/\/megapari.games\/sl\/hockey-betting\/#breadcrumb","itemListElement":[{"@type":"ListItem","position":1,"name":"\u0413\u043b\u0430\u0432\u043d\u0430\u044f \u0441\u0442\u0440\u0430\u043d\u0438\u0446\u0430","item":"https:\/\/megapari.games\/sl\/"},{"@type":"ListItem","position":2,"name":"Hokej"}]},{"@type":"WebSite","@id":"https:\/\/megapari.games\/sl\/#website","url":"https:\/\/megapari.games\/sl\/","name":"Megapari Games sl","description":"My WordPress Blog","potentialAction":[{"@type":"SearchAction","target":{"@type":"EntryPoint","urlTemplate":"https:\/\/megapari.games\/sl\/?s={search_term_string}"},"query-input":{"@type":"PropertyValueSpecification","valueRequired":true,"valueName":"search_term_string"}}],"inLanguage":"sl-SI"}]}},"_links":{"self":[{"href":"https:\/\/megapari.games\/sl\/wp-json\/wp\/v2\/pages\/1114","targetHints":{"allow":["GET"]}}],"collection":[{"href":"https:\/\/megapari.games\/sl\/wp-json\/wp\/v2\/pages"}],"about":[{"href":"https:\/\/megapari.games\/sl\/wp-json\/wp\/v2\/types\/page"}],"author":[{"embeddable":true,"href":"https:\/\/megapari.games\/sl\/wp-json\/wp\/v2\/users\/1"}],"replies":[{"embeddable":true,"href":"https:\/\/megapari.games\/sl\/wp-json\/wp\/v2\/comments?post=1114"}],"version-history":[{"count":2,"href":"https:\/\/megapari.games\/sl\/wp-json\/wp\/v2\/pages\/1114\/revisions"}],"predecessor-version":[{"id":1167,"href":"https:\/\/megapari.games\/sl\/wp-json\/wp\/v2\/pages\/1114\/revisions\/1167"}],"wp:attachment":[{"href":"https:\/\/megapari.games\/sl\/wp-json\/wp\/v2\/media?parent=1114"}],"curies":[{"name":"wp","href":"https:\/\/api.w.org\/{rel}","templated":true}]}}