{"id":1259,"date":"2026-02-09T08:29:44","date_gmt":"2026-02-09T08:29:44","guid":{"rendered":"https:\/\/megapari.games\/?page_id=1259"},"modified":"2026-03-25T17:50:17","modified_gmt":"2026-03-25T17:50:17","slug":"games","status":"publish","type":"page","link":"https:\/\/megapari.games\/sl\/games\/","title":{"rendered":"Igre"},"content":{"rendered":"","protected":false},"excerpt":{"rendered":"","protected":false},"author":1,"featured_media":0,"parent":0,"menu_order":0,"comment_status":"closed","ping_status":"closed","template":"","meta":{"inline_featured_image":false,"footnotes":""},"class_list":["post-1259","page","type-page","status-publish","hentry"],"yoast_head":"<!-- This site is optimized with the Yoast SEO plugin v27.3 - https:\/\/yoast.com\/product\/yoast-seo-wordpress\/ -->\n<title>Megapari Igralnica igre \u2705 Igralni avtomati, Cra\u0161 igre<\/title>\n<meta name=\"description\" content=\"Megapari kazino ponuja na tiso\u010de igralnih avtomatov, crash iger in takoj\u0161njih formatov v enem samem lobbyju. Hitro preklapljajte med \u017eanri in igrajte z enim samim ra\u010dunom.\" \/>\n<meta name=\"robots\" content=\"index, follow, max-snippet:-1, max-image-preview:large, max-video-preview:-1\" \/>\n<link rel=\"canonical\" href=\"https:\/\/megapari.games\/sl\/games\/\" \/>\n<meta property=\"og:locale\" content=\"sl_SI\" \/>\n<meta property=\"og:type\" content=\"article\" \/>\n<meta property=\"og:title\" content=\"Megapari Igralnica igre \u2705 Igralni avtomati, Cra\u0161 igre\" \/>\n<meta property=\"og:description\" content=\"Megapari kazino ponuja na tiso\u010de igralnih avtomatov, crash iger in takoj\u0161njih formatov v enem samem lobbyju. Hitro preklapljajte med \u017eanri in igrajte z enim samim ra\u010dunom.\" \/>\n<meta property=\"og:url\" content=\"https:\/\/megapari.games\/sl\/games\/\" \/>\n<meta property=\"og:site_name\" content=\"Megapari Games sl\" \/>\n<meta property=\"article:modified_time\" content=\"2026-03-25T17:50:17+00:00\" \/>\n<meta name=\"twitter:card\" content=\"summary_large_image\" \/>\n<script type=\"application\/ld+json\" class=\"yoast-schema-graph\">{\"@context\":\"https:\\\/\\\/schema.org\",\"@graph\":[{\"@type\":\"WebPage\",\"@id\":\"https:\\\/\\\/megapari.games\\\/sl\\\/games\\\/\",\"url\":\"https:\\\/\\\/megapari.games\\\/sl\\\/games\\\/\",\"name\":\"Megapari Igralnica igre \u2705 Igralni avtomati, Cra\u0161 igre\",\"isPartOf\":{\"@id\":\"https:\\\/\\\/megapari.games\\\/sl\\\/#website\"},\"datePublished\":\"2026-02-09T08:29:44+00:00\",\"dateModified\":\"2026-03-25T17:50:17+00:00\",\"description\":\"Megapari kazino ponuja na tiso\u010de igralnih avtomatov, crash iger in takoj\u0161njih formatov v enem samem lobbyju. Hitro preklapljajte med \u017eanri in igrajte z enim samim ra\u010dunom.\",\"breadcrumb\":{\"@id\":\"https:\\\/\\\/megapari.games\\\/sl\\\/games\\\/#breadcrumb\"},\"inLanguage\":\"sl-SI\",\"potentialAction\":[{\"@type\":\"ReadAction\",\"target\":[\"https:\\\/\\\/megapari.games\\\/sl\\\/games\\\/\"]}]},{\"@type\":\"BreadcrumbList\",\"@id\":\"https:\\\/\\\/megapari.games\\\/sl\\\/games\\\/#breadcrumb\",\"itemListElement\":[{\"@type\":\"ListItem\",\"position\":1,\"name\":\"\u0413\u043b\u0430\u0432\u043d\u0430\u044f \u0441\u0442\u0440\u0430\u043d\u0438\u0446\u0430\",\"item\":\"https:\\\/\\\/megapari.games\\\/sl\\\/\"},{\"@type\":\"ListItem\",\"position\":2,\"name\":\"Igre\"}]},{\"@type\":\"WebSite\",\"@id\":\"https:\\\/\\\/megapari.games\\\/sl\\\/#website\",\"url\":\"https:\\\/\\\/megapari.games\\\/sl\\\/\",\"name\":\"Megapari Games sl\",\"description\":\"My WordPress Blog\",\"potentialAction\":[{\"@type\":\"SearchAction\",\"target\":{\"@type\":\"EntryPoint\",\"urlTemplate\":\"https:\\\/\\\/megapari.games\\\/sl\\\/?s={search_term_string}\"},\"query-input\":{\"@type\":\"PropertyValueSpecification\",\"valueRequired\":true,\"valueName\":\"search_term_string\"}}],\"inLanguage\":\"sl-SI\"}]}<\/script>\n<!-- \/ Yoast SEO plugin. -->","yoast_head_json":{"title":"Megapari Igralnica igre \u2705 Igralni avtomati, Cra\u0161 igre","description":"Megapari kazino ponuja na tiso\u010de igralnih avtomatov, crash iger in takoj\u0161njih formatov v enem samem lobbyju. Hitro preklapljajte med \u017eanri in igrajte z enim samim ra\u010dunom.","robots":{"index":"index","follow":"follow","max-snippet":"max-snippet:-1","max-image-preview":"max-image-preview:large","max-video-preview":"max-video-preview:-1"},"canonical":"https:\/\/megapari.games\/sl\/games\/","og_locale":"sl_SI","og_type":"article","og_title":"Megapari Igralnica igre \u2705 Igralni avtomati, Cra\u0161 igre","og_description":"Megapari kazino ponuja na tiso\u010de igralnih avtomatov, crash iger in takoj\u0161njih formatov v enem samem lobbyju. Hitro preklapljajte med \u017eanri in igrajte z enim samim ra\u010dunom.","og_url":"https:\/\/megapari.games\/sl\/games\/","og_site_name":"Megapari Games sl","article_modified_time":"2026-03-25T17:50:17+00:00","twitter_card":"summary_large_image","schema":{"@context":"https:\/\/schema.org","@graph":[{"@type":"WebPage","@id":"https:\/\/megapari.games\/sl\/games\/","url":"https:\/\/megapari.games\/sl\/games\/","name":"Megapari Igralnica igre \u2705 Igralni avtomati, Cra\u0161 igre","isPartOf":{"@id":"https:\/\/megapari.games\/sl\/#website"},"datePublished":"2026-02-09T08:29:44+00:00","dateModified":"2026-03-25T17:50:17+00:00","description":"Megapari kazino ponuja na tiso\u010de igralnih avtomatov, crash iger in takoj\u0161njih formatov v enem samem lobbyju. Hitro preklapljajte med \u017eanri in igrajte z enim samim ra\u010dunom.","breadcrumb":{"@id":"https:\/\/megapari.games\/sl\/games\/#breadcrumb"},"inLanguage":"sl-SI","potentialAction":[{"@type":"ReadAction","target":["https:\/\/megapari.games\/sl\/games\/"]}]},{"@type":"BreadcrumbList","@id":"https:\/\/megapari.games\/sl\/games\/#breadcrumb","itemListElement":[{"@type":"ListItem","position":1,"name":"\u0413\u043b\u0430\u0432\u043d\u0430\u044f \u0441\u0442\u0440\u0430\u043d\u0438\u0446\u0430","item":"https:\/\/megapari.games\/sl\/"},{"@type":"ListItem","position":2,"name":"Igre"}]},{"@type":"WebSite","@id":"https:\/\/megapari.games\/sl\/#website","url":"https:\/\/megapari.games\/sl\/","name":"Megapari Games sl","description":"My WordPress Blog","potentialAction":[{"@type":"SearchAction","target":{"@type":"EntryPoint","urlTemplate":"https:\/\/megapari.games\/sl\/?s={search_term_string}"},"query-input":{"@type":"PropertyValueSpecification","valueRequired":true,"valueName":"search_term_string"}}],"inLanguage":"sl-SI"}]}},"_links":{"self":[{"href":"https:\/\/megapari.games\/sl\/wp-json\/wp\/v2\/pages\/1259","targetHints":{"allow":["GET"]}}],"collection":[{"href":"https:\/\/megapari.games\/sl\/wp-json\/wp\/v2\/pages"}],"about":[{"href":"https:\/\/megapari.games\/sl\/wp-json\/wp\/v2\/types\/page"}],"author":[{"embeddable":true,"href":"https:\/\/megapari.games\/sl\/wp-json\/wp\/v2\/users\/1"}],"replies":[{"embeddable":true,"href":"https:\/\/megapari.games\/sl\/wp-json\/wp\/v2\/comments?post=1259"}],"version-history":[{"count":4,"href":"https:\/\/megapari.games\/sl\/wp-json\/wp\/v2\/pages\/1259\/revisions"}],"predecessor-version":[{"id":1643,"href":"https:\/\/megapari.games\/sl\/wp-json\/wp\/v2\/pages\/1259\/revisions\/1643"}],"wp:attachment":[{"href":"https:\/\/megapari.games\/sl\/wp-json\/wp\/v2\/media?parent=1259"}],"curies":[{"name":"wp","href":"https:\/\/api.w.org\/{rel}","templated":true}]}}