{"id":1291,"date":"2026-02-09T12:05:43","date_gmt":"2026-02-09T12:05:43","guid":{"rendered":"https:\/\/megapari.games\/?page_id=1291"},"modified":"2026-02-27T04:54:18","modified_gmt":"2026-02-27T04:54:18","slug":"plinko","status":"publish","type":"page","link":"https:\/\/megapari.games\/sl\/plinko\/","title":{"rendered":"Plinko"},"content":{"rendered":"","protected":false},"excerpt":{"rendered":"","protected":false},"author":1,"featured_media":0,"parent":0,"menu_order":0,"comment_status":"closed","ping_status":"closed","template":"","meta":{"inline_featured_image":false,"footnotes":""},"class_list":["post-1291","page","type-page","status-publish","hentry"],"yoast_head":"<!-- This site is optimized with the Yoast SEO plugin v27.4 - https:\/\/yoast.com\/product\/yoast-seo-wordpress\/ -->\n<title>Igrajte Plinko na Megapari \u2014 1000-kratni mno\u017eitelji + 150 % bonus<\/title>\n<meta name=\"description\" content=\"Za\u017eeni \u017eogico v Plinko od Megapari! Ujemi velik multiplikator do x1000+, preizkusi svojo sre\u010do in zmagaj v tej klasi\u010dni arkadni igri.\" \/>\n<meta name=\"robots\" content=\"index, follow, max-snippet:-1, max-image-preview:large, max-video-preview:-1\" \/>\n<link rel=\"canonical\" href=\"https:\/\/megapari.games\/sl\/plinko\/\" \/>\n<meta property=\"og:locale\" content=\"sl_SI\" \/>\n<meta property=\"og:type\" content=\"article\" \/>\n<meta property=\"og:title\" content=\"Igrajte Plinko na Megapari \u2014 1000-kratni mno\u017eitelji + 150 % bonus\" \/>\n<meta property=\"og:description\" content=\"Za\u017eeni \u017eogico v Plinko od Megapari! Ujemi velik multiplikator do x1000+, preizkusi svojo sre\u010do in zmagaj v tej klasi\u010dni arkadni igri.\" \/>\n<meta property=\"og:url\" content=\"https:\/\/megapari.games\/sl\/plinko\/\" \/>\n<meta property=\"og:site_name\" content=\"Megapari Games sl\" \/>\n<meta property=\"article:modified_time\" content=\"2026-02-27T04:54:18+00:00\" \/>\n<meta name=\"twitter:card\" content=\"summary_large_image\" \/>\n<script type=\"application\/ld+json\" class=\"yoast-schema-graph\">{\"@context\":\"https:\\\/\\\/schema.org\",\"@graph\":[{\"@type\":\"WebPage\",\"@id\":\"https:\\\/\\\/megapari.games\\\/sl\\\/plinko\\\/\",\"url\":\"https:\\\/\\\/megapari.games\\\/sl\\\/plinko\\\/\",\"name\":\"Igrajte Plinko na Megapari \u2014 1000-kratni mno\u017eitelji + 150 % bonus\",\"isPartOf\":{\"@id\":\"https:\\\/\\\/megapari.games\\\/sl\\\/#website\"},\"datePublished\":\"2026-02-09T12:05:43+00:00\",\"dateModified\":\"2026-02-27T04:54:18+00:00\",\"description\":\"Za\u017eeni \u017eogico v Plinko od Megapari! Ujemi velik multiplikator do x1000+, preizkusi svojo sre\u010do in zmagaj v tej klasi\u010dni arkadni igri.\",\"breadcrumb\":{\"@id\":\"https:\\\/\\\/megapari.games\\\/sl\\\/plinko\\\/#breadcrumb\"},\"inLanguage\":\"sl-SI\",\"potentialAction\":[{\"@type\":\"ReadAction\",\"target\":[\"https:\\\/\\\/megapari.games\\\/sl\\\/plinko\\\/\"]}]},{\"@type\":\"BreadcrumbList\",\"@id\":\"https:\\\/\\\/megapari.games\\\/sl\\\/plinko\\\/#breadcrumb\",\"itemListElement\":[{\"@type\":\"ListItem\",\"position\":1,\"name\":\"\u0413\u043b\u0430\u0432\u043d\u0430\u044f \u0441\u0442\u0440\u0430\u043d\u0438\u0446\u0430\",\"item\":\"https:\\\/\\\/megapari.games\\\/sl\\\/\"},{\"@type\":\"ListItem\",\"position\":2,\"name\":\"Plinko\"}]},{\"@type\":\"WebSite\",\"@id\":\"https:\\\/\\\/megapari.games\\\/sl\\\/#website\",\"url\":\"https:\\\/\\\/megapari.games\\\/sl\\\/\",\"name\":\"Megapari Games sl\",\"description\":\"My WordPress Blog\",\"potentialAction\":[{\"@type\":\"SearchAction\",\"target\":{\"@type\":\"EntryPoint\",\"urlTemplate\":\"https:\\\/\\\/megapari.games\\\/sl\\\/?s={search_term_string}\"},\"query-input\":{\"@type\":\"PropertyValueSpecification\",\"valueRequired\":true,\"valueName\":\"search_term_string\"}}],\"inLanguage\":\"sl-SI\"}]}<\/script>\n<!-- \/ Yoast SEO plugin. -->","yoast_head_json":{"title":"Igrajte Plinko na Megapari \u2014 1000-kratni mno\u017eitelji + 150 % bonus","description":"Za\u017eeni \u017eogico v Plinko od Megapari! Ujemi velik multiplikator do x1000+, preizkusi svojo sre\u010do in zmagaj v tej klasi\u010dni arkadni igri.","robots":{"index":"index","follow":"follow","max-snippet":"max-snippet:-1","max-image-preview":"max-image-preview:large","max-video-preview":"max-video-preview:-1"},"canonical":"https:\/\/megapari.games\/sl\/plinko\/","og_locale":"sl_SI","og_type":"article","og_title":"Igrajte Plinko na Megapari \u2014 1000-kratni mno\u017eitelji + 150 % bonus","og_description":"Za\u017eeni \u017eogico v Plinko od Megapari! Ujemi velik multiplikator do x1000+, preizkusi svojo sre\u010do in zmagaj v tej klasi\u010dni arkadni igri.","og_url":"https:\/\/megapari.games\/sl\/plinko\/","og_site_name":"Megapari Games sl","article_modified_time":"2026-02-27T04:54:18+00:00","twitter_card":"summary_large_image","schema":{"@context":"https:\/\/schema.org","@graph":[{"@type":"WebPage","@id":"https:\/\/megapari.games\/sl\/plinko\/","url":"https:\/\/megapari.games\/sl\/plinko\/","name":"Igrajte Plinko na Megapari \u2014 1000-kratni mno\u017eitelji + 150 % bonus","isPartOf":{"@id":"https:\/\/megapari.games\/sl\/#website"},"datePublished":"2026-02-09T12:05:43+00:00","dateModified":"2026-02-27T04:54:18+00:00","description":"Za\u017eeni \u017eogico v Plinko od Megapari! Ujemi velik multiplikator do x1000+, preizkusi svojo sre\u010do in zmagaj v tej klasi\u010dni arkadni igri.","breadcrumb":{"@id":"https:\/\/megapari.games\/sl\/plinko\/#breadcrumb"},"inLanguage":"sl-SI","potentialAction":[{"@type":"ReadAction","target":["https:\/\/megapari.games\/sl\/plinko\/"]}]},{"@type":"BreadcrumbList","@id":"https:\/\/megapari.games\/sl\/plinko\/#breadcrumb","itemListElement":[{"@type":"ListItem","position":1,"name":"\u0413\u043b\u0430\u0432\u043d\u0430\u044f \u0441\u0442\u0440\u0430\u043d\u0438\u0446\u0430","item":"https:\/\/megapari.games\/sl\/"},{"@type":"ListItem","position":2,"name":"Plinko"}]},{"@type":"WebSite","@id":"https:\/\/megapari.games\/sl\/#website","url":"https:\/\/megapari.games\/sl\/","name":"Megapari Games sl","description":"My WordPress Blog","potentialAction":[{"@type":"SearchAction","target":{"@type":"EntryPoint","urlTemplate":"https:\/\/megapari.games\/sl\/?s={search_term_string}"},"query-input":{"@type":"PropertyValueSpecification","valueRequired":true,"valueName":"search_term_string"}}],"inLanguage":"sl-SI"}]}},"_links":{"self":[{"href":"https:\/\/megapari.games\/sl\/wp-json\/wp\/v2\/pages\/1291","targetHints":{"allow":["GET"]}}],"collection":[{"href":"https:\/\/megapari.games\/sl\/wp-json\/wp\/v2\/pages"}],"about":[{"href":"https:\/\/megapari.games\/sl\/wp-json\/wp\/v2\/types\/page"}],"author":[{"embeddable":true,"href":"https:\/\/megapari.games\/sl\/wp-json\/wp\/v2\/users\/1"}],"replies":[{"embeddable":true,"href":"https:\/\/megapari.games\/sl\/wp-json\/wp\/v2\/comments?post=1291"}],"version-history":[{"count":1,"href":"https:\/\/megapari.games\/sl\/wp-json\/wp\/v2\/pages\/1291\/revisions"}],"predecessor-version":[{"id":1621,"href":"https:\/\/megapari.games\/sl\/wp-json\/wp\/v2\/pages\/1291\/revisions\/1621"}],"wp:attachment":[{"href":"https:\/\/megapari.games\/sl\/wp-json\/wp\/v2\/media?parent=1291"}],"curies":[{"name":"wp","href":"https:\/\/api.w.org\/{rel}","templated":true}]}}