{"id":1102,"date":"2025-11-21T14:32:56","date_gmt":"2025-11-21T14:32:56","guid":{"rendered":"https:\/\/megapari.games\/sn\/?page_id=1102"},"modified":"2025-12-09T16:16:37","modified_gmt":"2025-12-09T16:16:37","slug":"football-betting","status":"publish","type":"page","link":"https:\/\/megapari.games\/sn\/football-betting\/","title":{"rendered":"Football"},"content":{"rendered":"","protected":false},"excerpt":{"rendered":"","protected":false},"author":1,"featured_media":0,"parent":0,"menu_order":0,"comment_status":"closed","ping_status":"closed","template":"","meta":{"inline_featured_image":false,"footnotes":""},"class_list":["post-1102","page","type-page","status-publish","hentry"],"yoast_head":"<!-- This site is optimized with the Yoast SEO plugin v27.4 - https:\/\/yoast.com\/product\/yoast-seo-wordpress\/ -->\n<title>Paris sportifs sur le football chez Megapari | Paris en direct, bonus<\/title>\n<meta name=\"description\" content=\"Paris sur le football sur Megapari S\u00e9n\u00e9gal: listes d\u00e9taill\u00e9es des matchs, paris en direct, statistiques des \u00e9quipes et des joueurs, acc\u00e8s rapide aux tournois du monde entier. Recevez des bonus et des offres sp\u00e9ciales pour les nouveaux utilisateurs et les utilisateurs actifs.\" \/>\n<meta name=\"robots\" content=\"index, follow, max-snippet:-1, max-image-preview:large, max-video-preview:-1\" \/>\n<link rel=\"canonical\" href=\"https:\/\/megapari.games\/sn\/football-betting\/\" \/>\n<meta property=\"og:locale\" content=\"fr_FR\" \/>\n<meta property=\"og:type\" content=\"article\" \/>\n<meta property=\"og:title\" content=\"Paris sportifs sur le football chez Megapari | Paris en direct, bonus\" \/>\n<meta property=\"og:description\" content=\"Paris sur le football sur Megapari S\u00e9n\u00e9gal: listes d\u00e9taill\u00e9es des matchs, paris en direct, statistiques des \u00e9quipes et des joueurs, acc\u00e8s rapide aux tournois du monde entier. Recevez des bonus et des offres sp\u00e9ciales pour les nouveaux utilisateurs et les utilisateurs actifs.\" \/>\n<meta property=\"og:url\" content=\"https:\/\/megapari.games\/sn\/football-betting\/\" \/>\n<meta property=\"og:site_name\" content=\"Megapari Games SN\" \/>\n<meta property=\"article:modified_time\" content=\"2025-12-09T16:16:37+00:00\" \/>\n<meta name=\"twitter:card\" content=\"summary_large_image\" \/>\n<script type=\"application\/ld+json\" class=\"yoast-schema-graph\">{\"@context\":\"https:\\\/\\\/schema.org\",\"@graph\":[{\"@type\":\"WebPage\",\"@id\":\"https:\\\/\\\/megapari.games\\\/sn\\\/football-betting\\\/\",\"url\":\"https:\\\/\\\/megapari.games\\\/sn\\\/football-betting\\\/\",\"name\":\"Paris sportifs sur le football chez Megapari | Paris en direct, bonus\",\"isPartOf\":{\"@id\":\"https:\\\/\\\/megapari.games\\\/sn\\\/#website\"},\"datePublished\":\"2025-11-21T14:32:56+00:00\",\"dateModified\":\"2025-12-09T16:16:37+00:00\",\"description\":\"Paris sur le football sur Megapari S\u00e9n\u00e9gal: listes d\u00e9taill\u00e9es des matchs, paris en direct, statistiques des \u00e9quipes et des joueurs, acc\u00e8s rapide aux tournois du monde entier. Recevez des bonus et des offres sp\u00e9ciales pour les nouveaux utilisateurs et les utilisateurs actifs.\",\"breadcrumb\":{\"@id\":\"https:\\\/\\\/megapari.games\\\/sn\\\/football-betting\\\/#breadcrumb\"},\"inLanguage\":\"fr-SN\",\"potentialAction\":[{\"@type\":\"ReadAction\",\"target\":[\"https:\\\/\\\/megapari.games\\\/sn\\\/football-betting\\\/\"]}]},{\"@type\":\"BreadcrumbList\",\"@id\":\"https:\\\/\\\/megapari.games\\\/sn\\\/football-betting\\\/#breadcrumb\",\"itemListElement\":[{\"@type\":\"ListItem\",\"position\":1,\"name\":\"\u0413\u043b\u0430\u0432\u043d\u0430\u044f \u0441\u0442\u0440\u0430\u043d\u0438\u0446\u0430\",\"item\":\"https:\\\/\\\/megapari.games\\\/sn\\\/\"},{\"@type\":\"ListItem\",\"position\":2,\"name\":\"Football\"}]},{\"@type\":\"WebSite\",\"@id\":\"https:\\\/\\\/megapari.games\\\/sn\\\/#website\",\"url\":\"https:\\\/\\\/megapari.games\\\/sn\\\/\",\"name\":\"Megapari Games SN\",\"description\":\"My WordPress Blog\",\"potentialAction\":[{\"@type\":\"SearchAction\",\"target\":{\"@type\":\"EntryPoint\",\"urlTemplate\":\"https:\\\/\\\/megapari.games\\\/sn\\\/?s={search_term_string}\"},\"query-input\":{\"@type\":\"PropertyValueSpecification\",\"valueRequired\":true,\"valueName\":\"search_term_string\"}}],\"inLanguage\":\"fr-SN\"}]}<\/script>\n<!-- \/ Yoast SEO plugin. -->","yoast_head_json":{"title":"Paris sportifs sur le football chez Megapari | Paris en direct, bonus","description":"Paris sur le football sur Megapari S\u00e9n\u00e9gal: listes d\u00e9taill\u00e9es des matchs, paris en direct, statistiques des \u00e9quipes et des joueurs, acc\u00e8s rapide aux tournois du monde entier. Recevez des bonus et des offres sp\u00e9ciales pour les nouveaux utilisateurs et les utilisateurs actifs.","robots":{"index":"index","follow":"follow","max-snippet":"max-snippet:-1","max-image-preview":"max-image-preview:large","max-video-preview":"max-video-preview:-1"},"canonical":"https:\/\/megapari.games\/sn\/football-betting\/","og_locale":"fr_FR","og_type":"article","og_title":"Paris sportifs sur le football chez Megapari | Paris en direct, bonus","og_description":"Paris sur le football sur Megapari S\u00e9n\u00e9gal: listes d\u00e9taill\u00e9es des matchs, paris en direct, statistiques des \u00e9quipes et des joueurs, acc\u00e8s rapide aux tournois du monde entier. Recevez des bonus et des offres sp\u00e9ciales pour les nouveaux utilisateurs et les utilisateurs actifs.","og_url":"https:\/\/megapari.games\/sn\/football-betting\/","og_site_name":"Megapari Games SN","article_modified_time":"2025-12-09T16:16:37+00:00","twitter_card":"summary_large_image","schema":{"@context":"https:\/\/schema.org","@graph":[{"@type":"WebPage","@id":"https:\/\/megapari.games\/sn\/football-betting\/","url":"https:\/\/megapari.games\/sn\/football-betting\/","name":"Paris sportifs sur le football chez Megapari | Paris en direct, bonus","isPartOf":{"@id":"https:\/\/megapari.games\/sn\/#website"},"datePublished":"2025-11-21T14:32:56+00:00","dateModified":"2025-12-09T16:16:37+00:00","description":"Paris sur le football sur Megapari S\u00e9n\u00e9gal: listes d\u00e9taill\u00e9es des matchs, paris en direct, statistiques des \u00e9quipes et des joueurs, acc\u00e8s rapide aux tournois du monde entier. Recevez des bonus et des offres sp\u00e9ciales pour les nouveaux utilisateurs et les utilisateurs actifs.","breadcrumb":{"@id":"https:\/\/megapari.games\/sn\/football-betting\/#breadcrumb"},"inLanguage":"fr-SN","potentialAction":[{"@type":"ReadAction","target":["https:\/\/megapari.games\/sn\/football-betting\/"]}]},{"@type":"BreadcrumbList","@id":"https:\/\/megapari.games\/sn\/football-betting\/#breadcrumb","itemListElement":[{"@type":"ListItem","position":1,"name":"\u0413\u043b\u0430\u0432\u043d\u0430\u044f \u0441\u0442\u0440\u0430\u043d\u0438\u0446\u0430","item":"https:\/\/megapari.games\/sn\/"},{"@type":"ListItem","position":2,"name":"Football"}]},{"@type":"WebSite","@id":"https:\/\/megapari.games\/sn\/#website","url":"https:\/\/megapari.games\/sn\/","name":"Megapari Games SN","description":"My WordPress Blog","potentialAction":[{"@type":"SearchAction","target":{"@type":"EntryPoint","urlTemplate":"https:\/\/megapari.games\/sn\/?s={search_term_string}"},"query-input":{"@type":"PropertyValueSpecification","valueRequired":true,"valueName":"search_term_string"}}],"inLanguage":"fr-SN"}]}},"_links":{"self":[{"href":"https:\/\/megapari.games\/sn\/wp-json\/wp\/v2\/pages\/1102","targetHints":{"allow":["GET"]}}],"collection":[{"href":"https:\/\/megapari.games\/sn\/wp-json\/wp\/v2\/pages"}],"about":[{"href":"https:\/\/megapari.games\/sn\/wp-json\/wp\/v2\/types\/page"}],"author":[{"embeddable":true,"href":"https:\/\/megapari.games\/sn\/wp-json\/wp\/v2\/users\/1"}],"replies":[{"embeddable":true,"href":"https:\/\/megapari.games\/sn\/wp-json\/wp\/v2\/comments?post=1102"}],"version-history":[{"count":5,"href":"https:\/\/megapari.games\/sn\/wp-json\/wp\/v2\/pages\/1102\/revisions"}],"predecessor-version":[{"id":1194,"href":"https:\/\/megapari.games\/sn\/wp-json\/wp\/v2\/pages\/1102\/revisions\/1194"}],"wp:attachment":[{"href":"https:\/\/megapari.games\/sn\/wp-json\/wp\/v2\/media?parent=1102"}],"curies":[{"name":"wp","href":"https:\/\/api.w.org\/{rel}","templated":true}]}}