{"id":1136,"date":"2025-11-24T10:23:19","date_gmt":"2025-11-24T10:23:19","guid":{"rendered":"https:\/\/megapari.games\/sn\/?page_id=1136"},"modified":"2025-12-09T16:11:09","modified_gmt":"2025-12-09T16:11:09","slug":"esports-betting","status":"publish","type":"page","link":"https:\/\/megapari.games\/sn\/esports-betting\/","title":{"rendered":"Sports"},"content":{"rendered":"","protected":false},"excerpt":{"rendered":"","protected":false},"author":1,"featured_media":0,"parent":0,"menu_order":0,"comment_status":"closed","ping_status":"closed","template":"","meta":{"inline_featured_image":false,"footnotes":""},"class_list":["post-1136","page","type-page","status-publish","hentry"],"yoast_head":"<!-- This site is optimized with the Yoast SEO plugin v27.4 - https:\/\/yoast.com\/product\/yoast-seo-wordpress\/ -->\n<title>Paris Megapari Esports | Disciplines populaires, options de paris<\/title>\n<meta name=\"description\" content=\"Paris e-sport sur Megapari S\u00e9n\u00e9gal: CS2, Dota 2, LoL et d&#039;autres disciplines avec cotes d\u00e9taill\u00e9es, analyses de cartes, donn\u00e9es en direct et outils pratiques. D\u00e9couvrez les fonctionnalit\u00e9s de la section et les offres de bonus disponibles sur la plateforme.\" \/>\n<meta name=\"robots\" content=\"index, follow, max-snippet:-1, max-image-preview:large, max-video-preview:-1\" \/>\n<link rel=\"canonical\" href=\"https:\/\/megapari.games\/sn\/esports-betting\/\" \/>\n<meta property=\"og:locale\" content=\"fr_FR\" \/>\n<meta property=\"og:type\" content=\"article\" \/>\n<meta property=\"og:title\" content=\"Paris Megapari Esports | Disciplines populaires, options de paris\" \/>\n<meta property=\"og:description\" content=\"Paris e-sport sur Megapari S\u00e9n\u00e9gal: CS2, Dota 2, LoL et d&#039;autres disciplines avec cotes d\u00e9taill\u00e9es, analyses de cartes, donn\u00e9es en direct et outils pratiques. D\u00e9couvrez les fonctionnalit\u00e9s de la section et les offres de bonus disponibles sur la plateforme.\" \/>\n<meta property=\"og:url\" content=\"https:\/\/megapari.games\/sn\/esports-betting\/\" \/>\n<meta property=\"og:site_name\" content=\"Megapari Games SN\" \/>\n<meta property=\"article:modified_time\" content=\"2025-12-09T16:11:09+00:00\" \/>\n<meta name=\"twitter:card\" content=\"summary_large_image\" \/>\n<script type=\"application\/ld+json\" class=\"yoast-schema-graph\">{\"@context\":\"https:\\\/\\\/schema.org\",\"@graph\":[{\"@type\":\"WebPage\",\"@id\":\"https:\\\/\\\/megapari.games\\\/sn\\\/esports-betting\\\/\",\"url\":\"https:\\\/\\\/megapari.games\\\/sn\\\/esports-betting\\\/\",\"name\":\"Paris Megapari Esports | Disciplines populaires, options de paris\",\"isPartOf\":{\"@id\":\"https:\\\/\\\/megapari.games\\\/sn\\\/#website\"},\"datePublished\":\"2025-11-24T10:23:19+00:00\",\"dateModified\":\"2025-12-09T16:11:09+00:00\",\"description\":\"Paris e-sport sur Megapari S\u00e9n\u00e9gal: CS2, Dota 2, LoL et d'autres disciplines avec cotes d\u00e9taill\u00e9es, analyses de cartes, donn\u00e9es en direct et outils pratiques. D\u00e9couvrez les fonctionnalit\u00e9s de la section et les offres de bonus disponibles sur la plateforme.\",\"breadcrumb\":{\"@id\":\"https:\\\/\\\/megapari.games\\\/sn\\\/esports-betting\\\/#breadcrumb\"},\"inLanguage\":\"fr-SN\",\"potentialAction\":[{\"@type\":\"ReadAction\",\"target\":[\"https:\\\/\\\/megapari.games\\\/sn\\\/esports-betting\\\/\"]}]},{\"@type\":\"BreadcrumbList\",\"@id\":\"https:\\\/\\\/megapari.games\\\/sn\\\/esports-betting\\\/#breadcrumb\",\"itemListElement\":[{\"@type\":\"ListItem\",\"position\":1,\"name\":\"\u0413\u043b\u0430\u0432\u043d\u0430\u044f \u0441\u0442\u0440\u0430\u043d\u0438\u0446\u0430\",\"item\":\"https:\\\/\\\/megapari.games\\\/sn\\\/\"},{\"@type\":\"ListItem\",\"position\":2,\"name\":\"Sports\"}]},{\"@type\":\"WebSite\",\"@id\":\"https:\\\/\\\/megapari.games\\\/sn\\\/#website\",\"url\":\"https:\\\/\\\/megapari.games\\\/sn\\\/\",\"name\":\"Megapari Games SN\",\"description\":\"My WordPress Blog\",\"potentialAction\":[{\"@type\":\"SearchAction\",\"target\":{\"@type\":\"EntryPoint\",\"urlTemplate\":\"https:\\\/\\\/megapari.games\\\/sn\\\/?s={search_term_string}\"},\"query-input\":{\"@type\":\"PropertyValueSpecification\",\"valueRequired\":true,\"valueName\":\"search_term_string\"}}],\"inLanguage\":\"fr-SN\"}]}<\/script>\n<!-- \/ Yoast SEO plugin. -->","yoast_head_json":{"title":"Paris Megapari Esports | Disciplines populaires, options de paris","description":"Paris e-sport sur Megapari S\u00e9n\u00e9gal: CS2, Dota 2, LoL et d'autres disciplines avec cotes d\u00e9taill\u00e9es, analyses de cartes, donn\u00e9es en direct et outils pratiques. D\u00e9couvrez les fonctionnalit\u00e9s de la section et les offres de bonus disponibles sur la plateforme.","robots":{"index":"index","follow":"follow","max-snippet":"max-snippet:-1","max-image-preview":"max-image-preview:large","max-video-preview":"max-video-preview:-1"},"canonical":"https:\/\/megapari.games\/sn\/esports-betting\/","og_locale":"fr_FR","og_type":"article","og_title":"Paris Megapari Esports | Disciplines populaires, options de paris","og_description":"Paris e-sport sur Megapari S\u00e9n\u00e9gal: CS2, Dota 2, LoL et d'autres disciplines avec cotes d\u00e9taill\u00e9es, analyses de cartes, donn\u00e9es en direct et outils pratiques. D\u00e9couvrez les fonctionnalit\u00e9s de la section et les offres de bonus disponibles sur la plateforme.","og_url":"https:\/\/megapari.games\/sn\/esports-betting\/","og_site_name":"Megapari Games SN","article_modified_time":"2025-12-09T16:11:09+00:00","twitter_card":"summary_large_image","schema":{"@context":"https:\/\/schema.org","@graph":[{"@type":"WebPage","@id":"https:\/\/megapari.games\/sn\/esports-betting\/","url":"https:\/\/megapari.games\/sn\/esports-betting\/","name":"Paris Megapari Esports | Disciplines populaires, options de paris","isPartOf":{"@id":"https:\/\/megapari.games\/sn\/#website"},"datePublished":"2025-11-24T10:23:19+00:00","dateModified":"2025-12-09T16:11:09+00:00","description":"Paris e-sport sur Megapari S\u00e9n\u00e9gal: CS2, Dota 2, LoL et d'autres disciplines avec cotes d\u00e9taill\u00e9es, analyses de cartes, donn\u00e9es en direct et outils pratiques. D\u00e9couvrez les fonctionnalit\u00e9s de la section et les offres de bonus disponibles sur la plateforme.","breadcrumb":{"@id":"https:\/\/megapari.games\/sn\/esports-betting\/#breadcrumb"},"inLanguage":"fr-SN","potentialAction":[{"@type":"ReadAction","target":["https:\/\/megapari.games\/sn\/esports-betting\/"]}]},{"@type":"BreadcrumbList","@id":"https:\/\/megapari.games\/sn\/esports-betting\/#breadcrumb","itemListElement":[{"@type":"ListItem","position":1,"name":"\u0413\u043b\u0430\u0432\u043d\u0430\u044f \u0441\u0442\u0440\u0430\u043d\u0438\u0446\u0430","item":"https:\/\/megapari.games\/sn\/"},{"@type":"ListItem","position":2,"name":"Sports"}]},{"@type":"WebSite","@id":"https:\/\/megapari.games\/sn\/#website","url":"https:\/\/megapari.games\/sn\/","name":"Megapari Games SN","description":"My WordPress Blog","potentialAction":[{"@type":"SearchAction","target":{"@type":"EntryPoint","urlTemplate":"https:\/\/megapari.games\/sn\/?s={search_term_string}"},"query-input":{"@type":"PropertyValueSpecification","valueRequired":true,"valueName":"search_term_string"}}],"inLanguage":"fr-SN"}]}},"_links":{"self":[{"href":"https:\/\/megapari.games\/sn\/wp-json\/wp\/v2\/pages\/1136","targetHints":{"allow":["GET"]}}],"collection":[{"href":"https:\/\/megapari.games\/sn\/wp-json\/wp\/v2\/pages"}],"about":[{"href":"https:\/\/megapari.games\/sn\/wp-json\/wp\/v2\/types\/page"}],"author":[{"embeddable":true,"href":"https:\/\/megapari.games\/sn\/wp-json\/wp\/v2\/users\/1"}],"replies":[{"embeddable":true,"href":"https:\/\/megapari.games\/sn\/wp-json\/wp\/v2\/comments?post=1136"}],"version-history":[{"count":6,"href":"https:\/\/megapari.games\/sn\/wp-json\/wp\/v2\/pages\/1136\/revisions"}],"predecessor-version":[{"id":1193,"href":"https:\/\/megapari.games\/sn\/wp-json\/wp\/v2\/pages\/1136\/revisions\/1193"}],"wp:attachment":[{"href":"https:\/\/megapari.games\/sn\/wp-json\/wp\/v2\/media?parent=1136"}],"curies":[{"name":"wp","href":"https:\/\/api.w.org\/{rel}","templated":true}]}}