{"id":2,"date":"2023-05-18T17:18:34","date_gmt":"2023-05-18T17:18:34","guid":{"rendered":"https:\/\/megapari.games\/sv\/?page_id=2"},"modified":"2025-03-31T04:58:20","modified_gmt":"2025-03-31T04:58:20","slug":"sample-page","status":"publish","type":"page","link":"https:\/\/megapari.games\/sv\/","title":{"rendered":"Hem"},"content":{"rendered":"","protected":false},"excerpt":{"rendered":"","protected":false},"author":1,"featured_media":0,"parent":0,"menu_order":0,"comment_status":"closed","ping_status":"open","template":"","meta":{"inline_featured_image":false,"footnotes":""},"class_list":["post-2","page","type-page","status-publish","hentry"],"yoast_head":"<!-- This site is optimized with the Yoast SEO plugin v27.5 - https:\/\/yoast.com\/product\/yoast-seo-wordpress\/ -->\n<title>Megapari \u27a0 Webbplats f\u00f6r sportspel och kasino 2026 \u1409 Logga in<\/title>\n<meta name=\"description\" content=\"B\u00f6rja spela p\u00e5 Mega Pari Sverige webbplatsen och f\u00e5 en v\u00e4lkomstbonus upp till 1000 SEK p\u00e5 din f\u00f6rsta ins\u00e4ttning \u2714\ufe0f Registrera dig och b\u00f6rja satsa nu!\" \/>\n<meta name=\"robots\" content=\"index, follow, max-snippet:-1, max-image-preview:large, max-video-preview:-1\" \/>\n<link rel=\"canonical\" href=\"https:\/\/megapari.games\/sv\/\" \/>\n<meta property=\"og:locale\" content=\"sv_SE\" \/>\n<meta property=\"og:type\" content=\"article\" \/>\n<meta property=\"og:title\" content=\"Megapari \u27a0 Webbplats f\u00f6r sportspel och kasino 2026 \u1409 Logga in\" \/>\n<meta property=\"og:description\" content=\"B\u00f6rja spela p\u00e5 Mega Pari Sverige webbplatsen och f\u00e5 en v\u00e4lkomstbonus upp till 1000 SEK p\u00e5 din f\u00f6rsta ins\u00e4ttning \u2714\ufe0f Registrera dig och b\u00f6rja satsa nu!\" \/>\n<meta property=\"og:url\" content=\"https:\/\/megapari.games\/sv\/\" \/>\n<meta property=\"og:site_name\" content=\"Megapari Games sv\" \/>\n<meta property=\"article:modified_time\" content=\"2025-03-31T04:58:20+00:00\" \/>\n<meta name=\"twitter:card\" content=\"summary_large_image\" \/>\n<script type=\"application\/ld+json\" class=\"yoast-schema-graph\">{\"@context\":\"https:\\\/\\\/schema.org\",\"@graph\":[{\"@type\":\"WebPage\",\"@id\":\"https:\\\/\\\/megapari.games\\\/sv\\\/\",\"url\":\"https:\\\/\\\/megapari.games\\\/sv\\\/\",\"name\":\"Megapari \u27a0 Webbplats f\u00f6r sportspel och kasino 2026 \u1409 Logga in\",\"isPartOf\":{\"@id\":\"https:\\\/\\\/megapari.games\\\/sv\\\/#website\"},\"datePublished\":\"2023-05-18T17:18:34+00:00\",\"dateModified\":\"2025-03-31T04:58:20+00:00\",\"description\":\"B\u00f6rja spela p\u00e5 Mega Pari Sverige webbplatsen och f\u00e5 en v\u00e4lkomstbonus upp till 1000 SEK p\u00e5 din f\u00f6rsta ins\u00e4ttning \u2714\ufe0f Registrera dig och b\u00f6rja satsa nu!\",\"breadcrumb\":{\"@id\":\"https:\\\/\\\/megapari.games\\\/sv\\\/#breadcrumb\"},\"inLanguage\":\"sv-SE\",\"potentialAction\":[{\"@type\":\"ReadAction\",\"target\":[\"https:\\\/\\\/megapari.games\\\/sv\\\/\"]}]},{\"@type\":\"BreadcrumbList\",\"@id\":\"https:\\\/\\\/megapari.games\\\/sv\\\/#breadcrumb\",\"itemListElement\":[{\"@type\":\"ListItem\",\"position\":1,\"name\":\"\u0413\u043b\u0430\u0432\u043d\u0430\u044f \u0441\u0442\u0440\u0430\u043d\u0438\u0446\u0430\",\"item\":\"https:\\\/\\\/megapari.games\\\/sv\\\/\"},{\"@type\":\"ListItem\",\"position\":2,\"name\":\"Hem\"}]},{\"@type\":\"WebSite\",\"@id\":\"https:\\\/\\\/megapari.games\\\/sv\\\/#website\",\"url\":\"https:\\\/\\\/megapari.games\\\/sv\\\/\",\"name\":\"Megapari Games sv\",\"description\":\"My WordPress Blog\",\"potentialAction\":[{\"@type\":\"SearchAction\",\"target\":{\"@type\":\"EntryPoint\",\"urlTemplate\":\"https:\\\/\\\/megapari.games\\\/sv\\\/?s={search_term_string}\"},\"query-input\":{\"@type\":\"PropertyValueSpecification\",\"valueRequired\":true,\"valueName\":\"search_term_string\"}}],\"inLanguage\":\"sv-SE\"}]}<\/script>\n<!-- \/ Yoast SEO plugin. -->","yoast_head_json":{"title":"Megapari \u27a0 Webbplats f\u00f6r sportspel och kasino 2026 \u1409 Logga in","description":"B\u00f6rja spela p\u00e5 Mega Pari Sverige webbplatsen och f\u00e5 en v\u00e4lkomstbonus upp till 1000 SEK p\u00e5 din f\u00f6rsta ins\u00e4ttning \u2714\ufe0f Registrera dig och b\u00f6rja satsa nu!","robots":{"index":"index","follow":"follow","max-snippet":"max-snippet:-1","max-image-preview":"max-image-preview:large","max-video-preview":"max-video-preview:-1"},"canonical":"https:\/\/megapari.games\/sv\/","og_locale":"sv_SE","og_type":"article","og_title":"Megapari \u27a0 Webbplats f\u00f6r sportspel och kasino 2026 \u1409 Logga in","og_description":"B\u00f6rja spela p\u00e5 Mega Pari Sverige webbplatsen och f\u00e5 en v\u00e4lkomstbonus upp till 1000 SEK p\u00e5 din f\u00f6rsta ins\u00e4ttning \u2714\ufe0f Registrera dig och b\u00f6rja satsa nu!","og_url":"https:\/\/megapari.games\/sv\/","og_site_name":"Megapari Games sv","article_modified_time":"2025-03-31T04:58:20+00:00","twitter_card":"summary_large_image","schema":{"@context":"https:\/\/schema.org","@graph":[{"@type":"WebPage","@id":"https:\/\/megapari.games\/sv\/","url":"https:\/\/megapari.games\/sv\/","name":"Megapari \u27a0 Webbplats f\u00f6r sportspel och kasino 2026 \u1409 Logga in","isPartOf":{"@id":"https:\/\/megapari.games\/sv\/#website"},"datePublished":"2023-05-18T17:18:34+00:00","dateModified":"2025-03-31T04:58:20+00:00","description":"B\u00f6rja spela p\u00e5 Mega Pari Sverige webbplatsen och f\u00e5 en v\u00e4lkomstbonus upp till 1000 SEK p\u00e5 din f\u00f6rsta ins\u00e4ttning \u2714\ufe0f Registrera dig och b\u00f6rja satsa nu!","breadcrumb":{"@id":"https:\/\/megapari.games\/sv\/#breadcrumb"},"inLanguage":"sv-SE","potentialAction":[{"@type":"ReadAction","target":["https:\/\/megapari.games\/sv\/"]}]},{"@type":"BreadcrumbList","@id":"https:\/\/megapari.games\/sv\/#breadcrumb","itemListElement":[{"@type":"ListItem","position":1,"name":"\u0413\u043b\u0430\u0432\u043d\u0430\u044f \u0441\u0442\u0440\u0430\u043d\u0438\u0446\u0430","item":"https:\/\/megapari.games\/sv\/"},{"@type":"ListItem","position":2,"name":"Hem"}]},{"@type":"WebSite","@id":"https:\/\/megapari.games\/sv\/#website","url":"https:\/\/megapari.games\/sv\/","name":"Megapari Games sv","description":"My WordPress Blog","potentialAction":[{"@type":"SearchAction","target":{"@type":"EntryPoint","urlTemplate":"https:\/\/megapari.games\/sv\/?s={search_term_string}"},"query-input":{"@type":"PropertyValueSpecification","valueRequired":true,"valueName":"search_term_string"}}],"inLanguage":"sv-SE"}]}},"_links":{"self":[{"href":"https:\/\/megapari.games\/sv\/wp-json\/wp\/v2\/pages\/2","targetHints":{"allow":["GET"]}}],"collection":[{"href":"https:\/\/megapari.games\/sv\/wp-json\/wp\/v2\/pages"}],"about":[{"href":"https:\/\/megapari.games\/sv\/wp-json\/wp\/v2\/types\/page"}],"author":[{"embeddable":true,"href":"https:\/\/megapari.games\/sv\/wp-json\/wp\/v2\/users\/1"}],"replies":[{"embeddable":true,"href":"https:\/\/megapari.games\/sv\/wp-json\/wp\/v2\/comments?post=2"}],"version-history":[{"count":0,"href":"https:\/\/megapari.games\/sv\/wp-json\/wp\/v2\/pages\/2\/revisions"}],"wp:attachment":[{"href":"https:\/\/megapari.games\/sv\/wp-json\/wp\/v2\/media?parent=2"}],"curies":[{"name":"wp","href":"https:\/\/api.w.org\/{rel}","templated":true}]}}