{"id":2,"date":"2023-05-18T17:18:34","date_gmt":"2023-05-18T17:18:34","guid":{"rendered":"https:\/\/megapari.games\/tk\/?page_id=2"},"modified":"2026-02-09T19:01:22","modified_gmt":"2026-02-09T19:01:22","slug":"sample-page","status":"publish","type":"page","link":"https:\/\/megapari.games\/tk\/","title":{"rendered":"\u00d6\u00fd"},"content":{"rendered":"","protected":false},"excerpt":{"rendered":"","protected":false},"author":1,"featured_media":0,"parent":0,"menu_order":0,"comment_status":"closed","ping_status":"open","template":"","meta":{"inline_featured_image":false,"footnotes":""},"class_list":["post-2","page","type-page","status-publish","hentry"],"yoast_head":"<!-- This site is optimized with the Yoast SEO plugin v27.5 - https:\/\/yoast.com\/product\/yoast-seo-wordpress\/ -->\n<title>MegaPari\u2122 \u2014 Sport bahisleri we \u015fanslar \u2014 May 2026<\/title>\n<meta name=\"description\" content=\"Mega Pari bilen futbola we m\u00f6h\u00fcm wakalara pul go\u00fdu\u0148, g\u00f6ni koeffisi\u00fdentlerden, \u00e7alt t\u00f6leglerden we gi\u0148 gerimli sport bazarlary bilen a\u0148sat mobil pul go\u00fdumlaryndan lezzet aly\u0148.\" \/>\n<meta name=\"robots\" content=\"index, follow, max-snippet:-1, max-image-preview:large, max-video-preview:-1\" \/>\n<link rel=\"canonical\" href=\"https:\/\/megapari.games\/tk\/\" \/>\n<meta property=\"og:locale\" content=\"tk_TM\" \/>\n<meta property=\"og:type\" content=\"article\" \/>\n<meta property=\"og:title\" content=\"MegaPari\u2122 \u2014 Sport bahisleri we \u015fanslar \u2014 May 2026\" \/>\n<meta property=\"og:description\" content=\"Mega Pari bilen futbola we m\u00f6h\u00fcm wakalara pul go\u00fdu\u0148, g\u00f6ni koeffisi\u00fdentlerden, \u00e7alt t\u00f6leglerden we gi\u0148 gerimli sport bazarlary bilen a\u0148sat mobil pul go\u00fdumlaryndan lezzet aly\u0148.\" \/>\n<meta property=\"og:url\" content=\"https:\/\/megapari.games\/tk\/\" \/>\n<meta property=\"og:site_name\" content=\"Megapari Games tk\" \/>\n<meta property=\"article:modified_time\" content=\"2026-02-09T19:01:22+00:00\" \/>\n<meta name=\"twitter:card\" content=\"summary_large_image\" \/>\n<script type=\"application\/ld+json\" class=\"yoast-schema-graph\">{\"@context\":\"https:\\\/\\\/schema.org\",\"@graph\":[{\"@type\":\"WebPage\",\"@id\":\"https:\\\/\\\/megapari.games\\\/tk\\\/\",\"url\":\"https:\\\/\\\/megapari.games\\\/tk\\\/\",\"name\":\"MegaPari\u2122 \u2014 Sport bahisleri we \u015fanslar \u2014 May 2026\",\"isPartOf\":{\"@id\":\"https:\\\/\\\/megapari.games\\\/tk\\\/#website\"},\"datePublished\":\"2023-05-18T17:18:34+00:00\",\"dateModified\":\"2026-02-09T19:01:22+00:00\",\"description\":\"Mega Pari bilen futbola we m\u00f6h\u00fcm wakalara pul go\u00fdu\u0148, g\u00f6ni koeffisi\u00fdentlerden, \u00e7alt t\u00f6leglerden we gi\u0148 gerimli sport bazarlary bilen a\u0148sat mobil pul go\u00fdumlaryndan lezzet aly\u0148.\",\"breadcrumb\":{\"@id\":\"https:\\\/\\\/megapari.games\\\/tk\\\/#breadcrumb\"},\"inLanguage\":\"tk-TM\",\"potentialAction\":[{\"@type\":\"ReadAction\",\"target\":[\"https:\\\/\\\/megapari.games\\\/tk\\\/\"]}]},{\"@type\":\"BreadcrumbList\",\"@id\":\"https:\\\/\\\/megapari.games\\\/tk\\\/#breadcrumb\",\"itemListElement\":[{\"@type\":\"ListItem\",\"position\":1,\"name\":\"\u0413\u043b\u0430\u0432\u043d\u0430\u044f \u0441\u0442\u0440\u0430\u043d\u0438\u0446\u0430\",\"item\":\"https:\\\/\\\/megapari.games\\\/tk\\\/\"},{\"@type\":\"ListItem\",\"position\":2,\"name\":\"\u00d6\u00fd\"}]},{\"@type\":\"WebSite\",\"@id\":\"https:\\\/\\\/megapari.games\\\/tk\\\/#website\",\"url\":\"https:\\\/\\\/megapari.games\\\/tk\\\/\",\"name\":\"Megapari Games tk\",\"description\":\"My WordPress Blog\",\"potentialAction\":[{\"@type\":\"SearchAction\",\"target\":{\"@type\":\"EntryPoint\",\"urlTemplate\":\"https:\\\/\\\/megapari.games\\\/tk\\\/?s={search_term_string}\"},\"query-input\":{\"@type\":\"PropertyValueSpecification\",\"valueRequired\":true,\"valueName\":\"search_term_string\"}}],\"inLanguage\":\"tk-TM\"}]}<\/script>\n<!-- \/ Yoast SEO plugin. -->","yoast_head_json":{"title":"MegaPari\u2122 \u2014 Sport bahisleri we \u015fanslar \u2014 May 2026","description":"Mega Pari bilen futbola we m\u00f6h\u00fcm wakalara pul go\u00fdu\u0148, g\u00f6ni koeffisi\u00fdentlerden, \u00e7alt t\u00f6leglerden we gi\u0148 gerimli sport bazarlary bilen a\u0148sat mobil pul go\u00fdumlaryndan lezzet aly\u0148.","robots":{"index":"index","follow":"follow","max-snippet":"max-snippet:-1","max-image-preview":"max-image-preview:large","max-video-preview":"max-video-preview:-1"},"canonical":"https:\/\/megapari.games\/tk\/","og_locale":"tk_TM","og_type":"article","og_title":"MegaPari\u2122 \u2014 Sport bahisleri we \u015fanslar \u2014 May 2026","og_description":"Mega Pari bilen futbola we m\u00f6h\u00fcm wakalara pul go\u00fdu\u0148, g\u00f6ni koeffisi\u00fdentlerden, \u00e7alt t\u00f6leglerden we gi\u0148 gerimli sport bazarlary bilen a\u0148sat mobil pul go\u00fdumlaryndan lezzet aly\u0148.","og_url":"https:\/\/megapari.games\/tk\/","og_site_name":"Megapari Games tk","article_modified_time":"2026-02-09T19:01:22+00:00","twitter_card":"summary_large_image","schema":{"@context":"https:\/\/schema.org","@graph":[{"@type":"WebPage","@id":"https:\/\/megapari.games\/tk\/","url":"https:\/\/megapari.games\/tk\/","name":"MegaPari\u2122 \u2014 Sport bahisleri we \u015fanslar \u2014 May 2026","isPartOf":{"@id":"https:\/\/megapari.games\/tk\/#website"},"datePublished":"2023-05-18T17:18:34+00:00","dateModified":"2026-02-09T19:01:22+00:00","description":"Mega Pari bilen futbola we m\u00f6h\u00fcm wakalara pul go\u00fdu\u0148, g\u00f6ni koeffisi\u00fdentlerden, \u00e7alt t\u00f6leglerden we gi\u0148 gerimli sport bazarlary bilen a\u0148sat mobil pul go\u00fdumlaryndan lezzet aly\u0148.","breadcrumb":{"@id":"https:\/\/megapari.games\/tk\/#breadcrumb"},"inLanguage":"tk-TM","potentialAction":[{"@type":"ReadAction","target":["https:\/\/megapari.games\/tk\/"]}]},{"@type":"BreadcrumbList","@id":"https:\/\/megapari.games\/tk\/#breadcrumb","itemListElement":[{"@type":"ListItem","position":1,"name":"\u0413\u043b\u0430\u0432\u043d\u0430\u044f \u0441\u0442\u0440\u0430\u043d\u0438\u0446\u0430","item":"https:\/\/megapari.games\/tk\/"},{"@type":"ListItem","position":2,"name":"\u00d6\u00fd"}]},{"@type":"WebSite","@id":"https:\/\/megapari.games\/tk\/#website","url":"https:\/\/megapari.games\/tk\/","name":"Megapari Games tk","description":"My WordPress Blog","potentialAction":[{"@type":"SearchAction","target":{"@type":"EntryPoint","urlTemplate":"https:\/\/megapari.games\/tk\/?s={search_term_string}"},"query-input":{"@type":"PropertyValueSpecification","valueRequired":true,"valueName":"search_term_string"}}],"inLanguage":"tk-TM"}]}},"_links":{"self":[{"href":"https:\/\/megapari.games\/tk\/wp-json\/wp\/v2\/pages\/2","targetHints":{"allow":["GET"]}}],"collection":[{"href":"https:\/\/megapari.games\/tk\/wp-json\/wp\/v2\/pages"}],"about":[{"href":"https:\/\/megapari.games\/tk\/wp-json\/wp\/v2\/types\/page"}],"author":[{"embeddable":true,"href":"https:\/\/megapari.games\/tk\/wp-json\/wp\/v2\/users\/1"}],"replies":[{"embeddable":true,"href":"https:\/\/megapari.games\/tk\/wp-json\/wp\/v2\/comments?post=2"}],"version-history":[{"count":35,"href":"https:\/\/megapari.games\/tk\/wp-json\/wp\/v2\/pages\/2\/revisions"}],"predecessor-version":[{"id":1265,"href":"https:\/\/megapari.games\/tk\/wp-json\/wp\/v2\/pages\/2\/revisions\/1265"}],"wp:attachment":[{"href":"https:\/\/megapari.games\/tk\/wp-json\/wp\/v2\/media?parent=2"}],"curies":[{"name":"wp","href":"https:\/\/api.w.org\/{rel}","templated":true}]}}