{"id":435,"date":"2024-05-08T07:23:35","date_gmt":"2024-05-08T07:23:35","guid":{"rendered":"https:\/\/megapari.games\/tk\/?page_id=435"},"modified":"2026-02-09T14:09:02","modified_gmt":"2026-02-09T14:09:02","slug":"casino","status":"publish","type":"page","link":"https:\/\/megapari.games\/tk\/casino\/","title":{"rendered":"Kazino"},"content":{"rendered":"","protected":false},"excerpt":{"rendered":"","protected":false},"author":1,"featured_media":0,"parent":0,"menu_order":0,"comment_status":"closed","ping_status":"closed","template":"","meta":{"inline_featured_image":false,"footnotes":""},"class_list":["post-435","page","type-page","status-publish","hentry"],"yoast_head":"<!-- This site is optimized with the Yoast SEO plugin v27.5 - https:\/\/yoast.com\/product\/yoast-seo-wordpress\/ -->\n<title>Megapari Kazinosy | Gar\u015fylama teklibi we o\u00fdunlar<\/title>\n<meta name=\"description\" content=\"Megapari Onla\u00fdn Kazinosy bakkara, blekdjek, rulet we poker \u00fdaly o\u00fdunlary h\u00f6d\u00fcrle\u00fd\u00e4r \u2714\ufe0f Megapari platformasynda d\u00fcrli kazino o\u00fdunlaryny o\u00fdnamaga ba\u015fla\" \/>\n<meta name=\"robots\" content=\"index, follow, max-snippet:-1, max-image-preview:large, max-video-preview:-1\" \/>\n<link rel=\"canonical\" href=\"https:\/\/megapari.games\/tk\/casino\/\" \/>\n<meta property=\"og:locale\" content=\"tk_TM\" \/>\n<meta property=\"og:type\" content=\"article\" \/>\n<meta property=\"og:title\" content=\"Megapari Kazinosy | Gar\u015fylama teklibi we o\u00fdunlar\" \/>\n<meta property=\"og:description\" content=\"Megapari Onla\u00fdn Kazinosy bakkara, blekdjek, rulet we poker \u00fdaly o\u00fdunlary h\u00f6d\u00fcrle\u00fd\u00e4r \u2714\ufe0f Megapari platformasynda d\u00fcrli kazino o\u00fdunlaryny o\u00fdnamaga ba\u015fla\" \/>\n<meta property=\"og:url\" content=\"https:\/\/megapari.games\/tk\/casino\/\" \/>\n<meta property=\"og:site_name\" content=\"Megapari Games tk\" \/>\n<meta property=\"article:modified_time\" content=\"2026-02-09T14:09:02+00:00\" \/>\n<meta name=\"twitter:card\" content=\"summary_large_image\" \/>\n<script type=\"application\/ld+json\" class=\"yoast-schema-graph\">{\"@context\":\"https:\\\/\\\/schema.org\",\"@graph\":[{\"@type\":\"WebPage\",\"@id\":\"https:\\\/\\\/megapari.games\\\/tk\\\/casino\\\/\",\"url\":\"https:\\\/\\\/megapari.games\\\/tk\\\/casino\\\/\",\"name\":\"Megapari Kazinosy | Gar\u015fylama teklibi we o\u00fdunlar\",\"isPartOf\":{\"@id\":\"https:\\\/\\\/megapari.games\\\/tk\\\/#website\"},\"datePublished\":\"2024-05-08T07:23:35+00:00\",\"dateModified\":\"2026-02-09T14:09:02+00:00\",\"description\":\"Megapari Onla\u00fdn Kazinosy bakkara, blekdjek, rulet we poker \u00fdaly o\u00fdunlary h\u00f6d\u00fcrle\u00fd\u00e4r \u2714\ufe0f Megapari platformasynda d\u00fcrli kazino o\u00fdunlaryny o\u00fdnamaga ba\u015fla\",\"breadcrumb\":{\"@id\":\"https:\\\/\\\/megapari.games\\\/tk\\\/casino\\\/#breadcrumb\"},\"inLanguage\":\"tk-TM\",\"potentialAction\":[{\"@type\":\"ReadAction\",\"target\":[\"https:\\\/\\\/megapari.games\\\/tk\\\/casino\\\/\"]}]},{\"@type\":\"BreadcrumbList\",\"@id\":\"https:\\\/\\\/megapari.games\\\/tk\\\/casino\\\/#breadcrumb\",\"itemListElement\":[{\"@type\":\"ListItem\",\"position\":1,\"name\":\"\u0413\u043b\u0430\u0432\u043d\u0430\u044f \u0441\u0442\u0440\u0430\u043d\u0438\u0446\u0430\",\"item\":\"https:\\\/\\\/megapari.games\\\/tk\\\/\"},{\"@type\":\"ListItem\",\"position\":2,\"name\":\"Kazino\"}]},{\"@type\":\"WebSite\",\"@id\":\"https:\\\/\\\/megapari.games\\\/tk\\\/#website\",\"url\":\"https:\\\/\\\/megapari.games\\\/tk\\\/\",\"name\":\"Megapari Games tk\",\"description\":\"My WordPress Blog\",\"potentialAction\":[{\"@type\":\"SearchAction\",\"target\":{\"@type\":\"EntryPoint\",\"urlTemplate\":\"https:\\\/\\\/megapari.games\\\/tk\\\/?s={search_term_string}\"},\"query-input\":{\"@type\":\"PropertyValueSpecification\",\"valueRequired\":true,\"valueName\":\"search_term_string\"}}],\"inLanguage\":\"tk-TM\"}]}<\/script>\n<!-- \/ Yoast SEO plugin. -->","yoast_head_json":{"title":"Megapari Kazinosy | Gar\u015fylama teklibi we o\u00fdunlar","description":"Megapari Onla\u00fdn Kazinosy bakkara, blekdjek, rulet we poker \u00fdaly o\u00fdunlary h\u00f6d\u00fcrle\u00fd\u00e4r \u2714\ufe0f Megapari platformasynda d\u00fcrli kazino o\u00fdunlaryny o\u00fdnamaga ba\u015fla","robots":{"index":"index","follow":"follow","max-snippet":"max-snippet:-1","max-image-preview":"max-image-preview:large","max-video-preview":"max-video-preview:-1"},"canonical":"https:\/\/megapari.games\/tk\/casino\/","og_locale":"tk_TM","og_type":"article","og_title":"Megapari Kazinosy | Gar\u015fylama teklibi we o\u00fdunlar","og_description":"Megapari Onla\u00fdn Kazinosy bakkara, blekdjek, rulet we poker \u00fdaly o\u00fdunlary h\u00f6d\u00fcrle\u00fd\u00e4r \u2714\ufe0f Megapari platformasynda d\u00fcrli kazino o\u00fdunlaryny o\u00fdnamaga ba\u015fla","og_url":"https:\/\/megapari.games\/tk\/casino\/","og_site_name":"Megapari Games tk","article_modified_time":"2026-02-09T14:09:02+00:00","twitter_card":"summary_large_image","schema":{"@context":"https:\/\/schema.org","@graph":[{"@type":"WebPage","@id":"https:\/\/megapari.games\/tk\/casino\/","url":"https:\/\/megapari.games\/tk\/casino\/","name":"Megapari Kazinosy | Gar\u015fylama teklibi we o\u00fdunlar","isPartOf":{"@id":"https:\/\/megapari.games\/tk\/#website"},"datePublished":"2024-05-08T07:23:35+00:00","dateModified":"2026-02-09T14:09:02+00:00","description":"Megapari Onla\u00fdn Kazinosy bakkara, blekdjek, rulet we poker \u00fdaly o\u00fdunlary h\u00f6d\u00fcrle\u00fd\u00e4r \u2714\ufe0f Megapari platformasynda d\u00fcrli kazino o\u00fdunlaryny o\u00fdnamaga ba\u015fla","breadcrumb":{"@id":"https:\/\/megapari.games\/tk\/casino\/#breadcrumb"},"inLanguage":"tk-TM","potentialAction":[{"@type":"ReadAction","target":["https:\/\/megapari.games\/tk\/casino\/"]}]},{"@type":"BreadcrumbList","@id":"https:\/\/megapari.games\/tk\/casino\/#breadcrumb","itemListElement":[{"@type":"ListItem","position":1,"name":"\u0413\u043b\u0430\u0432\u043d\u0430\u044f \u0441\u0442\u0440\u0430\u043d\u0438\u0446\u0430","item":"https:\/\/megapari.games\/tk\/"},{"@type":"ListItem","position":2,"name":"Kazino"}]},{"@type":"WebSite","@id":"https:\/\/megapari.games\/tk\/#website","url":"https:\/\/megapari.games\/tk\/","name":"Megapari Games tk","description":"My WordPress Blog","potentialAction":[{"@type":"SearchAction","target":{"@type":"EntryPoint","urlTemplate":"https:\/\/megapari.games\/tk\/?s={search_term_string}"},"query-input":{"@type":"PropertyValueSpecification","valueRequired":true,"valueName":"search_term_string"}}],"inLanguage":"tk-TM"}]}},"_links":{"self":[{"href":"https:\/\/megapari.games\/tk\/wp-json\/wp\/v2\/pages\/435","targetHints":{"allow":["GET"]}}],"collection":[{"href":"https:\/\/megapari.games\/tk\/wp-json\/wp\/v2\/pages"}],"about":[{"href":"https:\/\/megapari.games\/tk\/wp-json\/wp\/v2\/types\/page"}],"author":[{"embeddable":true,"href":"https:\/\/megapari.games\/tk\/wp-json\/wp\/v2\/users\/1"}],"replies":[{"embeddable":true,"href":"https:\/\/megapari.games\/tk\/wp-json\/wp\/v2\/comments?post=435"}],"version-history":[{"count":4,"href":"https:\/\/megapari.games\/tk\/wp-json\/wp\/v2\/pages\/435\/revisions"}],"predecessor-version":[{"id":1261,"href":"https:\/\/megapari.games\/tk\/wp-json\/wp\/v2\/pages\/435\/revisions\/1261"}],"wp:attachment":[{"href":"https:\/\/megapari.games\/tk\/wp-json\/wp\/v2\/media?parent=435"}],"curies":[{"name":"wp","href":"https:\/\/api.w.org\/{rel}","templated":true}]}}