{"id":776,"date":"2025-03-27T08:52:05","date_gmt":"2025-03-27T08:52:05","guid":{"rendered":"https:\/\/megapari.games\/tk\/?page_id=776"},"modified":"2026-02-09T19:06:41","modified_gmt":"2026-02-09T19:06:41","slug":"first-deposit","status":"publish","type":"page","link":"https:\/\/megapari.games\/tk\/bonus\/first-deposit\/","title":{"rendered":"Ilkinji depozit"},"content":{"rendered":"","protected":false},"excerpt":{"rendered":"","protected":false},"author":1,"featured_media":0,"parent":152,"menu_order":0,"comment_status":"closed","ping_status":"closed","template":"","meta":{"inline_featured_image":false,"footnotes":""},"class_list":["post-776","page","type-page","status-publish","hentry"],"yoast_head":"<!-- This site is optimized with the Yoast SEO plugin v27.5 - https:\/\/yoast.com\/product\/yoast-seo-wordpress\/ -->\n<title>Megapari ho\u015f gel\u015fi paketi \u2705 6200 TMT-e \u00e7enli + 150 mugt a\u00fdlaw<\/title>\n<meta name=\"description\" content=\"\u015eansy\u0148yzy \u00fditirm\u00e4\u0148! Megapari-e go\u015fuly\u0148 we 6200 TMT-e \u00e7enli t\u00e4sirli gar\u015fylanma paketi hem-de 150 mugt a\u00fdlaw gazany\u0148! Gyzykly o\u00fdunlar we de\u0148i-ta\u00fdy bolmadyk bonuslar sizi gara\u015f\u00fdar. Akylly o\u00fdna\u0148 \u2013 h\u00f6wes bilen \u00fde\u0148i\u0148!\" \/>\n<meta name=\"robots\" content=\"index, follow, max-snippet:-1, max-image-preview:large, max-video-preview:-1\" \/>\n<link rel=\"canonical\" href=\"https:\/\/megapari.games\/tk\/bonus\/first-deposit\/\" \/>\n<meta property=\"og:locale\" content=\"tk_TM\" \/>\n<meta property=\"og:type\" content=\"article\" \/>\n<meta property=\"og:title\" content=\"Megapari ho\u015f gel\u015fi paketi \u2705 6200 TMT-e \u00e7enli + 150 mugt a\u00fdlaw\" \/>\n<meta property=\"og:description\" content=\"\u015eansy\u0148yzy \u00fditirm\u00e4\u0148! Megapari-e go\u015fuly\u0148 we 6200 TMT-e \u00e7enli t\u00e4sirli gar\u015fylanma paketi hem-de 150 mugt a\u00fdlaw gazany\u0148! Gyzykly o\u00fdunlar we de\u0148i-ta\u00fdy bolmadyk bonuslar sizi gara\u015f\u00fdar. Akylly o\u00fdna\u0148 \u2013 h\u00f6wes bilen \u00fde\u0148i\u0148!\" \/>\n<meta property=\"og:url\" content=\"https:\/\/megapari.games\/tk\/bonus\/first-deposit\/\" \/>\n<meta property=\"og:site_name\" content=\"Megapari Games tk\" \/>\n<meta property=\"article:modified_time\" content=\"2026-02-09T19:06:41+00:00\" \/>\n<meta name=\"twitter:card\" content=\"summary_large_image\" \/>\n<script type=\"application\/ld+json\" class=\"yoast-schema-graph\">{\"@context\":\"https:\\\/\\\/schema.org\",\"@graph\":[{\"@type\":\"WebPage\",\"@id\":\"https:\\\/\\\/megapari.games\\\/tk\\\/bonus\\\/first-deposit\\\/\",\"url\":\"https:\\\/\\\/megapari.games\\\/tk\\\/bonus\\\/first-deposit\\\/\",\"name\":\"Megapari ho\u015f gel\u015fi paketi \u2705 6200 TMT-e \u00e7enli + 150 mugt a\u00fdlaw\",\"isPartOf\":{\"@id\":\"https:\\\/\\\/megapari.games\\\/tk\\\/#website\"},\"datePublished\":\"2025-03-27T08:52:05+00:00\",\"dateModified\":\"2026-02-09T19:06:41+00:00\",\"description\":\"\u015eansy\u0148yzy \u00fditirm\u00e4\u0148! Megapari-e go\u015fuly\u0148 we 6200 TMT-e \u00e7enli t\u00e4sirli gar\u015fylanma paketi hem-de 150 mugt a\u00fdlaw gazany\u0148! Gyzykly o\u00fdunlar we de\u0148i-ta\u00fdy bolmadyk bonuslar sizi gara\u015f\u00fdar. Akylly o\u00fdna\u0148 \u2013 h\u00f6wes bilen \u00fde\u0148i\u0148!\",\"breadcrumb\":{\"@id\":\"https:\\\/\\\/megapari.games\\\/tk\\\/bonus\\\/first-deposit\\\/#breadcrumb\"},\"inLanguage\":\"tk-TM\",\"potentialAction\":[{\"@type\":\"ReadAction\",\"target\":[\"https:\\\/\\\/megapari.games\\\/tk\\\/bonus\\\/first-deposit\\\/\"]}]},{\"@type\":\"BreadcrumbList\",\"@id\":\"https:\\\/\\\/megapari.games\\\/tk\\\/bonus\\\/first-deposit\\\/#breadcrumb\",\"itemListElement\":[{\"@type\":\"ListItem\",\"position\":1,\"name\":\"\u0413\u043b\u0430\u0432\u043d\u0430\u044f \u0441\u0442\u0440\u0430\u043d\u0438\u0446\u0430\",\"item\":\"https:\\\/\\\/megapari.games\\\/tk\\\/\"},{\"@type\":\"ListItem\",\"position\":2,\"name\":\"Bonnus\",\"item\":\"https:\\\/\\\/megapari.games\\\/tk\\\/bonus\\\/\"},{\"@type\":\"ListItem\",\"position\":3,\"name\":\"Ilkinji depozit\"}]},{\"@type\":\"WebSite\",\"@id\":\"https:\\\/\\\/megapari.games\\\/tk\\\/#website\",\"url\":\"https:\\\/\\\/megapari.games\\\/tk\\\/\",\"name\":\"Megapari Games tk\",\"description\":\"My WordPress Blog\",\"potentialAction\":[{\"@type\":\"SearchAction\",\"target\":{\"@type\":\"EntryPoint\",\"urlTemplate\":\"https:\\\/\\\/megapari.games\\\/tk\\\/?s={search_term_string}\"},\"query-input\":{\"@type\":\"PropertyValueSpecification\",\"valueRequired\":true,\"valueName\":\"search_term_string\"}}],\"inLanguage\":\"tk-TM\"}]}<\/script>\n<!-- \/ Yoast SEO plugin. -->","yoast_head_json":{"title":"Megapari ho\u015f gel\u015fi paketi \u2705 6200 TMT-e \u00e7enli + 150 mugt a\u00fdlaw","description":"\u015eansy\u0148yzy \u00fditirm\u00e4\u0148! Megapari-e go\u015fuly\u0148 we 6200 TMT-e \u00e7enli t\u00e4sirli gar\u015fylanma paketi hem-de 150 mugt a\u00fdlaw gazany\u0148! Gyzykly o\u00fdunlar we de\u0148i-ta\u00fdy bolmadyk bonuslar sizi gara\u015f\u00fdar. Akylly o\u00fdna\u0148 \u2013 h\u00f6wes bilen \u00fde\u0148i\u0148!","robots":{"index":"index","follow":"follow","max-snippet":"max-snippet:-1","max-image-preview":"max-image-preview:large","max-video-preview":"max-video-preview:-1"},"canonical":"https:\/\/megapari.games\/tk\/bonus\/first-deposit\/","og_locale":"tk_TM","og_type":"article","og_title":"Megapari ho\u015f gel\u015fi paketi \u2705 6200 TMT-e \u00e7enli + 150 mugt a\u00fdlaw","og_description":"\u015eansy\u0148yzy \u00fditirm\u00e4\u0148! Megapari-e go\u015fuly\u0148 we 6200 TMT-e \u00e7enli t\u00e4sirli gar\u015fylanma paketi hem-de 150 mugt a\u00fdlaw gazany\u0148! Gyzykly o\u00fdunlar we de\u0148i-ta\u00fdy bolmadyk bonuslar sizi gara\u015f\u00fdar. Akylly o\u00fdna\u0148 \u2013 h\u00f6wes bilen \u00fde\u0148i\u0148!","og_url":"https:\/\/megapari.games\/tk\/bonus\/first-deposit\/","og_site_name":"Megapari Games tk","article_modified_time":"2026-02-09T19:06:41+00:00","twitter_card":"summary_large_image","schema":{"@context":"https:\/\/schema.org","@graph":[{"@type":"WebPage","@id":"https:\/\/megapari.games\/tk\/bonus\/first-deposit\/","url":"https:\/\/megapari.games\/tk\/bonus\/first-deposit\/","name":"Megapari ho\u015f gel\u015fi paketi \u2705 6200 TMT-e \u00e7enli + 150 mugt a\u00fdlaw","isPartOf":{"@id":"https:\/\/megapari.games\/tk\/#website"},"datePublished":"2025-03-27T08:52:05+00:00","dateModified":"2026-02-09T19:06:41+00:00","description":"\u015eansy\u0148yzy \u00fditirm\u00e4\u0148! Megapari-e go\u015fuly\u0148 we 6200 TMT-e \u00e7enli t\u00e4sirli gar\u015fylanma paketi hem-de 150 mugt a\u00fdlaw gazany\u0148! Gyzykly o\u00fdunlar we de\u0148i-ta\u00fdy bolmadyk bonuslar sizi gara\u015f\u00fdar. Akylly o\u00fdna\u0148 \u2013 h\u00f6wes bilen \u00fde\u0148i\u0148!","breadcrumb":{"@id":"https:\/\/megapari.games\/tk\/bonus\/first-deposit\/#breadcrumb"},"inLanguage":"tk-TM","potentialAction":[{"@type":"ReadAction","target":["https:\/\/megapari.games\/tk\/bonus\/first-deposit\/"]}]},{"@type":"BreadcrumbList","@id":"https:\/\/megapari.games\/tk\/bonus\/first-deposit\/#breadcrumb","itemListElement":[{"@type":"ListItem","position":1,"name":"\u0413\u043b\u0430\u0432\u043d\u0430\u044f \u0441\u0442\u0440\u0430\u043d\u0438\u0446\u0430","item":"https:\/\/megapari.games\/tk\/"},{"@type":"ListItem","position":2,"name":"Bonnus","item":"https:\/\/megapari.games\/tk\/bonus\/"},{"@type":"ListItem","position":3,"name":"Ilkinji depozit"}]},{"@type":"WebSite","@id":"https:\/\/megapari.games\/tk\/#website","url":"https:\/\/megapari.games\/tk\/","name":"Megapari Games tk","description":"My WordPress Blog","potentialAction":[{"@type":"SearchAction","target":{"@type":"EntryPoint","urlTemplate":"https:\/\/megapari.games\/tk\/?s={search_term_string}"},"query-input":{"@type":"PropertyValueSpecification","valueRequired":true,"valueName":"search_term_string"}}],"inLanguage":"tk-TM"}]}},"_links":{"self":[{"href":"https:\/\/megapari.games\/tk\/wp-json\/wp\/v2\/pages\/776","targetHints":{"allow":["GET"]}}],"collection":[{"href":"https:\/\/megapari.games\/tk\/wp-json\/wp\/v2\/pages"}],"about":[{"href":"https:\/\/megapari.games\/tk\/wp-json\/wp\/v2\/types\/page"}],"author":[{"embeddable":true,"href":"https:\/\/megapari.games\/tk\/wp-json\/wp\/v2\/users\/1"}],"replies":[{"embeddable":true,"href":"https:\/\/megapari.games\/tk\/wp-json\/wp\/v2\/comments?post=776"}],"version-history":[{"count":4,"href":"https:\/\/megapari.games\/tk\/wp-json\/wp\/v2\/pages\/776\/revisions"}],"predecessor-version":[{"id":1266,"href":"https:\/\/megapari.games\/tk\/wp-json\/wp\/v2\/pages\/776\/revisions\/1266"}],"up":[{"embeddable":true,"href":"https:\/\/megapari.games\/tk\/wp-json\/wp\/v2\/pages\/152"}],"wp:attachment":[{"href":"https:\/\/megapari.games\/tk\/wp-json\/wp\/v2\/media?parent=776"}],"curies":[{"name":"wp","href":"https:\/\/api.w.org\/{rel}","templated":true}]}}