{"id":799,"date":"2025-03-27T12:22:37","date_gmt":"2025-03-27T12:22:37","guid":{"rendered":"https:\/\/megapari.games\/tk\/?page_id=799"},"modified":"2026-02-09T19:08:06","modified_gmt":"2026-02-09T19:08:06","slug":"losing-bets","status":"publish","type":"page","link":"https:\/\/megapari.games\/tk\/bonus\/losing-bets\/","title":{"rendered":"\u00dditg\u00fd\u00e4n pullar"},"content":{"rendered":"","protected":false},"excerpt":{"rendered":"","protected":false},"author":1,"featured_media":0,"parent":152,"menu_order":0,"comment_status":"closed","ping_status":"closed","template":"","meta":{"inline_featured_image":false,"footnotes":""},"class_list":["post-799","page","type-page","status-publish","hentry"],"yoast_head":"<!-- This site is optimized with the Yoast SEO plugin v27.5 - https:\/\/yoast.com\/product\/yoast-seo-wordpress\/ -->\n<title>Megapari \u00dditiren pullar \u00fc\u00e7in bonus \u2013 \u00ddaramaz pul go\u00fdan o\u00fdun\u00e7ylar<\/title>\n<meta name=\"description\" content=\"Bahislerde \u00fditirdingizmi? Ga\u00fddyp \u00e7ekilme\u0148! Megapari yzygiderli \u00fditiren o\u00fdun\u00e7ylar \u00fc\u00e7in de\u0148i-ta\u00fdy bolmadyk bonus h\u00f6d\u00fcrle\u00fd\u00e4r. Agyr d\u00f6w\u00fcrde goldaw aly\u0148 we ynamy\u0148yzy ga\u00fdtadan gazany\u0148 \u2013 pul o\u00fdunlaryny\u0148 d\u00fcn\u00fd\u00e4si sizi gara\u015f\u00fdar!\" \/>\n<meta name=\"robots\" content=\"index, follow, max-snippet:-1, max-image-preview:large, max-video-preview:-1\" \/>\n<link rel=\"canonical\" href=\"https:\/\/megapari.games\/tk\/bonus\/losing-bets\/\" \/>\n<meta property=\"og:locale\" content=\"tk_TM\" \/>\n<meta property=\"og:type\" content=\"article\" \/>\n<meta property=\"og:title\" content=\"Megapari \u00dditiren pullar \u00fc\u00e7in bonus \u2013 \u00ddaramaz pul go\u00fdan o\u00fdun\u00e7ylar\" \/>\n<meta property=\"og:description\" content=\"Bahislerde \u00fditirdingizmi? Ga\u00fddyp \u00e7ekilme\u0148! Megapari yzygiderli \u00fditiren o\u00fdun\u00e7ylar \u00fc\u00e7in de\u0148i-ta\u00fdy bolmadyk bonus h\u00f6d\u00fcrle\u00fd\u00e4r. Agyr d\u00f6w\u00fcrde goldaw aly\u0148 we ynamy\u0148yzy ga\u00fdtadan gazany\u0148 \u2013 pul o\u00fdunlaryny\u0148 d\u00fcn\u00fd\u00e4si sizi gara\u015f\u00fdar!\" \/>\n<meta property=\"og:url\" content=\"https:\/\/megapari.games\/tk\/bonus\/losing-bets\/\" \/>\n<meta property=\"og:site_name\" content=\"Megapari Games tk\" \/>\n<meta property=\"article:modified_time\" content=\"2026-02-09T19:08:06+00:00\" \/>\n<meta name=\"twitter:card\" content=\"summary_large_image\" \/>\n<script type=\"application\/ld+json\" class=\"yoast-schema-graph\">{\"@context\":\"https:\\\/\\\/schema.org\",\"@graph\":[{\"@type\":\"WebPage\",\"@id\":\"https:\\\/\\\/megapari.games\\\/tk\\\/bonus\\\/losing-bets\\\/\",\"url\":\"https:\\\/\\\/megapari.games\\\/tk\\\/bonus\\\/losing-bets\\\/\",\"name\":\"Megapari \u00dditiren pullar \u00fc\u00e7in bonus \u2013 \u00ddaramaz pul go\u00fdan o\u00fdun\u00e7ylar\",\"isPartOf\":{\"@id\":\"https:\\\/\\\/megapari.games\\\/tk\\\/#website\"},\"datePublished\":\"2025-03-27T12:22:37+00:00\",\"dateModified\":\"2026-02-09T19:08:06+00:00\",\"description\":\"Bahislerde \u00fditirdingizmi? Ga\u00fddyp \u00e7ekilme\u0148! Megapari yzygiderli \u00fditiren o\u00fdun\u00e7ylar \u00fc\u00e7in de\u0148i-ta\u00fdy bolmadyk bonus h\u00f6d\u00fcrle\u00fd\u00e4r. Agyr d\u00f6w\u00fcrde goldaw aly\u0148 we ynamy\u0148yzy ga\u00fdtadan gazany\u0148 \u2013 pul o\u00fdunlaryny\u0148 d\u00fcn\u00fd\u00e4si sizi gara\u015f\u00fdar!\",\"breadcrumb\":{\"@id\":\"https:\\\/\\\/megapari.games\\\/tk\\\/bonus\\\/losing-bets\\\/#breadcrumb\"},\"inLanguage\":\"tk-TM\",\"potentialAction\":[{\"@type\":\"ReadAction\",\"target\":[\"https:\\\/\\\/megapari.games\\\/tk\\\/bonus\\\/losing-bets\\\/\"]}]},{\"@type\":\"BreadcrumbList\",\"@id\":\"https:\\\/\\\/megapari.games\\\/tk\\\/bonus\\\/losing-bets\\\/#breadcrumb\",\"itemListElement\":[{\"@type\":\"ListItem\",\"position\":1,\"name\":\"\u0413\u043b\u0430\u0432\u043d\u0430\u044f \u0441\u0442\u0440\u0430\u043d\u0438\u0446\u0430\",\"item\":\"https:\\\/\\\/megapari.games\\\/tk\\\/\"},{\"@type\":\"ListItem\",\"position\":2,\"name\":\"Bonnus\",\"item\":\"https:\\\/\\\/megapari.games\\\/tk\\\/bonus\\\/\"},{\"@type\":\"ListItem\",\"position\":3,\"name\":\"\u00dditg\u00fd\u00e4n pullar\"}]},{\"@type\":\"WebSite\",\"@id\":\"https:\\\/\\\/megapari.games\\\/tk\\\/#website\",\"url\":\"https:\\\/\\\/megapari.games\\\/tk\\\/\",\"name\":\"Megapari Games tk\",\"description\":\"My WordPress Blog\",\"potentialAction\":[{\"@type\":\"SearchAction\",\"target\":{\"@type\":\"EntryPoint\",\"urlTemplate\":\"https:\\\/\\\/megapari.games\\\/tk\\\/?s={search_term_string}\"},\"query-input\":{\"@type\":\"PropertyValueSpecification\",\"valueRequired\":true,\"valueName\":\"search_term_string\"}}],\"inLanguage\":\"tk-TM\"}]}<\/script>\n<!-- \/ Yoast SEO plugin. -->","yoast_head_json":{"title":"Megapari \u00dditiren pullar \u00fc\u00e7in bonus \u2013 \u00ddaramaz pul go\u00fdan o\u00fdun\u00e7ylar","description":"Bahislerde \u00fditirdingizmi? Ga\u00fddyp \u00e7ekilme\u0148! Megapari yzygiderli \u00fditiren o\u00fdun\u00e7ylar \u00fc\u00e7in de\u0148i-ta\u00fdy bolmadyk bonus h\u00f6d\u00fcrle\u00fd\u00e4r. Agyr d\u00f6w\u00fcrde goldaw aly\u0148 we ynamy\u0148yzy ga\u00fdtadan gazany\u0148 \u2013 pul o\u00fdunlaryny\u0148 d\u00fcn\u00fd\u00e4si sizi gara\u015f\u00fdar!","robots":{"index":"index","follow":"follow","max-snippet":"max-snippet:-1","max-image-preview":"max-image-preview:large","max-video-preview":"max-video-preview:-1"},"canonical":"https:\/\/megapari.games\/tk\/bonus\/losing-bets\/","og_locale":"tk_TM","og_type":"article","og_title":"Megapari \u00dditiren pullar \u00fc\u00e7in bonus \u2013 \u00ddaramaz pul go\u00fdan o\u00fdun\u00e7ylar","og_description":"Bahislerde \u00fditirdingizmi? Ga\u00fddyp \u00e7ekilme\u0148! Megapari yzygiderli \u00fditiren o\u00fdun\u00e7ylar \u00fc\u00e7in de\u0148i-ta\u00fdy bolmadyk bonus h\u00f6d\u00fcrle\u00fd\u00e4r. Agyr d\u00f6w\u00fcrde goldaw aly\u0148 we ynamy\u0148yzy ga\u00fdtadan gazany\u0148 \u2013 pul o\u00fdunlaryny\u0148 d\u00fcn\u00fd\u00e4si sizi gara\u015f\u00fdar!","og_url":"https:\/\/megapari.games\/tk\/bonus\/losing-bets\/","og_site_name":"Megapari Games tk","article_modified_time":"2026-02-09T19:08:06+00:00","twitter_card":"summary_large_image","schema":{"@context":"https:\/\/schema.org","@graph":[{"@type":"WebPage","@id":"https:\/\/megapari.games\/tk\/bonus\/losing-bets\/","url":"https:\/\/megapari.games\/tk\/bonus\/losing-bets\/","name":"Megapari \u00dditiren pullar \u00fc\u00e7in bonus \u2013 \u00ddaramaz pul go\u00fdan o\u00fdun\u00e7ylar","isPartOf":{"@id":"https:\/\/megapari.games\/tk\/#website"},"datePublished":"2025-03-27T12:22:37+00:00","dateModified":"2026-02-09T19:08:06+00:00","description":"Bahislerde \u00fditirdingizmi? Ga\u00fddyp \u00e7ekilme\u0148! Megapari yzygiderli \u00fditiren o\u00fdun\u00e7ylar \u00fc\u00e7in de\u0148i-ta\u00fdy bolmadyk bonus h\u00f6d\u00fcrle\u00fd\u00e4r. Agyr d\u00f6w\u00fcrde goldaw aly\u0148 we ynamy\u0148yzy ga\u00fdtadan gazany\u0148 \u2013 pul o\u00fdunlaryny\u0148 d\u00fcn\u00fd\u00e4si sizi gara\u015f\u00fdar!","breadcrumb":{"@id":"https:\/\/megapari.games\/tk\/bonus\/losing-bets\/#breadcrumb"},"inLanguage":"tk-TM","potentialAction":[{"@type":"ReadAction","target":["https:\/\/megapari.games\/tk\/bonus\/losing-bets\/"]}]},{"@type":"BreadcrumbList","@id":"https:\/\/megapari.games\/tk\/bonus\/losing-bets\/#breadcrumb","itemListElement":[{"@type":"ListItem","position":1,"name":"\u0413\u043b\u0430\u0432\u043d\u0430\u044f \u0441\u0442\u0440\u0430\u043d\u0438\u0446\u0430","item":"https:\/\/megapari.games\/tk\/"},{"@type":"ListItem","position":2,"name":"Bonnus","item":"https:\/\/megapari.games\/tk\/bonus\/"},{"@type":"ListItem","position":3,"name":"\u00dditg\u00fd\u00e4n pullar"}]},{"@type":"WebSite","@id":"https:\/\/megapari.games\/tk\/#website","url":"https:\/\/megapari.games\/tk\/","name":"Megapari Games tk","description":"My WordPress Blog","potentialAction":[{"@type":"SearchAction","target":{"@type":"EntryPoint","urlTemplate":"https:\/\/megapari.games\/tk\/?s={search_term_string}"},"query-input":{"@type":"PropertyValueSpecification","valueRequired":true,"valueName":"search_term_string"}}],"inLanguage":"tk-TM"}]}},"_links":{"self":[{"href":"https:\/\/megapari.games\/tk\/wp-json\/wp\/v2\/pages\/799","targetHints":{"allow":["GET"]}}],"collection":[{"href":"https:\/\/megapari.games\/tk\/wp-json\/wp\/v2\/pages"}],"about":[{"href":"https:\/\/megapari.games\/tk\/wp-json\/wp\/v2\/types\/page"}],"author":[{"embeddable":true,"href":"https:\/\/megapari.games\/tk\/wp-json\/wp\/v2\/users\/1"}],"replies":[{"embeddable":true,"href":"https:\/\/megapari.games\/tk\/wp-json\/wp\/v2\/comments?post=799"}],"version-history":[{"count":5,"href":"https:\/\/megapari.games\/tk\/wp-json\/wp\/v2\/pages\/799\/revisions"}],"predecessor-version":[{"id":1267,"href":"https:\/\/megapari.games\/tk\/wp-json\/wp\/v2\/pages\/799\/revisions\/1267"}],"up":[{"embeddable":true,"href":"https:\/\/megapari.games\/tk\/wp-json\/wp\/v2\/pages\/152"}],"wp:attachment":[{"href":"https:\/\/megapari.games\/tk\/wp-json\/wp\/v2\/media?parent=799"}],"curies":[{"name":"wp","href":"https:\/\/api.w.org\/{rel}","templated":true}]}}