{"id":815,"date":"2025-03-27T13:37:08","date_gmt":"2025-03-27T13:37:08","guid":{"rendered":"https:\/\/megapari.games\/tk\/?page_id=815"},"modified":"2026-02-09T19:19:05","modified_gmt":"2026-02-09T19:19:05","slug":"welcome-package","status":"publish","type":"page","link":"https:\/\/megapari.games\/tk\/bonus\/welcome-package\/","title":{"rendered":"Gar\u015fylama paketi"},"content":{"rendered":"","protected":false},"excerpt":{"rendered":"","protected":false},"author":1,"featured_media":0,"parent":152,"menu_order":0,"comment_status":"closed","ping_status":"closed","template":"","meta":{"inline_featured_image":false,"footnotes":""},"class_list":["post-815","page","type-page","status-publish","hentry"],"yoast_head":"<!-- This site is optimized with the Yoast SEO plugin v27.5 - https:\/\/yoast.com\/product\/yoast-seo-wordpress\/ -->\n<title>Megapari ho\u015f geldi\u0148iz paketi: ilkinji iki depoziti\u0148izde 830 TMT<\/title>\n<meta name=\"description\" content=\"Aja\u00fdyp bonus m\u00fcmkin\u00e7iligini \u00fditirm\u00e4\u0148! Megapari-de hasaba duru\u0148 we ilkinji iki depoziti\u0148iz \u00fc\u00e7in 830 TMT-e \u00e7enli bonus aly\u0148. Gyzykly o\u00fdunlar sizi gara\u015f\u00fdar \u2013 gij\u00e4 galmazdan \u00f6z\u00fc\u0148izi\u0148kini aly\u0148!\" \/>\n<meta name=\"robots\" content=\"index, follow, max-snippet:-1, max-image-preview:large, max-video-preview:-1\" \/>\n<link rel=\"canonical\" href=\"https:\/\/megapari.games\/tk\/bonus\/welcome-package\/\" \/>\n<meta property=\"og:locale\" content=\"tk_TM\" \/>\n<meta property=\"og:type\" content=\"article\" \/>\n<meta property=\"og:title\" content=\"Megapari ho\u015f geldi\u0148iz paketi: ilkinji iki depoziti\u0148izde 830 TMT\" \/>\n<meta property=\"og:description\" content=\"Aja\u00fdyp bonus m\u00fcmkin\u00e7iligini \u00fditirm\u00e4\u0148! Megapari-de hasaba duru\u0148 we ilkinji iki depoziti\u0148iz \u00fc\u00e7in 830 TMT-e \u00e7enli bonus aly\u0148. Gyzykly o\u00fdunlar sizi gara\u015f\u00fdar \u2013 gij\u00e4 galmazdan \u00f6z\u00fc\u0148izi\u0148kini aly\u0148!\" \/>\n<meta property=\"og:url\" content=\"https:\/\/megapari.games\/tk\/bonus\/welcome-package\/\" \/>\n<meta property=\"og:site_name\" content=\"Megapari Games tk\" \/>\n<meta property=\"article:modified_time\" content=\"2026-02-09T19:19:05+00:00\" \/>\n<meta name=\"twitter:card\" content=\"summary_large_image\" \/>\n<script type=\"application\/ld+json\" class=\"yoast-schema-graph\">{\"@context\":\"https:\\\/\\\/schema.org\",\"@graph\":[{\"@type\":\"WebPage\",\"@id\":\"https:\\\/\\\/megapari.games\\\/tk\\\/bonus\\\/welcome-package\\\/\",\"url\":\"https:\\\/\\\/megapari.games\\\/tk\\\/bonus\\\/welcome-package\\\/\",\"name\":\"Megapari ho\u015f geldi\u0148iz paketi: ilkinji iki depoziti\u0148izde 830 TMT\",\"isPartOf\":{\"@id\":\"https:\\\/\\\/megapari.games\\\/tk\\\/#website\"},\"datePublished\":\"2025-03-27T13:37:08+00:00\",\"dateModified\":\"2026-02-09T19:19:05+00:00\",\"description\":\"Aja\u00fdyp bonus m\u00fcmkin\u00e7iligini \u00fditirm\u00e4\u0148! Megapari-de hasaba duru\u0148 we ilkinji iki depoziti\u0148iz \u00fc\u00e7in 830 TMT-e \u00e7enli bonus aly\u0148. Gyzykly o\u00fdunlar sizi gara\u015f\u00fdar \u2013 gij\u00e4 galmazdan \u00f6z\u00fc\u0148izi\u0148kini aly\u0148!\",\"breadcrumb\":{\"@id\":\"https:\\\/\\\/megapari.games\\\/tk\\\/bonus\\\/welcome-package\\\/#breadcrumb\"},\"inLanguage\":\"tk-TM\",\"potentialAction\":[{\"@type\":\"ReadAction\",\"target\":[\"https:\\\/\\\/megapari.games\\\/tk\\\/bonus\\\/welcome-package\\\/\"]}]},{\"@type\":\"BreadcrumbList\",\"@id\":\"https:\\\/\\\/megapari.games\\\/tk\\\/bonus\\\/welcome-package\\\/#breadcrumb\",\"itemListElement\":[{\"@type\":\"ListItem\",\"position\":1,\"name\":\"\u0413\u043b\u0430\u0432\u043d\u0430\u044f \u0441\u0442\u0440\u0430\u043d\u0438\u0446\u0430\",\"item\":\"https:\\\/\\\/megapari.games\\\/tk\\\/\"},{\"@type\":\"ListItem\",\"position\":2,\"name\":\"Bonnus\",\"item\":\"https:\\\/\\\/megapari.games\\\/tk\\\/bonus\\\/\"},{\"@type\":\"ListItem\",\"position\":3,\"name\":\"Gar\u015fylama paketi\"}]},{\"@type\":\"WebSite\",\"@id\":\"https:\\\/\\\/megapari.games\\\/tk\\\/#website\",\"url\":\"https:\\\/\\\/megapari.games\\\/tk\\\/\",\"name\":\"Megapari Games tk\",\"description\":\"My WordPress Blog\",\"potentialAction\":[{\"@type\":\"SearchAction\",\"target\":{\"@type\":\"EntryPoint\",\"urlTemplate\":\"https:\\\/\\\/megapari.games\\\/tk\\\/?s={search_term_string}\"},\"query-input\":{\"@type\":\"PropertyValueSpecification\",\"valueRequired\":true,\"valueName\":\"search_term_string\"}}],\"inLanguage\":\"tk-TM\"}]}<\/script>\n<!-- \/ Yoast SEO plugin. -->","yoast_head_json":{"title":"Megapari ho\u015f geldi\u0148iz paketi: ilkinji iki depoziti\u0148izde 830 TMT","description":"Aja\u00fdyp bonus m\u00fcmkin\u00e7iligini \u00fditirm\u00e4\u0148! Megapari-de hasaba duru\u0148 we ilkinji iki depoziti\u0148iz \u00fc\u00e7in 830 TMT-e \u00e7enli bonus aly\u0148. Gyzykly o\u00fdunlar sizi gara\u015f\u00fdar \u2013 gij\u00e4 galmazdan \u00f6z\u00fc\u0148izi\u0148kini aly\u0148!","robots":{"index":"index","follow":"follow","max-snippet":"max-snippet:-1","max-image-preview":"max-image-preview:large","max-video-preview":"max-video-preview:-1"},"canonical":"https:\/\/megapari.games\/tk\/bonus\/welcome-package\/","og_locale":"tk_TM","og_type":"article","og_title":"Megapari ho\u015f geldi\u0148iz paketi: ilkinji iki depoziti\u0148izde 830 TMT","og_description":"Aja\u00fdyp bonus m\u00fcmkin\u00e7iligini \u00fditirm\u00e4\u0148! Megapari-de hasaba duru\u0148 we ilkinji iki depoziti\u0148iz \u00fc\u00e7in 830 TMT-e \u00e7enli bonus aly\u0148. Gyzykly o\u00fdunlar sizi gara\u015f\u00fdar \u2013 gij\u00e4 galmazdan \u00f6z\u00fc\u0148izi\u0148kini aly\u0148!","og_url":"https:\/\/megapari.games\/tk\/bonus\/welcome-package\/","og_site_name":"Megapari Games tk","article_modified_time":"2026-02-09T19:19:05+00:00","twitter_card":"summary_large_image","schema":{"@context":"https:\/\/schema.org","@graph":[{"@type":"WebPage","@id":"https:\/\/megapari.games\/tk\/bonus\/welcome-package\/","url":"https:\/\/megapari.games\/tk\/bonus\/welcome-package\/","name":"Megapari ho\u015f geldi\u0148iz paketi: ilkinji iki depoziti\u0148izde 830 TMT","isPartOf":{"@id":"https:\/\/megapari.games\/tk\/#website"},"datePublished":"2025-03-27T13:37:08+00:00","dateModified":"2026-02-09T19:19:05+00:00","description":"Aja\u00fdyp bonus m\u00fcmkin\u00e7iligini \u00fditirm\u00e4\u0148! Megapari-de hasaba duru\u0148 we ilkinji iki depoziti\u0148iz \u00fc\u00e7in 830 TMT-e \u00e7enli bonus aly\u0148. Gyzykly o\u00fdunlar sizi gara\u015f\u00fdar \u2013 gij\u00e4 galmazdan \u00f6z\u00fc\u0148izi\u0148kini aly\u0148!","breadcrumb":{"@id":"https:\/\/megapari.games\/tk\/bonus\/welcome-package\/#breadcrumb"},"inLanguage":"tk-TM","potentialAction":[{"@type":"ReadAction","target":["https:\/\/megapari.games\/tk\/bonus\/welcome-package\/"]}]},{"@type":"BreadcrumbList","@id":"https:\/\/megapari.games\/tk\/bonus\/welcome-package\/#breadcrumb","itemListElement":[{"@type":"ListItem","position":1,"name":"\u0413\u043b\u0430\u0432\u043d\u0430\u044f \u0441\u0442\u0440\u0430\u043d\u0438\u0446\u0430","item":"https:\/\/megapari.games\/tk\/"},{"@type":"ListItem","position":2,"name":"Bonnus","item":"https:\/\/megapari.games\/tk\/bonus\/"},{"@type":"ListItem","position":3,"name":"Gar\u015fylama paketi"}]},{"@type":"WebSite","@id":"https:\/\/megapari.games\/tk\/#website","url":"https:\/\/megapari.games\/tk\/","name":"Megapari Games tk","description":"My WordPress Blog","potentialAction":[{"@type":"SearchAction","target":{"@type":"EntryPoint","urlTemplate":"https:\/\/megapari.games\/tk\/?s={search_term_string}"},"query-input":{"@type":"PropertyValueSpecification","valueRequired":true,"valueName":"search_term_string"}}],"inLanguage":"tk-TM"}]}},"_links":{"self":[{"href":"https:\/\/megapari.games\/tk\/wp-json\/wp\/v2\/pages\/815","targetHints":{"allow":["GET"]}}],"collection":[{"href":"https:\/\/megapari.games\/tk\/wp-json\/wp\/v2\/pages"}],"about":[{"href":"https:\/\/megapari.games\/tk\/wp-json\/wp\/v2\/types\/page"}],"author":[{"embeddable":true,"href":"https:\/\/megapari.games\/tk\/wp-json\/wp\/v2\/users\/1"}],"replies":[{"embeddable":true,"href":"https:\/\/megapari.games\/tk\/wp-json\/wp\/v2\/comments?post=815"}],"version-history":[{"count":5,"href":"https:\/\/megapari.games\/tk\/wp-json\/wp\/v2\/pages\/815\/revisions"}],"predecessor-version":[{"id":1269,"href":"https:\/\/megapari.games\/tk\/wp-json\/wp\/v2\/pages\/815\/revisions\/1269"}],"up":[{"embeddable":true,"href":"https:\/\/megapari.games\/tk\/wp-json\/wp\/v2\/pages\/152"}],"wp:attachment":[{"href":"https:\/\/megapari.games\/tk\/wp-json\/wp\/v2\/media?parent=815"}],"curies":[{"name":"wp","href":"https:\/\/api.w.org\/{rel}","templated":true}]}}