{"id":997,"date":"2025-08-07T10:41:41","date_gmt":"2025-08-07T10:41:41","guid":{"rendered":"https:\/\/megapari.games\/tk\/?page_id=997"},"modified":"2026-02-09T05:19:17","modified_gmt":"2026-02-09T05:19:17","slug":"aviator-2","status":"publish","type":"page","link":"https:\/\/megapari.games\/tk\/aviator\/","title":{"rendered":"Aviator"},"content":{"rendered":"","protected":false},"excerpt":{"rendered":"","protected":false},"author":1,"featured_media":0,"parent":0,"menu_order":0,"comment_status":"closed","ping_status":"closed","template":"","meta":{"inline_featured_image":false,"footnotes":""},"class_list":["post-997","page","type-page","status-publish","hentry"],"yoast_head":"<!-- This site is optimized with the Yoast SEO plugin v27.5 - https:\/\/yoast.com\/product\/yoast-seo-wordpress\/ -->\n<title>Megapari Aviator \u1409 Ba\u00fdraklar gazanmak m\u00fcmkin\u00e7iligi!<\/title>\n<meta name=\"description\" content=\"Megapari Aviator d\u00fcn\u00fd\u00e4sini \u00f6wreni\u0148! Bu gyzykly o\u00fdunda \u015fansy\u0148yzy synap g\u00f6r\u00fc\u0148, her pursat uly \u00fde\u0148i\u015flere alyp biler. H\u00e4zir go\u015fuly\u0148 we \u015fu g\u00fcn bahsy\u0148yzy go\u00fdu\u0148!\" \/>\n<meta name=\"robots\" content=\"index, follow, max-snippet:-1, max-image-preview:large, max-video-preview:-1\" \/>\n<link rel=\"canonical\" href=\"https:\/\/megapari.games\/tk\/aviator\/\" \/>\n<meta property=\"og:locale\" content=\"tk_TM\" \/>\n<meta property=\"og:type\" content=\"article\" \/>\n<meta property=\"og:title\" content=\"Megapari Aviator \u1409 Ba\u00fdraklar gazanmak m\u00fcmkin\u00e7iligi!\" \/>\n<meta property=\"og:description\" content=\"Megapari Aviator d\u00fcn\u00fd\u00e4sini \u00f6wreni\u0148! Bu gyzykly o\u00fdunda \u015fansy\u0148yzy synap g\u00f6r\u00fc\u0148, her pursat uly \u00fde\u0148i\u015flere alyp biler. H\u00e4zir go\u015fuly\u0148 we \u015fu g\u00fcn bahsy\u0148yzy go\u00fdu\u0148!\" \/>\n<meta property=\"og:url\" content=\"https:\/\/megapari.games\/tk\/aviator\/\" \/>\n<meta property=\"og:site_name\" content=\"Megapari Games tk\" \/>\n<meta property=\"article:modified_time\" content=\"2026-02-09T05:19:17+00:00\" \/>\n<meta name=\"twitter:card\" content=\"summary_large_image\" \/>\n<script type=\"application\/ld+json\" class=\"yoast-schema-graph\">{\"@context\":\"https:\\\/\\\/schema.org\",\"@graph\":[{\"@type\":\"WebPage\",\"@id\":\"https:\\\/\\\/megapari.games\\\/tk\\\/aviator\\\/\",\"url\":\"https:\\\/\\\/megapari.games\\\/tk\\\/aviator\\\/\",\"name\":\"Megapari Aviator \u1409 Ba\u00fdraklar gazanmak m\u00fcmkin\u00e7iligi!\",\"isPartOf\":{\"@id\":\"https:\\\/\\\/megapari.games\\\/tk\\\/#website\"},\"datePublished\":\"2025-08-07T10:41:41+00:00\",\"dateModified\":\"2026-02-09T05:19:17+00:00\",\"description\":\"Megapari Aviator d\u00fcn\u00fd\u00e4sini \u00f6wreni\u0148! Bu gyzykly o\u00fdunda \u015fansy\u0148yzy synap g\u00f6r\u00fc\u0148, her pursat uly \u00fde\u0148i\u015flere alyp biler. H\u00e4zir go\u015fuly\u0148 we \u015fu g\u00fcn bahsy\u0148yzy go\u00fdu\u0148!\",\"breadcrumb\":{\"@id\":\"https:\\\/\\\/megapari.games\\\/tk\\\/aviator\\\/#breadcrumb\"},\"inLanguage\":\"tk-TM\",\"potentialAction\":[{\"@type\":\"ReadAction\",\"target\":[\"https:\\\/\\\/megapari.games\\\/tk\\\/aviator\\\/\"]}]},{\"@type\":\"BreadcrumbList\",\"@id\":\"https:\\\/\\\/megapari.games\\\/tk\\\/aviator\\\/#breadcrumb\",\"itemListElement\":[{\"@type\":\"ListItem\",\"position\":1,\"name\":\"\u0413\u043b\u0430\u0432\u043d\u0430\u044f \u0441\u0442\u0440\u0430\u043d\u0438\u0446\u0430\",\"item\":\"https:\\\/\\\/megapari.games\\\/tk\\\/\"},{\"@type\":\"ListItem\",\"position\":2,\"name\":\"Aviator\"}]},{\"@type\":\"WebSite\",\"@id\":\"https:\\\/\\\/megapari.games\\\/tk\\\/#website\",\"url\":\"https:\\\/\\\/megapari.games\\\/tk\\\/\",\"name\":\"Megapari Games tk\",\"description\":\"My WordPress Blog\",\"potentialAction\":[{\"@type\":\"SearchAction\",\"target\":{\"@type\":\"EntryPoint\",\"urlTemplate\":\"https:\\\/\\\/megapari.games\\\/tk\\\/?s={search_term_string}\"},\"query-input\":{\"@type\":\"PropertyValueSpecification\",\"valueRequired\":true,\"valueName\":\"search_term_string\"}}],\"inLanguage\":\"tk-TM\"}]}<\/script>\n<!-- \/ Yoast SEO plugin. -->","yoast_head_json":{"title":"Megapari Aviator \u1409 Ba\u00fdraklar gazanmak m\u00fcmkin\u00e7iligi!","description":"Megapari Aviator d\u00fcn\u00fd\u00e4sini \u00f6wreni\u0148! Bu gyzykly o\u00fdunda \u015fansy\u0148yzy synap g\u00f6r\u00fc\u0148, her pursat uly \u00fde\u0148i\u015flere alyp biler. H\u00e4zir go\u015fuly\u0148 we \u015fu g\u00fcn bahsy\u0148yzy go\u00fdu\u0148!","robots":{"index":"index","follow":"follow","max-snippet":"max-snippet:-1","max-image-preview":"max-image-preview:large","max-video-preview":"max-video-preview:-1"},"canonical":"https:\/\/megapari.games\/tk\/aviator\/","og_locale":"tk_TM","og_type":"article","og_title":"Megapari Aviator \u1409 Ba\u00fdraklar gazanmak m\u00fcmkin\u00e7iligi!","og_description":"Megapari Aviator d\u00fcn\u00fd\u00e4sini \u00f6wreni\u0148! Bu gyzykly o\u00fdunda \u015fansy\u0148yzy synap g\u00f6r\u00fc\u0148, her pursat uly \u00fde\u0148i\u015flere alyp biler. H\u00e4zir go\u015fuly\u0148 we \u015fu g\u00fcn bahsy\u0148yzy go\u00fdu\u0148!","og_url":"https:\/\/megapari.games\/tk\/aviator\/","og_site_name":"Megapari Games tk","article_modified_time":"2026-02-09T05:19:17+00:00","twitter_card":"summary_large_image","schema":{"@context":"https:\/\/schema.org","@graph":[{"@type":"WebPage","@id":"https:\/\/megapari.games\/tk\/aviator\/","url":"https:\/\/megapari.games\/tk\/aviator\/","name":"Megapari Aviator \u1409 Ba\u00fdraklar gazanmak m\u00fcmkin\u00e7iligi!","isPartOf":{"@id":"https:\/\/megapari.games\/tk\/#website"},"datePublished":"2025-08-07T10:41:41+00:00","dateModified":"2026-02-09T05:19:17+00:00","description":"Megapari Aviator d\u00fcn\u00fd\u00e4sini \u00f6wreni\u0148! Bu gyzykly o\u00fdunda \u015fansy\u0148yzy synap g\u00f6r\u00fc\u0148, her pursat uly \u00fde\u0148i\u015flere alyp biler. H\u00e4zir go\u015fuly\u0148 we \u015fu g\u00fcn bahsy\u0148yzy go\u00fdu\u0148!","breadcrumb":{"@id":"https:\/\/megapari.games\/tk\/aviator\/#breadcrumb"},"inLanguage":"tk-TM","potentialAction":[{"@type":"ReadAction","target":["https:\/\/megapari.games\/tk\/aviator\/"]}]},{"@type":"BreadcrumbList","@id":"https:\/\/megapari.games\/tk\/aviator\/#breadcrumb","itemListElement":[{"@type":"ListItem","position":1,"name":"\u0413\u043b\u0430\u0432\u043d\u0430\u044f \u0441\u0442\u0440\u0430\u043d\u0438\u0446\u0430","item":"https:\/\/megapari.games\/tk\/"},{"@type":"ListItem","position":2,"name":"Aviator"}]},{"@type":"WebSite","@id":"https:\/\/megapari.games\/tk\/#website","url":"https:\/\/megapari.games\/tk\/","name":"Megapari Games tk","description":"My WordPress Blog","potentialAction":[{"@type":"SearchAction","target":{"@type":"EntryPoint","urlTemplate":"https:\/\/megapari.games\/tk\/?s={search_term_string}"},"query-input":{"@type":"PropertyValueSpecification","valueRequired":true,"valueName":"search_term_string"}}],"inLanguage":"tk-TM"}]}},"_links":{"self":[{"href":"https:\/\/megapari.games\/tk\/wp-json\/wp\/v2\/pages\/997","targetHints":{"allow":["GET"]}}],"collection":[{"href":"https:\/\/megapari.games\/tk\/wp-json\/wp\/v2\/pages"}],"about":[{"href":"https:\/\/megapari.games\/tk\/wp-json\/wp\/v2\/types\/page"}],"author":[{"embeddable":true,"href":"https:\/\/megapari.games\/tk\/wp-json\/wp\/v2\/users\/1"}],"replies":[{"embeddable":true,"href":"https:\/\/megapari.games\/tk\/wp-json\/wp\/v2\/comments?post=997"}],"version-history":[{"count":6,"href":"https:\/\/megapari.games\/tk\/wp-json\/wp\/v2\/pages\/997\/revisions"}],"predecessor-version":[{"id":1211,"href":"https:\/\/megapari.games\/tk\/wp-json\/wp\/v2\/pages\/997\/revisions\/1211"}],"wp:attachment":[{"href":"https:\/\/megapari.games\/tk\/wp-json\/wp\/v2\/media?parent=997"}],"curies":[{"name":"wp","href":"https:\/\/api.w.org\/{rel}","templated":true}]}}