{"id":435,"date":"2024-05-08T07:23:35","date_gmt":"2024-05-08T07:23:35","guid":{"rendered":"https:\/\/megapari.games\/togo\/?page_id=435"},"modified":"2025-11-24T11:26:36","modified_gmt":"2025-11-24T11:26:36","slug":"casino","status":"publish","type":"page","link":"https:\/\/megapari.games\/togo\/casino\/","title":{"rendered":"Casino"},"content":{"rendered":"","protected":false},"excerpt":{"rendered":"","protected":false},"author":1,"featured_media":0,"parent":0,"menu_order":0,"comment_status":"closed","ping_status":"closed","template":"","meta":{"inline_featured_image":false,"footnotes":""},"class_list":["post-435","page","type-page","status-publish","hentry"],"yoast_head":"<!-- This site is optimized with the Yoast SEO plugin v27.3 - https:\/\/yoast.com\/product\/yoast-seo-wordpress\/ -->\n<title>Megapari Togo Casino | Offre de bienvenue et jeux<\/title>\n<meta name=\"description\" content=\"Le casino en ligne Megapari propose des jeux tels que le baccarat, le blackjack, la roulette et le poker \u2714\ufe0f Commencez \u00e0 jouer \u00e0 une grande vari\u00e9t\u00e9 de jeux de casino sur la plateforme Megapari.\" \/>\n<meta name=\"robots\" content=\"index, follow, max-snippet:-1, max-image-preview:large, max-video-preview:-1\" \/>\n<link rel=\"canonical\" href=\"https:\/\/megapari.games\/togo\/casino\/\" \/>\n<meta property=\"og:locale\" content=\"fr_FR\" \/>\n<meta property=\"og:type\" content=\"article\" \/>\n<meta property=\"og:title\" content=\"Megapari Togo Casino | Offre de bienvenue et jeux\" \/>\n<meta property=\"og:description\" content=\"Le casino en ligne Megapari propose des jeux tels que le baccarat, le blackjack, la roulette et le poker \u2714\ufe0f Commencez \u00e0 jouer \u00e0 une grande vari\u00e9t\u00e9 de jeux de casino sur la plateforme Megapari.\" \/>\n<meta property=\"og:url\" content=\"https:\/\/megapari.games\/togo\/casino\/\" \/>\n<meta property=\"og:site_name\" content=\"Megapari Games tg\" \/>\n<meta property=\"article:modified_time\" content=\"2025-11-24T11:26:36+00:00\" \/>\n<meta name=\"twitter:card\" content=\"summary_large_image\" \/>\n<script type=\"application\/ld+json\" class=\"yoast-schema-graph\">{\"@context\":\"https:\\\/\\\/schema.org\",\"@graph\":[{\"@type\":\"WebPage\",\"@id\":\"https:\\\/\\\/megapari.games\\\/togo\\\/casino\\\/\",\"url\":\"https:\\\/\\\/megapari.games\\\/togo\\\/casino\\\/\",\"name\":\"Megapari Togo Casino | Offre de bienvenue et jeux\",\"isPartOf\":{\"@id\":\"https:\\\/\\\/megapari.games\\\/togo\\\/#website\"},\"datePublished\":\"2024-05-08T07:23:35+00:00\",\"dateModified\":\"2025-11-24T11:26:36+00:00\",\"description\":\"Le casino en ligne Megapari propose des jeux tels que le baccarat, le blackjack, la roulette et le poker \u2714\ufe0f Commencez \u00e0 jouer \u00e0 une grande vari\u00e9t\u00e9 de jeux de casino sur la plateforme Megapari.\",\"breadcrumb\":{\"@id\":\"https:\\\/\\\/megapari.games\\\/togo\\\/casino\\\/#breadcrumb\"},\"inLanguage\":\"fr-TG\",\"potentialAction\":[{\"@type\":\"ReadAction\",\"target\":[\"https:\\\/\\\/megapari.games\\\/togo\\\/casino\\\/\"]}]},{\"@type\":\"BreadcrumbList\",\"@id\":\"https:\\\/\\\/megapari.games\\\/togo\\\/casino\\\/#breadcrumb\",\"itemListElement\":[{\"@type\":\"ListItem\",\"position\":1,\"name\":\"\u0413\u043b\u0430\u0432\u043d\u0430\u044f \u0441\u0442\u0440\u0430\u043d\u0438\u0446\u0430\",\"item\":\"https:\\\/\\\/megapari.games\\\/togo\\\/\"},{\"@type\":\"ListItem\",\"position\":2,\"name\":\"Casino\"}]},{\"@type\":\"WebSite\",\"@id\":\"https:\\\/\\\/megapari.games\\\/togo\\\/#website\",\"url\":\"https:\\\/\\\/megapari.games\\\/togo\\\/\",\"name\":\"Megapari Games tg\",\"description\":\"My WordPress Blog\",\"potentialAction\":[{\"@type\":\"SearchAction\",\"target\":{\"@type\":\"EntryPoint\",\"urlTemplate\":\"https:\\\/\\\/megapari.games\\\/togo\\\/?s={search_term_string}\"},\"query-input\":{\"@type\":\"PropertyValueSpecification\",\"valueRequired\":true,\"valueName\":\"search_term_string\"}}],\"inLanguage\":\"fr-TG\"}]}<\/script>\n<!-- \/ Yoast SEO plugin. -->","yoast_head_json":{"title":"Megapari Togo Casino | Offre de bienvenue et jeux","description":"Le casino en ligne Megapari propose des jeux tels que le baccarat, le blackjack, la roulette et le poker \u2714\ufe0f Commencez \u00e0 jouer \u00e0 une grande vari\u00e9t\u00e9 de jeux de casino sur la plateforme Megapari.","robots":{"index":"index","follow":"follow","max-snippet":"max-snippet:-1","max-image-preview":"max-image-preview:large","max-video-preview":"max-video-preview:-1"},"canonical":"https:\/\/megapari.games\/togo\/casino\/","og_locale":"fr_FR","og_type":"article","og_title":"Megapari Togo Casino | Offre de bienvenue et jeux","og_description":"Le casino en ligne Megapari propose des jeux tels que le baccarat, le blackjack, la roulette et le poker \u2714\ufe0f Commencez \u00e0 jouer \u00e0 une grande vari\u00e9t\u00e9 de jeux de casino sur la plateforme Megapari.","og_url":"https:\/\/megapari.games\/togo\/casino\/","og_site_name":"Megapari Games tg","article_modified_time":"2025-11-24T11:26:36+00:00","twitter_card":"summary_large_image","schema":{"@context":"https:\/\/schema.org","@graph":[{"@type":"WebPage","@id":"https:\/\/megapari.games\/togo\/casino\/","url":"https:\/\/megapari.games\/togo\/casino\/","name":"Megapari Togo Casino | Offre de bienvenue et jeux","isPartOf":{"@id":"https:\/\/megapari.games\/togo\/#website"},"datePublished":"2024-05-08T07:23:35+00:00","dateModified":"2025-11-24T11:26:36+00:00","description":"Le casino en ligne Megapari propose des jeux tels que le baccarat, le blackjack, la roulette et le poker \u2714\ufe0f Commencez \u00e0 jouer \u00e0 une grande vari\u00e9t\u00e9 de jeux de casino sur la plateforme Megapari.","breadcrumb":{"@id":"https:\/\/megapari.games\/togo\/casino\/#breadcrumb"},"inLanguage":"fr-TG","potentialAction":[{"@type":"ReadAction","target":["https:\/\/megapari.games\/togo\/casino\/"]}]},{"@type":"BreadcrumbList","@id":"https:\/\/megapari.games\/togo\/casino\/#breadcrumb","itemListElement":[{"@type":"ListItem","position":1,"name":"\u0413\u043b\u0430\u0432\u043d\u0430\u044f \u0441\u0442\u0440\u0430\u043d\u0438\u0446\u0430","item":"https:\/\/megapari.games\/togo\/"},{"@type":"ListItem","position":2,"name":"Casino"}]},{"@type":"WebSite","@id":"https:\/\/megapari.games\/togo\/#website","url":"https:\/\/megapari.games\/togo\/","name":"Megapari Games tg","description":"My WordPress Blog","potentialAction":[{"@type":"SearchAction","target":{"@type":"EntryPoint","urlTemplate":"https:\/\/megapari.games\/togo\/?s={search_term_string}"},"query-input":{"@type":"PropertyValueSpecification","valueRequired":true,"valueName":"search_term_string"}}],"inLanguage":"fr-TG"}]}},"_links":{"self":[{"href":"https:\/\/megapari.games\/togo\/wp-json\/wp\/v2\/pages\/435","targetHints":{"allow":["GET"]}}],"collection":[{"href":"https:\/\/megapari.games\/togo\/wp-json\/wp\/v2\/pages"}],"about":[{"href":"https:\/\/megapari.games\/togo\/wp-json\/wp\/v2\/types\/page"}],"author":[{"embeddable":true,"href":"https:\/\/megapari.games\/togo\/wp-json\/wp\/v2\/users\/1"}],"replies":[{"embeddable":true,"href":"https:\/\/megapari.games\/togo\/wp-json\/wp\/v2\/comments?post=435"}],"version-history":[{"count":2,"href":"https:\/\/megapari.games\/togo\/wp-json\/wp\/v2\/pages\/435\/revisions"}],"predecessor-version":[{"id":1111,"href":"https:\/\/megapari.games\/togo\/wp-json\/wp\/v2\/pages\/435\/revisions\/1111"}],"wp:attachment":[{"href":"https:\/\/megapari.games\/togo\/wp-json\/wp\/v2\/media?parent=435"}],"curies":[{"name":"wp","href":"https:\/\/api.w.org\/{rel}","templated":true}]}}