{"id":1090,"date":"2025-11-21T12:23:50","date_gmt":"2025-11-21T12:23:50","guid":{"rendered":"https:\/\/megapari.games\/?page_id=1090"},"modified":"2025-12-06T12:03:01","modified_gmt":"2025-12-06T12:03:01","slug":"sport","status":"publish","type":"page","link":"https:\/\/megapari.games\/tr\/sport\/","title":{"rendered":"Spor"},"content":{"rendered":"","protected":false},"excerpt":{"rendered":"","protected":false},"author":1,"featured_media":0,"parent":0,"menu_order":0,"comment_status":"closed","ping_status":"closed","template":"","meta":{"inline_featured_image":false,"footnotes":""},"class_list":["post-1090","page","type-page","status-publish","hentry"],"yoast_head":"<!-- This site is optimized with the Yoast SEO plugin v27.4 - https:\/\/yoast.com\/product\/yoast-seo-wordpress\/ -->\n<title>Megapari Spor bahisleri \u1409 Spor, oranlar ve analizlere genel bak\u0131\u015f<\/title>\n<meta name=\"description\" content=\"Megapari, kay\u0131tl\u0131 kullan\u0131c\u0131lar\u0131n yararlanabilece\u011fi kapsaml\u0131 bahis se\u00e7enekleri, ayr\u0131nt\u0131l\u0131 oranlar, kullan\u0131\u015fl\u0131 analiz ara\u00e7lar\u0131 ve bonus sistemi sunan bir platformdur.\" \/>\n<meta name=\"robots\" content=\"index, follow, max-snippet:-1, max-image-preview:large, max-video-preview:-1\" \/>\n<link rel=\"canonical\" href=\"https:\/\/megapari.games\/tr\/sport\/\" \/>\n<meta property=\"og:locale\" content=\"tr_TR\" \/>\n<meta property=\"og:type\" content=\"article\" \/>\n<meta property=\"og:title\" content=\"Megapari Spor bahisleri \u1409 Spor, oranlar ve analizlere genel bak\u0131\u015f\" \/>\n<meta property=\"og:description\" content=\"Megapari, kay\u0131tl\u0131 kullan\u0131c\u0131lar\u0131n yararlanabilece\u011fi kapsaml\u0131 bahis se\u00e7enekleri, ayr\u0131nt\u0131l\u0131 oranlar, kullan\u0131\u015fl\u0131 analiz ara\u00e7lar\u0131 ve bonus sistemi sunan bir platformdur.\" \/>\n<meta property=\"og:url\" content=\"https:\/\/megapari.games\/tr\/sport\/\" \/>\n<meta property=\"og:site_name\" content=\"Megapari Games tr\" \/>\n<meta property=\"article:modified_time\" content=\"2025-12-06T12:03:01+00:00\" \/>\n<meta name=\"twitter:card\" content=\"summary_large_image\" \/>\n<script type=\"application\/ld+json\" class=\"yoast-schema-graph\">{\"@context\":\"https:\\\/\\\/schema.org\",\"@graph\":[{\"@type\":\"WebPage\",\"@id\":\"https:\\\/\\\/megapari.games\\\/tr\\\/sport\\\/\",\"url\":\"https:\\\/\\\/megapari.games\\\/tr\\\/sport\\\/\",\"name\":\"Megapari Spor bahisleri \u1409 Spor, oranlar ve analizlere genel bak\u0131\u015f\",\"isPartOf\":{\"@id\":\"https:\\\/\\\/megapari.games\\\/tr\\\/#website\"},\"datePublished\":\"2025-11-21T12:23:50+00:00\",\"dateModified\":\"2025-12-06T12:03:01+00:00\",\"description\":\"Megapari, kay\u0131tl\u0131 kullan\u0131c\u0131lar\u0131n yararlanabilece\u011fi kapsaml\u0131 bahis se\u00e7enekleri, ayr\u0131nt\u0131l\u0131 oranlar, kullan\u0131\u015fl\u0131 analiz ara\u00e7lar\u0131 ve bonus sistemi sunan bir platformdur.\",\"breadcrumb\":{\"@id\":\"https:\\\/\\\/megapari.games\\\/tr\\\/sport\\\/#breadcrumb\"},\"inLanguage\":\"tr\",\"potentialAction\":[{\"@type\":\"ReadAction\",\"target\":[\"https:\\\/\\\/megapari.games\\\/tr\\\/sport\\\/\"]}]},{\"@type\":\"BreadcrumbList\",\"@id\":\"https:\\\/\\\/megapari.games\\\/tr\\\/sport\\\/#breadcrumb\",\"itemListElement\":[{\"@type\":\"ListItem\",\"position\":1,\"name\":\"\u0413\u043b\u0430\u0432\u043d\u0430\u044f \u0441\u0442\u0440\u0430\u043d\u0438\u0446\u0430\",\"item\":\"https:\\\/\\\/megapari.games\\\/tr\\\/\"},{\"@type\":\"ListItem\",\"position\":2,\"name\":\"Spor\"}]},{\"@type\":\"WebSite\",\"@id\":\"https:\\\/\\\/megapari.games\\\/tr\\\/#website\",\"url\":\"https:\\\/\\\/megapari.games\\\/tr\\\/\",\"name\":\"Megapari Games tr\",\"description\":\"My WordPress Blog\",\"potentialAction\":[{\"@type\":\"SearchAction\",\"target\":{\"@type\":\"EntryPoint\",\"urlTemplate\":\"https:\\\/\\\/megapari.games\\\/tr\\\/?s={search_term_string}\"},\"query-input\":{\"@type\":\"PropertyValueSpecification\",\"valueRequired\":true,\"valueName\":\"search_term_string\"}}],\"inLanguage\":\"tr\"}]}<\/script>\n<!-- \/ Yoast SEO plugin. -->","yoast_head_json":{"title":"Megapari Spor bahisleri \u1409 Spor, oranlar ve analizlere genel bak\u0131\u015f","description":"Megapari, kay\u0131tl\u0131 kullan\u0131c\u0131lar\u0131n yararlanabilece\u011fi kapsaml\u0131 bahis se\u00e7enekleri, ayr\u0131nt\u0131l\u0131 oranlar, kullan\u0131\u015fl\u0131 analiz ara\u00e7lar\u0131 ve bonus sistemi sunan bir platformdur.","robots":{"index":"index","follow":"follow","max-snippet":"max-snippet:-1","max-image-preview":"max-image-preview:large","max-video-preview":"max-video-preview:-1"},"canonical":"https:\/\/megapari.games\/tr\/sport\/","og_locale":"tr_TR","og_type":"article","og_title":"Megapari Spor bahisleri \u1409 Spor, oranlar ve analizlere genel bak\u0131\u015f","og_description":"Megapari, kay\u0131tl\u0131 kullan\u0131c\u0131lar\u0131n yararlanabilece\u011fi kapsaml\u0131 bahis se\u00e7enekleri, ayr\u0131nt\u0131l\u0131 oranlar, kullan\u0131\u015fl\u0131 analiz ara\u00e7lar\u0131 ve bonus sistemi sunan bir platformdur.","og_url":"https:\/\/megapari.games\/tr\/sport\/","og_site_name":"Megapari Games tr","article_modified_time":"2025-12-06T12:03:01+00:00","twitter_card":"summary_large_image","schema":{"@context":"https:\/\/schema.org","@graph":[{"@type":"WebPage","@id":"https:\/\/megapari.games\/tr\/sport\/","url":"https:\/\/megapari.games\/tr\/sport\/","name":"Megapari Spor bahisleri \u1409 Spor, oranlar ve analizlere genel bak\u0131\u015f","isPartOf":{"@id":"https:\/\/megapari.games\/tr\/#website"},"datePublished":"2025-11-21T12:23:50+00:00","dateModified":"2025-12-06T12:03:01+00:00","description":"Megapari, kay\u0131tl\u0131 kullan\u0131c\u0131lar\u0131n yararlanabilece\u011fi kapsaml\u0131 bahis se\u00e7enekleri, ayr\u0131nt\u0131l\u0131 oranlar, kullan\u0131\u015fl\u0131 analiz ara\u00e7lar\u0131 ve bonus sistemi sunan bir platformdur.","breadcrumb":{"@id":"https:\/\/megapari.games\/tr\/sport\/#breadcrumb"},"inLanguage":"tr","potentialAction":[{"@type":"ReadAction","target":["https:\/\/megapari.games\/tr\/sport\/"]}]},{"@type":"BreadcrumbList","@id":"https:\/\/megapari.games\/tr\/sport\/#breadcrumb","itemListElement":[{"@type":"ListItem","position":1,"name":"\u0413\u043b\u0430\u0432\u043d\u0430\u044f \u0441\u0442\u0440\u0430\u043d\u0438\u0446\u0430","item":"https:\/\/megapari.games\/tr\/"},{"@type":"ListItem","position":2,"name":"Spor"}]},{"@type":"WebSite","@id":"https:\/\/megapari.games\/tr\/#website","url":"https:\/\/megapari.games\/tr\/","name":"Megapari Games tr","description":"My WordPress Blog","potentialAction":[{"@type":"SearchAction","target":{"@type":"EntryPoint","urlTemplate":"https:\/\/megapari.games\/tr\/?s={search_term_string}"},"query-input":{"@type":"PropertyValueSpecification","valueRequired":true,"valueName":"search_term_string"}}],"inLanguage":"tr"}]}},"_links":{"self":[{"href":"https:\/\/megapari.games\/tr\/wp-json\/wp\/v2\/pages\/1090","targetHints":{"allow":["GET"]}}],"collection":[{"href":"https:\/\/megapari.games\/tr\/wp-json\/wp\/v2\/pages"}],"about":[{"href":"https:\/\/megapari.games\/tr\/wp-json\/wp\/v2\/types\/page"}],"author":[{"embeddable":true,"href":"https:\/\/megapari.games\/tr\/wp-json\/wp\/v2\/users\/1"}],"replies":[{"embeddable":true,"href":"https:\/\/megapari.games\/tr\/wp-json\/wp\/v2\/comments?post=1090"}],"version-history":[{"count":2,"href":"https:\/\/megapari.games\/tr\/wp-json\/wp\/v2\/pages\/1090\/revisions"}],"predecessor-version":[{"id":1186,"href":"https:\/\/megapari.games\/tr\/wp-json\/wp\/v2\/pages\/1090\/revisions\/1186"}],"wp:attachment":[{"href":"https:\/\/megapari.games\/tr\/wp-json\/wp\/v2\/media?parent=1090"}],"curies":[{"name":"wp","href":"https:\/\/api.w.org\/{rel}","templated":true}]}}