{"id":1102,"date":"2025-11-21T14:32:56","date_gmt":"2025-11-21T14:32:56","guid":{"rendered":"https:\/\/megapari.games\/?page_id=1102"},"modified":"2025-12-06T11:34:38","modified_gmt":"2025-12-06T11:34:38","slug":"football-betting","status":"publish","type":"page","link":"https:\/\/megapari.games\/tr\/football-betting\/","title":{"rendered":"Futbol"},"content":{"rendered":"","protected":false},"excerpt":{"rendered":"","protected":false},"author":1,"featured_media":0,"parent":0,"menu_order":0,"comment_status":"closed","ping_status":"closed","template":"","meta":{"inline_featured_image":false,"footnotes":""},"class_list":["post-1102","page","type-page","status-publish","hentry"],"yoast_head":"<!-- This site is optimized with the Yoast SEO plugin v27.4 - https:\/\/yoast.com\/product\/yoast-seo-wordpress\/ -->\n<title>Megapari Futbol bahisleri | Bahis se\u00e7enekleri, bahisler, bonuslar<\/title>\n<meta name=\"description\" content=\"Megapari&#039;de futbol bahisleri: ayr\u0131nt\u0131l\u0131 ma\u00e7 listeleri, canl\u0131 bahisler, tak\u0131m ve oyuncu istatistikleri, d\u00fcnya \u00e7ap\u0131ndaki turnuvalara h\u0131zl\u0131 eri\u015fim. Yeni ve aktif kullan\u0131c\u0131lar i\u00e7in bonuslar ve \u00f6zel teklifler al\u0131n.\" \/>\n<meta name=\"robots\" content=\"index, follow, max-snippet:-1, max-image-preview:large, max-video-preview:-1\" \/>\n<link rel=\"canonical\" href=\"https:\/\/megapari.games\/tr\/football-betting\/\" \/>\n<meta property=\"og:locale\" content=\"tr_TR\" \/>\n<meta property=\"og:type\" content=\"article\" \/>\n<meta property=\"og:title\" content=\"Megapari Futbol bahisleri | Bahis se\u00e7enekleri, bahisler, bonuslar\" \/>\n<meta property=\"og:description\" content=\"Megapari&#039;de futbol bahisleri: ayr\u0131nt\u0131l\u0131 ma\u00e7 listeleri, canl\u0131 bahisler, tak\u0131m ve oyuncu istatistikleri, d\u00fcnya \u00e7ap\u0131ndaki turnuvalara h\u0131zl\u0131 eri\u015fim. Yeni ve aktif kullan\u0131c\u0131lar i\u00e7in bonuslar ve \u00f6zel teklifler al\u0131n.\" \/>\n<meta property=\"og:url\" content=\"https:\/\/megapari.games\/tr\/football-betting\/\" \/>\n<meta property=\"og:site_name\" content=\"Megapari Games tr\" \/>\n<meta property=\"article:modified_time\" content=\"2025-12-06T11:34:38+00:00\" \/>\n<meta name=\"twitter:card\" content=\"summary_large_image\" \/>\n<script type=\"application\/ld+json\" class=\"yoast-schema-graph\">{\"@context\":\"https:\\\/\\\/schema.org\",\"@graph\":[{\"@type\":\"WebPage\",\"@id\":\"https:\\\/\\\/megapari.games\\\/tr\\\/football-betting\\\/\",\"url\":\"https:\\\/\\\/megapari.games\\\/tr\\\/football-betting\\\/\",\"name\":\"Megapari Futbol bahisleri | Bahis se\u00e7enekleri, bahisler, bonuslar\",\"isPartOf\":{\"@id\":\"https:\\\/\\\/megapari.games\\\/tr\\\/#website\"},\"datePublished\":\"2025-11-21T14:32:56+00:00\",\"dateModified\":\"2025-12-06T11:34:38+00:00\",\"description\":\"Megapari'de futbol bahisleri: ayr\u0131nt\u0131l\u0131 ma\u00e7 listeleri, canl\u0131 bahisler, tak\u0131m ve oyuncu istatistikleri, d\u00fcnya \u00e7ap\u0131ndaki turnuvalara h\u0131zl\u0131 eri\u015fim. Yeni ve aktif kullan\u0131c\u0131lar i\u00e7in bonuslar ve \u00f6zel teklifler al\u0131n.\",\"breadcrumb\":{\"@id\":\"https:\\\/\\\/megapari.games\\\/tr\\\/football-betting\\\/#breadcrumb\"},\"inLanguage\":\"tr\",\"potentialAction\":[{\"@type\":\"ReadAction\",\"target\":[\"https:\\\/\\\/megapari.games\\\/tr\\\/football-betting\\\/\"]}]},{\"@type\":\"BreadcrumbList\",\"@id\":\"https:\\\/\\\/megapari.games\\\/tr\\\/football-betting\\\/#breadcrumb\",\"itemListElement\":[{\"@type\":\"ListItem\",\"position\":1,\"name\":\"\u0413\u043b\u0430\u0432\u043d\u0430\u044f \u0441\u0442\u0440\u0430\u043d\u0438\u0446\u0430\",\"item\":\"https:\\\/\\\/megapari.games\\\/tr\\\/\"},{\"@type\":\"ListItem\",\"position\":2,\"name\":\"Futbol\"}]},{\"@type\":\"WebSite\",\"@id\":\"https:\\\/\\\/megapari.games\\\/tr\\\/#website\",\"url\":\"https:\\\/\\\/megapari.games\\\/tr\\\/\",\"name\":\"Megapari Games tr\",\"description\":\"My WordPress Blog\",\"potentialAction\":[{\"@type\":\"SearchAction\",\"target\":{\"@type\":\"EntryPoint\",\"urlTemplate\":\"https:\\\/\\\/megapari.games\\\/tr\\\/?s={search_term_string}\"},\"query-input\":{\"@type\":\"PropertyValueSpecification\",\"valueRequired\":true,\"valueName\":\"search_term_string\"}}],\"inLanguage\":\"tr\"}]}<\/script>\n<!-- \/ Yoast SEO plugin. -->","yoast_head_json":{"title":"Megapari Futbol bahisleri | Bahis se\u00e7enekleri, bahisler, bonuslar","description":"Megapari'de futbol bahisleri: ayr\u0131nt\u0131l\u0131 ma\u00e7 listeleri, canl\u0131 bahisler, tak\u0131m ve oyuncu istatistikleri, d\u00fcnya \u00e7ap\u0131ndaki turnuvalara h\u0131zl\u0131 eri\u015fim. Yeni ve aktif kullan\u0131c\u0131lar i\u00e7in bonuslar ve \u00f6zel teklifler al\u0131n.","robots":{"index":"index","follow":"follow","max-snippet":"max-snippet:-1","max-image-preview":"max-image-preview:large","max-video-preview":"max-video-preview:-1"},"canonical":"https:\/\/megapari.games\/tr\/football-betting\/","og_locale":"tr_TR","og_type":"article","og_title":"Megapari Futbol bahisleri | Bahis se\u00e7enekleri, bahisler, bonuslar","og_description":"Megapari'de futbol bahisleri: ayr\u0131nt\u0131l\u0131 ma\u00e7 listeleri, canl\u0131 bahisler, tak\u0131m ve oyuncu istatistikleri, d\u00fcnya \u00e7ap\u0131ndaki turnuvalara h\u0131zl\u0131 eri\u015fim. Yeni ve aktif kullan\u0131c\u0131lar i\u00e7in bonuslar ve \u00f6zel teklifler al\u0131n.","og_url":"https:\/\/megapari.games\/tr\/football-betting\/","og_site_name":"Megapari Games tr","article_modified_time":"2025-12-06T11:34:38+00:00","twitter_card":"summary_large_image","schema":{"@context":"https:\/\/schema.org","@graph":[{"@type":"WebPage","@id":"https:\/\/megapari.games\/tr\/football-betting\/","url":"https:\/\/megapari.games\/tr\/football-betting\/","name":"Megapari Futbol bahisleri | Bahis se\u00e7enekleri, bahisler, bonuslar","isPartOf":{"@id":"https:\/\/megapari.games\/tr\/#website"},"datePublished":"2025-11-21T14:32:56+00:00","dateModified":"2025-12-06T11:34:38+00:00","description":"Megapari'de futbol bahisleri: ayr\u0131nt\u0131l\u0131 ma\u00e7 listeleri, canl\u0131 bahisler, tak\u0131m ve oyuncu istatistikleri, d\u00fcnya \u00e7ap\u0131ndaki turnuvalara h\u0131zl\u0131 eri\u015fim. Yeni ve aktif kullan\u0131c\u0131lar i\u00e7in bonuslar ve \u00f6zel teklifler al\u0131n.","breadcrumb":{"@id":"https:\/\/megapari.games\/tr\/football-betting\/#breadcrumb"},"inLanguage":"tr","potentialAction":[{"@type":"ReadAction","target":["https:\/\/megapari.games\/tr\/football-betting\/"]}]},{"@type":"BreadcrumbList","@id":"https:\/\/megapari.games\/tr\/football-betting\/#breadcrumb","itemListElement":[{"@type":"ListItem","position":1,"name":"\u0413\u043b\u0430\u0432\u043d\u0430\u044f \u0441\u0442\u0440\u0430\u043d\u0438\u0446\u0430","item":"https:\/\/megapari.games\/tr\/"},{"@type":"ListItem","position":2,"name":"Futbol"}]},{"@type":"WebSite","@id":"https:\/\/megapari.games\/tr\/#website","url":"https:\/\/megapari.games\/tr\/","name":"Megapari Games tr","description":"My WordPress Blog","potentialAction":[{"@type":"SearchAction","target":{"@type":"EntryPoint","urlTemplate":"https:\/\/megapari.games\/tr\/?s={search_term_string}"},"query-input":{"@type":"PropertyValueSpecification","valueRequired":true,"valueName":"search_term_string"}}],"inLanguage":"tr"}]}},"_links":{"self":[{"href":"https:\/\/megapari.games\/tr\/wp-json\/wp\/v2\/pages\/1102","targetHints":{"allow":["GET"]}}],"collection":[{"href":"https:\/\/megapari.games\/tr\/wp-json\/wp\/v2\/pages"}],"about":[{"href":"https:\/\/megapari.games\/tr\/wp-json\/wp\/v2\/types\/page"}],"author":[{"embeddable":true,"href":"https:\/\/megapari.games\/tr\/wp-json\/wp\/v2\/users\/1"}],"replies":[{"embeddable":true,"href":"https:\/\/megapari.games\/tr\/wp-json\/wp\/v2\/comments?post=1102"}],"version-history":[{"count":2,"href":"https:\/\/megapari.games\/tr\/wp-json\/wp\/v2\/pages\/1102\/revisions"}],"predecessor-version":[{"id":1178,"href":"https:\/\/megapari.games\/tr\/wp-json\/wp\/v2\/pages\/1102\/revisions\/1178"}],"wp:attachment":[{"href":"https:\/\/megapari.games\/tr\/wp-json\/wp\/v2\/media?parent=1102"}],"curies":[{"name":"wp","href":"https:\/\/api.w.org\/{rel}","templated":true}]}}