{"id":1122,"date":"2025-11-24T08:30:07","date_gmt":"2025-11-24T08:30:07","guid":{"rendered":"https:\/\/megapari.games\/?page_id=1122"},"modified":"2025-12-06T12:37:57","modified_gmt":"2025-12-06T12:37:57","slug":"tennis-betting","status":"publish","type":"page","link":"https:\/\/megapari.games\/tr\/tennis-betting\/","title":{"rendered":"Tenis"},"content":{"rendered":"","protected":false},"excerpt":{"rendered":"","protected":false},"author":1,"featured_media":0,"parent":0,"menu_order":0,"comment_status":"closed","ping_status":"closed","template":"","meta":{"inline_featured_image":false,"footnotes":""},"class_list":["post-1122","page","type-page","status-publish","hentry"],"yoast_head":"<!-- This site is optimized with the Yoast SEO plugin v27.4 - https:\/\/yoast.com\/product\/yoast-seo-wordpress\/ -->\n<title>Megapari Tenis bahisleri \ud83c\udf1f Ayr\u0131nt\u0131l\u0131 oranlar, canl\u0131 ve bonus teklifleri<\/title>\n<meta name=\"description\" content=\"Megapari&#039;de tenis bahisleri \ud83c\udf1f ATP, WTA ve Grand Slam turnuvalar\u0131 i\u00e7in kapsaml\u0131 bahis se\u00e7enekleri, g\u00fcncel canl\u0131 istatistikler ve kullan\u0131\u015fl\u0131 analiz ara\u00e7lar\u0131. Platformun \u00f6zellikleri ve mevcut bonus programlar\u0131 hakk\u0131nda bilgi edinin.\" \/>\n<meta name=\"robots\" content=\"index, follow, max-snippet:-1, max-image-preview:large, max-video-preview:-1\" \/>\n<link rel=\"canonical\" href=\"https:\/\/megapari.games\/tr\/tennis-betting\/\" \/>\n<meta property=\"og:locale\" content=\"tr_TR\" \/>\n<meta property=\"og:type\" content=\"article\" \/>\n<meta property=\"og:title\" content=\"Megapari Tenis bahisleri \ud83c\udf1f Ayr\u0131nt\u0131l\u0131 oranlar, canl\u0131 ve bonus teklifleri\" \/>\n<meta property=\"og:description\" content=\"Megapari&#039;de tenis bahisleri \ud83c\udf1f ATP, WTA ve Grand Slam turnuvalar\u0131 i\u00e7in kapsaml\u0131 bahis se\u00e7enekleri, g\u00fcncel canl\u0131 istatistikler ve kullan\u0131\u015fl\u0131 analiz ara\u00e7lar\u0131. Platformun \u00f6zellikleri ve mevcut bonus programlar\u0131 hakk\u0131nda bilgi edinin.\" \/>\n<meta property=\"og:url\" content=\"https:\/\/megapari.games\/tr\/tennis-betting\/\" \/>\n<meta property=\"og:site_name\" content=\"Megapari Games tr\" \/>\n<meta property=\"article:modified_time\" content=\"2025-12-06T12:37:57+00:00\" \/>\n<meta name=\"twitter:card\" content=\"summary_large_image\" \/>\n<script type=\"application\/ld+json\" class=\"yoast-schema-graph\">{\"@context\":\"https:\\\/\\\/schema.org\",\"@graph\":[{\"@type\":\"WebPage\",\"@id\":\"https:\\\/\\\/megapari.games\\\/tr\\\/tennis-betting\\\/\",\"url\":\"https:\\\/\\\/megapari.games\\\/tr\\\/tennis-betting\\\/\",\"name\":\"Megapari Tenis bahisleri \ud83c\udf1f Ayr\u0131nt\u0131l\u0131 oranlar, canl\u0131 ve bonus teklifleri\",\"isPartOf\":{\"@id\":\"https:\\\/\\\/megapari.games\\\/tr\\\/#website\"},\"datePublished\":\"2025-11-24T08:30:07+00:00\",\"dateModified\":\"2025-12-06T12:37:57+00:00\",\"description\":\"Megapari'de tenis bahisleri \ud83c\udf1f ATP, WTA ve Grand Slam turnuvalar\u0131 i\u00e7in kapsaml\u0131 bahis se\u00e7enekleri, g\u00fcncel canl\u0131 istatistikler ve kullan\u0131\u015fl\u0131 analiz ara\u00e7lar\u0131. Platformun \u00f6zellikleri ve mevcut bonus programlar\u0131 hakk\u0131nda bilgi edinin.\",\"breadcrumb\":{\"@id\":\"https:\\\/\\\/megapari.games\\\/tr\\\/tennis-betting\\\/#breadcrumb\"},\"inLanguage\":\"tr\",\"potentialAction\":[{\"@type\":\"ReadAction\",\"target\":[\"https:\\\/\\\/megapari.games\\\/tr\\\/tennis-betting\\\/\"]}]},{\"@type\":\"BreadcrumbList\",\"@id\":\"https:\\\/\\\/megapari.games\\\/tr\\\/tennis-betting\\\/#breadcrumb\",\"itemListElement\":[{\"@type\":\"ListItem\",\"position\":1,\"name\":\"\u0413\u043b\u0430\u0432\u043d\u0430\u044f \u0441\u0442\u0440\u0430\u043d\u0438\u0446\u0430\",\"item\":\"https:\\\/\\\/megapari.games\\\/tr\\\/\"},{\"@type\":\"ListItem\",\"position\":2,\"name\":\"Tenis\"}]},{\"@type\":\"WebSite\",\"@id\":\"https:\\\/\\\/megapari.games\\\/tr\\\/#website\",\"url\":\"https:\\\/\\\/megapari.games\\\/tr\\\/\",\"name\":\"Megapari Games tr\",\"description\":\"My WordPress Blog\",\"potentialAction\":[{\"@type\":\"SearchAction\",\"target\":{\"@type\":\"EntryPoint\",\"urlTemplate\":\"https:\\\/\\\/megapari.games\\\/tr\\\/?s={search_term_string}\"},\"query-input\":{\"@type\":\"PropertyValueSpecification\",\"valueRequired\":true,\"valueName\":\"search_term_string\"}}],\"inLanguage\":\"tr\"}]}<\/script>\n<!-- \/ Yoast SEO plugin. -->","yoast_head_json":{"title":"Megapari Tenis bahisleri \ud83c\udf1f Ayr\u0131nt\u0131l\u0131 oranlar, canl\u0131 ve bonus teklifleri","description":"Megapari'de tenis bahisleri \ud83c\udf1f ATP, WTA ve Grand Slam turnuvalar\u0131 i\u00e7in kapsaml\u0131 bahis se\u00e7enekleri, g\u00fcncel canl\u0131 istatistikler ve kullan\u0131\u015fl\u0131 analiz ara\u00e7lar\u0131. Platformun \u00f6zellikleri ve mevcut bonus programlar\u0131 hakk\u0131nda bilgi edinin.","robots":{"index":"index","follow":"follow","max-snippet":"max-snippet:-1","max-image-preview":"max-image-preview:large","max-video-preview":"max-video-preview:-1"},"canonical":"https:\/\/megapari.games\/tr\/tennis-betting\/","og_locale":"tr_TR","og_type":"article","og_title":"Megapari Tenis bahisleri \ud83c\udf1f Ayr\u0131nt\u0131l\u0131 oranlar, canl\u0131 ve bonus teklifleri","og_description":"Megapari'de tenis bahisleri \ud83c\udf1f ATP, WTA ve Grand Slam turnuvalar\u0131 i\u00e7in kapsaml\u0131 bahis se\u00e7enekleri, g\u00fcncel canl\u0131 istatistikler ve kullan\u0131\u015fl\u0131 analiz ara\u00e7lar\u0131. Platformun \u00f6zellikleri ve mevcut bonus programlar\u0131 hakk\u0131nda bilgi edinin.","og_url":"https:\/\/megapari.games\/tr\/tennis-betting\/","og_site_name":"Megapari Games tr","article_modified_time":"2025-12-06T12:37:57+00:00","twitter_card":"summary_large_image","schema":{"@context":"https:\/\/schema.org","@graph":[{"@type":"WebPage","@id":"https:\/\/megapari.games\/tr\/tennis-betting\/","url":"https:\/\/megapari.games\/tr\/tennis-betting\/","name":"Megapari Tenis bahisleri \ud83c\udf1f Ayr\u0131nt\u0131l\u0131 oranlar, canl\u0131 ve bonus teklifleri","isPartOf":{"@id":"https:\/\/megapari.games\/tr\/#website"},"datePublished":"2025-11-24T08:30:07+00:00","dateModified":"2025-12-06T12:37:57+00:00","description":"Megapari'de tenis bahisleri \ud83c\udf1f ATP, WTA ve Grand Slam turnuvalar\u0131 i\u00e7in kapsaml\u0131 bahis se\u00e7enekleri, g\u00fcncel canl\u0131 istatistikler ve kullan\u0131\u015fl\u0131 analiz ara\u00e7lar\u0131. Platformun \u00f6zellikleri ve mevcut bonus programlar\u0131 hakk\u0131nda bilgi edinin.","breadcrumb":{"@id":"https:\/\/megapari.games\/tr\/tennis-betting\/#breadcrumb"},"inLanguage":"tr","potentialAction":[{"@type":"ReadAction","target":["https:\/\/megapari.games\/tr\/tennis-betting\/"]}]},{"@type":"BreadcrumbList","@id":"https:\/\/megapari.games\/tr\/tennis-betting\/#breadcrumb","itemListElement":[{"@type":"ListItem","position":1,"name":"\u0413\u043b\u0430\u0432\u043d\u0430\u044f \u0441\u0442\u0440\u0430\u043d\u0438\u0446\u0430","item":"https:\/\/megapari.games\/tr\/"},{"@type":"ListItem","position":2,"name":"Tenis"}]},{"@type":"WebSite","@id":"https:\/\/megapari.games\/tr\/#website","url":"https:\/\/megapari.games\/tr\/","name":"Megapari Games tr","description":"My WordPress Blog","potentialAction":[{"@type":"SearchAction","target":{"@type":"EntryPoint","urlTemplate":"https:\/\/megapari.games\/tr\/?s={search_term_string}"},"query-input":{"@type":"PropertyValueSpecification","valueRequired":true,"valueName":"search_term_string"}}],"inLanguage":"tr"}]}},"_links":{"self":[{"href":"https:\/\/megapari.games\/tr\/wp-json\/wp\/v2\/pages\/1122","targetHints":{"allow":["GET"]}}],"collection":[{"href":"https:\/\/megapari.games\/tr\/wp-json\/wp\/v2\/pages"}],"about":[{"href":"https:\/\/megapari.games\/tr\/wp-json\/wp\/v2\/types\/page"}],"author":[{"embeddable":true,"href":"https:\/\/megapari.games\/tr\/wp-json\/wp\/v2\/users\/1"}],"replies":[{"embeddable":true,"href":"https:\/\/megapari.games\/tr\/wp-json\/wp\/v2\/comments?post=1122"}],"version-history":[{"count":2,"href":"https:\/\/megapari.games\/tr\/wp-json\/wp\/v2\/pages\/1122\/revisions"}],"predecessor-version":[{"id":1188,"href":"https:\/\/megapari.games\/tr\/wp-json\/wp\/v2\/pages\/1122\/revisions\/1188"}],"wp:attachment":[{"href":"https:\/\/megapari.games\/tr\/wp-json\/wp\/v2\/media?parent=1122"}],"curies":[{"name":"wp","href":"https:\/\/api.w.org\/{rel}","templated":true}]}}