{"id":2,"date":"2023-05-18T17:18:34","date_gmt":"2023-05-18T17:18:34","guid":{"rendered":"https:\/\/megapari.games\/tr\/?page_id=2"},"modified":"2026-01-08T07:21:25","modified_gmt":"2026-01-08T07:21:25","slug":"sample-page","status":"publish","type":"page","link":"https:\/\/megapari.games\/tr\/","title":{"rendered":"Ana Sayfa"},"content":{"rendered":"","protected":false},"excerpt":{"rendered":"","protected":false},"author":1,"featured_media":0,"parent":0,"menu_order":0,"comment_status":"closed","ping_status":"open","template":"","meta":{"inline_featured_image":false,"footnotes":""},"class_list":["post-2","page","type-page","status-publish","hentry"],"yoast_head":"<!-- This site is optimized with the Yoast SEO plugin v27.4 - https:\/\/yoast.com\/product\/yoast-seo-wordpress\/ -->\n<title>Megapari \u27a0 Spor Bahisleri ve Kumarhane Sitesi 2026 \u1409 Giri\u015f<\/title>\n<meta name=\"description\" content=\"Mega Pari T\u00fcrkiye web sitesinde oynamaya ba\u015flay\u0131n ve ilk para yat\u0131rma i\u015fleminizde 3500 TRY kadar ho\u015f geldin bonusu kazan\u0131n \u2714\ufe0f Kaydolun ve \u015eimdi Bahis Yapmaya Ba\u015flay\u0131n!\" \/>\n<meta name=\"robots\" content=\"index, follow, max-snippet:-1, max-image-preview:large, max-video-preview:-1\" \/>\n<link rel=\"canonical\" href=\"https:\/\/megapari.games\/tr\/\" \/>\n<meta property=\"og:locale\" content=\"tr_TR\" \/>\n<meta property=\"og:type\" content=\"article\" \/>\n<meta property=\"og:title\" content=\"Megapari \u27a0 Spor Bahisleri ve Kumarhane Sitesi 2026 \u1409 Giri\u015f\" \/>\n<meta property=\"og:description\" content=\"Mega Pari T\u00fcrkiye web sitesinde oynamaya ba\u015flay\u0131n ve ilk para yat\u0131rma i\u015fleminizde 3500 TRY kadar ho\u015f geldin bonusu kazan\u0131n \u2714\ufe0f Kaydolun ve \u015eimdi Bahis Yapmaya Ba\u015flay\u0131n!\" \/>\n<meta property=\"og:url\" content=\"https:\/\/megapari.games\/tr\/\" \/>\n<meta property=\"og:site_name\" content=\"Megapari Games tr\" \/>\n<meta property=\"article:modified_time\" content=\"2026-01-08T07:21:25+00:00\" \/>\n<meta name=\"twitter:card\" content=\"summary_large_image\" \/>\n<script type=\"application\/ld+json\" class=\"yoast-schema-graph\">{\"@context\":\"https:\\\/\\\/schema.org\",\"@graph\":[{\"@type\":\"WebPage\",\"@id\":\"https:\\\/\\\/megapari.games\\\/tr\\\/\",\"url\":\"https:\\\/\\\/megapari.games\\\/tr\\\/\",\"name\":\"Megapari \u27a0 Spor Bahisleri ve Kumarhane Sitesi 2026 \u1409 Giri\u015f\",\"isPartOf\":{\"@id\":\"https:\\\/\\\/megapari.games\\\/tr\\\/#website\"},\"datePublished\":\"2023-05-18T17:18:34+00:00\",\"dateModified\":\"2026-01-08T07:21:25+00:00\",\"description\":\"Mega Pari T\u00fcrkiye web sitesinde oynamaya ba\u015flay\u0131n ve ilk para yat\u0131rma i\u015fleminizde 3500 TRY kadar ho\u015f geldin bonusu kazan\u0131n \u2714\ufe0f Kaydolun ve \u015eimdi Bahis Yapmaya Ba\u015flay\u0131n!\",\"breadcrumb\":{\"@id\":\"https:\\\/\\\/megapari.games\\\/tr\\\/#breadcrumb\"},\"inLanguage\":\"tr\",\"potentialAction\":[{\"@type\":\"ReadAction\",\"target\":[\"https:\\\/\\\/megapari.games\\\/tr\\\/\"]}]},{\"@type\":\"BreadcrumbList\",\"@id\":\"https:\\\/\\\/megapari.games\\\/tr\\\/#breadcrumb\",\"itemListElement\":[{\"@type\":\"ListItem\",\"position\":1,\"name\":\"\u0413\u043b\u0430\u0432\u043d\u0430\u044f \u0441\u0442\u0440\u0430\u043d\u0438\u0446\u0430\",\"item\":\"https:\\\/\\\/megapari.games\\\/tr\\\/\"},{\"@type\":\"ListItem\",\"position\":2,\"name\":\"Ana Sayfa\"}]},{\"@type\":\"WebSite\",\"@id\":\"https:\\\/\\\/megapari.games\\\/tr\\\/#website\",\"url\":\"https:\\\/\\\/megapari.games\\\/tr\\\/\",\"name\":\"Megapari Games tr\",\"description\":\"My WordPress Blog\",\"potentialAction\":[{\"@type\":\"SearchAction\",\"target\":{\"@type\":\"EntryPoint\",\"urlTemplate\":\"https:\\\/\\\/megapari.games\\\/tr\\\/?s={search_term_string}\"},\"query-input\":{\"@type\":\"PropertyValueSpecification\",\"valueRequired\":true,\"valueName\":\"search_term_string\"}}],\"inLanguage\":\"tr\"}]}<\/script>\n<!-- \/ Yoast SEO plugin. -->","yoast_head_json":{"title":"Megapari \u27a0 Spor Bahisleri ve Kumarhane Sitesi 2026 \u1409 Giri\u015f","description":"Mega Pari T\u00fcrkiye web sitesinde oynamaya ba\u015flay\u0131n ve ilk para yat\u0131rma i\u015fleminizde 3500 TRY kadar ho\u015f geldin bonusu kazan\u0131n \u2714\ufe0f Kaydolun ve \u015eimdi Bahis Yapmaya Ba\u015flay\u0131n!","robots":{"index":"index","follow":"follow","max-snippet":"max-snippet:-1","max-image-preview":"max-image-preview:large","max-video-preview":"max-video-preview:-1"},"canonical":"https:\/\/megapari.games\/tr\/","og_locale":"tr_TR","og_type":"article","og_title":"Megapari \u27a0 Spor Bahisleri ve Kumarhane Sitesi 2026 \u1409 Giri\u015f","og_description":"Mega Pari T\u00fcrkiye web sitesinde oynamaya ba\u015flay\u0131n ve ilk para yat\u0131rma i\u015fleminizde 3500 TRY kadar ho\u015f geldin bonusu kazan\u0131n \u2714\ufe0f Kaydolun ve \u015eimdi Bahis Yapmaya Ba\u015flay\u0131n!","og_url":"https:\/\/megapari.games\/tr\/","og_site_name":"Megapari Games tr","article_modified_time":"2026-01-08T07:21:25+00:00","twitter_card":"summary_large_image","schema":{"@context":"https:\/\/schema.org","@graph":[{"@type":"WebPage","@id":"https:\/\/megapari.games\/tr\/","url":"https:\/\/megapari.games\/tr\/","name":"Megapari \u27a0 Spor Bahisleri ve Kumarhane Sitesi 2026 \u1409 Giri\u015f","isPartOf":{"@id":"https:\/\/megapari.games\/tr\/#website"},"datePublished":"2023-05-18T17:18:34+00:00","dateModified":"2026-01-08T07:21:25+00:00","description":"Mega Pari T\u00fcrkiye web sitesinde oynamaya ba\u015flay\u0131n ve ilk para yat\u0131rma i\u015fleminizde 3500 TRY kadar ho\u015f geldin bonusu kazan\u0131n \u2714\ufe0f Kaydolun ve \u015eimdi Bahis Yapmaya Ba\u015flay\u0131n!","breadcrumb":{"@id":"https:\/\/megapari.games\/tr\/#breadcrumb"},"inLanguage":"tr","potentialAction":[{"@type":"ReadAction","target":["https:\/\/megapari.games\/tr\/"]}]},{"@type":"BreadcrumbList","@id":"https:\/\/megapari.games\/tr\/#breadcrumb","itemListElement":[{"@type":"ListItem","position":1,"name":"\u0413\u043b\u0430\u0432\u043d\u0430\u044f \u0441\u0442\u0440\u0430\u043d\u0438\u0446\u0430","item":"https:\/\/megapari.games\/tr\/"},{"@type":"ListItem","position":2,"name":"Ana Sayfa"}]},{"@type":"WebSite","@id":"https:\/\/megapari.games\/tr\/#website","url":"https:\/\/megapari.games\/tr\/","name":"Megapari Games tr","description":"My WordPress Blog","potentialAction":[{"@type":"SearchAction","target":{"@type":"EntryPoint","urlTemplate":"https:\/\/megapari.games\/tr\/?s={search_term_string}"},"query-input":{"@type":"PropertyValueSpecification","valueRequired":true,"valueName":"search_term_string"}}],"inLanguage":"tr"}]}},"_links":{"self":[{"href":"https:\/\/megapari.games\/tr\/wp-json\/wp\/v2\/pages\/2","targetHints":{"allow":["GET"]}}],"collection":[{"href":"https:\/\/megapari.games\/tr\/wp-json\/wp\/v2\/pages"}],"about":[{"href":"https:\/\/megapari.games\/tr\/wp-json\/wp\/v2\/types\/page"}],"author":[{"embeddable":true,"href":"https:\/\/megapari.games\/tr\/wp-json\/wp\/v2\/users\/1"}],"replies":[{"embeddable":true,"href":"https:\/\/megapari.games\/tr\/wp-json\/wp\/v2\/comments?post=2"}],"version-history":[{"count":4,"href":"https:\/\/megapari.games\/tr\/wp-json\/wp\/v2\/pages\/2\/revisions"}],"predecessor-version":[{"id":1198,"href":"https:\/\/megapari.games\/tr\/wp-json\/wp\/v2\/pages\/2\/revisions\/1198"}],"wp:attachment":[{"href":"https:\/\/megapari.games\/tr\/wp-json\/wp\/v2\/media?parent=2"}],"curies":[{"name":"wp","href":"https:\/\/api.w.org\/{rel}","templated":true}]}}