{"id":437,"date":"2024-03-08T07:35:27","date_gmt":"2024-03-08T07:35:27","guid":{"rendered":"https:\/\/megapari.games\/tr\/?page_id=437"},"modified":"2024-12-03T14:39:12","modified_gmt":"2024-12-03T14:39:12","slug":"login","status":"publish","type":"page","link":"https:\/\/megapari.games\/tr\/login\/","title":{"rendered":"Giri\u015f"},"content":{"rendered":"","protected":false},"excerpt":{"rendered":"","protected":false},"author":1,"featured_media":0,"parent":0,"menu_order":0,"comment_status":"closed","ping_status":"closed","template":"","meta":{"inline_featured_image":false,"footnotes":""},"class_list":["post-437","page","type-page","status-publish","hentry"],"yoast_head":"<!-- This site is optimized with the Yoast SEO plugin v27.5 - https:\/\/yoast.com\/product\/yoast-seo-wordpress\/ -->\n<title>Megapari Giri\u015f Resmi Site | K\u0131lavuz Nas\u0131l Giri\u015f Yap\u0131l\u0131r<\/title>\n<meta name=\"description\" content=\"Megapari Hesab\u0131n\u0131za Nas\u0131l Giri\u015f Yapars\u0131n\u0131z \u2611\ufe0f Megapari web sitesini ziyaret edin ve Giri\u015f d\u00fc\u011fmesine t\u0131klay\u0131n \u2713 Megapari Hesap Kayd\u0131 ve Do\u011frulama\" \/>\n<meta name=\"robots\" content=\"index, follow, max-snippet:-1, max-image-preview:large, max-video-preview:-1\" \/>\n<link rel=\"canonical\" href=\"https:\/\/megapari.games\/tr\/login\/\" \/>\n<meta property=\"og:locale\" content=\"tr_TR\" \/>\n<meta property=\"og:type\" content=\"article\" \/>\n<meta property=\"og:title\" content=\"Megapari Giri\u015f Resmi Site | K\u0131lavuz Nas\u0131l Giri\u015f Yap\u0131l\u0131r\" \/>\n<meta property=\"og:description\" content=\"Megapari Hesab\u0131n\u0131za Nas\u0131l Giri\u015f Yapars\u0131n\u0131z \u2611\ufe0f Megapari web sitesini ziyaret edin ve Giri\u015f d\u00fc\u011fmesine t\u0131klay\u0131n \u2713 Megapari Hesap Kayd\u0131 ve Do\u011frulama\" \/>\n<meta property=\"og:url\" content=\"https:\/\/megapari.games\/tr\/login\/\" \/>\n<meta property=\"og:site_name\" content=\"Megapari Games tr\" \/>\n<meta property=\"article:modified_time\" content=\"2024-12-03T14:39:12+00:00\" \/>\n<meta name=\"twitter:card\" content=\"summary_large_image\" \/>\n<script type=\"application\/ld+json\" class=\"yoast-schema-graph\">{\"@context\":\"https:\\\/\\\/schema.org\",\"@graph\":[{\"@type\":\"WebPage\",\"@id\":\"https:\\\/\\\/megapari.games\\\/tr\\\/login\\\/\",\"url\":\"https:\\\/\\\/megapari.games\\\/tr\\\/login\\\/\",\"name\":\"Megapari Giri\u015f Resmi Site | K\u0131lavuz Nas\u0131l Giri\u015f Yap\u0131l\u0131r\",\"isPartOf\":{\"@id\":\"https:\\\/\\\/megapari.games\\\/tr\\\/#website\"},\"datePublished\":\"2024-03-08T07:35:27+00:00\",\"dateModified\":\"2024-12-03T14:39:12+00:00\",\"description\":\"Megapari Hesab\u0131n\u0131za Nas\u0131l Giri\u015f Yapars\u0131n\u0131z \u2611\ufe0f Megapari web sitesini ziyaret edin ve Giri\u015f d\u00fc\u011fmesine t\u0131klay\u0131n \u2713 Megapari Hesap Kayd\u0131 ve Do\u011frulama\",\"breadcrumb\":{\"@id\":\"https:\\\/\\\/megapari.games\\\/tr\\\/login\\\/#breadcrumb\"},\"inLanguage\":\"tr\",\"potentialAction\":[{\"@type\":\"ReadAction\",\"target\":[\"https:\\\/\\\/megapari.games\\\/tr\\\/login\\\/\"]}]},{\"@type\":\"BreadcrumbList\",\"@id\":\"https:\\\/\\\/megapari.games\\\/tr\\\/login\\\/#breadcrumb\",\"itemListElement\":[{\"@type\":\"ListItem\",\"position\":1,\"name\":\"\u0413\u043b\u0430\u0432\u043d\u0430\u044f \u0441\u0442\u0440\u0430\u043d\u0438\u0446\u0430\",\"item\":\"https:\\\/\\\/megapari.games\\\/tr\\\/\"},{\"@type\":\"ListItem\",\"position\":2,\"name\":\"Giri\u015f\"}]},{\"@type\":\"WebSite\",\"@id\":\"https:\\\/\\\/megapari.games\\\/tr\\\/#website\",\"url\":\"https:\\\/\\\/megapari.games\\\/tr\\\/\",\"name\":\"Megapari Games tr\",\"description\":\"My WordPress Blog\",\"potentialAction\":[{\"@type\":\"SearchAction\",\"target\":{\"@type\":\"EntryPoint\",\"urlTemplate\":\"https:\\\/\\\/megapari.games\\\/tr\\\/?s={search_term_string}\"},\"query-input\":{\"@type\":\"PropertyValueSpecification\",\"valueRequired\":true,\"valueName\":\"search_term_string\"}}],\"inLanguage\":\"tr\"}]}<\/script>\n<!-- \/ Yoast SEO plugin. -->","yoast_head_json":{"title":"Megapari Giri\u015f Resmi Site | K\u0131lavuz Nas\u0131l Giri\u015f Yap\u0131l\u0131r","description":"Megapari Hesab\u0131n\u0131za Nas\u0131l Giri\u015f Yapars\u0131n\u0131z \u2611\ufe0f Megapari web sitesini ziyaret edin ve Giri\u015f d\u00fc\u011fmesine t\u0131klay\u0131n \u2713 Megapari Hesap Kayd\u0131 ve Do\u011frulama","robots":{"index":"index","follow":"follow","max-snippet":"max-snippet:-1","max-image-preview":"max-image-preview:large","max-video-preview":"max-video-preview:-1"},"canonical":"https:\/\/megapari.games\/tr\/login\/","og_locale":"tr_TR","og_type":"article","og_title":"Megapari Giri\u015f Resmi Site | K\u0131lavuz Nas\u0131l Giri\u015f Yap\u0131l\u0131r","og_description":"Megapari Hesab\u0131n\u0131za Nas\u0131l Giri\u015f Yapars\u0131n\u0131z \u2611\ufe0f Megapari web sitesini ziyaret edin ve Giri\u015f d\u00fc\u011fmesine t\u0131klay\u0131n \u2713 Megapari Hesap Kayd\u0131 ve Do\u011frulama","og_url":"https:\/\/megapari.games\/tr\/login\/","og_site_name":"Megapari Games tr","article_modified_time":"2024-12-03T14:39:12+00:00","twitter_card":"summary_large_image","schema":{"@context":"https:\/\/schema.org","@graph":[{"@type":"WebPage","@id":"https:\/\/megapari.games\/tr\/login\/","url":"https:\/\/megapari.games\/tr\/login\/","name":"Megapari Giri\u015f Resmi Site | K\u0131lavuz Nas\u0131l Giri\u015f Yap\u0131l\u0131r","isPartOf":{"@id":"https:\/\/megapari.games\/tr\/#website"},"datePublished":"2024-03-08T07:35:27+00:00","dateModified":"2024-12-03T14:39:12+00:00","description":"Megapari Hesab\u0131n\u0131za Nas\u0131l Giri\u015f Yapars\u0131n\u0131z \u2611\ufe0f Megapari web sitesini ziyaret edin ve Giri\u015f d\u00fc\u011fmesine t\u0131klay\u0131n \u2713 Megapari Hesap Kayd\u0131 ve Do\u011frulama","breadcrumb":{"@id":"https:\/\/megapari.games\/tr\/login\/#breadcrumb"},"inLanguage":"tr","potentialAction":[{"@type":"ReadAction","target":["https:\/\/megapari.games\/tr\/login\/"]}]},{"@type":"BreadcrumbList","@id":"https:\/\/megapari.games\/tr\/login\/#breadcrumb","itemListElement":[{"@type":"ListItem","position":1,"name":"\u0413\u043b\u0430\u0432\u043d\u0430\u044f \u0441\u0442\u0440\u0430\u043d\u0438\u0446\u0430","item":"https:\/\/megapari.games\/tr\/"},{"@type":"ListItem","position":2,"name":"Giri\u015f"}]},{"@type":"WebSite","@id":"https:\/\/megapari.games\/tr\/#website","url":"https:\/\/megapari.games\/tr\/","name":"Megapari Games tr","description":"My WordPress Blog","potentialAction":[{"@type":"SearchAction","target":{"@type":"EntryPoint","urlTemplate":"https:\/\/megapari.games\/tr\/?s={search_term_string}"},"query-input":{"@type":"PropertyValueSpecification","valueRequired":true,"valueName":"search_term_string"}}],"inLanguage":"tr"}]}},"_links":{"self":[{"href":"https:\/\/megapari.games\/tr\/wp-json\/wp\/v2\/pages\/437","targetHints":{"allow":["GET"]}}],"collection":[{"href":"https:\/\/megapari.games\/tr\/wp-json\/wp\/v2\/pages"}],"about":[{"href":"https:\/\/megapari.games\/tr\/wp-json\/wp\/v2\/types\/page"}],"author":[{"embeddable":true,"href":"https:\/\/megapari.games\/tr\/wp-json\/wp\/v2\/users\/1"}],"replies":[{"embeddable":true,"href":"https:\/\/megapari.games\/tr\/wp-json\/wp\/v2\/comments?post=437"}],"version-history":[{"count":0,"href":"https:\/\/megapari.games\/tr\/wp-json\/wp\/v2\/pages\/437\/revisions"}],"wp:attachment":[{"href":"https:\/\/megapari.games\/tr\/wp-json\/wp\/v2\/media?parent=437"}],"curies":[{"name":"wp","href":"https:\/\/api.w.org\/{rel}","templated":true}]}}