{"id":521,"date":"2024-06-13T13:06:28","date_gmt":"2024-06-13T13:06:28","guid":{"rendered":"https:\/\/megapari.games\/tr\/?page_id=521"},"modified":"2025-02-03T08:38:43","modified_gmt":"2025-02-03T08:38:43","slug":"registration","status":"publish","type":"page","link":"https:\/\/megapari.games\/tr\/registration\/","title":{"rendered":"Kay\u0131t"},"content":{"rendered":"","protected":false},"excerpt":{"rendered":"","protected":false},"author":1,"featured_media":0,"parent":0,"menu_order":0,"comment_status":"closed","ping_status":"closed","template":"","meta":{"inline_featured_image":false,"footnotes":""},"class_list":["post-521","page","type-page","status-publish","hentry"],"yoast_head":"<!-- This site is optimized with the Yoast SEO plugin v27.5 - https:\/\/yoast.com\/product\/yoast-seo-wordpress\/ -->\n<title>Megapari Kay\u0131t \ud83c\udfc6 Nas\u0131l Kaydolunur<\/title>\n<meta name=\"description\" content=\"Kaydolun ve yeni oyuncular i\u00e7in ho\u015fgeldin bonusu kazan\u0131n \u2611\ufe0f Megapari resmi sitesi \u2713 Bir Megapari hesab\u0131 a\u00e7\u0131n\" \/>\n<meta name=\"robots\" content=\"index, follow, max-snippet:-1, max-image-preview:large, max-video-preview:-1\" \/>\n<link rel=\"canonical\" href=\"https:\/\/megapari.games\/tr\/registration\/\" \/>\n<meta property=\"og:locale\" content=\"tr_TR\" \/>\n<meta property=\"og:type\" content=\"article\" \/>\n<meta property=\"og:title\" content=\"Megapari Kay\u0131t \ud83c\udfc6 Nas\u0131l Kaydolunur\" \/>\n<meta property=\"og:description\" content=\"Kaydolun ve yeni oyuncular i\u00e7in ho\u015fgeldin bonusu kazan\u0131n \u2611\ufe0f Megapari resmi sitesi \u2713 Bir Megapari hesab\u0131 a\u00e7\u0131n\" \/>\n<meta property=\"og:url\" content=\"https:\/\/megapari.games\/tr\/registration\/\" \/>\n<meta property=\"og:site_name\" content=\"Megapari Games tr\" \/>\n<meta property=\"article:modified_time\" content=\"2025-02-03T08:38:43+00:00\" \/>\n<meta name=\"twitter:card\" content=\"summary_large_image\" \/>\n<script type=\"application\/ld+json\" class=\"yoast-schema-graph\">{\"@context\":\"https:\\\/\\\/schema.org\",\"@graph\":[{\"@type\":\"WebPage\",\"@id\":\"https:\\\/\\\/megapari.games\\\/tr\\\/registration\\\/\",\"url\":\"https:\\\/\\\/megapari.games\\\/tr\\\/registration\\\/\",\"name\":\"Megapari Kay\u0131t \ud83c\udfc6 Nas\u0131l Kaydolunur\",\"isPartOf\":{\"@id\":\"https:\\\/\\\/megapari.games\\\/tr\\\/#website\"},\"datePublished\":\"2024-06-13T13:06:28+00:00\",\"dateModified\":\"2025-02-03T08:38:43+00:00\",\"description\":\"Kaydolun ve yeni oyuncular i\u00e7in ho\u015fgeldin bonusu kazan\u0131n \u2611\ufe0f Megapari resmi sitesi \u2713 Bir Megapari hesab\u0131 a\u00e7\u0131n\",\"breadcrumb\":{\"@id\":\"https:\\\/\\\/megapari.games\\\/tr\\\/registration\\\/#breadcrumb\"},\"inLanguage\":\"tr\",\"potentialAction\":[{\"@type\":\"ReadAction\",\"target\":[\"https:\\\/\\\/megapari.games\\\/tr\\\/registration\\\/\"]}]},{\"@type\":\"BreadcrumbList\",\"@id\":\"https:\\\/\\\/megapari.games\\\/tr\\\/registration\\\/#breadcrumb\",\"itemListElement\":[{\"@type\":\"ListItem\",\"position\":1,\"name\":\"\u0413\u043b\u0430\u0432\u043d\u0430\u044f \u0441\u0442\u0440\u0430\u043d\u0438\u0446\u0430\",\"item\":\"https:\\\/\\\/megapari.games\\\/tr\\\/\"},{\"@type\":\"ListItem\",\"position\":2,\"name\":\"Kay\u0131t\"}]},{\"@type\":\"WebSite\",\"@id\":\"https:\\\/\\\/megapari.games\\\/tr\\\/#website\",\"url\":\"https:\\\/\\\/megapari.games\\\/tr\\\/\",\"name\":\"Megapari Games tr\",\"description\":\"My WordPress Blog\",\"potentialAction\":[{\"@type\":\"SearchAction\",\"target\":{\"@type\":\"EntryPoint\",\"urlTemplate\":\"https:\\\/\\\/megapari.games\\\/tr\\\/?s={search_term_string}\"},\"query-input\":{\"@type\":\"PropertyValueSpecification\",\"valueRequired\":true,\"valueName\":\"search_term_string\"}}],\"inLanguage\":\"tr\"}]}<\/script>\n<!-- \/ Yoast SEO plugin. -->","yoast_head_json":{"title":"Megapari Kay\u0131t \ud83c\udfc6 Nas\u0131l Kaydolunur","description":"Kaydolun ve yeni oyuncular i\u00e7in ho\u015fgeldin bonusu kazan\u0131n \u2611\ufe0f Megapari resmi sitesi \u2713 Bir Megapari hesab\u0131 a\u00e7\u0131n","robots":{"index":"index","follow":"follow","max-snippet":"max-snippet:-1","max-image-preview":"max-image-preview:large","max-video-preview":"max-video-preview:-1"},"canonical":"https:\/\/megapari.games\/tr\/registration\/","og_locale":"tr_TR","og_type":"article","og_title":"Megapari Kay\u0131t \ud83c\udfc6 Nas\u0131l Kaydolunur","og_description":"Kaydolun ve yeni oyuncular i\u00e7in ho\u015fgeldin bonusu kazan\u0131n \u2611\ufe0f Megapari resmi sitesi \u2713 Bir Megapari hesab\u0131 a\u00e7\u0131n","og_url":"https:\/\/megapari.games\/tr\/registration\/","og_site_name":"Megapari Games tr","article_modified_time":"2025-02-03T08:38:43+00:00","twitter_card":"summary_large_image","schema":{"@context":"https:\/\/schema.org","@graph":[{"@type":"WebPage","@id":"https:\/\/megapari.games\/tr\/registration\/","url":"https:\/\/megapari.games\/tr\/registration\/","name":"Megapari Kay\u0131t \ud83c\udfc6 Nas\u0131l Kaydolunur","isPartOf":{"@id":"https:\/\/megapari.games\/tr\/#website"},"datePublished":"2024-06-13T13:06:28+00:00","dateModified":"2025-02-03T08:38:43+00:00","description":"Kaydolun ve yeni oyuncular i\u00e7in ho\u015fgeldin bonusu kazan\u0131n \u2611\ufe0f Megapari resmi sitesi \u2713 Bir Megapari hesab\u0131 a\u00e7\u0131n","breadcrumb":{"@id":"https:\/\/megapari.games\/tr\/registration\/#breadcrumb"},"inLanguage":"tr","potentialAction":[{"@type":"ReadAction","target":["https:\/\/megapari.games\/tr\/registration\/"]}]},{"@type":"BreadcrumbList","@id":"https:\/\/megapari.games\/tr\/registration\/#breadcrumb","itemListElement":[{"@type":"ListItem","position":1,"name":"\u0413\u043b\u0430\u0432\u043d\u0430\u044f \u0441\u0442\u0440\u0430\u043d\u0438\u0446\u0430","item":"https:\/\/megapari.games\/tr\/"},{"@type":"ListItem","position":2,"name":"Kay\u0131t"}]},{"@type":"WebSite","@id":"https:\/\/megapari.games\/tr\/#website","url":"https:\/\/megapari.games\/tr\/","name":"Megapari Games tr","description":"My WordPress Blog","potentialAction":[{"@type":"SearchAction","target":{"@type":"EntryPoint","urlTemplate":"https:\/\/megapari.games\/tr\/?s={search_term_string}"},"query-input":{"@type":"PropertyValueSpecification","valueRequired":true,"valueName":"search_term_string"}}],"inLanguage":"tr"}]}},"_links":{"self":[{"href":"https:\/\/megapari.games\/tr\/wp-json\/wp\/v2\/pages\/521","targetHints":{"allow":["GET"]}}],"collection":[{"href":"https:\/\/megapari.games\/tr\/wp-json\/wp\/v2\/pages"}],"about":[{"href":"https:\/\/megapari.games\/tr\/wp-json\/wp\/v2\/types\/page"}],"author":[{"embeddable":true,"href":"https:\/\/megapari.games\/tr\/wp-json\/wp\/v2\/users\/1"}],"replies":[{"embeddable":true,"href":"https:\/\/megapari.games\/tr\/wp-json\/wp\/v2\/comments?post=521"}],"version-history":[{"count":0,"href":"https:\/\/megapari.games\/tr\/wp-json\/wp\/v2\/pages\/521\/revisions"}],"wp:attachment":[{"href":"https:\/\/megapari.games\/tr\/wp-json\/wp\/v2\/media?parent=521"}],"curies":[{"name":"wp","href":"https:\/\/api.w.org\/{rel}","templated":true}]}}