{"id":807,"date":"2025-03-27T13:02:20","date_gmt":"2025-03-27T13:02:20","guid":{"rendered":"https:\/\/megapari.games\/?page_id=807"},"modified":"2025-12-06T13:02:37","modified_gmt":"2025-12-06T13:02:37","slug":"mega-booster","status":"publish","type":"page","link":"https:\/\/megapari.games\/tr\/bonus\/mega-booster\/","title":{"rendered":"Mega G\u00fc\u00e7lendirici"},"content":{"rendered":"","protected":false},"excerpt":{"rendered":"","protected":false},"author":1,"featured_media":0,"parent":152,"menu_order":0,"comment_status":"closed","ping_status":"closed","template":"","meta":{"inline_featured_image":false,"footnotes":""},"class_list":["post-807","page","type-page","status-publish","hentry"],"yoast_head":"<!-- This site is optimized with the Yoast SEO plugin v27.3 - https:\/\/yoast.com\/product\/yoast-seo-wordpress\/ -->\n<title>Megapari Mega G\u00fc\u00e7lendirici \u2714\ufe0f kazan\u00e7lar\u0131n\u0131z\u0131 0&#039;e Kadar Art\u0131r\u0131n<\/title>\n<meta name=\"description\" content=\"Kazan\u00e7lar\u0131n\u0131z\u0131 0&#039;e kadar art\u0131rmak ister misiniz? Megapari&#039;nin Mega Booster&#039;\u0131na kat\u0131l\u0131n! Ak\u00fcm\u00fclat\u00f6rde en az 4 se\u00e7ime bahis yap\u0131n ve \u00f6d\u00fcllerinizin artmas\u0131n\u0131 izleyin. B\u00fcy\u00fck bir skor elde etme \u015fans\u0131n\u0131z\u0131 ka\u00e7\u0131rmay\u0131n!\" \/>\n<meta name=\"robots\" content=\"index, follow, max-snippet:-1, max-image-preview:large, max-video-preview:-1\" \/>\n<link rel=\"canonical\" href=\"https:\/\/megapari.games\/tr\/bonus\/mega-booster\/\" \/>\n<meta property=\"og:locale\" content=\"tr_TR\" \/>\n<meta property=\"og:type\" content=\"article\" \/>\n<meta property=\"og:title\" content=\"Megapari Mega G\u00fc\u00e7lendirici \u2714\ufe0f kazan\u00e7lar\u0131n\u0131z\u0131 0&#039;e Kadar Art\u0131r\u0131n\" \/>\n<meta property=\"og:description\" content=\"Kazan\u00e7lar\u0131n\u0131z\u0131 0&#039;e kadar art\u0131rmak ister misiniz? Megapari&#039;nin Mega Booster&#039;\u0131na kat\u0131l\u0131n! Ak\u00fcm\u00fclat\u00f6rde en az 4 se\u00e7ime bahis yap\u0131n ve \u00f6d\u00fcllerinizin artmas\u0131n\u0131 izleyin. B\u00fcy\u00fck bir skor elde etme \u015fans\u0131n\u0131z\u0131 ka\u00e7\u0131rmay\u0131n!\" \/>\n<meta property=\"og:url\" content=\"https:\/\/megapari.games\/tr\/bonus\/mega-booster\/\" \/>\n<meta property=\"og:site_name\" content=\"Megapari Games tr\" \/>\n<meta property=\"article:modified_time\" content=\"2025-12-06T13:02:37+00:00\" \/>\n<meta name=\"twitter:card\" content=\"summary_large_image\" \/>\n<script type=\"application\/ld+json\" class=\"yoast-schema-graph\">{\"@context\":\"https:\\\/\\\/schema.org\",\"@graph\":[{\"@type\":\"WebPage\",\"@id\":\"https:\\\/\\\/megapari.games\\\/tr\\\/bonus\\\/mega-booster\\\/\",\"url\":\"https:\\\/\\\/megapari.games\\\/tr\\\/bonus\\\/mega-booster\\\/\",\"name\":\"Megapari Mega G\u00fc\u00e7lendirici \u2714\ufe0f kazan\u00e7lar\u0131n\u0131z\u0131 0'e Kadar Art\u0131r\u0131n\",\"isPartOf\":{\"@id\":\"https:\\\/\\\/megapari.games\\\/tr\\\/#website\"},\"datePublished\":\"2025-03-27T13:02:20+00:00\",\"dateModified\":\"2025-12-06T13:02:37+00:00\",\"description\":\"Kazan\u00e7lar\u0131n\u0131z\u0131 0'e kadar art\u0131rmak ister misiniz? Megapari'nin Mega Booster'\u0131na kat\u0131l\u0131n! Ak\u00fcm\u00fclat\u00f6rde en az 4 se\u00e7ime bahis yap\u0131n ve \u00f6d\u00fcllerinizin artmas\u0131n\u0131 izleyin. B\u00fcy\u00fck bir skor elde etme \u015fans\u0131n\u0131z\u0131 ka\u00e7\u0131rmay\u0131n!\",\"breadcrumb\":{\"@id\":\"https:\\\/\\\/megapari.games\\\/tr\\\/bonus\\\/mega-booster\\\/#breadcrumb\"},\"inLanguage\":\"tr\",\"potentialAction\":[{\"@type\":\"ReadAction\",\"target\":[\"https:\\\/\\\/megapari.games\\\/tr\\\/bonus\\\/mega-booster\\\/\"]}]},{\"@type\":\"BreadcrumbList\",\"@id\":\"https:\\\/\\\/megapari.games\\\/tr\\\/bonus\\\/mega-booster\\\/#breadcrumb\",\"itemListElement\":[{\"@type\":\"ListItem\",\"position\":1,\"name\":\"\u0413\u043b\u0430\u0432\u043d\u0430\u044f \u0441\u0442\u0440\u0430\u043d\u0438\u0446\u0430\",\"item\":\"https:\\\/\\\/megapari.games\\\/tr\\\/\"},{\"@type\":\"ListItem\",\"position\":2,\"name\":\"Bonus\",\"item\":\"https:\\\/\\\/megapari.games\\\/tr\\\/bonus\\\/\"},{\"@type\":\"ListItem\",\"position\":3,\"name\":\"Mega G\u00fc\u00e7lendirici\"}]},{\"@type\":\"WebSite\",\"@id\":\"https:\\\/\\\/megapari.games\\\/tr\\\/#website\",\"url\":\"https:\\\/\\\/megapari.games\\\/tr\\\/\",\"name\":\"Megapari Games tr\",\"description\":\"My WordPress Blog\",\"potentialAction\":[{\"@type\":\"SearchAction\",\"target\":{\"@type\":\"EntryPoint\",\"urlTemplate\":\"https:\\\/\\\/megapari.games\\\/tr\\\/?s={search_term_string}\"},\"query-input\":{\"@type\":\"PropertyValueSpecification\",\"valueRequired\":true,\"valueName\":\"search_term_string\"}}],\"inLanguage\":\"tr\"}]}<\/script>\n<!-- \/ Yoast SEO plugin. -->","yoast_head_json":{"title":"Megapari Mega G\u00fc\u00e7lendirici \u2714\ufe0f kazan\u00e7lar\u0131n\u0131z\u0131 0'e Kadar Art\u0131r\u0131n","description":"Kazan\u00e7lar\u0131n\u0131z\u0131 0'e kadar art\u0131rmak ister misiniz? Megapari'nin Mega Booster'\u0131na kat\u0131l\u0131n! Ak\u00fcm\u00fclat\u00f6rde en az 4 se\u00e7ime bahis yap\u0131n ve \u00f6d\u00fcllerinizin artmas\u0131n\u0131 izleyin. B\u00fcy\u00fck bir skor elde etme \u015fans\u0131n\u0131z\u0131 ka\u00e7\u0131rmay\u0131n!","robots":{"index":"index","follow":"follow","max-snippet":"max-snippet:-1","max-image-preview":"max-image-preview:large","max-video-preview":"max-video-preview:-1"},"canonical":"https:\/\/megapari.games\/tr\/bonus\/mega-booster\/","og_locale":"tr_TR","og_type":"article","og_title":"Megapari Mega G\u00fc\u00e7lendirici \u2714\ufe0f kazan\u00e7lar\u0131n\u0131z\u0131 0'e Kadar Art\u0131r\u0131n","og_description":"Kazan\u00e7lar\u0131n\u0131z\u0131 0'e kadar art\u0131rmak ister misiniz? Megapari'nin Mega Booster'\u0131na kat\u0131l\u0131n! Ak\u00fcm\u00fclat\u00f6rde en az 4 se\u00e7ime bahis yap\u0131n ve \u00f6d\u00fcllerinizin artmas\u0131n\u0131 izleyin. B\u00fcy\u00fck bir skor elde etme \u015fans\u0131n\u0131z\u0131 ka\u00e7\u0131rmay\u0131n!","og_url":"https:\/\/megapari.games\/tr\/bonus\/mega-booster\/","og_site_name":"Megapari Games tr","article_modified_time":"2025-12-06T13:02:37+00:00","twitter_card":"summary_large_image","schema":{"@context":"https:\/\/schema.org","@graph":[{"@type":"WebPage","@id":"https:\/\/megapari.games\/tr\/bonus\/mega-booster\/","url":"https:\/\/megapari.games\/tr\/bonus\/mega-booster\/","name":"Megapari Mega G\u00fc\u00e7lendirici \u2714\ufe0f kazan\u00e7lar\u0131n\u0131z\u0131 0'e Kadar Art\u0131r\u0131n","isPartOf":{"@id":"https:\/\/megapari.games\/tr\/#website"},"datePublished":"2025-03-27T13:02:20+00:00","dateModified":"2025-12-06T13:02:37+00:00","description":"Kazan\u00e7lar\u0131n\u0131z\u0131 0'e kadar art\u0131rmak ister misiniz? Megapari'nin Mega Booster'\u0131na kat\u0131l\u0131n! Ak\u00fcm\u00fclat\u00f6rde en az 4 se\u00e7ime bahis yap\u0131n ve \u00f6d\u00fcllerinizin artmas\u0131n\u0131 izleyin. B\u00fcy\u00fck bir skor elde etme \u015fans\u0131n\u0131z\u0131 ka\u00e7\u0131rmay\u0131n!","breadcrumb":{"@id":"https:\/\/megapari.games\/tr\/bonus\/mega-booster\/#breadcrumb"},"inLanguage":"tr","potentialAction":[{"@type":"ReadAction","target":["https:\/\/megapari.games\/tr\/bonus\/mega-booster\/"]}]},{"@type":"BreadcrumbList","@id":"https:\/\/megapari.games\/tr\/bonus\/mega-booster\/#breadcrumb","itemListElement":[{"@type":"ListItem","position":1,"name":"\u0413\u043b\u0430\u0432\u043d\u0430\u044f \u0441\u0442\u0440\u0430\u043d\u0438\u0446\u0430","item":"https:\/\/megapari.games\/tr\/"},{"@type":"ListItem","position":2,"name":"Bonus","item":"https:\/\/megapari.games\/tr\/bonus\/"},{"@type":"ListItem","position":3,"name":"Mega G\u00fc\u00e7lendirici"}]},{"@type":"WebSite","@id":"https:\/\/megapari.games\/tr\/#website","url":"https:\/\/megapari.games\/tr\/","name":"Megapari Games tr","description":"My WordPress Blog","potentialAction":[{"@type":"SearchAction","target":{"@type":"EntryPoint","urlTemplate":"https:\/\/megapari.games\/tr\/?s={search_term_string}"},"query-input":{"@type":"PropertyValueSpecification","valueRequired":true,"valueName":"search_term_string"}}],"inLanguage":"tr"}]}},"_links":{"self":[{"href":"https:\/\/megapari.games\/tr\/wp-json\/wp\/v2\/pages\/807","targetHints":{"allow":["GET"]}}],"collection":[{"href":"https:\/\/megapari.games\/tr\/wp-json\/wp\/v2\/pages"}],"about":[{"href":"https:\/\/megapari.games\/tr\/wp-json\/wp\/v2\/types\/page"}],"author":[{"embeddable":true,"href":"https:\/\/megapari.games\/tr\/wp-json\/wp\/v2\/users\/1"}],"replies":[{"embeddable":true,"href":"https:\/\/megapari.games\/tr\/wp-json\/wp\/v2\/comments?post=807"}],"version-history":[{"count":2,"href":"https:\/\/megapari.games\/tr\/wp-json\/wp\/v2\/pages\/807\/revisions"}],"predecessor-version":[{"id":1184,"href":"https:\/\/megapari.games\/tr\/wp-json\/wp\/v2\/pages\/807\/revisions\/1184"}],"up":[{"embeddable":true,"href":"https:\/\/megapari.games\/tr\/wp-json\/wp\/v2\/pages\/152"}],"wp:attachment":[{"href":"https:\/\/megapari.games\/tr\/wp-json\/wp\/v2\/media?parent=807"}],"curies":[{"name":"wp","href":"https:\/\/api.w.org\/{rel}","templated":true}]}}