{"id":997,"date":"2025-08-07T10:41:41","date_gmt":"2025-08-07T10:41:41","guid":{"rendered":"https:\/\/megapari.games\/?page_id=997"},"modified":"2025-12-06T10:27:56","modified_gmt":"2025-12-06T10:27:56","slug":"aviator","status":"publish","type":"page","link":"https:\/\/megapari.games\/tr\/aviator\/","title":{"rendered":"Havac\u0131"},"content":{"rendered":"","protected":false},"excerpt":{"rendered":"","protected":false},"author":1,"featured_media":0,"parent":0,"menu_order":0,"comment_status":"closed","ping_status":"closed","template":"","meta":{"inline_featured_image":false,"footnotes":""},"class_list":["post-997","page","type-page","status-publish","hentry"],"yoast_head":"<!-- This site is optimized with the Yoast SEO plugin v27.4 - https:\/\/yoast.com\/product\/yoast-seo-wordpress\/ -->\n<title>Megapari Havac\u0131 \u1409 \u015eans\u0131n\u0131z\u0131 Yakalay\u0131n ve B\u00fcy\u00fck \u00d6d\u00fcller Kazan\u0131n!<\/title>\n<meta name=\"description\" content=\"Megapari Havac\u0131 d\u00fcnyas\u0131n\u0131 ke\u015ffedin! Her an b\u00fcy\u00fck kazan\u00e7lar elde edebilece\u011finiz bu heyecan verici oyunda \u015fans\u0131n\u0131z\u0131 deneyin. Hemen kat\u0131l\u0131n ve bug\u00fcn bahsinizi yap\u0131n!\" \/>\n<meta name=\"robots\" content=\"index, follow, max-snippet:-1, max-image-preview:large, max-video-preview:-1\" \/>\n<link rel=\"canonical\" href=\"https:\/\/megapari.games\/tr\/aviator\/\" \/>\n<meta property=\"og:locale\" content=\"tr_TR\" \/>\n<meta property=\"og:type\" content=\"article\" \/>\n<meta property=\"og:title\" content=\"Megapari Havac\u0131 \u1409 \u015eans\u0131n\u0131z\u0131 Yakalay\u0131n ve B\u00fcy\u00fck \u00d6d\u00fcller Kazan\u0131n!\" \/>\n<meta property=\"og:description\" content=\"Megapari Havac\u0131 d\u00fcnyas\u0131n\u0131 ke\u015ffedin! Her an b\u00fcy\u00fck kazan\u00e7lar elde edebilece\u011finiz bu heyecan verici oyunda \u015fans\u0131n\u0131z\u0131 deneyin. Hemen kat\u0131l\u0131n ve bug\u00fcn bahsinizi yap\u0131n!\" \/>\n<meta property=\"og:url\" content=\"https:\/\/megapari.games\/tr\/aviator\/\" \/>\n<meta property=\"og:site_name\" content=\"Megapari Games tr\" \/>\n<meta property=\"article:modified_time\" content=\"2025-12-06T10:27:56+00:00\" \/>\n<meta name=\"twitter:card\" content=\"summary_large_image\" \/>\n<script type=\"application\/ld+json\" class=\"yoast-schema-graph\">{\"@context\":\"https:\\\/\\\/schema.org\",\"@graph\":[{\"@type\":\"WebPage\",\"@id\":\"https:\\\/\\\/megapari.games\\\/tr\\\/aviator\\\/\",\"url\":\"https:\\\/\\\/megapari.games\\\/tr\\\/aviator\\\/\",\"name\":\"Megapari Havac\u0131 \u1409 \u015eans\u0131n\u0131z\u0131 Yakalay\u0131n ve B\u00fcy\u00fck \u00d6d\u00fcller Kazan\u0131n!\",\"isPartOf\":{\"@id\":\"https:\\\/\\\/megapari.games\\\/tr\\\/#website\"},\"datePublished\":\"2025-08-07T10:41:41+00:00\",\"dateModified\":\"2025-12-06T10:27:56+00:00\",\"description\":\"Megapari Havac\u0131 d\u00fcnyas\u0131n\u0131 ke\u015ffedin! Her an b\u00fcy\u00fck kazan\u00e7lar elde edebilece\u011finiz bu heyecan verici oyunda \u015fans\u0131n\u0131z\u0131 deneyin. Hemen kat\u0131l\u0131n ve bug\u00fcn bahsinizi yap\u0131n!\",\"breadcrumb\":{\"@id\":\"https:\\\/\\\/megapari.games\\\/tr\\\/aviator\\\/#breadcrumb\"},\"inLanguage\":\"tr\",\"potentialAction\":[{\"@type\":\"ReadAction\",\"target\":[\"https:\\\/\\\/megapari.games\\\/tr\\\/aviator\\\/\"]}]},{\"@type\":\"BreadcrumbList\",\"@id\":\"https:\\\/\\\/megapari.games\\\/tr\\\/aviator\\\/#breadcrumb\",\"itemListElement\":[{\"@type\":\"ListItem\",\"position\":1,\"name\":\"\u0413\u043b\u0430\u0432\u043d\u0430\u044f \u0441\u0442\u0440\u0430\u043d\u0438\u0446\u0430\",\"item\":\"https:\\\/\\\/megapari.games\\\/tr\\\/\"},{\"@type\":\"ListItem\",\"position\":2,\"name\":\"Havac\u0131\"}]},{\"@type\":\"WebSite\",\"@id\":\"https:\\\/\\\/megapari.games\\\/tr\\\/#website\",\"url\":\"https:\\\/\\\/megapari.games\\\/tr\\\/\",\"name\":\"Megapari Games tr\",\"description\":\"My WordPress Blog\",\"potentialAction\":[{\"@type\":\"SearchAction\",\"target\":{\"@type\":\"EntryPoint\",\"urlTemplate\":\"https:\\\/\\\/megapari.games\\\/tr\\\/?s={search_term_string}\"},\"query-input\":{\"@type\":\"PropertyValueSpecification\",\"valueRequired\":true,\"valueName\":\"search_term_string\"}}],\"inLanguage\":\"tr\"}]}<\/script>\n<!-- \/ Yoast SEO plugin. -->","yoast_head_json":{"title":"Megapari Havac\u0131 \u1409 \u015eans\u0131n\u0131z\u0131 Yakalay\u0131n ve B\u00fcy\u00fck \u00d6d\u00fcller Kazan\u0131n!","description":"Megapari Havac\u0131 d\u00fcnyas\u0131n\u0131 ke\u015ffedin! Her an b\u00fcy\u00fck kazan\u00e7lar elde edebilece\u011finiz bu heyecan verici oyunda \u015fans\u0131n\u0131z\u0131 deneyin. Hemen kat\u0131l\u0131n ve bug\u00fcn bahsinizi yap\u0131n!","robots":{"index":"index","follow":"follow","max-snippet":"max-snippet:-1","max-image-preview":"max-image-preview:large","max-video-preview":"max-video-preview:-1"},"canonical":"https:\/\/megapari.games\/tr\/aviator\/","og_locale":"tr_TR","og_type":"article","og_title":"Megapari Havac\u0131 \u1409 \u015eans\u0131n\u0131z\u0131 Yakalay\u0131n ve B\u00fcy\u00fck \u00d6d\u00fcller Kazan\u0131n!","og_description":"Megapari Havac\u0131 d\u00fcnyas\u0131n\u0131 ke\u015ffedin! Her an b\u00fcy\u00fck kazan\u00e7lar elde edebilece\u011finiz bu heyecan verici oyunda \u015fans\u0131n\u0131z\u0131 deneyin. Hemen kat\u0131l\u0131n ve bug\u00fcn bahsinizi yap\u0131n!","og_url":"https:\/\/megapari.games\/tr\/aviator\/","og_site_name":"Megapari Games tr","article_modified_time":"2025-12-06T10:27:56+00:00","twitter_card":"summary_large_image","schema":{"@context":"https:\/\/schema.org","@graph":[{"@type":"WebPage","@id":"https:\/\/megapari.games\/tr\/aviator\/","url":"https:\/\/megapari.games\/tr\/aviator\/","name":"Megapari Havac\u0131 \u1409 \u015eans\u0131n\u0131z\u0131 Yakalay\u0131n ve B\u00fcy\u00fck \u00d6d\u00fcller Kazan\u0131n!","isPartOf":{"@id":"https:\/\/megapari.games\/tr\/#website"},"datePublished":"2025-08-07T10:41:41+00:00","dateModified":"2025-12-06T10:27:56+00:00","description":"Megapari Havac\u0131 d\u00fcnyas\u0131n\u0131 ke\u015ffedin! Her an b\u00fcy\u00fck kazan\u00e7lar elde edebilece\u011finiz bu heyecan verici oyunda \u015fans\u0131n\u0131z\u0131 deneyin. Hemen kat\u0131l\u0131n ve bug\u00fcn bahsinizi yap\u0131n!","breadcrumb":{"@id":"https:\/\/megapari.games\/tr\/aviator\/#breadcrumb"},"inLanguage":"tr","potentialAction":[{"@type":"ReadAction","target":["https:\/\/megapari.games\/tr\/aviator\/"]}]},{"@type":"BreadcrumbList","@id":"https:\/\/megapari.games\/tr\/aviator\/#breadcrumb","itemListElement":[{"@type":"ListItem","position":1,"name":"\u0413\u043b\u0430\u0432\u043d\u0430\u044f \u0441\u0442\u0440\u0430\u043d\u0438\u0446\u0430","item":"https:\/\/megapari.games\/tr\/"},{"@type":"ListItem","position":2,"name":"Havac\u0131"}]},{"@type":"WebSite","@id":"https:\/\/megapari.games\/tr\/#website","url":"https:\/\/megapari.games\/tr\/","name":"Megapari Games tr","description":"My WordPress Blog","potentialAction":[{"@type":"SearchAction","target":{"@type":"EntryPoint","urlTemplate":"https:\/\/megapari.games\/tr\/?s={search_term_string}"},"query-input":{"@type":"PropertyValueSpecification","valueRequired":true,"valueName":"search_term_string"}}],"inLanguage":"tr"}]}},"_links":{"self":[{"href":"https:\/\/megapari.games\/tr\/wp-json\/wp\/v2\/pages\/997","targetHints":{"allow":["GET"]}}],"collection":[{"href":"https:\/\/megapari.games\/tr\/wp-json\/wp\/v2\/pages"}],"about":[{"href":"https:\/\/megapari.games\/tr\/wp-json\/wp\/v2\/types\/page"}],"author":[{"embeddable":true,"href":"https:\/\/megapari.games\/tr\/wp-json\/wp\/v2\/users\/1"}],"replies":[{"embeddable":true,"href":"https:\/\/megapari.games\/tr\/wp-json\/wp\/v2\/comments?post=997"}],"version-history":[{"count":4,"href":"https:\/\/megapari.games\/tr\/wp-json\/wp\/v2\/pages\/997\/revisions"}],"predecessor-version":[{"id":1158,"href":"https:\/\/megapari.games\/tr\/wp-json\/wp\/v2\/pages\/997\/revisions\/1158"}],"wp:attachment":[{"href":"https:\/\/megapari.games\/tr\/wp-json\/wp\/v2\/media?parent=997"}],"curies":[{"name":"wp","href":"https:\/\/api.w.org\/{rel}","templated":true}]}}