{"id":1090,"date":"2025-11-21T12:23:50","date_gmt":"2025-11-21T12:23:50","guid":{"rendered":"https:\/\/megapari.games\/vi\/?page_id=1090"},"modified":"2026-03-27T13:48:35","modified_gmt":"2026-03-27T13:48:35","slug":"sport","status":"publish","type":"page","link":"https:\/\/megapari.games\/vi\/sport\/","title":{"rendered":"Th\u1ec3 thao"},"content":{"rendered":"","protected":false},"excerpt":{"rendered":"","protected":false},"author":1,"featured_media":0,"parent":0,"menu_order":0,"comment_status":"closed","ping_status":"closed","template":"","meta":{"inline_featured_image":false,"footnotes":""},"class_list":["post-1090","page","type-page","status-publish","hentry"],"yoast_head":"<!-- This site is optimized with the Yoast SEO plugin v27.5 - https:\/\/yoast.com\/product\/yoast-seo-wordpress\/ -->\n<title>MegaPari C\u00e1 c\u01b0\u1ee3c th\u1ec3 thao v\u1edbi t\u1ef7 l\u1ec7 c\u01b0\u1ee3c v\u00e0 c\u00e1c lo\u1ea1i c\u01b0\u1ee3c<\/title>\n<meta name=\"description\" content=\"C\u00e1 c\u01b0\u1ee3c th\u1ec3 thao MegaPari v\u1edbi \u0111a d\u1ea1ng th\u1ecb tr\u01b0\u1eddng, t\u1ef7 l\u1ec7 c\u01b0\u1ee3c phong ph\u00fa, t\u1ef7 l\u1ec7 c\u01b0\u1ee3c tr\u1ef1c ti\u1ebfp v\u00e0 th\u1ed1ng k\u00ea tr\u1eadn \u0111\u1ea5u chi ti\u1ebft. Giao di\u1ec7n d\u1ec5 s\u1eed d\u1ee5ng v\u00e0 thanh to\u00e1n nhanh ch\u00f3ng \u2014 Th\u00e1ng 5 2026\" \/>\n<meta name=\"robots\" content=\"index, follow, max-snippet:-1, max-image-preview:large, max-video-preview:-1\" \/>\n<link rel=\"canonical\" href=\"https:\/\/megapari.games\/vi\/sport\/\" \/>\n<meta property=\"og:locale\" content=\"vi_VN\" \/>\n<meta property=\"og:type\" content=\"article\" \/>\n<meta property=\"og:title\" content=\"MegaPari C\u00e1 c\u01b0\u1ee3c th\u1ec3 thao v\u1edbi t\u1ef7 l\u1ec7 c\u01b0\u1ee3c v\u00e0 c\u00e1c lo\u1ea1i c\u01b0\u1ee3c\" \/>\n<meta property=\"og:description\" content=\"C\u00e1 c\u01b0\u1ee3c th\u1ec3 thao MegaPari v\u1edbi \u0111a d\u1ea1ng th\u1ecb tr\u01b0\u1eddng, t\u1ef7 l\u1ec7 c\u01b0\u1ee3c phong ph\u00fa, t\u1ef7 l\u1ec7 c\u01b0\u1ee3c tr\u1ef1c ti\u1ebfp v\u00e0 th\u1ed1ng k\u00ea tr\u1eadn \u0111\u1ea5u chi ti\u1ebft. Giao di\u1ec7n d\u1ec5 s\u1eed d\u1ee5ng v\u00e0 thanh to\u00e1n nhanh ch\u00f3ng \u2014 Th\u00e1ng 5 2026\" \/>\n<meta property=\"og:url\" content=\"https:\/\/megapari.games\/vi\/sport\/\" \/>\n<meta property=\"og:site_name\" content=\"Megapari Games vi\" \/>\n<meta property=\"article:modified_time\" content=\"2026-03-27T13:48:35+00:00\" \/>\n<meta name=\"twitter:card\" content=\"summary_large_image\" \/>\n<script type=\"application\/ld+json\" class=\"yoast-schema-graph\">{\"@context\":\"https:\\\/\\\/schema.org\",\"@graph\":[{\"@type\":\"WebPage\",\"@id\":\"https:\\\/\\\/megapari.games\\\/vi\\\/sport\\\/\",\"url\":\"https:\\\/\\\/megapari.games\\\/vi\\\/sport\\\/\",\"name\":\"MegaPari C\u00e1 c\u01b0\u1ee3c th\u1ec3 thao v\u1edbi t\u1ef7 l\u1ec7 c\u01b0\u1ee3c v\u00e0 c\u00e1c lo\u1ea1i c\u01b0\u1ee3c\",\"isPartOf\":{\"@id\":\"https:\\\/\\\/megapari.games\\\/vi\\\/#website\"},\"datePublished\":\"2025-11-21T12:23:50+00:00\",\"dateModified\":\"2026-03-27T13:48:35+00:00\",\"description\":\"C\u00e1 c\u01b0\u1ee3c th\u1ec3 thao MegaPari v\u1edbi \u0111a d\u1ea1ng th\u1ecb tr\u01b0\u1eddng, t\u1ef7 l\u1ec7 c\u01b0\u1ee3c phong ph\u00fa, t\u1ef7 l\u1ec7 c\u01b0\u1ee3c tr\u1ef1c ti\u1ebfp v\u00e0 th\u1ed1ng k\u00ea tr\u1eadn \u0111\u1ea5u chi ti\u1ebft. Giao di\u1ec7n d\u1ec5 s\u1eed d\u1ee5ng v\u00e0 thanh to\u00e1n nhanh ch\u00f3ng \u2014 Th\u00e1ng 5 2026\",\"breadcrumb\":{\"@id\":\"https:\\\/\\\/megapari.games\\\/vi\\\/sport\\\/#breadcrumb\"},\"inLanguage\":\"vi\",\"potentialAction\":[{\"@type\":\"ReadAction\",\"target\":[\"https:\\\/\\\/megapari.games\\\/vi\\\/sport\\\/\"]}]},{\"@type\":\"BreadcrumbList\",\"@id\":\"https:\\\/\\\/megapari.games\\\/vi\\\/sport\\\/#breadcrumb\",\"itemListElement\":[{\"@type\":\"ListItem\",\"position\":1,\"name\":\"\u0413\u043b\u0430\u0432\u043d\u0430\u044f \u0441\u0442\u0440\u0430\u043d\u0438\u0446\u0430\",\"item\":\"https:\\\/\\\/megapari.games\\\/vi\\\/\"},{\"@type\":\"ListItem\",\"position\":2,\"name\":\"Th\u1ec3 thao\"}]},{\"@type\":\"WebSite\",\"@id\":\"https:\\\/\\\/megapari.games\\\/vi\\\/#website\",\"url\":\"https:\\\/\\\/megapari.games\\\/vi\\\/\",\"name\":\"Megapari Games vi\",\"description\":\"My WordPress Blog\",\"potentialAction\":[{\"@type\":\"SearchAction\",\"target\":{\"@type\":\"EntryPoint\",\"urlTemplate\":\"https:\\\/\\\/megapari.games\\\/vi\\\/?s={search_term_string}\"},\"query-input\":{\"@type\":\"PropertyValueSpecification\",\"valueRequired\":true,\"valueName\":\"search_term_string\"}}],\"inLanguage\":\"vi\"}]}<\/script>\n<!-- \/ Yoast SEO plugin. -->","yoast_head_json":{"title":"MegaPari C\u00e1 c\u01b0\u1ee3c th\u1ec3 thao v\u1edbi t\u1ef7 l\u1ec7 c\u01b0\u1ee3c v\u00e0 c\u00e1c lo\u1ea1i c\u01b0\u1ee3c","description":"C\u00e1 c\u01b0\u1ee3c th\u1ec3 thao MegaPari v\u1edbi \u0111a d\u1ea1ng th\u1ecb tr\u01b0\u1eddng, t\u1ef7 l\u1ec7 c\u01b0\u1ee3c phong ph\u00fa, t\u1ef7 l\u1ec7 c\u01b0\u1ee3c tr\u1ef1c ti\u1ebfp v\u00e0 th\u1ed1ng k\u00ea tr\u1eadn \u0111\u1ea5u chi ti\u1ebft. Giao di\u1ec7n d\u1ec5 s\u1eed d\u1ee5ng v\u00e0 thanh to\u00e1n nhanh ch\u00f3ng \u2014 Th\u00e1ng 5 2026","robots":{"index":"index","follow":"follow","max-snippet":"max-snippet:-1","max-image-preview":"max-image-preview:large","max-video-preview":"max-video-preview:-1"},"canonical":"https:\/\/megapari.games\/vi\/sport\/","og_locale":"vi_VN","og_type":"article","og_title":"MegaPari C\u00e1 c\u01b0\u1ee3c th\u1ec3 thao v\u1edbi t\u1ef7 l\u1ec7 c\u01b0\u1ee3c v\u00e0 c\u00e1c lo\u1ea1i c\u01b0\u1ee3c","og_description":"C\u00e1 c\u01b0\u1ee3c th\u1ec3 thao MegaPari v\u1edbi \u0111a d\u1ea1ng th\u1ecb tr\u01b0\u1eddng, t\u1ef7 l\u1ec7 c\u01b0\u1ee3c phong ph\u00fa, t\u1ef7 l\u1ec7 c\u01b0\u1ee3c tr\u1ef1c ti\u1ebfp v\u00e0 th\u1ed1ng k\u00ea tr\u1eadn \u0111\u1ea5u chi ti\u1ebft. Giao di\u1ec7n d\u1ec5 s\u1eed d\u1ee5ng v\u00e0 thanh to\u00e1n nhanh ch\u00f3ng \u2014 Th\u00e1ng 5 2026","og_url":"https:\/\/megapari.games\/vi\/sport\/","og_site_name":"Megapari Games vi","article_modified_time":"2026-03-27T13:48:35+00:00","twitter_card":"summary_large_image","schema":{"@context":"https:\/\/schema.org","@graph":[{"@type":"WebPage","@id":"https:\/\/megapari.games\/vi\/sport\/","url":"https:\/\/megapari.games\/vi\/sport\/","name":"MegaPari C\u00e1 c\u01b0\u1ee3c th\u1ec3 thao v\u1edbi t\u1ef7 l\u1ec7 c\u01b0\u1ee3c v\u00e0 c\u00e1c lo\u1ea1i c\u01b0\u1ee3c","isPartOf":{"@id":"https:\/\/megapari.games\/vi\/#website"},"datePublished":"2025-11-21T12:23:50+00:00","dateModified":"2026-03-27T13:48:35+00:00","description":"C\u00e1 c\u01b0\u1ee3c th\u1ec3 thao MegaPari v\u1edbi \u0111a d\u1ea1ng th\u1ecb tr\u01b0\u1eddng, t\u1ef7 l\u1ec7 c\u01b0\u1ee3c phong ph\u00fa, t\u1ef7 l\u1ec7 c\u01b0\u1ee3c tr\u1ef1c ti\u1ebfp v\u00e0 th\u1ed1ng k\u00ea tr\u1eadn \u0111\u1ea5u chi ti\u1ebft. Giao di\u1ec7n d\u1ec5 s\u1eed d\u1ee5ng v\u00e0 thanh to\u00e1n nhanh ch\u00f3ng \u2014 Th\u00e1ng 5 2026","breadcrumb":{"@id":"https:\/\/megapari.games\/vi\/sport\/#breadcrumb"},"inLanguage":"vi","potentialAction":[{"@type":"ReadAction","target":["https:\/\/megapari.games\/vi\/sport\/"]}]},{"@type":"BreadcrumbList","@id":"https:\/\/megapari.games\/vi\/sport\/#breadcrumb","itemListElement":[{"@type":"ListItem","position":1,"name":"\u0413\u043b\u0430\u0432\u043d\u0430\u044f \u0441\u0442\u0440\u0430\u043d\u0438\u0446\u0430","item":"https:\/\/megapari.games\/vi\/"},{"@type":"ListItem","position":2,"name":"Th\u1ec3 thao"}]},{"@type":"WebSite","@id":"https:\/\/megapari.games\/vi\/#website","url":"https:\/\/megapari.games\/vi\/","name":"Megapari Games vi","description":"My WordPress Blog","potentialAction":[{"@type":"SearchAction","target":{"@type":"EntryPoint","urlTemplate":"https:\/\/megapari.games\/vi\/?s={search_term_string}"},"query-input":{"@type":"PropertyValueSpecification","valueRequired":true,"valueName":"search_term_string"}}],"inLanguage":"vi"}]}},"_links":{"self":[{"href":"https:\/\/megapari.games\/vi\/wp-json\/wp\/v2\/pages\/1090","targetHints":{"allow":["GET"]}}],"collection":[{"href":"https:\/\/megapari.games\/vi\/wp-json\/wp\/v2\/pages"}],"about":[{"href":"https:\/\/megapari.games\/vi\/wp-json\/wp\/v2\/types\/page"}],"author":[{"embeddable":true,"href":"https:\/\/megapari.games\/vi\/wp-json\/wp\/v2\/users\/1"}],"replies":[{"embeddable":true,"href":"https:\/\/megapari.games\/vi\/wp-json\/wp\/v2\/comments?post=1090"}],"version-history":[{"count":8,"href":"https:\/\/megapari.games\/vi\/wp-json\/wp\/v2\/pages\/1090\/revisions"}],"predecessor-version":[{"id":1793,"href":"https:\/\/megapari.games\/vi\/wp-json\/wp\/v2\/pages\/1090\/revisions\/1793"}],"wp:attachment":[{"href":"https:\/\/megapari.games\/vi\/wp-json\/wp\/v2\/media?parent=1090"}],"curies":[{"name":"wp","href":"https:\/\/api.w.org\/{rel}","templated":true}]}}