{"id":1102,"date":"2025-11-21T14:32:56","date_gmt":"2025-11-21T14:32:56","guid":{"rendered":"https:\/\/megapari.games\/vi\/?page_id=1102"},"modified":"2026-03-27T05:13:29","modified_gmt":"2026-03-27T05:13:29","slug":"football-betting","status":"publish","type":"page","link":"https:\/\/megapari.games\/vi\/football-betting\/","title":{"rendered":"B\u00f3ng \u0111\u00e1"},"content":{"rendered":"","protected":false},"excerpt":{"rendered":"","protected":false},"author":1,"featured_media":0,"parent":0,"menu_order":0,"comment_status":"closed","ping_status":"closed","template":"","meta":{"inline_featured_image":false,"footnotes":""},"class_list":["post-1102","page","type-page","status-publish","hentry"],"yoast_head":"<!-- This site is optimized with the Yoast SEO plugin v27.5 - https:\/\/yoast.com\/product\/yoast-seo-wordpress\/ -->\n<title>Megapari B\u00f3ng \u0111\u00e1 | T\u1ef7 l\u1ec7 c\u01b0\u1ee3c, c\u00e1 c\u01b0\u1ee3c tr\u1ef1c ti\u1ebfp, khuy\u1ebfn m\u00e3i<\/title>\n<meta name=\"description\" content=\"C\u00e1 c\u01b0\u1ee3c b\u00f3ng \u0111\u00e1 tr\u00ean Megapari \u2014 danh s\u00e1ch tr\u1eadn \u0111\u1ea5u chi ti\u1ebft, c\u00e1 c\u01b0\u1ee3c tr\u1ef1c ti\u1ebfp, th\u1ed1ng k\u00ea \u0111\u1ed9i b\u00f3ng v\u00e0 c\u1ea7u th\u1ee7, truy c\u1eadp nhanh v\u00e0o c\u00e1c gi\u1ea3i \u0111\u1ea5u tr\u00ean to\u00e0n th\u1ebf gi\u1edbi. Nh\u1eadn ti\u1ec1n th\u01b0\u1edfng v\u00e0 \u01b0u \u0111\u00e3i \u0111\u1eb7c bi\u1ec7t d\u00e0nh cho ng\u01b0\u1eddi d\u00f9ng m\u1edbi v\u00e0 ng\u01b0\u1eddi d\u00f9ng th\u01b0\u1eddng xuy\u00ean.\" \/>\n<meta name=\"robots\" content=\"index, follow, max-snippet:-1, max-image-preview:large, max-video-preview:-1\" \/>\n<link rel=\"canonical\" href=\"https:\/\/megapari.games\/vi\/football-betting\/\" \/>\n<meta property=\"og:locale\" content=\"vi_VN\" \/>\n<meta property=\"og:type\" content=\"article\" \/>\n<meta property=\"og:title\" content=\"Megapari B\u00f3ng \u0111\u00e1 | T\u1ef7 l\u1ec7 c\u01b0\u1ee3c, c\u00e1 c\u01b0\u1ee3c tr\u1ef1c ti\u1ebfp, khuy\u1ebfn m\u00e3i\" \/>\n<meta property=\"og:description\" content=\"C\u00e1 c\u01b0\u1ee3c b\u00f3ng \u0111\u00e1 tr\u00ean Megapari \u2014 danh s\u00e1ch tr\u1eadn \u0111\u1ea5u chi ti\u1ebft, c\u00e1 c\u01b0\u1ee3c tr\u1ef1c ti\u1ebfp, th\u1ed1ng k\u00ea \u0111\u1ed9i b\u00f3ng v\u00e0 c\u1ea7u th\u1ee7, truy c\u1eadp nhanh v\u00e0o c\u00e1c gi\u1ea3i \u0111\u1ea5u tr\u00ean to\u00e0n th\u1ebf gi\u1edbi. Nh\u1eadn ti\u1ec1n th\u01b0\u1edfng v\u00e0 \u01b0u \u0111\u00e3i \u0111\u1eb7c bi\u1ec7t d\u00e0nh cho ng\u01b0\u1eddi d\u00f9ng m\u1edbi v\u00e0 ng\u01b0\u1eddi d\u00f9ng th\u01b0\u1eddng xuy\u00ean.\" \/>\n<meta property=\"og:url\" content=\"https:\/\/megapari.games\/vi\/football-betting\/\" \/>\n<meta property=\"og:site_name\" content=\"Megapari Games vi\" \/>\n<meta property=\"article:modified_time\" content=\"2026-03-27T05:13:29+00:00\" \/>\n<meta name=\"twitter:card\" content=\"summary_large_image\" \/>\n<script type=\"application\/ld+json\" class=\"yoast-schema-graph\">{\"@context\":\"https:\\\/\\\/schema.org\",\"@graph\":[{\"@type\":\"WebPage\",\"@id\":\"https:\\\/\\\/megapari.games\\\/vi\\\/football-betting\\\/\",\"url\":\"https:\\\/\\\/megapari.games\\\/vi\\\/football-betting\\\/\",\"name\":\"Megapari B\u00f3ng \u0111\u00e1 | T\u1ef7 l\u1ec7 c\u01b0\u1ee3c, c\u00e1 c\u01b0\u1ee3c tr\u1ef1c ti\u1ebfp, khuy\u1ebfn m\u00e3i\",\"isPartOf\":{\"@id\":\"https:\\\/\\\/megapari.games\\\/vi\\\/#website\"},\"datePublished\":\"2025-11-21T14:32:56+00:00\",\"dateModified\":\"2026-03-27T05:13:29+00:00\",\"description\":\"C\u00e1 c\u01b0\u1ee3c b\u00f3ng \u0111\u00e1 tr\u00ean Megapari \u2014 danh s\u00e1ch tr\u1eadn \u0111\u1ea5u chi ti\u1ebft, c\u00e1 c\u01b0\u1ee3c tr\u1ef1c ti\u1ebfp, th\u1ed1ng k\u00ea \u0111\u1ed9i b\u00f3ng v\u00e0 c\u1ea7u th\u1ee7, truy c\u1eadp nhanh v\u00e0o c\u00e1c gi\u1ea3i \u0111\u1ea5u tr\u00ean to\u00e0n th\u1ebf gi\u1edbi. Nh\u1eadn ti\u1ec1n th\u01b0\u1edfng v\u00e0 \u01b0u \u0111\u00e3i \u0111\u1eb7c bi\u1ec7t d\u00e0nh cho ng\u01b0\u1eddi d\u00f9ng m\u1edbi v\u00e0 ng\u01b0\u1eddi d\u00f9ng th\u01b0\u1eddng xuy\u00ean.\",\"breadcrumb\":{\"@id\":\"https:\\\/\\\/megapari.games\\\/vi\\\/football-betting\\\/#breadcrumb\"},\"inLanguage\":\"vi\",\"potentialAction\":[{\"@type\":\"ReadAction\",\"target\":[\"https:\\\/\\\/megapari.games\\\/vi\\\/football-betting\\\/\"]}]},{\"@type\":\"BreadcrumbList\",\"@id\":\"https:\\\/\\\/megapari.games\\\/vi\\\/football-betting\\\/#breadcrumb\",\"itemListElement\":[{\"@type\":\"ListItem\",\"position\":1,\"name\":\"\u0413\u043b\u0430\u0432\u043d\u0430\u044f \u0441\u0442\u0440\u0430\u043d\u0438\u0446\u0430\",\"item\":\"https:\\\/\\\/megapari.games\\\/vi\\\/\"},{\"@type\":\"ListItem\",\"position\":2,\"name\":\"B\u00f3ng \u0111\u00e1\"}]},{\"@type\":\"WebSite\",\"@id\":\"https:\\\/\\\/megapari.games\\\/vi\\\/#website\",\"url\":\"https:\\\/\\\/megapari.games\\\/vi\\\/\",\"name\":\"Megapari Games vi\",\"description\":\"My WordPress Blog\",\"potentialAction\":[{\"@type\":\"SearchAction\",\"target\":{\"@type\":\"EntryPoint\",\"urlTemplate\":\"https:\\\/\\\/megapari.games\\\/vi\\\/?s={search_term_string}\"},\"query-input\":{\"@type\":\"PropertyValueSpecification\",\"valueRequired\":true,\"valueName\":\"search_term_string\"}}],\"inLanguage\":\"vi\"}]}<\/script>\n<!-- \/ Yoast SEO plugin. -->","yoast_head_json":{"title":"Megapari B\u00f3ng \u0111\u00e1 | T\u1ef7 l\u1ec7 c\u01b0\u1ee3c, c\u00e1 c\u01b0\u1ee3c tr\u1ef1c ti\u1ebfp, khuy\u1ebfn m\u00e3i","description":"C\u00e1 c\u01b0\u1ee3c b\u00f3ng \u0111\u00e1 tr\u00ean Megapari \u2014 danh s\u00e1ch tr\u1eadn \u0111\u1ea5u chi ti\u1ebft, c\u00e1 c\u01b0\u1ee3c tr\u1ef1c ti\u1ebfp, th\u1ed1ng k\u00ea \u0111\u1ed9i b\u00f3ng v\u00e0 c\u1ea7u th\u1ee7, truy c\u1eadp nhanh v\u00e0o c\u00e1c gi\u1ea3i \u0111\u1ea5u tr\u00ean to\u00e0n th\u1ebf gi\u1edbi. Nh\u1eadn ti\u1ec1n th\u01b0\u1edfng v\u00e0 \u01b0u \u0111\u00e3i \u0111\u1eb7c bi\u1ec7t d\u00e0nh cho ng\u01b0\u1eddi d\u00f9ng m\u1edbi v\u00e0 ng\u01b0\u1eddi d\u00f9ng th\u01b0\u1eddng xuy\u00ean.","robots":{"index":"index","follow":"follow","max-snippet":"max-snippet:-1","max-image-preview":"max-image-preview:large","max-video-preview":"max-video-preview:-1"},"canonical":"https:\/\/megapari.games\/vi\/football-betting\/","og_locale":"vi_VN","og_type":"article","og_title":"Megapari B\u00f3ng \u0111\u00e1 | T\u1ef7 l\u1ec7 c\u01b0\u1ee3c, c\u00e1 c\u01b0\u1ee3c tr\u1ef1c ti\u1ebfp, khuy\u1ebfn m\u00e3i","og_description":"C\u00e1 c\u01b0\u1ee3c b\u00f3ng \u0111\u00e1 tr\u00ean Megapari \u2014 danh s\u00e1ch tr\u1eadn \u0111\u1ea5u chi ti\u1ebft, c\u00e1 c\u01b0\u1ee3c tr\u1ef1c ti\u1ebfp, th\u1ed1ng k\u00ea \u0111\u1ed9i b\u00f3ng v\u00e0 c\u1ea7u th\u1ee7, truy c\u1eadp nhanh v\u00e0o c\u00e1c gi\u1ea3i \u0111\u1ea5u tr\u00ean to\u00e0n th\u1ebf gi\u1edbi. Nh\u1eadn ti\u1ec1n th\u01b0\u1edfng v\u00e0 \u01b0u \u0111\u00e3i \u0111\u1eb7c bi\u1ec7t d\u00e0nh cho ng\u01b0\u1eddi d\u00f9ng m\u1edbi v\u00e0 ng\u01b0\u1eddi d\u00f9ng th\u01b0\u1eddng xuy\u00ean.","og_url":"https:\/\/megapari.games\/vi\/football-betting\/","og_site_name":"Megapari Games vi","article_modified_time":"2026-03-27T05:13:29+00:00","twitter_card":"summary_large_image","schema":{"@context":"https:\/\/schema.org","@graph":[{"@type":"WebPage","@id":"https:\/\/megapari.games\/vi\/football-betting\/","url":"https:\/\/megapari.games\/vi\/football-betting\/","name":"Megapari B\u00f3ng \u0111\u00e1 | T\u1ef7 l\u1ec7 c\u01b0\u1ee3c, c\u00e1 c\u01b0\u1ee3c tr\u1ef1c ti\u1ebfp, khuy\u1ebfn m\u00e3i","isPartOf":{"@id":"https:\/\/megapari.games\/vi\/#website"},"datePublished":"2025-11-21T14:32:56+00:00","dateModified":"2026-03-27T05:13:29+00:00","description":"C\u00e1 c\u01b0\u1ee3c b\u00f3ng \u0111\u00e1 tr\u00ean Megapari \u2014 danh s\u00e1ch tr\u1eadn \u0111\u1ea5u chi ti\u1ebft, c\u00e1 c\u01b0\u1ee3c tr\u1ef1c ti\u1ebfp, th\u1ed1ng k\u00ea \u0111\u1ed9i b\u00f3ng v\u00e0 c\u1ea7u th\u1ee7, truy c\u1eadp nhanh v\u00e0o c\u00e1c gi\u1ea3i \u0111\u1ea5u tr\u00ean to\u00e0n th\u1ebf gi\u1edbi. Nh\u1eadn ti\u1ec1n th\u01b0\u1edfng v\u00e0 \u01b0u \u0111\u00e3i \u0111\u1eb7c bi\u1ec7t d\u00e0nh cho ng\u01b0\u1eddi d\u00f9ng m\u1edbi v\u00e0 ng\u01b0\u1eddi d\u00f9ng th\u01b0\u1eddng xuy\u00ean.","breadcrumb":{"@id":"https:\/\/megapari.games\/vi\/football-betting\/#breadcrumb"},"inLanguage":"vi","potentialAction":[{"@type":"ReadAction","target":["https:\/\/megapari.games\/vi\/football-betting\/"]}]},{"@type":"BreadcrumbList","@id":"https:\/\/megapari.games\/vi\/football-betting\/#breadcrumb","itemListElement":[{"@type":"ListItem","position":1,"name":"\u0413\u043b\u0430\u0432\u043d\u0430\u044f \u0441\u0442\u0440\u0430\u043d\u0438\u0446\u0430","item":"https:\/\/megapari.games\/vi\/"},{"@type":"ListItem","position":2,"name":"B\u00f3ng \u0111\u00e1"}]},{"@type":"WebSite","@id":"https:\/\/megapari.games\/vi\/#website","url":"https:\/\/megapari.games\/vi\/","name":"Megapari Games vi","description":"My WordPress Blog","potentialAction":[{"@type":"SearchAction","target":{"@type":"EntryPoint","urlTemplate":"https:\/\/megapari.games\/vi\/?s={search_term_string}"},"query-input":{"@type":"PropertyValueSpecification","valueRequired":true,"valueName":"search_term_string"}}],"inLanguage":"vi"}]}},"_links":{"self":[{"href":"https:\/\/megapari.games\/vi\/wp-json\/wp\/v2\/pages\/1102","targetHints":{"allow":["GET"]}}],"collection":[{"href":"https:\/\/megapari.games\/vi\/wp-json\/wp\/v2\/pages"}],"about":[{"href":"https:\/\/megapari.games\/vi\/wp-json\/wp\/v2\/types\/page"}],"author":[{"embeddable":true,"href":"https:\/\/megapari.games\/vi\/wp-json\/wp\/v2\/users\/1"}],"replies":[{"embeddable":true,"href":"https:\/\/megapari.games\/vi\/wp-json\/wp\/v2\/comments?post=1102"}],"version-history":[{"count":6,"href":"https:\/\/megapari.games\/vi\/wp-json\/wp\/v2\/pages\/1102\/revisions"}],"predecessor-version":[{"id":1771,"href":"https:\/\/megapari.games\/vi\/wp-json\/wp\/v2\/pages\/1102\/revisions\/1771"}],"wp:attachment":[{"href":"https:\/\/megapari.games\/vi\/wp-json\/wp\/v2\/media?parent=1102"}],"curies":[{"name":"wp","href":"https:\/\/api.w.org\/{rel}","templated":true}]}}