{"id":1122,"date":"2025-11-24T08:30:07","date_gmt":"2025-11-24T08:30:07","guid":{"rendered":"https:\/\/megapari.games\/vi\/?page_id=1122"},"modified":"2026-03-27T14:00:43","modified_gmt":"2026-03-27T14:00:43","slug":"tennis-betting","status":"publish","type":"page","link":"https:\/\/megapari.games\/vi\/tennis-betting\/","title":{"rendered":"Qu\u1ea7n v\u1ee3t"},"content":{"rendered":"","protected":false},"excerpt":{"rendered":"","protected":false},"author":1,"featured_media":0,"parent":0,"menu_order":0,"comment_status":"closed","ping_status":"closed","template":"","meta":{"inline_featured_image":false,"footnotes":""},"class_list":["post-1122","page","type-page","status-publish","hentry"],"yoast_head":"<!-- This site is optimized with the Yoast SEO plugin v27.5 - https:\/\/yoast.com\/product\/yoast-seo-wordpress\/ -->\n<title>Megapari Qu\u1ea7n v\u1ee3t | T\u1ef7 l\u1ec7 c\u01b0\u1ee3c v\u00e0 \u01b0u \u0111\u00e3i ti\u1ec1n th\u01b0\u1edfng<\/title>\n<meta name=\"description\" content=\"C\u00e1 c\u01b0\u1ee3c qu\u1ea7n v\u1ee3t tr\u00ean Megapari \u2014 c\u00e1c k\u00e8o c\u01b0\u1ee3c \u0111a d\u1ea1ng cho c\u00e1c gi\u1ea3i \u0111\u1ea5u ATP, WTA v\u00e0 Grand Slam, s\u1ed1 li\u1ec7u th\u1ed1ng k\u00ea tr\u1ef1c ti\u1ebfp c\u1eadp nh\u1eadt li\u00ean t\u1ee5c c\u00f9ng c\u00e1c c\u00f4ng c\u1ee5 ph\u00e2n t\u00edch ti\u1ec7n l\u1ee3i. T\u00ecm hi\u1ec3u v\u1ec1 c\u00e1c t\u00ednh n\u0103ng c\u1ee7a n\u1ec1n t\u1ea3ng v\u00e0 c\u00e1c ch\u01b0\u01a1ng tr\u00ecnh khuy\u1ebfn m\u00e3i hi\u1ec7n c\u00f3.\" \/>\n<meta name=\"robots\" content=\"index, follow, max-snippet:-1, max-image-preview:large, max-video-preview:-1\" \/>\n<link rel=\"canonical\" href=\"https:\/\/megapari.games\/vi\/tennis-betting\/\" \/>\n<meta property=\"og:locale\" content=\"vi_VN\" \/>\n<meta property=\"og:type\" content=\"article\" \/>\n<meta property=\"og:title\" content=\"Megapari Qu\u1ea7n v\u1ee3t | T\u1ef7 l\u1ec7 c\u01b0\u1ee3c v\u00e0 \u01b0u \u0111\u00e3i ti\u1ec1n th\u01b0\u1edfng\" \/>\n<meta property=\"og:description\" content=\"C\u00e1 c\u01b0\u1ee3c qu\u1ea7n v\u1ee3t tr\u00ean Megapari \u2014 c\u00e1c k\u00e8o c\u01b0\u1ee3c \u0111a d\u1ea1ng cho c\u00e1c gi\u1ea3i \u0111\u1ea5u ATP, WTA v\u00e0 Grand Slam, s\u1ed1 li\u1ec7u th\u1ed1ng k\u00ea tr\u1ef1c ti\u1ebfp c\u1eadp nh\u1eadt li\u00ean t\u1ee5c c\u00f9ng c\u00e1c c\u00f4ng c\u1ee5 ph\u00e2n t\u00edch ti\u1ec7n l\u1ee3i. T\u00ecm hi\u1ec3u v\u1ec1 c\u00e1c t\u00ednh n\u0103ng c\u1ee7a n\u1ec1n t\u1ea3ng v\u00e0 c\u00e1c ch\u01b0\u01a1ng tr\u00ecnh khuy\u1ebfn m\u00e3i hi\u1ec7n c\u00f3.\" \/>\n<meta property=\"og:url\" content=\"https:\/\/megapari.games\/vi\/tennis-betting\/\" \/>\n<meta property=\"og:site_name\" content=\"Megapari Games vi\" \/>\n<meta property=\"article:modified_time\" content=\"2026-03-27T14:00:43+00:00\" \/>\n<meta name=\"twitter:card\" content=\"summary_large_image\" \/>\n<script type=\"application\/ld+json\" class=\"yoast-schema-graph\">{\"@context\":\"https:\\\/\\\/schema.org\",\"@graph\":[{\"@type\":\"WebPage\",\"@id\":\"https:\\\/\\\/megapari.games\\\/vi\\\/tennis-betting\\\/\",\"url\":\"https:\\\/\\\/megapari.games\\\/vi\\\/tennis-betting\\\/\",\"name\":\"Megapari Qu\u1ea7n v\u1ee3t | T\u1ef7 l\u1ec7 c\u01b0\u1ee3c v\u00e0 \u01b0u \u0111\u00e3i ti\u1ec1n th\u01b0\u1edfng\",\"isPartOf\":{\"@id\":\"https:\\\/\\\/megapari.games\\\/vi\\\/#website\"},\"datePublished\":\"2025-11-24T08:30:07+00:00\",\"dateModified\":\"2026-03-27T14:00:43+00:00\",\"description\":\"C\u00e1 c\u01b0\u1ee3c qu\u1ea7n v\u1ee3t tr\u00ean Megapari \u2014 c\u00e1c k\u00e8o c\u01b0\u1ee3c \u0111a d\u1ea1ng cho c\u00e1c gi\u1ea3i \u0111\u1ea5u ATP, WTA v\u00e0 Grand Slam, s\u1ed1 li\u1ec7u th\u1ed1ng k\u00ea tr\u1ef1c ti\u1ebfp c\u1eadp nh\u1eadt li\u00ean t\u1ee5c c\u00f9ng c\u00e1c c\u00f4ng c\u1ee5 ph\u00e2n t\u00edch ti\u1ec7n l\u1ee3i. T\u00ecm hi\u1ec3u v\u1ec1 c\u00e1c t\u00ednh n\u0103ng c\u1ee7a n\u1ec1n t\u1ea3ng v\u00e0 c\u00e1c ch\u01b0\u01a1ng tr\u00ecnh khuy\u1ebfn m\u00e3i hi\u1ec7n c\u00f3.\",\"breadcrumb\":{\"@id\":\"https:\\\/\\\/megapari.games\\\/vi\\\/tennis-betting\\\/#breadcrumb\"},\"inLanguage\":\"vi\",\"potentialAction\":[{\"@type\":\"ReadAction\",\"target\":[\"https:\\\/\\\/megapari.games\\\/vi\\\/tennis-betting\\\/\"]}]},{\"@type\":\"BreadcrumbList\",\"@id\":\"https:\\\/\\\/megapari.games\\\/vi\\\/tennis-betting\\\/#breadcrumb\",\"itemListElement\":[{\"@type\":\"ListItem\",\"position\":1,\"name\":\"\u0413\u043b\u0430\u0432\u043d\u0430\u044f \u0441\u0442\u0440\u0430\u043d\u0438\u0446\u0430\",\"item\":\"https:\\\/\\\/megapari.games\\\/vi\\\/\"},{\"@type\":\"ListItem\",\"position\":2,\"name\":\"Qu\u1ea7n v\u1ee3t\"}]},{\"@type\":\"WebSite\",\"@id\":\"https:\\\/\\\/megapari.games\\\/vi\\\/#website\",\"url\":\"https:\\\/\\\/megapari.games\\\/vi\\\/\",\"name\":\"Megapari Games vi\",\"description\":\"My WordPress Blog\",\"potentialAction\":[{\"@type\":\"SearchAction\",\"target\":{\"@type\":\"EntryPoint\",\"urlTemplate\":\"https:\\\/\\\/megapari.games\\\/vi\\\/?s={search_term_string}\"},\"query-input\":{\"@type\":\"PropertyValueSpecification\",\"valueRequired\":true,\"valueName\":\"search_term_string\"}}],\"inLanguage\":\"vi\"}]}<\/script>\n<!-- \/ Yoast SEO plugin. -->","yoast_head_json":{"title":"Megapari Qu\u1ea7n v\u1ee3t | T\u1ef7 l\u1ec7 c\u01b0\u1ee3c v\u00e0 \u01b0u \u0111\u00e3i ti\u1ec1n th\u01b0\u1edfng","description":"C\u00e1 c\u01b0\u1ee3c qu\u1ea7n v\u1ee3t tr\u00ean Megapari \u2014 c\u00e1c k\u00e8o c\u01b0\u1ee3c \u0111a d\u1ea1ng cho c\u00e1c gi\u1ea3i \u0111\u1ea5u ATP, WTA v\u00e0 Grand Slam, s\u1ed1 li\u1ec7u th\u1ed1ng k\u00ea tr\u1ef1c ti\u1ebfp c\u1eadp nh\u1eadt li\u00ean t\u1ee5c c\u00f9ng c\u00e1c c\u00f4ng c\u1ee5 ph\u00e2n t\u00edch ti\u1ec7n l\u1ee3i. T\u00ecm hi\u1ec3u v\u1ec1 c\u00e1c t\u00ednh n\u0103ng c\u1ee7a n\u1ec1n t\u1ea3ng v\u00e0 c\u00e1c ch\u01b0\u01a1ng tr\u00ecnh khuy\u1ebfn m\u00e3i hi\u1ec7n c\u00f3.","robots":{"index":"index","follow":"follow","max-snippet":"max-snippet:-1","max-image-preview":"max-image-preview:large","max-video-preview":"max-video-preview:-1"},"canonical":"https:\/\/megapari.games\/vi\/tennis-betting\/","og_locale":"vi_VN","og_type":"article","og_title":"Megapari Qu\u1ea7n v\u1ee3t | T\u1ef7 l\u1ec7 c\u01b0\u1ee3c v\u00e0 \u01b0u \u0111\u00e3i ti\u1ec1n th\u01b0\u1edfng","og_description":"C\u00e1 c\u01b0\u1ee3c qu\u1ea7n v\u1ee3t tr\u00ean Megapari \u2014 c\u00e1c k\u00e8o c\u01b0\u1ee3c \u0111a d\u1ea1ng cho c\u00e1c gi\u1ea3i \u0111\u1ea5u ATP, WTA v\u00e0 Grand Slam, s\u1ed1 li\u1ec7u th\u1ed1ng k\u00ea tr\u1ef1c ti\u1ebfp c\u1eadp nh\u1eadt li\u00ean t\u1ee5c c\u00f9ng c\u00e1c c\u00f4ng c\u1ee5 ph\u00e2n t\u00edch ti\u1ec7n l\u1ee3i. T\u00ecm hi\u1ec3u v\u1ec1 c\u00e1c t\u00ednh n\u0103ng c\u1ee7a n\u1ec1n t\u1ea3ng v\u00e0 c\u00e1c ch\u01b0\u01a1ng tr\u00ecnh khuy\u1ebfn m\u00e3i hi\u1ec7n c\u00f3.","og_url":"https:\/\/megapari.games\/vi\/tennis-betting\/","og_site_name":"Megapari Games vi","article_modified_time":"2026-03-27T14:00:43+00:00","twitter_card":"summary_large_image","schema":{"@context":"https:\/\/schema.org","@graph":[{"@type":"WebPage","@id":"https:\/\/megapari.games\/vi\/tennis-betting\/","url":"https:\/\/megapari.games\/vi\/tennis-betting\/","name":"Megapari Qu\u1ea7n v\u1ee3t | T\u1ef7 l\u1ec7 c\u01b0\u1ee3c v\u00e0 \u01b0u \u0111\u00e3i ti\u1ec1n th\u01b0\u1edfng","isPartOf":{"@id":"https:\/\/megapari.games\/vi\/#website"},"datePublished":"2025-11-24T08:30:07+00:00","dateModified":"2026-03-27T14:00:43+00:00","description":"C\u00e1 c\u01b0\u1ee3c qu\u1ea7n v\u1ee3t tr\u00ean Megapari \u2014 c\u00e1c k\u00e8o c\u01b0\u1ee3c \u0111a d\u1ea1ng cho c\u00e1c gi\u1ea3i \u0111\u1ea5u ATP, WTA v\u00e0 Grand Slam, s\u1ed1 li\u1ec7u th\u1ed1ng k\u00ea tr\u1ef1c ti\u1ebfp c\u1eadp nh\u1eadt li\u00ean t\u1ee5c c\u00f9ng c\u00e1c c\u00f4ng c\u1ee5 ph\u00e2n t\u00edch ti\u1ec7n l\u1ee3i. T\u00ecm hi\u1ec3u v\u1ec1 c\u00e1c t\u00ednh n\u0103ng c\u1ee7a n\u1ec1n t\u1ea3ng v\u00e0 c\u00e1c ch\u01b0\u01a1ng tr\u00ecnh khuy\u1ebfn m\u00e3i hi\u1ec7n c\u00f3.","breadcrumb":{"@id":"https:\/\/megapari.games\/vi\/tennis-betting\/#breadcrumb"},"inLanguage":"vi","potentialAction":[{"@type":"ReadAction","target":["https:\/\/megapari.games\/vi\/tennis-betting\/"]}]},{"@type":"BreadcrumbList","@id":"https:\/\/megapari.games\/vi\/tennis-betting\/#breadcrumb","itemListElement":[{"@type":"ListItem","position":1,"name":"\u0413\u043b\u0430\u0432\u043d\u0430\u044f \u0441\u0442\u0440\u0430\u043d\u0438\u0446\u0430","item":"https:\/\/megapari.games\/vi\/"},{"@type":"ListItem","position":2,"name":"Qu\u1ea7n v\u1ee3t"}]},{"@type":"WebSite","@id":"https:\/\/megapari.games\/vi\/#website","url":"https:\/\/megapari.games\/vi\/","name":"Megapari Games vi","description":"My WordPress Blog","potentialAction":[{"@type":"SearchAction","target":{"@type":"EntryPoint","urlTemplate":"https:\/\/megapari.games\/vi\/?s={search_term_string}"},"query-input":{"@type":"PropertyValueSpecification","valueRequired":true,"valueName":"search_term_string"}}],"inLanguage":"vi"}]}},"_links":{"self":[{"href":"https:\/\/megapari.games\/vi\/wp-json\/wp\/v2\/pages\/1122","targetHints":{"allow":["GET"]}}],"collection":[{"href":"https:\/\/megapari.games\/vi\/wp-json\/wp\/v2\/pages"}],"about":[{"href":"https:\/\/megapari.games\/vi\/wp-json\/wp\/v2\/types\/page"}],"author":[{"embeddable":true,"href":"https:\/\/megapari.games\/vi\/wp-json\/wp\/v2\/users\/1"}],"replies":[{"embeddable":true,"href":"https:\/\/megapari.games\/vi\/wp-json\/wp\/v2\/comments?post=1122"}],"version-history":[{"count":5,"href":"https:\/\/megapari.games\/vi\/wp-json\/wp\/v2\/pages\/1122\/revisions"}],"predecessor-version":[{"id":1797,"href":"https:\/\/megapari.games\/vi\/wp-json\/wp\/v2\/pages\/1122\/revisions\/1797"}],"wp:attachment":[{"href":"https:\/\/megapari.games\/vi\/wp-json\/wp\/v2\/media?parent=1122"}],"curies":[{"name":"wp","href":"https:\/\/api.w.org\/{rel}","templated":true}]}}