{"id":1136,"date":"2025-11-24T10:23:19","date_gmt":"2025-11-24T10:23:19","guid":{"rendered":"https:\/\/megapari.games\/vi\/?page_id=1136"},"modified":"2026-03-27T05:09:35","modified_gmt":"2026-03-27T05:09:35","slug":"esports-betting","status":"publish","type":"page","link":"https:\/\/megapari.games\/vi\/esports-betting\/","title":{"rendered":"Th\u1ec3 thao"},"content":{"rendered":"","protected":false},"excerpt":{"rendered":"","protected":false},"author":1,"featured_media":0,"parent":0,"menu_order":0,"comment_status":"closed","ping_status":"closed","template":"","meta":{"inline_featured_image":false,"footnotes":""},"class_list":["post-1136","page","type-page","status-publish","hentry"],"yoast_head":"<!-- This site is optimized with the Yoast SEO plugin v27.5 - https:\/\/yoast.com\/product\/yoast-seo-wordpress\/ -->\n<title>Megapari Th\u1ec3 thao \u0111i\u1ec7n t\u1eed | c\u00e1c b\u1ed9 m\u00f4n, c\u00e1c l\u1ef1a ch\u1ecdn c\u00e1 c\u01b0\u1ee3c<\/title>\n<meta name=\"description\" content=\"C\u00e1 c\u01b0\u1ee3c th\u1ec3 thao \u0111i\u1ec7n t\u1eed tr\u00ean Megapari \u2014 CS2, Dota 2, LoL v\u00e0 c\u00e1c b\u1ed9 m\u00f4n kh\u00e1c v\u1edbi t\u1ef7 l\u1ec7 c\u01b0\u1ee3c chi ti\u1ebft, ph\u00e2n t\u00edch b\u1ea3n \u0111\u1ed3, d\u1eef li\u1ec7u tr\u1ef1c ti\u1ebfp v\u00e0 c\u00e1c c\u00f4ng c\u1ee5 ti\u1ec7n l\u1ee3i. T\u00ecm hi\u1ec3u v\u1ec1 c\u00e1c t\u00ednh n\u0103ng c\u1ee7a m\u1ee5c n\u00e0y c\u0169ng nh\u01b0 c\u00e1c \u01b0u \u0111\u00e3i ti\u1ec1n th\u01b0\u1edfng hi\u1ec7n c\u00f3 tr\u00ean n\u1ec1n t\u1ea3ng.\" \/>\n<meta name=\"robots\" content=\"index, follow, max-snippet:-1, max-image-preview:large, max-video-preview:-1\" \/>\n<link rel=\"canonical\" href=\"https:\/\/megapari.games\/vi\/esports-betting\/\" \/>\n<meta property=\"og:locale\" content=\"vi_VN\" \/>\n<meta property=\"og:type\" content=\"article\" \/>\n<meta property=\"og:title\" content=\"Megapari Th\u1ec3 thao \u0111i\u1ec7n t\u1eed | c\u00e1c b\u1ed9 m\u00f4n, c\u00e1c l\u1ef1a ch\u1ecdn c\u00e1 c\u01b0\u1ee3c\" \/>\n<meta property=\"og:description\" content=\"C\u00e1 c\u01b0\u1ee3c th\u1ec3 thao \u0111i\u1ec7n t\u1eed tr\u00ean Megapari \u2014 CS2, Dota 2, LoL v\u00e0 c\u00e1c b\u1ed9 m\u00f4n kh\u00e1c v\u1edbi t\u1ef7 l\u1ec7 c\u01b0\u1ee3c chi ti\u1ebft, ph\u00e2n t\u00edch b\u1ea3n \u0111\u1ed3, d\u1eef li\u1ec7u tr\u1ef1c ti\u1ebfp v\u00e0 c\u00e1c c\u00f4ng c\u1ee5 ti\u1ec7n l\u1ee3i. T\u00ecm hi\u1ec3u v\u1ec1 c\u00e1c t\u00ednh n\u0103ng c\u1ee7a m\u1ee5c n\u00e0y c\u0169ng nh\u01b0 c\u00e1c \u01b0u \u0111\u00e3i ti\u1ec1n th\u01b0\u1edfng hi\u1ec7n c\u00f3 tr\u00ean n\u1ec1n t\u1ea3ng.\" \/>\n<meta property=\"og:url\" content=\"https:\/\/megapari.games\/vi\/esports-betting\/\" \/>\n<meta property=\"og:site_name\" content=\"Megapari Games vi\" \/>\n<meta property=\"article:modified_time\" content=\"2026-03-27T05:09:35+00:00\" \/>\n<meta name=\"twitter:card\" content=\"summary_large_image\" \/>\n<script type=\"application\/ld+json\" class=\"yoast-schema-graph\">{\"@context\":\"https:\\\/\\\/schema.org\",\"@graph\":[{\"@type\":\"WebPage\",\"@id\":\"https:\\\/\\\/megapari.games\\\/vi\\\/esports-betting\\\/\",\"url\":\"https:\\\/\\\/megapari.games\\\/vi\\\/esports-betting\\\/\",\"name\":\"Megapari Th\u1ec3 thao \u0111i\u1ec7n t\u1eed | c\u00e1c b\u1ed9 m\u00f4n, c\u00e1c l\u1ef1a ch\u1ecdn c\u00e1 c\u01b0\u1ee3c\",\"isPartOf\":{\"@id\":\"https:\\\/\\\/megapari.games\\\/vi\\\/#website\"},\"datePublished\":\"2025-11-24T10:23:19+00:00\",\"dateModified\":\"2026-03-27T05:09:35+00:00\",\"description\":\"C\u00e1 c\u01b0\u1ee3c th\u1ec3 thao \u0111i\u1ec7n t\u1eed tr\u00ean Megapari \u2014 CS2, Dota 2, LoL v\u00e0 c\u00e1c b\u1ed9 m\u00f4n kh\u00e1c v\u1edbi t\u1ef7 l\u1ec7 c\u01b0\u1ee3c chi ti\u1ebft, ph\u00e2n t\u00edch b\u1ea3n \u0111\u1ed3, d\u1eef li\u1ec7u tr\u1ef1c ti\u1ebfp v\u00e0 c\u00e1c c\u00f4ng c\u1ee5 ti\u1ec7n l\u1ee3i. T\u00ecm hi\u1ec3u v\u1ec1 c\u00e1c t\u00ednh n\u0103ng c\u1ee7a m\u1ee5c n\u00e0y c\u0169ng nh\u01b0 c\u00e1c \u01b0u \u0111\u00e3i ti\u1ec1n th\u01b0\u1edfng hi\u1ec7n c\u00f3 tr\u00ean n\u1ec1n t\u1ea3ng.\",\"breadcrumb\":{\"@id\":\"https:\\\/\\\/megapari.games\\\/vi\\\/esports-betting\\\/#breadcrumb\"},\"inLanguage\":\"vi\",\"potentialAction\":[{\"@type\":\"ReadAction\",\"target\":[\"https:\\\/\\\/megapari.games\\\/vi\\\/esports-betting\\\/\"]}]},{\"@type\":\"BreadcrumbList\",\"@id\":\"https:\\\/\\\/megapari.games\\\/vi\\\/esports-betting\\\/#breadcrumb\",\"itemListElement\":[{\"@type\":\"ListItem\",\"position\":1,\"name\":\"\u0413\u043b\u0430\u0432\u043d\u0430\u044f \u0441\u0442\u0440\u0430\u043d\u0438\u0446\u0430\",\"item\":\"https:\\\/\\\/megapari.games\\\/vi\\\/\"},{\"@type\":\"ListItem\",\"position\":2,\"name\":\"Th\u1ec3 thao\"}]},{\"@type\":\"WebSite\",\"@id\":\"https:\\\/\\\/megapari.games\\\/vi\\\/#website\",\"url\":\"https:\\\/\\\/megapari.games\\\/vi\\\/\",\"name\":\"Megapari Games vi\",\"description\":\"My WordPress Blog\",\"potentialAction\":[{\"@type\":\"SearchAction\",\"target\":{\"@type\":\"EntryPoint\",\"urlTemplate\":\"https:\\\/\\\/megapari.games\\\/vi\\\/?s={search_term_string}\"},\"query-input\":{\"@type\":\"PropertyValueSpecification\",\"valueRequired\":true,\"valueName\":\"search_term_string\"}}],\"inLanguage\":\"vi\"}]}<\/script>\n<!-- \/ Yoast SEO plugin. -->","yoast_head_json":{"title":"Megapari Th\u1ec3 thao \u0111i\u1ec7n t\u1eed | c\u00e1c b\u1ed9 m\u00f4n, c\u00e1c l\u1ef1a ch\u1ecdn c\u00e1 c\u01b0\u1ee3c","description":"C\u00e1 c\u01b0\u1ee3c th\u1ec3 thao \u0111i\u1ec7n t\u1eed tr\u00ean Megapari \u2014 CS2, Dota 2, LoL v\u00e0 c\u00e1c b\u1ed9 m\u00f4n kh\u00e1c v\u1edbi t\u1ef7 l\u1ec7 c\u01b0\u1ee3c chi ti\u1ebft, ph\u00e2n t\u00edch b\u1ea3n \u0111\u1ed3, d\u1eef li\u1ec7u tr\u1ef1c ti\u1ebfp v\u00e0 c\u00e1c c\u00f4ng c\u1ee5 ti\u1ec7n l\u1ee3i. T\u00ecm hi\u1ec3u v\u1ec1 c\u00e1c t\u00ednh n\u0103ng c\u1ee7a m\u1ee5c n\u00e0y c\u0169ng nh\u01b0 c\u00e1c \u01b0u \u0111\u00e3i ti\u1ec1n th\u01b0\u1edfng hi\u1ec7n c\u00f3 tr\u00ean n\u1ec1n t\u1ea3ng.","robots":{"index":"index","follow":"follow","max-snippet":"max-snippet:-1","max-image-preview":"max-image-preview:large","max-video-preview":"max-video-preview:-1"},"canonical":"https:\/\/megapari.games\/vi\/esports-betting\/","og_locale":"vi_VN","og_type":"article","og_title":"Megapari Th\u1ec3 thao \u0111i\u1ec7n t\u1eed | c\u00e1c b\u1ed9 m\u00f4n, c\u00e1c l\u1ef1a ch\u1ecdn c\u00e1 c\u01b0\u1ee3c","og_description":"C\u00e1 c\u01b0\u1ee3c th\u1ec3 thao \u0111i\u1ec7n t\u1eed tr\u00ean Megapari \u2014 CS2, Dota 2, LoL v\u00e0 c\u00e1c b\u1ed9 m\u00f4n kh\u00e1c v\u1edbi t\u1ef7 l\u1ec7 c\u01b0\u1ee3c chi ti\u1ebft, ph\u00e2n t\u00edch b\u1ea3n \u0111\u1ed3, d\u1eef li\u1ec7u tr\u1ef1c ti\u1ebfp v\u00e0 c\u00e1c c\u00f4ng c\u1ee5 ti\u1ec7n l\u1ee3i. T\u00ecm hi\u1ec3u v\u1ec1 c\u00e1c t\u00ednh n\u0103ng c\u1ee7a m\u1ee5c n\u00e0y c\u0169ng nh\u01b0 c\u00e1c \u01b0u \u0111\u00e3i ti\u1ec1n th\u01b0\u1edfng hi\u1ec7n c\u00f3 tr\u00ean n\u1ec1n t\u1ea3ng.","og_url":"https:\/\/megapari.games\/vi\/esports-betting\/","og_site_name":"Megapari Games vi","article_modified_time":"2026-03-27T05:09:35+00:00","twitter_card":"summary_large_image","schema":{"@context":"https:\/\/schema.org","@graph":[{"@type":"WebPage","@id":"https:\/\/megapari.games\/vi\/esports-betting\/","url":"https:\/\/megapari.games\/vi\/esports-betting\/","name":"Megapari Th\u1ec3 thao \u0111i\u1ec7n t\u1eed | c\u00e1c b\u1ed9 m\u00f4n, c\u00e1c l\u1ef1a ch\u1ecdn c\u00e1 c\u01b0\u1ee3c","isPartOf":{"@id":"https:\/\/megapari.games\/vi\/#website"},"datePublished":"2025-11-24T10:23:19+00:00","dateModified":"2026-03-27T05:09:35+00:00","description":"C\u00e1 c\u01b0\u1ee3c th\u1ec3 thao \u0111i\u1ec7n t\u1eed tr\u00ean Megapari \u2014 CS2, Dota 2, LoL v\u00e0 c\u00e1c b\u1ed9 m\u00f4n kh\u00e1c v\u1edbi t\u1ef7 l\u1ec7 c\u01b0\u1ee3c chi ti\u1ebft, ph\u00e2n t\u00edch b\u1ea3n \u0111\u1ed3, d\u1eef li\u1ec7u tr\u1ef1c ti\u1ebfp v\u00e0 c\u00e1c c\u00f4ng c\u1ee5 ti\u1ec7n l\u1ee3i. T\u00ecm hi\u1ec3u v\u1ec1 c\u00e1c t\u00ednh n\u0103ng c\u1ee7a m\u1ee5c n\u00e0y c\u0169ng nh\u01b0 c\u00e1c \u01b0u \u0111\u00e3i ti\u1ec1n th\u01b0\u1edfng hi\u1ec7n c\u00f3 tr\u00ean n\u1ec1n t\u1ea3ng.","breadcrumb":{"@id":"https:\/\/megapari.games\/vi\/esports-betting\/#breadcrumb"},"inLanguage":"vi","potentialAction":[{"@type":"ReadAction","target":["https:\/\/megapari.games\/vi\/esports-betting\/"]}]},{"@type":"BreadcrumbList","@id":"https:\/\/megapari.games\/vi\/esports-betting\/#breadcrumb","itemListElement":[{"@type":"ListItem","position":1,"name":"\u0413\u043b\u0430\u0432\u043d\u0430\u044f \u0441\u0442\u0440\u0430\u043d\u0438\u0446\u0430","item":"https:\/\/megapari.games\/vi\/"},{"@type":"ListItem","position":2,"name":"Th\u1ec3 thao"}]},{"@type":"WebSite","@id":"https:\/\/megapari.games\/vi\/#website","url":"https:\/\/megapari.games\/vi\/","name":"Megapari Games vi","description":"My WordPress Blog","potentialAction":[{"@type":"SearchAction","target":{"@type":"EntryPoint","urlTemplate":"https:\/\/megapari.games\/vi\/?s={search_term_string}"},"query-input":{"@type":"PropertyValueSpecification","valueRequired":true,"valueName":"search_term_string"}}],"inLanguage":"vi"}]}},"_links":{"self":[{"href":"https:\/\/megapari.games\/vi\/wp-json\/wp\/v2\/pages\/1136","targetHints":{"allow":["GET"]}}],"collection":[{"href":"https:\/\/megapari.games\/vi\/wp-json\/wp\/v2\/pages"}],"about":[{"href":"https:\/\/megapari.games\/vi\/wp-json\/wp\/v2\/types\/page"}],"author":[{"embeddable":true,"href":"https:\/\/megapari.games\/vi\/wp-json\/wp\/v2\/users\/1"}],"replies":[{"embeddable":true,"href":"https:\/\/megapari.games\/vi\/wp-json\/wp\/v2\/comments?post=1136"}],"version-history":[{"count":6,"href":"https:\/\/megapari.games\/vi\/wp-json\/wp\/v2\/pages\/1136\/revisions"}],"predecessor-version":[{"id":1769,"href":"https:\/\/megapari.games\/vi\/wp-json\/wp\/v2\/pages\/1136\/revisions\/1769"}],"wp:attachment":[{"href":"https:\/\/megapari.games\/vi\/wp-json\/wp\/v2\/media?parent=1136"}],"curies":[{"name":"wp","href":"https:\/\/api.w.org\/{rel}","templated":true}]}}