{"id":1150,"date":"2025-11-24T11:20:12","date_gmt":"2025-11-24T11:20:12","guid":{"rendered":"https:\/\/megapari.games\/vi\/?page_id=1150"},"modified":"2026-03-27T16:48:01","modified_gmt":"2026-03-27T16:48:01","slug":"ufc-betting","status":"publish","type":"page","link":"https:\/\/megapari.games\/vi\/ufc-betting\/","title":{"rendered":"UFC"},"content":{"rendered":"","protected":false},"excerpt":{"rendered":"","protected":false},"author":1,"featured_media":0,"parent":0,"menu_order":0,"comment_status":"closed","ping_status":"closed","template":"","meta":{"inline_featured_image":false,"footnotes":""},"class_list":["post-1150","page","type-page","status-publish","hentry"],"yoast_head":"<!-- This site is optimized with the Yoast SEO plugin v27.5 - https:\/\/yoast.com\/product\/yoast-seo-wordpress\/ -->\n<title>Megapari UFC | Danh s\u00e1ch, th\u1ed1ng k\u00ea v\u00e0 c\u00e1c \u01b0u \u0111\u00e3i khuy\u1ebfn m\u00e3i<\/title>\n<meta name=\"description\" content=\"C\u00e1 c\u01b0\u1ee3c UFC tr\u00ean Megapari \u2014 l\u1ecbch thi \u0111\u1ea5u chi ti\u1ebft, th\u1ed1ng k\u00ea v\u00f5 s\u0129, d\u1eef li\u1ec7u tr\u1ef1c ti\u1ebfp v\u00e0 c\u00e1c c\u00f4ng c\u1ee5 ph\u00e2n t\u00edch. T\u00ecm hi\u1ec3u v\u1ec1 c\u00e1c gi\u1ea3i \u0111\u1ea5u hi\u1ec7n c\u00f3, c\u00e1c t\u00ednh n\u0103ng giao di\u1ec7n v\u00e0 ch\u01b0\u01a1ng tr\u00ecnh khuy\u1ebfn m\u00e3i tr\u00ean n\u1ec1n t\u1ea3ng n\u00e0y.\" \/>\n<meta name=\"robots\" content=\"index, follow, max-snippet:-1, max-image-preview:large, max-video-preview:-1\" \/>\n<link rel=\"canonical\" href=\"https:\/\/megapari.games\/vi\/ufc-betting\/\" \/>\n<meta property=\"og:locale\" content=\"vi_VN\" \/>\n<meta property=\"og:type\" content=\"article\" \/>\n<meta property=\"og:title\" content=\"Megapari UFC | Danh s\u00e1ch, th\u1ed1ng k\u00ea v\u00e0 c\u00e1c \u01b0u \u0111\u00e3i khuy\u1ebfn m\u00e3i\" \/>\n<meta property=\"og:description\" content=\"C\u00e1 c\u01b0\u1ee3c UFC tr\u00ean Megapari \u2014 l\u1ecbch thi \u0111\u1ea5u chi ti\u1ebft, th\u1ed1ng k\u00ea v\u00f5 s\u0129, d\u1eef li\u1ec7u tr\u1ef1c ti\u1ebfp v\u00e0 c\u00e1c c\u00f4ng c\u1ee5 ph\u00e2n t\u00edch. T\u00ecm hi\u1ec3u v\u1ec1 c\u00e1c gi\u1ea3i \u0111\u1ea5u hi\u1ec7n c\u00f3, c\u00e1c t\u00ednh n\u0103ng giao di\u1ec7n v\u00e0 ch\u01b0\u01a1ng tr\u00ecnh khuy\u1ebfn m\u00e3i tr\u00ean n\u1ec1n t\u1ea3ng n\u00e0y.\" \/>\n<meta property=\"og:url\" content=\"https:\/\/megapari.games\/vi\/ufc-betting\/\" \/>\n<meta property=\"og:site_name\" content=\"Megapari Games vi\" \/>\n<meta property=\"article:modified_time\" content=\"2026-03-27T16:48:01+00:00\" \/>\n<meta name=\"twitter:card\" content=\"summary_large_image\" \/>\n<script type=\"application\/ld+json\" class=\"yoast-schema-graph\">{\"@context\":\"https:\\\/\\\/schema.org\",\"@graph\":[{\"@type\":\"WebPage\",\"@id\":\"https:\\\/\\\/megapari.games\\\/vi\\\/ufc-betting\\\/\",\"url\":\"https:\\\/\\\/megapari.games\\\/vi\\\/ufc-betting\\\/\",\"name\":\"Megapari UFC | Danh s\u00e1ch, th\u1ed1ng k\u00ea v\u00e0 c\u00e1c \u01b0u \u0111\u00e3i khuy\u1ebfn m\u00e3i\",\"isPartOf\":{\"@id\":\"https:\\\/\\\/megapari.games\\\/vi\\\/#website\"},\"datePublished\":\"2025-11-24T11:20:12+00:00\",\"dateModified\":\"2026-03-27T16:48:01+00:00\",\"description\":\"C\u00e1 c\u01b0\u1ee3c UFC tr\u00ean Megapari \u2014 l\u1ecbch thi \u0111\u1ea5u chi ti\u1ebft, th\u1ed1ng k\u00ea v\u00f5 s\u0129, d\u1eef li\u1ec7u tr\u1ef1c ti\u1ebfp v\u00e0 c\u00e1c c\u00f4ng c\u1ee5 ph\u00e2n t\u00edch. T\u00ecm hi\u1ec3u v\u1ec1 c\u00e1c gi\u1ea3i \u0111\u1ea5u hi\u1ec7n c\u00f3, c\u00e1c t\u00ednh n\u0103ng giao di\u1ec7n v\u00e0 ch\u01b0\u01a1ng tr\u00ecnh khuy\u1ebfn m\u00e3i tr\u00ean n\u1ec1n t\u1ea3ng n\u00e0y.\",\"breadcrumb\":{\"@id\":\"https:\\\/\\\/megapari.games\\\/vi\\\/ufc-betting\\\/#breadcrumb\"},\"inLanguage\":\"vi\",\"potentialAction\":[{\"@type\":\"ReadAction\",\"target\":[\"https:\\\/\\\/megapari.games\\\/vi\\\/ufc-betting\\\/\"]}]},{\"@type\":\"BreadcrumbList\",\"@id\":\"https:\\\/\\\/megapari.games\\\/vi\\\/ufc-betting\\\/#breadcrumb\",\"itemListElement\":[{\"@type\":\"ListItem\",\"position\":1,\"name\":\"\u0413\u043b\u0430\u0432\u043d\u0430\u044f \u0441\u0442\u0440\u0430\u043d\u0438\u0446\u0430\",\"item\":\"https:\\\/\\\/megapari.games\\\/vi\\\/\"},{\"@type\":\"ListItem\",\"position\":2,\"name\":\"UFC\"}]},{\"@type\":\"WebSite\",\"@id\":\"https:\\\/\\\/megapari.games\\\/vi\\\/#website\",\"url\":\"https:\\\/\\\/megapari.games\\\/vi\\\/\",\"name\":\"Megapari Games vi\",\"description\":\"My WordPress Blog\",\"potentialAction\":[{\"@type\":\"SearchAction\",\"target\":{\"@type\":\"EntryPoint\",\"urlTemplate\":\"https:\\\/\\\/megapari.games\\\/vi\\\/?s={search_term_string}\"},\"query-input\":{\"@type\":\"PropertyValueSpecification\",\"valueRequired\":true,\"valueName\":\"search_term_string\"}}],\"inLanguage\":\"vi\"}]}<\/script>\n<!-- \/ Yoast SEO plugin. -->","yoast_head_json":{"title":"Megapari UFC | Danh s\u00e1ch, th\u1ed1ng k\u00ea v\u00e0 c\u00e1c \u01b0u \u0111\u00e3i khuy\u1ebfn m\u00e3i","description":"C\u00e1 c\u01b0\u1ee3c UFC tr\u00ean Megapari \u2014 l\u1ecbch thi \u0111\u1ea5u chi ti\u1ebft, th\u1ed1ng k\u00ea v\u00f5 s\u0129, d\u1eef li\u1ec7u tr\u1ef1c ti\u1ebfp v\u00e0 c\u00e1c c\u00f4ng c\u1ee5 ph\u00e2n t\u00edch. T\u00ecm hi\u1ec3u v\u1ec1 c\u00e1c gi\u1ea3i \u0111\u1ea5u hi\u1ec7n c\u00f3, c\u00e1c t\u00ednh n\u0103ng giao di\u1ec7n v\u00e0 ch\u01b0\u01a1ng tr\u00ecnh khuy\u1ebfn m\u00e3i tr\u00ean n\u1ec1n t\u1ea3ng n\u00e0y.","robots":{"index":"index","follow":"follow","max-snippet":"max-snippet:-1","max-image-preview":"max-image-preview:large","max-video-preview":"max-video-preview:-1"},"canonical":"https:\/\/megapari.games\/vi\/ufc-betting\/","og_locale":"vi_VN","og_type":"article","og_title":"Megapari UFC | Danh s\u00e1ch, th\u1ed1ng k\u00ea v\u00e0 c\u00e1c \u01b0u \u0111\u00e3i khuy\u1ebfn m\u00e3i","og_description":"C\u00e1 c\u01b0\u1ee3c UFC tr\u00ean Megapari \u2014 l\u1ecbch thi \u0111\u1ea5u chi ti\u1ebft, th\u1ed1ng k\u00ea v\u00f5 s\u0129, d\u1eef li\u1ec7u tr\u1ef1c ti\u1ebfp v\u00e0 c\u00e1c c\u00f4ng c\u1ee5 ph\u00e2n t\u00edch. T\u00ecm hi\u1ec3u v\u1ec1 c\u00e1c gi\u1ea3i \u0111\u1ea5u hi\u1ec7n c\u00f3, c\u00e1c t\u00ednh n\u0103ng giao di\u1ec7n v\u00e0 ch\u01b0\u01a1ng tr\u00ecnh khuy\u1ebfn m\u00e3i tr\u00ean n\u1ec1n t\u1ea3ng n\u00e0y.","og_url":"https:\/\/megapari.games\/vi\/ufc-betting\/","og_site_name":"Megapari Games vi","article_modified_time":"2026-03-27T16:48:01+00:00","twitter_card":"summary_large_image","schema":{"@context":"https:\/\/schema.org","@graph":[{"@type":"WebPage","@id":"https:\/\/megapari.games\/vi\/ufc-betting\/","url":"https:\/\/megapari.games\/vi\/ufc-betting\/","name":"Megapari UFC | Danh s\u00e1ch, th\u1ed1ng k\u00ea v\u00e0 c\u00e1c \u01b0u \u0111\u00e3i khuy\u1ebfn m\u00e3i","isPartOf":{"@id":"https:\/\/megapari.games\/vi\/#website"},"datePublished":"2025-11-24T11:20:12+00:00","dateModified":"2026-03-27T16:48:01+00:00","description":"C\u00e1 c\u01b0\u1ee3c UFC tr\u00ean Megapari \u2014 l\u1ecbch thi \u0111\u1ea5u chi ti\u1ebft, th\u1ed1ng k\u00ea v\u00f5 s\u0129, d\u1eef li\u1ec7u tr\u1ef1c ti\u1ebfp v\u00e0 c\u00e1c c\u00f4ng c\u1ee5 ph\u00e2n t\u00edch. T\u00ecm hi\u1ec3u v\u1ec1 c\u00e1c gi\u1ea3i \u0111\u1ea5u hi\u1ec7n c\u00f3, c\u00e1c t\u00ednh n\u0103ng giao di\u1ec7n v\u00e0 ch\u01b0\u01a1ng tr\u00ecnh khuy\u1ebfn m\u00e3i tr\u00ean n\u1ec1n t\u1ea3ng n\u00e0y.","breadcrumb":{"@id":"https:\/\/megapari.games\/vi\/ufc-betting\/#breadcrumb"},"inLanguage":"vi","potentialAction":[{"@type":"ReadAction","target":["https:\/\/megapari.games\/vi\/ufc-betting\/"]}]},{"@type":"BreadcrumbList","@id":"https:\/\/megapari.games\/vi\/ufc-betting\/#breadcrumb","itemListElement":[{"@type":"ListItem","position":1,"name":"\u0413\u043b\u0430\u0432\u043d\u0430\u044f \u0441\u0442\u0440\u0430\u043d\u0438\u0446\u0430","item":"https:\/\/megapari.games\/vi\/"},{"@type":"ListItem","position":2,"name":"UFC"}]},{"@type":"WebSite","@id":"https:\/\/megapari.games\/vi\/#website","url":"https:\/\/megapari.games\/vi\/","name":"Megapari Games vi","description":"My WordPress Blog","potentialAction":[{"@type":"SearchAction","target":{"@type":"EntryPoint","urlTemplate":"https:\/\/megapari.games\/vi\/?s={search_term_string}"},"query-input":{"@type":"PropertyValueSpecification","valueRequired":true,"valueName":"search_term_string"}}],"inLanguage":"vi"}]}},"_links":{"self":[{"href":"https:\/\/megapari.games\/vi\/wp-json\/wp\/v2\/pages\/1150","targetHints":{"allow":["GET"]}}],"collection":[{"href":"https:\/\/megapari.games\/vi\/wp-json\/wp\/v2\/pages"}],"about":[{"href":"https:\/\/megapari.games\/vi\/wp-json\/wp\/v2\/types\/page"}],"author":[{"embeddable":true,"href":"https:\/\/megapari.games\/vi\/wp-json\/wp\/v2\/users\/1"}],"replies":[{"embeddable":true,"href":"https:\/\/megapari.games\/vi\/wp-json\/wp\/v2\/comments?post=1150"}],"version-history":[{"count":6,"href":"https:\/\/megapari.games\/vi\/wp-json\/wp\/v2\/pages\/1150\/revisions"}],"predecessor-version":[{"id":1830,"href":"https:\/\/megapari.games\/vi\/wp-json\/wp\/v2\/pages\/1150\/revisions\/1830"}],"wp:attachment":[{"href":"https:\/\/megapari.games\/vi\/wp-json\/wp\/v2\/media?parent=1150"}],"curies":[{"name":"wp","href":"https:\/\/api.w.org\/{rel}","templated":true}]}}