{"id":1233,"date":"2026-02-04T14:59:08","date_gmt":"2026-02-04T14:59:08","guid":{"rendered":"https:\/\/megapari.games\/vi\/?page_id=1233"},"modified":"2026-03-27T13:56:19","modified_gmt":"2026-03-27T13:56:19","slug":"telegram-2","status":"publish","type":"page","link":"https:\/\/megapari.games\/vi\/telegram\/","title":{"rendered":"Telegram"},"content":{"rendered":"","protected":false},"excerpt":{"rendered":"","protected":false},"author":1,"featured_media":0,"parent":0,"menu_order":0,"comment_status":"closed","ping_status":"closed","template":"","meta":{"inline_featured_image":false,"footnotes":""},"class_list":["post-1233","page","type-page","status-publish","hentry"],"yoast_head":"<!-- This site is optimized with the Yoast SEO plugin v27.6 - https:\/\/yoast.com\/product\/yoast-seo-wordpress\/ -->\n<title>MegaPari Telegram \u2014 Ti\u1ec1n th\u01b0\u1edfng, M\u00e3 khuy\u1ebfn m\u00e3i &amp; D\u1ef1 \u0111o\u00e1n<\/title>\n<meta name=\"description\" content=\"H\u00e3y tham gia k\u00eanh Telegram ch\u00ednh th\u1ee9c c\u1ee7a Mega Pari \u0111\u1ec3 nh\u1eadn c\u00e1c ph\u1ea7n th\u01b0\u1edfng h\u00e0ng ng\u00e0y, m\u00e3 khuy\u1ebfn m\u00e3i, d\u1ef1 \u0111o\u00e1n th\u1ec3 thao, m\u1eb9o c\u00e1 c\u01b0\u1ee3c v\u00e0 c\u00e1c \u01b0u \u0111\u00e3i \u0111\u1ed9c quy\u1ec1n t\u1ea1i Th\u00e1ng 5 2026.\" \/>\n<meta name=\"robots\" content=\"index, follow, max-snippet:-1, max-image-preview:large, max-video-preview:-1\" \/>\n<link rel=\"canonical\" href=\"https:\/\/megapari.games\/vi\/telegram\/\" \/>\n<meta property=\"og:locale\" content=\"vi_VN\" \/>\n<meta property=\"og:type\" content=\"article\" \/>\n<meta property=\"og:title\" content=\"MegaPari Telegram \u2014 Ti\u1ec1n th\u01b0\u1edfng, M\u00e3 khuy\u1ebfn m\u00e3i &amp; D\u1ef1 \u0111o\u00e1n\" \/>\n<meta property=\"og:description\" content=\"H\u00e3y tham gia k\u00eanh Telegram ch\u00ednh th\u1ee9c c\u1ee7a Mega Pari \u0111\u1ec3 nh\u1eadn c\u00e1c ph\u1ea7n th\u01b0\u1edfng h\u00e0ng ng\u00e0y, m\u00e3 khuy\u1ebfn m\u00e3i, d\u1ef1 \u0111o\u00e1n th\u1ec3 thao, m\u1eb9o c\u00e1 c\u01b0\u1ee3c v\u00e0 c\u00e1c \u01b0u \u0111\u00e3i \u0111\u1ed9c quy\u1ec1n t\u1ea1i Th\u00e1ng 5 2026.\" \/>\n<meta property=\"og:url\" content=\"https:\/\/megapari.games\/vi\/telegram\/\" \/>\n<meta property=\"og:site_name\" content=\"Megapari Games vi\" \/>\n<meta property=\"article:modified_time\" content=\"2026-03-27T13:56:19+00:00\" \/>\n<meta name=\"twitter:card\" content=\"summary_large_image\" \/>\n<script type=\"application\/ld+json\" class=\"yoast-schema-graph\">{\"@context\":\"https:\\\/\\\/schema.org\",\"@graph\":[{\"@type\":\"WebPage\",\"@id\":\"https:\\\/\\\/megapari.games\\\/vi\\\/telegram\\\/\",\"url\":\"https:\\\/\\\/megapari.games\\\/vi\\\/telegram\\\/\",\"name\":\"MegaPari Telegram \u2014 Ti\u1ec1n th\u01b0\u1edfng, M\u00e3 khuy\u1ebfn m\u00e3i & D\u1ef1 \u0111o\u00e1n\",\"isPartOf\":{\"@id\":\"https:\\\/\\\/megapari.games\\\/vi\\\/#website\"},\"datePublished\":\"2026-02-04T14:59:08+00:00\",\"dateModified\":\"2026-03-27T13:56:19+00:00\",\"description\":\"H\u00e3y tham gia k\u00eanh Telegram ch\u00ednh th\u1ee9c c\u1ee7a Mega Pari \u0111\u1ec3 nh\u1eadn c\u00e1c ph\u1ea7n th\u01b0\u1edfng h\u00e0ng ng\u00e0y, m\u00e3 khuy\u1ebfn m\u00e3i, d\u1ef1 \u0111o\u00e1n th\u1ec3 thao, m\u1eb9o c\u00e1 c\u01b0\u1ee3c v\u00e0 c\u00e1c \u01b0u \u0111\u00e3i \u0111\u1ed9c quy\u1ec1n t\u1ea1i Th\u00e1ng 5 2026.\",\"breadcrumb\":{\"@id\":\"https:\\\/\\\/megapari.games\\\/vi\\\/telegram\\\/#breadcrumb\"},\"inLanguage\":\"vi\",\"potentialAction\":[{\"@type\":\"ReadAction\",\"target\":[\"https:\\\/\\\/megapari.games\\\/vi\\\/telegram\\\/\"]}]},{\"@type\":\"BreadcrumbList\",\"@id\":\"https:\\\/\\\/megapari.games\\\/vi\\\/telegram\\\/#breadcrumb\",\"itemListElement\":[{\"@type\":\"ListItem\",\"position\":1,\"name\":\"\u0413\u043b\u0430\u0432\u043d\u0430\u044f \u0441\u0442\u0440\u0430\u043d\u0438\u0446\u0430\",\"item\":\"https:\\\/\\\/megapari.games\\\/vi\\\/\"},{\"@type\":\"ListItem\",\"position\":2,\"name\":\"Telegram\"}]},{\"@type\":\"WebSite\",\"@id\":\"https:\\\/\\\/megapari.games\\\/vi\\\/#website\",\"url\":\"https:\\\/\\\/megapari.games\\\/vi\\\/\",\"name\":\"Megapari Games vi\",\"description\":\"My WordPress Blog\",\"potentialAction\":[{\"@type\":\"SearchAction\",\"target\":{\"@type\":\"EntryPoint\",\"urlTemplate\":\"https:\\\/\\\/megapari.games\\\/vi\\\/?s={search_term_string}\"},\"query-input\":{\"@type\":\"PropertyValueSpecification\",\"valueRequired\":true,\"valueName\":\"search_term_string\"}}],\"inLanguage\":\"vi\"}]}<\/script>\n<!-- \/ Yoast SEO plugin. -->","yoast_head_json":{"title":"MegaPari Telegram \u2014 Ti\u1ec1n th\u01b0\u1edfng, M\u00e3 khuy\u1ebfn m\u00e3i & D\u1ef1 \u0111o\u00e1n","description":"H\u00e3y tham gia k\u00eanh Telegram ch\u00ednh th\u1ee9c c\u1ee7a Mega Pari \u0111\u1ec3 nh\u1eadn c\u00e1c ph\u1ea7n th\u01b0\u1edfng h\u00e0ng ng\u00e0y, m\u00e3 khuy\u1ebfn m\u00e3i, d\u1ef1 \u0111o\u00e1n th\u1ec3 thao, m\u1eb9o c\u00e1 c\u01b0\u1ee3c v\u00e0 c\u00e1c \u01b0u \u0111\u00e3i \u0111\u1ed9c quy\u1ec1n t\u1ea1i Th\u00e1ng 5 2026.","robots":{"index":"index","follow":"follow","max-snippet":"max-snippet:-1","max-image-preview":"max-image-preview:large","max-video-preview":"max-video-preview:-1"},"canonical":"https:\/\/megapari.games\/vi\/telegram\/","og_locale":"vi_VN","og_type":"article","og_title":"MegaPari Telegram \u2014 Ti\u1ec1n th\u01b0\u1edfng, M\u00e3 khuy\u1ebfn m\u00e3i & D\u1ef1 \u0111o\u00e1n","og_description":"H\u00e3y tham gia k\u00eanh Telegram ch\u00ednh th\u1ee9c c\u1ee7a Mega Pari \u0111\u1ec3 nh\u1eadn c\u00e1c ph\u1ea7n th\u01b0\u1edfng h\u00e0ng ng\u00e0y, m\u00e3 khuy\u1ebfn m\u00e3i, d\u1ef1 \u0111o\u00e1n th\u1ec3 thao, m\u1eb9o c\u00e1 c\u01b0\u1ee3c v\u00e0 c\u00e1c \u01b0u \u0111\u00e3i \u0111\u1ed9c quy\u1ec1n t\u1ea1i Th\u00e1ng 5 2026.","og_url":"https:\/\/megapari.games\/vi\/telegram\/","og_site_name":"Megapari Games vi","article_modified_time":"2026-03-27T13:56:19+00:00","twitter_card":"summary_large_image","schema":{"@context":"https:\/\/schema.org","@graph":[{"@type":"WebPage","@id":"https:\/\/megapari.games\/vi\/telegram\/","url":"https:\/\/megapari.games\/vi\/telegram\/","name":"MegaPari Telegram \u2014 Ti\u1ec1n th\u01b0\u1edfng, M\u00e3 khuy\u1ebfn m\u00e3i & D\u1ef1 \u0111o\u00e1n","isPartOf":{"@id":"https:\/\/megapari.games\/vi\/#website"},"datePublished":"2026-02-04T14:59:08+00:00","dateModified":"2026-03-27T13:56:19+00:00","description":"H\u00e3y tham gia k\u00eanh Telegram ch\u00ednh th\u1ee9c c\u1ee7a Mega Pari \u0111\u1ec3 nh\u1eadn c\u00e1c ph\u1ea7n th\u01b0\u1edfng h\u00e0ng ng\u00e0y, m\u00e3 khuy\u1ebfn m\u00e3i, d\u1ef1 \u0111o\u00e1n th\u1ec3 thao, m\u1eb9o c\u00e1 c\u01b0\u1ee3c v\u00e0 c\u00e1c \u01b0u \u0111\u00e3i \u0111\u1ed9c quy\u1ec1n t\u1ea1i Th\u00e1ng 5 2026.","breadcrumb":{"@id":"https:\/\/megapari.games\/vi\/telegram\/#breadcrumb"},"inLanguage":"vi","potentialAction":[{"@type":"ReadAction","target":["https:\/\/megapari.games\/vi\/telegram\/"]}]},{"@type":"BreadcrumbList","@id":"https:\/\/megapari.games\/vi\/telegram\/#breadcrumb","itemListElement":[{"@type":"ListItem","position":1,"name":"\u0413\u043b\u0430\u0432\u043d\u0430\u044f \u0441\u0442\u0440\u0430\u043d\u0438\u0446\u0430","item":"https:\/\/megapari.games\/vi\/"},{"@type":"ListItem","position":2,"name":"Telegram"}]},{"@type":"WebSite","@id":"https:\/\/megapari.games\/vi\/#website","url":"https:\/\/megapari.games\/vi\/","name":"Megapari Games vi","description":"My WordPress Blog","potentialAction":[{"@type":"SearchAction","target":{"@type":"EntryPoint","urlTemplate":"https:\/\/megapari.games\/vi\/?s={search_term_string}"},"query-input":{"@type":"PropertyValueSpecification","valueRequired":true,"valueName":"search_term_string"}}],"inLanguage":"vi"}]}},"_links":{"self":[{"href":"https:\/\/megapari.games\/vi\/wp-json\/wp\/v2\/pages\/1233","targetHints":{"allow":["GET"]}}],"collection":[{"href":"https:\/\/megapari.games\/vi\/wp-json\/wp\/v2\/pages"}],"about":[{"href":"https:\/\/megapari.games\/vi\/wp-json\/wp\/v2\/types\/page"}],"author":[{"embeddable":true,"href":"https:\/\/megapari.games\/vi\/wp-json\/wp\/v2\/users\/1"}],"replies":[{"embeddable":true,"href":"https:\/\/megapari.games\/vi\/wp-json\/wp\/v2\/comments?post=1233"}],"version-history":[{"count":14,"href":"https:\/\/megapari.games\/vi\/wp-json\/wp\/v2\/pages\/1233\/revisions"}],"predecessor-version":[{"id":1795,"href":"https:\/\/megapari.games\/vi\/wp-json\/wp\/v2\/pages\/1233\/revisions\/1795"}],"wp:attachment":[{"href":"https:\/\/megapari.games\/vi\/wp-json\/wp\/v2\/media?parent=1233"}],"curies":[{"name":"wp","href":"https:\/\/api.w.org\/{rel}","templated":true}]}}