{"id":1259,"date":"2026-02-09T08:29:44","date_gmt":"2026-02-09T08:29:44","guid":{"rendered":"https:\/\/megapari.games\/vi\/?page_id=1259"},"modified":"2026-03-27T05:19:03","modified_gmt":"2026-03-27T05:19:03","slug":"games","status":"publish","type":"page","link":"https:\/\/megapari.games\/vi\/games\/","title":{"rendered":"Tr\u00f2 ch\u01a1i"},"content":{"rendered":"","protected":false},"excerpt":{"rendered":"","protected":false},"author":1,"featured_media":0,"parent":0,"menu_order":0,"comment_status":"closed","ping_status":"closed","template":"","meta":{"inline_featured_image":false,"footnotes":""},"class_list":["post-1259","page","type-page","status-publish","hentry"],"yoast_head":"<!-- This site is optimized with the Yoast SEO plugin v27.5 - https:\/\/yoast.com\/product\/yoast-seo-wordpress\/ -->\n<title>Megapari Tr\u00f2 ch\u01a1i s\u00f2ng b\u1ea1c \u2014 M\u00e1y \u0111\u00e1nh b\u1ea1c, Tr\u00f2 ch\u01a1i Crash<\/title>\n<meta name=\"description\" content=\"S\u00f2ng b\u1ea1c Megapari cung c\u1ea5p h\u00e0ng ngh\u00ecn tr\u00f2 ch\u01a1i slot, tr\u00f2 ch\u01a1i crash v\u00e0 c\u00e1c tr\u00f2 ch\u01a1i nhanh trong c\u00f9ng m\u1ed9t s\u1ea3nh. B\u1ea1n c\u00f3 th\u1ec3 d\u1ec5 d\u00e0ng chuy\u1ec3n \u0111\u1ed5i gi\u1eefa c\u00e1c th\u1ec3 lo\u1ea1i v\u00e0 ch\u01a1i b\u1eb1ng m\u1ed9t t\u00e0i kho\u1ea3n duy nh\u1ea5t.\" \/>\n<meta name=\"robots\" content=\"index, follow, max-snippet:-1, max-image-preview:large, max-video-preview:-1\" \/>\n<link rel=\"canonical\" href=\"https:\/\/megapari.games\/vi\/games\/\" \/>\n<meta property=\"og:locale\" content=\"vi_VN\" \/>\n<meta property=\"og:type\" content=\"article\" \/>\n<meta property=\"og:title\" content=\"Megapari Tr\u00f2 ch\u01a1i s\u00f2ng b\u1ea1c \u2014 M\u00e1y \u0111\u00e1nh b\u1ea1c, Tr\u00f2 ch\u01a1i Crash\" \/>\n<meta property=\"og:description\" content=\"S\u00f2ng b\u1ea1c Megapari cung c\u1ea5p h\u00e0ng ngh\u00ecn tr\u00f2 ch\u01a1i slot, tr\u00f2 ch\u01a1i crash v\u00e0 c\u00e1c tr\u00f2 ch\u01a1i nhanh trong c\u00f9ng m\u1ed9t s\u1ea3nh. B\u1ea1n c\u00f3 th\u1ec3 d\u1ec5 d\u00e0ng chuy\u1ec3n \u0111\u1ed5i gi\u1eefa c\u00e1c th\u1ec3 lo\u1ea1i v\u00e0 ch\u01a1i b\u1eb1ng m\u1ed9t t\u00e0i kho\u1ea3n duy nh\u1ea5t.\" \/>\n<meta property=\"og:url\" content=\"https:\/\/megapari.games\/vi\/games\/\" \/>\n<meta property=\"og:site_name\" content=\"Megapari Games vi\" \/>\n<meta property=\"article:modified_time\" content=\"2026-03-27T05:19:03+00:00\" \/>\n<meta name=\"twitter:card\" content=\"summary_large_image\" \/>\n<script type=\"application\/ld+json\" class=\"yoast-schema-graph\">{\"@context\":\"https:\\\/\\\/schema.org\",\"@graph\":[{\"@type\":\"WebPage\",\"@id\":\"https:\\\/\\\/megapari.games\\\/vi\\\/games\\\/\",\"url\":\"https:\\\/\\\/megapari.games\\\/vi\\\/games\\\/\",\"name\":\"Megapari Tr\u00f2 ch\u01a1i s\u00f2ng b\u1ea1c \u2014 M\u00e1y \u0111\u00e1nh b\u1ea1c, Tr\u00f2 ch\u01a1i Crash\",\"isPartOf\":{\"@id\":\"https:\\\/\\\/megapari.games\\\/vi\\\/#website\"},\"datePublished\":\"2026-02-09T08:29:44+00:00\",\"dateModified\":\"2026-03-27T05:19:03+00:00\",\"description\":\"S\u00f2ng b\u1ea1c Megapari cung c\u1ea5p h\u00e0ng ngh\u00ecn tr\u00f2 ch\u01a1i slot, tr\u00f2 ch\u01a1i crash v\u00e0 c\u00e1c tr\u00f2 ch\u01a1i nhanh trong c\u00f9ng m\u1ed9t s\u1ea3nh. B\u1ea1n c\u00f3 th\u1ec3 d\u1ec5 d\u00e0ng chuy\u1ec3n \u0111\u1ed5i gi\u1eefa c\u00e1c th\u1ec3 lo\u1ea1i v\u00e0 ch\u01a1i b\u1eb1ng m\u1ed9t t\u00e0i kho\u1ea3n duy nh\u1ea5t.\",\"breadcrumb\":{\"@id\":\"https:\\\/\\\/megapari.games\\\/vi\\\/games\\\/#breadcrumb\"},\"inLanguage\":\"vi\",\"potentialAction\":[{\"@type\":\"ReadAction\",\"target\":[\"https:\\\/\\\/megapari.games\\\/vi\\\/games\\\/\"]}]},{\"@type\":\"BreadcrumbList\",\"@id\":\"https:\\\/\\\/megapari.games\\\/vi\\\/games\\\/#breadcrumb\",\"itemListElement\":[{\"@type\":\"ListItem\",\"position\":1,\"name\":\"\u0413\u043b\u0430\u0432\u043d\u0430\u044f \u0441\u0442\u0440\u0430\u043d\u0438\u0446\u0430\",\"item\":\"https:\\\/\\\/megapari.games\\\/vi\\\/\"},{\"@type\":\"ListItem\",\"position\":2,\"name\":\"Tr\u00f2 ch\u01a1i\"}]},{\"@type\":\"WebSite\",\"@id\":\"https:\\\/\\\/megapari.games\\\/vi\\\/#website\",\"url\":\"https:\\\/\\\/megapari.games\\\/vi\\\/\",\"name\":\"Megapari Games vi\",\"description\":\"My WordPress Blog\",\"potentialAction\":[{\"@type\":\"SearchAction\",\"target\":{\"@type\":\"EntryPoint\",\"urlTemplate\":\"https:\\\/\\\/megapari.games\\\/vi\\\/?s={search_term_string}\"},\"query-input\":{\"@type\":\"PropertyValueSpecification\",\"valueRequired\":true,\"valueName\":\"search_term_string\"}}],\"inLanguage\":\"vi\"}]}<\/script>\n<!-- \/ Yoast SEO plugin. -->","yoast_head_json":{"title":"Megapari Tr\u00f2 ch\u01a1i s\u00f2ng b\u1ea1c \u2014 M\u00e1y \u0111\u00e1nh b\u1ea1c, Tr\u00f2 ch\u01a1i Crash","description":"S\u00f2ng b\u1ea1c Megapari cung c\u1ea5p h\u00e0ng ngh\u00ecn tr\u00f2 ch\u01a1i slot, tr\u00f2 ch\u01a1i crash v\u00e0 c\u00e1c tr\u00f2 ch\u01a1i nhanh trong c\u00f9ng m\u1ed9t s\u1ea3nh. B\u1ea1n c\u00f3 th\u1ec3 d\u1ec5 d\u00e0ng chuy\u1ec3n \u0111\u1ed5i gi\u1eefa c\u00e1c th\u1ec3 lo\u1ea1i v\u00e0 ch\u01a1i b\u1eb1ng m\u1ed9t t\u00e0i kho\u1ea3n duy nh\u1ea5t.","robots":{"index":"index","follow":"follow","max-snippet":"max-snippet:-1","max-image-preview":"max-image-preview:large","max-video-preview":"max-video-preview:-1"},"canonical":"https:\/\/megapari.games\/vi\/games\/","og_locale":"vi_VN","og_type":"article","og_title":"Megapari Tr\u00f2 ch\u01a1i s\u00f2ng b\u1ea1c \u2014 M\u00e1y \u0111\u00e1nh b\u1ea1c, Tr\u00f2 ch\u01a1i Crash","og_description":"S\u00f2ng b\u1ea1c Megapari cung c\u1ea5p h\u00e0ng ngh\u00ecn tr\u00f2 ch\u01a1i slot, tr\u00f2 ch\u01a1i crash v\u00e0 c\u00e1c tr\u00f2 ch\u01a1i nhanh trong c\u00f9ng m\u1ed9t s\u1ea3nh. B\u1ea1n c\u00f3 th\u1ec3 d\u1ec5 d\u00e0ng chuy\u1ec3n \u0111\u1ed5i gi\u1eefa c\u00e1c th\u1ec3 lo\u1ea1i v\u00e0 ch\u01a1i b\u1eb1ng m\u1ed9t t\u00e0i kho\u1ea3n duy nh\u1ea5t.","og_url":"https:\/\/megapari.games\/vi\/games\/","og_site_name":"Megapari Games vi","article_modified_time":"2026-03-27T05:19:03+00:00","twitter_card":"summary_large_image","schema":{"@context":"https:\/\/schema.org","@graph":[{"@type":"WebPage","@id":"https:\/\/megapari.games\/vi\/games\/","url":"https:\/\/megapari.games\/vi\/games\/","name":"Megapari Tr\u00f2 ch\u01a1i s\u00f2ng b\u1ea1c \u2014 M\u00e1y \u0111\u00e1nh b\u1ea1c, Tr\u00f2 ch\u01a1i Crash","isPartOf":{"@id":"https:\/\/megapari.games\/vi\/#website"},"datePublished":"2026-02-09T08:29:44+00:00","dateModified":"2026-03-27T05:19:03+00:00","description":"S\u00f2ng b\u1ea1c Megapari cung c\u1ea5p h\u00e0ng ngh\u00ecn tr\u00f2 ch\u01a1i slot, tr\u00f2 ch\u01a1i crash v\u00e0 c\u00e1c tr\u00f2 ch\u01a1i nhanh trong c\u00f9ng m\u1ed9t s\u1ea3nh. B\u1ea1n c\u00f3 th\u1ec3 d\u1ec5 d\u00e0ng chuy\u1ec3n \u0111\u1ed5i gi\u1eefa c\u00e1c th\u1ec3 lo\u1ea1i v\u00e0 ch\u01a1i b\u1eb1ng m\u1ed9t t\u00e0i kho\u1ea3n duy nh\u1ea5t.","breadcrumb":{"@id":"https:\/\/megapari.games\/vi\/games\/#breadcrumb"},"inLanguage":"vi","potentialAction":[{"@type":"ReadAction","target":["https:\/\/megapari.games\/vi\/games\/"]}]},{"@type":"BreadcrumbList","@id":"https:\/\/megapari.games\/vi\/games\/#breadcrumb","itemListElement":[{"@type":"ListItem","position":1,"name":"\u0413\u043b\u0430\u0432\u043d\u0430\u044f \u0441\u0442\u0440\u0430\u043d\u0438\u0446\u0430","item":"https:\/\/megapari.games\/vi\/"},{"@type":"ListItem","position":2,"name":"Tr\u00f2 ch\u01a1i"}]},{"@type":"WebSite","@id":"https:\/\/megapari.games\/vi\/#website","url":"https:\/\/megapari.games\/vi\/","name":"Megapari Games vi","description":"My WordPress Blog","potentialAction":[{"@type":"SearchAction","target":{"@type":"EntryPoint","urlTemplate":"https:\/\/megapari.games\/vi\/?s={search_term_string}"},"query-input":{"@type":"PropertyValueSpecification","valueRequired":true,"valueName":"search_term_string"}}],"inLanguage":"vi"}]}},"_links":{"self":[{"href":"https:\/\/megapari.games\/vi\/wp-json\/wp\/v2\/pages\/1259","targetHints":{"allow":["GET"]}}],"collection":[{"href":"https:\/\/megapari.games\/vi\/wp-json\/wp\/v2\/pages"}],"about":[{"href":"https:\/\/megapari.games\/vi\/wp-json\/wp\/v2\/types\/page"}],"author":[{"embeddable":true,"href":"https:\/\/megapari.games\/vi\/wp-json\/wp\/v2\/users\/1"}],"replies":[{"embeddable":true,"href":"https:\/\/megapari.games\/vi\/wp-json\/wp\/v2\/comments?post=1259"}],"version-history":[{"count":17,"href":"https:\/\/megapari.games\/vi\/wp-json\/wp\/v2\/pages\/1259\/revisions"}],"predecessor-version":[{"id":1773,"href":"https:\/\/megapari.games\/vi\/wp-json\/wp\/v2\/pages\/1259\/revisions\/1773"}],"wp:attachment":[{"href":"https:\/\/megapari.games\/vi\/wp-json\/wp\/v2\/media?parent=1259"}],"curies":[{"name":"wp","href":"https:\/\/api.w.org\/{rel}","templated":true}]}}