{"id":1279,"date":"2026-02-09T10:44:53","date_gmt":"2026-02-09T10:44:53","guid":{"rendered":"https:\/\/megapari.games\/vi\/?page_id=1279"},"modified":"2026-03-27T04:59:27","modified_gmt":"2026-03-27T04:59:27","slug":"chicken-road","status":"publish","type":"page","link":"https:\/\/megapari.games\/vi\/chicken-road\/","title":{"rendered":"Chicken Road"},"content":{"rendered":"","protected":false},"excerpt":{"rendered":"","protected":false},"author":1,"featured_media":0,"parent":0,"menu_order":0,"comment_status":"closed","ping_status":"closed","template":"","meta":{"inline_featured_image":false,"footnotes":""},"class_list":["post-1279","page","type-page","status-publish","hentry"],"yoast_head":"<!-- This site is optimized with the Yoast SEO plugin v27.5 - https:\/\/yoast.com\/product\/yoast-seo-wordpress\/ -->\n<title>Chicken Road Megapari \u2014 H\u1ec7 s\u1ed1 nh\u00e2n x10+ v\u00e0 phi\u00ean b\u1ea3n demo<\/title>\n<meta name=\"description\" content=\"Chicken Road t\u1ea1i Megapari \u2014 H\u01b0\u1edbng d\u1eabn ch\u00fa g\u00e0 v\u01b0\u1ee3t qua c\u00e1c qu\u1ea3 m\u00ecn, t\u0103ng h\u1ec7 s\u1ed1 nh\u00e2n l\u00ean \u0111\u1ebfn x10+ trong c\u00e1c v\u00f2ng ch\u01a1i nhanh. Ch\u01a1i th\u1eed v\u1edbi ti\u1ec1n c\u01b0\u1ee3c trong ch\u1ebf \u0111\u1ed9 demo, t\u00ecm hi\u1ec3u c\u01a1 ch\u1ebf v\u00e0 c\u00e1c chi\u1ebfn l\u01b0\u1ee3c chi\u1ebfn th\u1eafng.\" \/>\n<meta name=\"robots\" content=\"index, follow, max-snippet:-1, max-image-preview:large, max-video-preview:-1\" \/>\n<link rel=\"canonical\" href=\"https:\/\/megapari.games\/vi\/chicken-road\/\" \/>\n<meta property=\"og:locale\" content=\"vi_VN\" \/>\n<meta property=\"og:type\" content=\"article\" \/>\n<meta property=\"og:title\" content=\"Chicken Road Megapari \u2014 H\u1ec7 s\u1ed1 nh\u00e2n x10+ v\u00e0 phi\u00ean b\u1ea3n demo\" \/>\n<meta property=\"og:description\" content=\"Chicken Road t\u1ea1i Megapari \u2014 H\u01b0\u1edbng d\u1eabn ch\u00fa g\u00e0 v\u01b0\u1ee3t qua c\u00e1c qu\u1ea3 m\u00ecn, t\u0103ng h\u1ec7 s\u1ed1 nh\u00e2n l\u00ean \u0111\u1ebfn x10+ trong c\u00e1c v\u00f2ng ch\u01a1i nhanh. Ch\u01a1i th\u1eed v\u1edbi ti\u1ec1n c\u01b0\u1ee3c trong ch\u1ebf \u0111\u1ed9 demo, t\u00ecm hi\u1ec3u c\u01a1 ch\u1ebf v\u00e0 c\u00e1c chi\u1ebfn l\u01b0\u1ee3c chi\u1ebfn th\u1eafng.\" \/>\n<meta property=\"og:url\" content=\"https:\/\/megapari.games\/vi\/chicken-road\/\" \/>\n<meta property=\"og:site_name\" content=\"Megapari Games vi\" \/>\n<meta property=\"article:modified_time\" content=\"2026-03-27T04:59:27+00:00\" \/>\n<meta name=\"twitter:card\" content=\"summary_large_image\" \/>\n<script type=\"application\/ld+json\" class=\"yoast-schema-graph\">{\"@context\":\"https:\\\/\\\/schema.org\",\"@graph\":[{\"@type\":\"WebPage\",\"@id\":\"https:\\\/\\\/megapari.games\\\/vi\\\/chicken-road\\\/\",\"url\":\"https:\\\/\\\/megapari.games\\\/vi\\\/chicken-road\\\/\",\"name\":\"Chicken Road Megapari \u2014 H\u1ec7 s\u1ed1 nh\u00e2n x10+ v\u00e0 phi\u00ean b\u1ea3n demo\",\"isPartOf\":{\"@id\":\"https:\\\/\\\/megapari.games\\\/vi\\\/#website\"},\"datePublished\":\"2026-02-09T10:44:53+00:00\",\"dateModified\":\"2026-03-27T04:59:27+00:00\",\"description\":\"Chicken Road t\u1ea1i Megapari \u2014 H\u01b0\u1edbng d\u1eabn ch\u00fa g\u00e0 v\u01b0\u1ee3t qua c\u00e1c qu\u1ea3 m\u00ecn, t\u0103ng h\u1ec7 s\u1ed1 nh\u00e2n l\u00ean \u0111\u1ebfn x10+ trong c\u00e1c v\u00f2ng ch\u01a1i nhanh. Ch\u01a1i th\u1eed v\u1edbi ti\u1ec1n c\u01b0\u1ee3c trong ch\u1ebf \u0111\u1ed9 demo, t\u00ecm hi\u1ec3u c\u01a1 ch\u1ebf v\u00e0 c\u00e1c chi\u1ebfn l\u01b0\u1ee3c chi\u1ebfn th\u1eafng.\",\"breadcrumb\":{\"@id\":\"https:\\\/\\\/megapari.games\\\/vi\\\/chicken-road\\\/#breadcrumb\"},\"inLanguage\":\"vi\",\"potentialAction\":[{\"@type\":\"ReadAction\",\"target\":[\"https:\\\/\\\/megapari.games\\\/vi\\\/chicken-road\\\/\"]}]},{\"@type\":\"BreadcrumbList\",\"@id\":\"https:\\\/\\\/megapari.games\\\/vi\\\/chicken-road\\\/#breadcrumb\",\"itemListElement\":[{\"@type\":\"ListItem\",\"position\":1,\"name\":\"\u0413\u043b\u0430\u0432\u043d\u0430\u044f \u0441\u0442\u0440\u0430\u043d\u0438\u0446\u0430\",\"item\":\"https:\\\/\\\/megapari.games\\\/vi\\\/\"},{\"@type\":\"ListItem\",\"position\":2,\"name\":\"Chicken Road\"}]},{\"@type\":\"WebSite\",\"@id\":\"https:\\\/\\\/megapari.games\\\/vi\\\/#website\",\"url\":\"https:\\\/\\\/megapari.games\\\/vi\\\/\",\"name\":\"Megapari Games vi\",\"description\":\"My WordPress Blog\",\"potentialAction\":[{\"@type\":\"SearchAction\",\"target\":{\"@type\":\"EntryPoint\",\"urlTemplate\":\"https:\\\/\\\/megapari.games\\\/vi\\\/?s={search_term_string}\"},\"query-input\":{\"@type\":\"PropertyValueSpecification\",\"valueRequired\":true,\"valueName\":\"search_term_string\"}}],\"inLanguage\":\"vi\"}]}<\/script>\n<!-- \/ Yoast SEO plugin. -->","yoast_head_json":{"title":"Chicken Road Megapari \u2014 H\u1ec7 s\u1ed1 nh\u00e2n x10+ v\u00e0 phi\u00ean b\u1ea3n demo","description":"Chicken Road t\u1ea1i Megapari \u2014 H\u01b0\u1edbng d\u1eabn ch\u00fa g\u00e0 v\u01b0\u1ee3t qua c\u00e1c qu\u1ea3 m\u00ecn, t\u0103ng h\u1ec7 s\u1ed1 nh\u00e2n l\u00ean \u0111\u1ebfn x10+ trong c\u00e1c v\u00f2ng ch\u01a1i nhanh. Ch\u01a1i th\u1eed v\u1edbi ti\u1ec1n c\u01b0\u1ee3c trong ch\u1ebf \u0111\u1ed9 demo, t\u00ecm hi\u1ec3u c\u01a1 ch\u1ebf v\u00e0 c\u00e1c chi\u1ebfn l\u01b0\u1ee3c chi\u1ebfn th\u1eafng.","robots":{"index":"index","follow":"follow","max-snippet":"max-snippet:-1","max-image-preview":"max-image-preview:large","max-video-preview":"max-video-preview:-1"},"canonical":"https:\/\/megapari.games\/vi\/chicken-road\/","og_locale":"vi_VN","og_type":"article","og_title":"Chicken Road Megapari \u2014 H\u1ec7 s\u1ed1 nh\u00e2n x10+ v\u00e0 phi\u00ean b\u1ea3n demo","og_description":"Chicken Road t\u1ea1i Megapari \u2014 H\u01b0\u1edbng d\u1eabn ch\u00fa g\u00e0 v\u01b0\u1ee3t qua c\u00e1c qu\u1ea3 m\u00ecn, t\u0103ng h\u1ec7 s\u1ed1 nh\u00e2n l\u00ean \u0111\u1ebfn x10+ trong c\u00e1c v\u00f2ng ch\u01a1i nhanh. Ch\u01a1i th\u1eed v\u1edbi ti\u1ec1n c\u01b0\u1ee3c trong ch\u1ebf \u0111\u1ed9 demo, t\u00ecm hi\u1ec3u c\u01a1 ch\u1ebf v\u00e0 c\u00e1c chi\u1ebfn l\u01b0\u1ee3c chi\u1ebfn th\u1eafng.","og_url":"https:\/\/megapari.games\/vi\/chicken-road\/","og_site_name":"Megapari Games vi","article_modified_time":"2026-03-27T04:59:27+00:00","twitter_card":"summary_large_image","schema":{"@context":"https:\/\/schema.org","@graph":[{"@type":"WebPage","@id":"https:\/\/megapari.games\/vi\/chicken-road\/","url":"https:\/\/megapari.games\/vi\/chicken-road\/","name":"Chicken Road Megapari \u2014 H\u1ec7 s\u1ed1 nh\u00e2n x10+ v\u00e0 phi\u00ean b\u1ea3n demo","isPartOf":{"@id":"https:\/\/megapari.games\/vi\/#website"},"datePublished":"2026-02-09T10:44:53+00:00","dateModified":"2026-03-27T04:59:27+00:00","description":"Chicken Road t\u1ea1i Megapari \u2014 H\u01b0\u1edbng d\u1eabn ch\u00fa g\u00e0 v\u01b0\u1ee3t qua c\u00e1c qu\u1ea3 m\u00ecn, t\u0103ng h\u1ec7 s\u1ed1 nh\u00e2n l\u00ean \u0111\u1ebfn x10+ trong c\u00e1c v\u00f2ng ch\u01a1i nhanh. Ch\u01a1i th\u1eed v\u1edbi ti\u1ec1n c\u01b0\u1ee3c trong ch\u1ebf \u0111\u1ed9 demo, t\u00ecm hi\u1ec3u c\u01a1 ch\u1ebf v\u00e0 c\u00e1c chi\u1ebfn l\u01b0\u1ee3c chi\u1ebfn th\u1eafng.","breadcrumb":{"@id":"https:\/\/megapari.games\/vi\/chicken-road\/#breadcrumb"},"inLanguage":"vi","potentialAction":[{"@type":"ReadAction","target":["https:\/\/megapari.games\/vi\/chicken-road\/"]}]},{"@type":"BreadcrumbList","@id":"https:\/\/megapari.games\/vi\/chicken-road\/#breadcrumb","itemListElement":[{"@type":"ListItem","position":1,"name":"\u0413\u043b\u0430\u0432\u043d\u0430\u044f \u0441\u0442\u0440\u0430\u043d\u0438\u0446\u0430","item":"https:\/\/megapari.games\/vi\/"},{"@type":"ListItem","position":2,"name":"Chicken Road"}]},{"@type":"WebSite","@id":"https:\/\/megapari.games\/vi\/#website","url":"https:\/\/megapari.games\/vi\/","name":"Megapari Games vi","description":"My WordPress Blog","potentialAction":[{"@type":"SearchAction","target":{"@type":"EntryPoint","urlTemplate":"https:\/\/megapari.games\/vi\/?s={search_term_string}"},"query-input":{"@type":"PropertyValueSpecification","valueRequired":true,"valueName":"search_term_string"}}],"inLanguage":"vi"}]}},"_links":{"self":[{"href":"https:\/\/megapari.games\/vi\/wp-json\/wp\/v2\/pages\/1279","targetHints":{"allow":["GET"]}}],"collection":[{"href":"https:\/\/megapari.games\/vi\/wp-json\/wp\/v2\/pages"}],"about":[{"href":"https:\/\/megapari.games\/vi\/wp-json\/wp\/v2\/types\/page"}],"author":[{"embeddable":true,"href":"https:\/\/megapari.games\/vi\/wp-json\/wp\/v2\/users\/1"}],"replies":[{"embeddable":true,"href":"https:\/\/megapari.games\/vi\/wp-json\/wp\/v2\/comments?post=1279"}],"version-history":[{"count":11,"href":"https:\/\/megapari.games\/vi\/wp-json\/wp\/v2\/pages\/1279\/revisions"}],"predecessor-version":[{"id":1775,"href":"https:\/\/megapari.games\/vi\/wp-json\/wp\/v2\/pages\/1279\/revisions\/1775"}],"wp:attachment":[{"href":"https:\/\/megapari.games\/vi\/wp-json\/wp\/v2\/media?parent=1279"}],"curies":[{"name":"wp","href":"https:\/\/api.w.org\/{rel}","templated":true}]}}