{"id":1305,"date":"2026-02-09T13:54:29","date_gmt":"2026-02-09T13:54:29","guid":{"rendered":"https:\/\/megapari.games\/vi\/?page_id=1305"},"modified":"2026-03-27T13:53:21","modified_gmt":"2026-03-27T13:53:21","slug":"sweet-bonanza","status":"publish","type":"page","link":"https:\/\/megapari.games\/vi\/sweet-bonanza\/","title":{"rendered":"Sweet Bonanza"},"content":{"rendered":"","protected":false},"excerpt":{"rendered":"","protected":false},"author":1,"featured_media":0,"parent":0,"menu_order":0,"comment_status":"closed","ping_status":"closed","template":"","meta":{"inline_featured_image":false,"footnotes":""},"class_list":["post-1305","page","type-page","status-publish","hentry"],"yoast_head":"<!-- This site is optimized with the Yoast SEO plugin v27.5 - https:\/\/yoast.com\/product\/yoast-seo-wordpress\/ -->\n<title>Sweet Bonanza Megapari \u2014 FS, h\u1ec7 s\u1ed1 nh\u00e2n x100+<\/title>\n<meta name=\"description\" content=\"B\u1ea1n \u0111ang t\u00ecm ki\u1ebfm m\u1ed9t tr\u00f2 ch\u01a1i slot s\u00f4i \u0111\u1ed9ng v\u1edbi \u0111\u1ed3 h\u1ecda tuy\u1ec7t \u0111\u1eb9p v\u00e0 lu\u1eadt ch\u01a1i \u0111\u01a1n gi\u1ea3n? H\u00e3y th\u1eed Sweet Bonanza t\u1ea1i Megapari \u2014 v\u1edbi c\u00e1c v\u00f2ng quay li\u00ean ti\u1ebfp, h\u1ec7 s\u1ed1 nh\u00e2n l\u00ean \u0111\u1ebfn x100+ v\u00e0 truy c\u1eadp ngay l\u1eadp t\u1ee9c \u1edf ch\u1ebf \u0111\u1ed9 demo ho\u1eb7c \u0111\u1eb7t c\u01b0\u1ee3c th\u1eadt!\" \/>\n<meta name=\"robots\" content=\"index, follow, max-snippet:-1, max-image-preview:large, max-video-preview:-1\" \/>\n<link rel=\"canonical\" href=\"https:\/\/megapari.games\/vi\/sweet-bonanza\/\" \/>\n<meta property=\"og:locale\" content=\"vi_VN\" \/>\n<meta property=\"og:type\" content=\"article\" \/>\n<meta property=\"og:title\" content=\"Sweet Bonanza Megapari \u2014 FS, h\u1ec7 s\u1ed1 nh\u00e2n x100+\" \/>\n<meta property=\"og:description\" content=\"B\u1ea1n \u0111ang t\u00ecm ki\u1ebfm m\u1ed9t tr\u00f2 ch\u01a1i slot s\u00f4i \u0111\u1ed9ng v\u1edbi \u0111\u1ed3 h\u1ecda tuy\u1ec7t \u0111\u1eb9p v\u00e0 lu\u1eadt ch\u01a1i \u0111\u01a1n gi\u1ea3n? H\u00e3y th\u1eed Sweet Bonanza t\u1ea1i Megapari \u2014 v\u1edbi c\u00e1c v\u00f2ng quay li\u00ean ti\u1ebfp, h\u1ec7 s\u1ed1 nh\u00e2n l\u00ean \u0111\u1ebfn x100+ v\u00e0 truy c\u1eadp ngay l\u1eadp t\u1ee9c \u1edf ch\u1ebf \u0111\u1ed9 demo ho\u1eb7c \u0111\u1eb7t c\u01b0\u1ee3c th\u1eadt!\" \/>\n<meta property=\"og:url\" content=\"https:\/\/megapari.games\/vi\/sweet-bonanza\/\" \/>\n<meta property=\"og:site_name\" content=\"Megapari Games vi\" \/>\n<meta property=\"article:modified_time\" content=\"2026-03-27T13:53:21+00:00\" \/>\n<meta name=\"twitter:card\" content=\"summary_large_image\" \/>\n<script type=\"application\/ld+json\" class=\"yoast-schema-graph\">{\"@context\":\"https:\\\/\\\/schema.org\",\"@graph\":[{\"@type\":\"WebPage\",\"@id\":\"https:\\\/\\\/megapari.games\\\/vi\\\/sweet-bonanza\\\/\",\"url\":\"https:\\\/\\\/megapari.games\\\/vi\\\/sweet-bonanza\\\/\",\"name\":\"Sweet Bonanza Megapari \u2014 FS, h\u1ec7 s\u1ed1 nh\u00e2n x100+\",\"isPartOf\":{\"@id\":\"https:\\\/\\\/megapari.games\\\/vi\\\/#website\"},\"datePublished\":\"2026-02-09T13:54:29+00:00\",\"dateModified\":\"2026-03-27T13:53:21+00:00\",\"description\":\"B\u1ea1n \u0111ang t\u00ecm ki\u1ebfm m\u1ed9t tr\u00f2 ch\u01a1i slot s\u00f4i \u0111\u1ed9ng v\u1edbi \u0111\u1ed3 h\u1ecda tuy\u1ec7t \u0111\u1eb9p v\u00e0 lu\u1eadt ch\u01a1i \u0111\u01a1n gi\u1ea3n? H\u00e3y th\u1eed Sweet Bonanza t\u1ea1i Megapari \u2014 v\u1edbi c\u00e1c v\u00f2ng quay li\u00ean ti\u1ebfp, h\u1ec7 s\u1ed1 nh\u00e2n l\u00ean \u0111\u1ebfn x100+ v\u00e0 truy c\u1eadp ngay l\u1eadp t\u1ee9c \u1edf ch\u1ebf \u0111\u1ed9 demo ho\u1eb7c \u0111\u1eb7t c\u01b0\u1ee3c th\u1eadt!\",\"breadcrumb\":{\"@id\":\"https:\\\/\\\/megapari.games\\\/vi\\\/sweet-bonanza\\\/#breadcrumb\"},\"inLanguage\":\"vi\",\"potentialAction\":[{\"@type\":\"ReadAction\",\"target\":[\"https:\\\/\\\/megapari.games\\\/vi\\\/sweet-bonanza\\\/\"]}]},{\"@type\":\"BreadcrumbList\",\"@id\":\"https:\\\/\\\/megapari.games\\\/vi\\\/sweet-bonanza\\\/#breadcrumb\",\"itemListElement\":[{\"@type\":\"ListItem\",\"position\":1,\"name\":\"\u0413\u043b\u0430\u0432\u043d\u0430\u044f \u0441\u0442\u0440\u0430\u043d\u0438\u0446\u0430\",\"item\":\"https:\\\/\\\/megapari.games\\\/vi\\\/\"},{\"@type\":\"ListItem\",\"position\":2,\"name\":\"Sweet Bonanza\"}]},{\"@type\":\"WebSite\",\"@id\":\"https:\\\/\\\/megapari.games\\\/vi\\\/#website\",\"url\":\"https:\\\/\\\/megapari.games\\\/vi\\\/\",\"name\":\"Megapari Games vi\",\"description\":\"My WordPress Blog\",\"potentialAction\":[{\"@type\":\"SearchAction\",\"target\":{\"@type\":\"EntryPoint\",\"urlTemplate\":\"https:\\\/\\\/megapari.games\\\/vi\\\/?s={search_term_string}\"},\"query-input\":{\"@type\":\"PropertyValueSpecification\",\"valueRequired\":true,\"valueName\":\"search_term_string\"}}],\"inLanguage\":\"vi\"}]}<\/script>\n<!-- \/ Yoast SEO plugin. -->","yoast_head_json":{"title":"Sweet Bonanza Megapari \u2014 FS, h\u1ec7 s\u1ed1 nh\u00e2n x100+","description":"B\u1ea1n \u0111ang t\u00ecm ki\u1ebfm m\u1ed9t tr\u00f2 ch\u01a1i slot s\u00f4i \u0111\u1ed9ng v\u1edbi \u0111\u1ed3 h\u1ecda tuy\u1ec7t \u0111\u1eb9p v\u00e0 lu\u1eadt ch\u01a1i \u0111\u01a1n gi\u1ea3n? H\u00e3y th\u1eed Sweet Bonanza t\u1ea1i Megapari \u2014 v\u1edbi c\u00e1c v\u00f2ng quay li\u00ean ti\u1ebfp, h\u1ec7 s\u1ed1 nh\u00e2n l\u00ean \u0111\u1ebfn x100+ v\u00e0 truy c\u1eadp ngay l\u1eadp t\u1ee9c \u1edf ch\u1ebf \u0111\u1ed9 demo ho\u1eb7c \u0111\u1eb7t c\u01b0\u1ee3c th\u1eadt!","robots":{"index":"index","follow":"follow","max-snippet":"max-snippet:-1","max-image-preview":"max-image-preview:large","max-video-preview":"max-video-preview:-1"},"canonical":"https:\/\/megapari.games\/vi\/sweet-bonanza\/","og_locale":"vi_VN","og_type":"article","og_title":"Sweet Bonanza Megapari \u2014 FS, h\u1ec7 s\u1ed1 nh\u00e2n x100+","og_description":"B\u1ea1n \u0111ang t\u00ecm ki\u1ebfm m\u1ed9t tr\u00f2 ch\u01a1i slot s\u00f4i \u0111\u1ed9ng v\u1edbi \u0111\u1ed3 h\u1ecda tuy\u1ec7t \u0111\u1eb9p v\u00e0 lu\u1eadt ch\u01a1i \u0111\u01a1n gi\u1ea3n? H\u00e3y th\u1eed Sweet Bonanza t\u1ea1i Megapari \u2014 v\u1edbi c\u00e1c v\u00f2ng quay li\u00ean ti\u1ebfp, h\u1ec7 s\u1ed1 nh\u00e2n l\u00ean \u0111\u1ebfn x100+ v\u00e0 truy c\u1eadp ngay l\u1eadp t\u1ee9c \u1edf ch\u1ebf \u0111\u1ed9 demo ho\u1eb7c \u0111\u1eb7t c\u01b0\u1ee3c th\u1eadt!","og_url":"https:\/\/megapari.games\/vi\/sweet-bonanza\/","og_site_name":"Megapari Games vi","article_modified_time":"2026-03-27T13:53:21+00:00","twitter_card":"summary_large_image","schema":{"@context":"https:\/\/schema.org","@graph":[{"@type":"WebPage","@id":"https:\/\/megapari.games\/vi\/sweet-bonanza\/","url":"https:\/\/megapari.games\/vi\/sweet-bonanza\/","name":"Sweet Bonanza Megapari \u2014 FS, h\u1ec7 s\u1ed1 nh\u00e2n x100+","isPartOf":{"@id":"https:\/\/megapari.games\/vi\/#website"},"datePublished":"2026-02-09T13:54:29+00:00","dateModified":"2026-03-27T13:53:21+00:00","description":"B\u1ea1n \u0111ang t\u00ecm ki\u1ebfm m\u1ed9t tr\u00f2 ch\u01a1i slot s\u00f4i \u0111\u1ed9ng v\u1edbi \u0111\u1ed3 h\u1ecda tuy\u1ec7t \u0111\u1eb9p v\u00e0 lu\u1eadt ch\u01a1i \u0111\u01a1n gi\u1ea3n? H\u00e3y th\u1eed Sweet Bonanza t\u1ea1i Megapari \u2014 v\u1edbi c\u00e1c v\u00f2ng quay li\u00ean ti\u1ebfp, h\u1ec7 s\u1ed1 nh\u00e2n l\u00ean \u0111\u1ebfn x100+ v\u00e0 truy c\u1eadp ngay l\u1eadp t\u1ee9c \u1edf ch\u1ebf \u0111\u1ed9 demo ho\u1eb7c \u0111\u1eb7t c\u01b0\u1ee3c th\u1eadt!","breadcrumb":{"@id":"https:\/\/megapari.games\/vi\/sweet-bonanza\/#breadcrumb"},"inLanguage":"vi","potentialAction":[{"@type":"ReadAction","target":["https:\/\/megapari.games\/vi\/sweet-bonanza\/"]}]},{"@type":"BreadcrumbList","@id":"https:\/\/megapari.games\/vi\/sweet-bonanza\/#breadcrumb","itemListElement":[{"@type":"ListItem","position":1,"name":"\u0413\u043b\u0430\u0432\u043d\u0430\u044f \u0441\u0442\u0440\u0430\u043d\u0438\u0446\u0430","item":"https:\/\/megapari.games\/vi\/"},{"@type":"ListItem","position":2,"name":"Sweet Bonanza"}]},{"@type":"WebSite","@id":"https:\/\/megapari.games\/vi\/#website","url":"https:\/\/megapari.games\/vi\/","name":"Megapari Games vi","description":"My WordPress Blog","potentialAction":[{"@type":"SearchAction","target":{"@type":"EntryPoint","urlTemplate":"https:\/\/megapari.games\/vi\/?s={search_term_string}"},"query-input":{"@type":"PropertyValueSpecification","valueRequired":true,"valueName":"search_term_string"}}],"inLanguage":"vi"}]}},"_links":{"self":[{"href":"https:\/\/megapari.games\/vi\/wp-json\/wp\/v2\/pages\/1305","targetHints":{"allow":["GET"]}}],"collection":[{"href":"https:\/\/megapari.games\/vi\/wp-json\/wp\/v2\/pages"}],"about":[{"href":"https:\/\/megapari.games\/vi\/wp-json\/wp\/v2\/types\/page"}],"author":[{"embeddable":true,"href":"https:\/\/megapari.games\/vi\/wp-json\/wp\/v2\/users\/1"}],"replies":[{"embeddable":true,"href":"https:\/\/megapari.games\/vi\/wp-json\/wp\/v2\/comments?post=1305"}],"version-history":[{"count":6,"href":"https:\/\/megapari.games\/vi\/wp-json\/wp\/v2\/pages\/1305\/revisions"}],"predecessor-version":[{"id":1794,"href":"https:\/\/megapari.games\/vi\/wp-json\/wp\/v2\/pages\/1305\/revisions\/1794"}],"wp:attachment":[{"href":"https:\/\/megapari.games\/vi\/wp-json\/wp\/v2\/media?parent=1305"}],"curies":[{"name":"wp","href":"https:\/\/api.w.org\/{rel}","templated":true}]}}