{"id":1310,"date":"2026-02-09T17:04:10","date_gmt":"2026-02-09T17:04:10","guid":{"rendered":"https:\/\/megapari.games\/vi\/?page_id=1310"},"modified":"2026-03-27T05:23:22","modified_gmt":"2026-03-27T05:23:22","slug":"gates-of-olympus","status":"publish","type":"page","link":"https:\/\/megapari.games\/vi\/gates-of-olympus\/","title":{"rendered":"Gates of Olympus"},"content":{"rendered":"","protected":false},"excerpt":{"rendered":"","protected":false},"author":1,"featured_media":0,"parent":0,"menu_order":0,"comment_status":"closed","ping_status":"closed","template":"","meta":{"inline_featured_image":false,"footnotes":""},"class_list":["post-1310","page","type-page","status-publish","hentry"],"yoast_head":"<!-- This site is optimized with the Yoast SEO plugin v27.5 - https:\/\/yoast.com\/product\/yoast-seo-wordpress\/ -->\n<title>Gates of Olympus Megapari \u2014 x500+h\u1ec7 s\u1ed1 nh\u00e2n, FS<\/title>\n<meta name=\"description\" content=\"H\u00e3y \u0111\u1eafm ch\u00ecm trong th\u1ebf gi\u1edbi game c\u00f9ng Gates of Olympus t\u1ea1i Megapari! Ch\u01a1i tr\u1ef1c tuy\u1ebfn \u1edf ch\u1ebf \u0111\u1ed9 demo ho\u1eb7c b\u1eb1ng ti\u1ec1n th\u1eadt, nh\u1eadn v\u00f2ng quay mi\u1ec5n ph\u00ed v\u00e0 h\u1ec7 s\u1ed1 nh\u00e2n l\u00ean \u0111\u1ebfn x500+, v\u00e0 th\u1ea7n Zeus s\u1ebd h\u00e0o ph\u00f3ng th\u01b0\u1edfng cho b\u1ea1n sau m\u1ed7i l\u1ea7n th\u1eafng li\u00ean ti\u1ebfp.\" \/>\n<meta name=\"robots\" content=\"index, follow, max-snippet:-1, max-image-preview:large, max-video-preview:-1\" \/>\n<link rel=\"canonical\" href=\"https:\/\/megapari.games\/vi\/gates-of-olympus\/\" \/>\n<meta property=\"og:locale\" content=\"vi_VN\" \/>\n<meta property=\"og:type\" content=\"article\" \/>\n<meta property=\"og:title\" content=\"Gates of Olympus Megapari \u2014 x500+h\u1ec7 s\u1ed1 nh\u00e2n, FS\" \/>\n<meta property=\"og:description\" content=\"H\u00e3y \u0111\u1eafm ch\u00ecm trong th\u1ebf gi\u1edbi game c\u00f9ng Gates of Olympus t\u1ea1i Megapari! Ch\u01a1i tr\u1ef1c tuy\u1ebfn \u1edf ch\u1ebf \u0111\u1ed9 demo ho\u1eb7c b\u1eb1ng ti\u1ec1n th\u1eadt, nh\u1eadn v\u00f2ng quay mi\u1ec5n ph\u00ed v\u00e0 h\u1ec7 s\u1ed1 nh\u00e2n l\u00ean \u0111\u1ebfn x500+, v\u00e0 th\u1ea7n Zeus s\u1ebd h\u00e0o ph\u00f3ng th\u01b0\u1edfng cho b\u1ea1n sau m\u1ed7i l\u1ea7n th\u1eafng li\u00ean ti\u1ebfp.\" \/>\n<meta property=\"og:url\" content=\"https:\/\/megapari.games\/vi\/gates-of-olympus\/\" \/>\n<meta property=\"og:site_name\" content=\"Megapari Games vi\" \/>\n<meta property=\"article:modified_time\" content=\"2026-03-27T05:23:22+00:00\" \/>\n<meta name=\"twitter:card\" content=\"summary_large_image\" \/>\n<script type=\"application\/ld+json\" class=\"yoast-schema-graph\">{\"@context\":\"https:\\\/\\\/schema.org\",\"@graph\":[{\"@type\":\"WebPage\",\"@id\":\"https:\\\/\\\/megapari.games\\\/vi\\\/gates-of-olympus\\\/\",\"url\":\"https:\\\/\\\/megapari.games\\\/vi\\\/gates-of-olympus\\\/\",\"name\":\"Gates of Olympus Megapari \u2014 x500+h\u1ec7 s\u1ed1 nh\u00e2n, FS\",\"isPartOf\":{\"@id\":\"https:\\\/\\\/megapari.games\\\/vi\\\/#website\"},\"datePublished\":\"2026-02-09T17:04:10+00:00\",\"dateModified\":\"2026-03-27T05:23:22+00:00\",\"description\":\"H\u00e3y \u0111\u1eafm ch\u00ecm trong th\u1ebf gi\u1edbi game c\u00f9ng Gates of Olympus t\u1ea1i Megapari! Ch\u01a1i tr\u1ef1c tuy\u1ebfn \u1edf ch\u1ebf \u0111\u1ed9 demo ho\u1eb7c b\u1eb1ng ti\u1ec1n th\u1eadt, nh\u1eadn v\u00f2ng quay mi\u1ec5n ph\u00ed v\u00e0 h\u1ec7 s\u1ed1 nh\u00e2n l\u00ean \u0111\u1ebfn x500+, v\u00e0 th\u1ea7n Zeus s\u1ebd h\u00e0o ph\u00f3ng th\u01b0\u1edfng cho b\u1ea1n sau m\u1ed7i l\u1ea7n th\u1eafng li\u00ean ti\u1ebfp.\",\"breadcrumb\":{\"@id\":\"https:\\\/\\\/megapari.games\\\/vi\\\/gates-of-olympus\\\/#breadcrumb\"},\"inLanguage\":\"vi\",\"potentialAction\":[{\"@type\":\"ReadAction\",\"target\":[\"https:\\\/\\\/megapari.games\\\/vi\\\/gates-of-olympus\\\/\"]}]},{\"@type\":\"BreadcrumbList\",\"@id\":\"https:\\\/\\\/megapari.games\\\/vi\\\/gates-of-olympus\\\/#breadcrumb\",\"itemListElement\":[{\"@type\":\"ListItem\",\"position\":1,\"name\":\"\u0413\u043b\u0430\u0432\u043d\u0430\u044f \u0441\u0442\u0440\u0430\u043d\u0438\u0446\u0430\",\"item\":\"https:\\\/\\\/megapari.games\\\/vi\\\/\"},{\"@type\":\"ListItem\",\"position\":2,\"name\":\"Gates of Olympus\"}]},{\"@type\":\"WebSite\",\"@id\":\"https:\\\/\\\/megapari.games\\\/vi\\\/#website\",\"url\":\"https:\\\/\\\/megapari.games\\\/vi\\\/\",\"name\":\"Megapari Games vi\",\"description\":\"My WordPress Blog\",\"potentialAction\":[{\"@type\":\"SearchAction\",\"target\":{\"@type\":\"EntryPoint\",\"urlTemplate\":\"https:\\\/\\\/megapari.games\\\/vi\\\/?s={search_term_string}\"},\"query-input\":{\"@type\":\"PropertyValueSpecification\",\"valueRequired\":true,\"valueName\":\"search_term_string\"}}],\"inLanguage\":\"vi\"}]}<\/script>\n<!-- \/ Yoast SEO plugin. -->","yoast_head_json":{"title":"Gates of Olympus Megapari \u2014 x500+h\u1ec7 s\u1ed1 nh\u00e2n, FS","description":"H\u00e3y \u0111\u1eafm ch\u00ecm trong th\u1ebf gi\u1edbi game c\u00f9ng Gates of Olympus t\u1ea1i Megapari! Ch\u01a1i tr\u1ef1c tuy\u1ebfn \u1edf ch\u1ebf \u0111\u1ed9 demo ho\u1eb7c b\u1eb1ng ti\u1ec1n th\u1eadt, nh\u1eadn v\u00f2ng quay mi\u1ec5n ph\u00ed v\u00e0 h\u1ec7 s\u1ed1 nh\u00e2n l\u00ean \u0111\u1ebfn x500+, v\u00e0 th\u1ea7n Zeus s\u1ebd h\u00e0o ph\u00f3ng th\u01b0\u1edfng cho b\u1ea1n sau m\u1ed7i l\u1ea7n th\u1eafng li\u00ean ti\u1ebfp.","robots":{"index":"index","follow":"follow","max-snippet":"max-snippet:-1","max-image-preview":"max-image-preview:large","max-video-preview":"max-video-preview:-1"},"canonical":"https:\/\/megapari.games\/vi\/gates-of-olympus\/","og_locale":"vi_VN","og_type":"article","og_title":"Gates of Olympus Megapari \u2014 x500+h\u1ec7 s\u1ed1 nh\u00e2n, FS","og_description":"H\u00e3y \u0111\u1eafm ch\u00ecm trong th\u1ebf gi\u1edbi game c\u00f9ng Gates of Olympus t\u1ea1i Megapari! Ch\u01a1i tr\u1ef1c tuy\u1ebfn \u1edf ch\u1ebf \u0111\u1ed9 demo ho\u1eb7c b\u1eb1ng ti\u1ec1n th\u1eadt, nh\u1eadn v\u00f2ng quay mi\u1ec5n ph\u00ed v\u00e0 h\u1ec7 s\u1ed1 nh\u00e2n l\u00ean \u0111\u1ebfn x500+, v\u00e0 th\u1ea7n Zeus s\u1ebd h\u00e0o ph\u00f3ng th\u01b0\u1edfng cho b\u1ea1n sau m\u1ed7i l\u1ea7n th\u1eafng li\u00ean ti\u1ebfp.","og_url":"https:\/\/megapari.games\/vi\/gates-of-olympus\/","og_site_name":"Megapari Games vi","article_modified_time":"2026-03-27T05:23:22+00:00","twitter_card":"summary_large_image","schema":{"@context":"https:\/\/schema.org","@graph":[{"@type":"WebPage","@id":"https:\/\/megapari.games\/vi\/gates-of-olympus\/","url":"https:\/\/megapari.games\/vi\/gates-of-olympus\/","name":"Gates of Olympus Megapari \u2014 x500+h\u1ec7 s\u1ed1 nh\u00e2n, FS","isPartOf":{"@id":"https:\/\/megapari.games\/vi\/#website"},"datePublished":"2026-02-09T17:04:10+00:00","dateModified":"2026-03-27T05:23:22+00:00","description":"H\u00e3y \u0111\u1eafm ch\u00ecm trong th\u1ebf gi\u1edbi game c\u00f9ng Gates of Olympus t\u1ea1i Megapari! Ch\u01a1i tr\u1ef1c tuy\u1ebfn \u1edf ch\u1ebf \u0111\u1ed9 demo ho\u1eb7c b\u1eb1ng ti\u1ec1n th\u1eadt, nh\u1eadn v\u00f2ng quay mi\u1ec5n ph\u00ed v\u00e0 h\u1ec7 s\u1ed1 nh\u00e2n l\u00ean \u0111\u1ebfn x500+, v\u00e0 th\u1ea7n Zeus s\u1ebd h\u00e0o ph\u00f3ng th\u01b0\u1edfng cho b\u1ea1n sau m\u1ed7i l\u1ea7n th\u1eafng li\u00ean ti\u1ebfp.","breadcrumb":{"@id":"https:\/\/megapari.games\/vi\/gates-of-olympus\/#breadcrumb"},"inLanguage":"vi","potentialAction":[{"@type":"ReadAction","target":["https:\/\/megapari.games\/vi\/gates-of-olympus\/"]}]},{"@type":"BreadcrumbList","@id":"https:\/\/megapari.games\/vi\/gates-of-olympus\/#breadcrumb","itemListElement":[{"@type":"ListItem","position":1,"name":"\u0413\u043b\u0430\u0432\u043d\u0430\u044f \u0441\u0442\u0440\u0430\u043d\u0438\u0446\u0430","item":"https:\/\/megapari.games\/vi\/"},{"@type":"ListItem","position":2,"name":"Gates of Olympus"}]},{"@type":"WebSite","@id":"https:\/\/megapari.games\/vi\/#website","url":"https:\/\/megapari.games\/vi\/","name":"Megapari Games vi","description":"My WordPress Blog","potentialAction":[{"@type":"SearchAction","target":{"@type":"EntryPoint","urlTemplate":"https:\/\/megapari.games\/vi\/?s={search_term_string}"},"query-input":{"@type":"PropertyValueSpecification","valueRequired":true,"valueName":"search_term_string"}}],"inLanguage":"vi"}]}},"_links":{"self":[{"href":"https:\/\/megapari.games\/vi\/wp-json\/wp\/v2\/pages\/1310","targetHints":{"allow":["GET"]}}],"collection":[{"href":"https:\/\/megapari.games\/vi\/wp-json\/wp\/v2\/pages"}],"about":[{"href":"https:\/\/megapari.games\/vi\/wp-json\/wp\/v2\/types\/page"}],"author":[{"embeddable":true,"href":"https:\/\/megapari.games\/vi\/wp-json\/wp\/v2\/users\/1"}],"replies":[{"embeddable":true,"href":"https:\/\/megapari.games\/vi\/wp-json\/wp\/v2\/comments?post=1310"}],"version-history":[{"count":12,"href":"https:\/\/megapari.games\/vi\/wp-json\/wp\/v2\/pages\/1310\/revisions"}],"predecessor-version":[{"id":1774,"href":"https:\/\/megapari.games\/vi\/wp-json\/wp\/v2\/pages\/1310\/revisions\/1774"}],"wp:attachment":[{"href":"https:\/\/megapari.games\/vi\/wp-json\/wp\/v2\/media?parent=1310"}],"curies":[{"name":"wp","href":"https:\/\/api.w.org\/{rel}","templated":true}]}}