{"id":1320,"date":"2026-02-10T04:35:10","date_gmt":"2026-02-10T04:35:10","guid":{"rendered":"https:\/\/megapari.games\/vi\/?page_id=1320"},"modified":"2026-03-27T04:32:06","modified_gmt":"2026-03-27T04:32:06","slug":"book-of-dead","status":"publish","type":"page","link":"https:\/\/megapari.games\/vi\/book-of-dead\/","title":{"rendered":"Book of Dead"},"content":{"rendered":"","protected":false},"excerpt":{"rendered":"","protected":false},"author":1,"featured_media":0,"parent":0,"menu_order":0,"comment_status":"closed","ping_status":"closed","template":"","meta":{"inline_featured_image":false,"footnotes":""},"class_list":["post-1320","page","type-page","status-publish","hentry"],"yoast_head":"<!-- This site is optimized with the Yoast SEO plugin v27.5 - https:\/\/yoast.com\/product\/yoast-seo-wordpress\/ -->\n<title>Book of Dead Megapari \u2014 &quot;cu\u1ed1n s\u00e1ch&quot; mang t\u00ednh bi\u1ec3u t\u01b0\u1ee3ng<\/title>\n<meta name=\"description\" content=\"H\u00e3y \u0111\u1eafm ch\u00ecm trong b\u1ea7u kh\u00f4ng kh\u00ed huy\u1ec1n b\u00ed c\u1ed5 x\u01b0a c\u00f9ng Book of Dead! V\u1edbi c\u01a1 ch\u1ebf ch\u01a1i \u0111\u01a1n gi\u1ea3n, v\u00f2ng quay mi\u1ec5n ph\u00ed v\u00e0 c\u00e1c bi\u1ec3u t\u01b0\u1ee3ng m\u1edf r\u1ed9ng, tr\u00f2 ch\u01a1i slot n\u00e0y t\u1ea1i Megapari l\u00e0 s\u1ef1 l\u1ef1a ch\u1ecdn ho\u00e0n h\u1ea3o cho c\u1ea3 ng\u01b0\u1eddi m\u1edbi b\u1eaft \u0111\u1ea7u l\u1eabn nh\u1eefng ng\u01b0\u1eddi ch\u01a1i d\u00e0y d\u1ea1n kinh nghi\u1ec7m.\" \/>\n<meta name=\"robots\" content=\"index, follow, max-snippet:-1, max-image-preview:large, max-video-preview:-1\" \/>\n<link rel=\"canonical\" href=\"https:\/\/megapari.games\/vi\/book-of-dead\/\" \/>\n<meta property=\"og:locale\" content=\"vi_VN\" \/>\n<meta property=\"og:type\" content=\"article\" \/>\n<meta property=\"og:title\" content=\"Book of Dead Megapari \u2014 &quot;cu\u1ed1n s\u00e1ch&quot; mang t\u00ednh bi\u1ec3u t\u01b0\u1ee3ng\" \/>\n<meta property=\"og:description\" content=\"H\u00e3y \u0111\u1eafm ch\u00ecm trong b\u1ea7u kh\u00f4ng kh\u00ed huy\u1ec1n b\u00ed c\u1ed5 x\u01b0a c\u00f9ng Book of Dead! V\u1edbi c\u01a1 ch\u1ebf ch\u01a1i \u0111\u01a1n gi\u1ea3n, v\u00f2ng quay mi\u1ec5n ph\u00ed v\u00e0 c\u00e1c bi\u1ec3u t\u01b0\u1ee3ng m\u1edf r\u1ed9ng, tr\u00f2 ch\u01a1i slot n\u00e0y t\u1ea1i Megapari l\u00e0 s\u1ef1 l\u1ef1a ch\u1ecdn ho\u00e0n h\u1ea3o cho c\u1ea3 ng\u01b0\u1eddi m\u1edbi b\u1eaft \u0111\u1ea7u l\u1eabn nh\u1eefng ng\u01b0\u1eddi ch\u01a1i d\u00e0y d\u1ea1n kinh nghi\u1ec7m.\" \/>\n<meta property=\"og:url\" content=\"https:\/\/megapari.games\/vi\/book-of-dead\/\" \/>\n<meta property=\"og:site_name\" content=\"Megapari Games vi\" \/>\n<meta property=\"article:modified_time\" content=\"2026-03-27T04:32:06+00:00\" \/>\n<meta name=\"twitter:card\" content=\"summary_large_image\" \/>\n<script type=\"application\/ld+json\" class=\"yoast-schema-graph\">{\"@context\":\"https:\\\/\\\/schema.org\",\"@graph\":[{\"@type\":\"WebPage\",\"@id\":\"https:\\\/\\\/megapari.games\\\/vi\\\/book-of-dead\\\/\",\"url\":\"https:\\\/\\\/megapari.games\\\/vi\\\/book-of-dead\\\/\",\"name\":\"Book of Dead Megapari \u2014 \\\"cu\u1ed1n s\u00e1ch\\\" mang t\u00ednh bi\u1ec3u t\u01b0\u1ee3ng\",\"isPartOf\":{\"@id\":\"https:\\\/\\\/megapari.games\\\/vi\\\/#website\"},\"datePublished\":\"2026-02-10T04:35:10+00:00\",\"dateModified\":\"2026-03-27T04:32:06+00:00\",\"description\":\"H\u00e3y \u0111\u1eafm ch\u00ecm trong b\u1ea7u kh\u00f4ng kh\u00ed huy\u1ec1n b\u00ed c\u1ed5 x\u01b0a c\u00f9ng Book of Dead! V\u1edbi c\u01a1 ch\u1ebf ch\u01a1i \u0111\u01a1n gi\u1ea3n, v\u00f2ng quay mi\u1ec5n ph\u00ed v\u00e0 c\u00e1c bi\u1ec3u t\u01b0\u1ee3ng m\u1edf r\u1ed9ng, tr\u00f2 ch\u01a1i slot n\u00e0y t\u1ea1i Megapari l\u00e0 s\u1ef1 l\u1ef1a ch\u1ecdn ho\u00e0n h\u1ea3o cho c\u1ea3 ng\u01b0\u1eddi m\u1edbi b\u1eaft \u0111\u1ea7u l\u1eabn nh\u1eefng ng\u01b0\u1eddi ch\u01a1i d\u00e0y d\u1ea1n kinh nghi\u1ec7m.\",\"breadcrumb\":{\"@id\":\"https:\\\/\\\/megapari.games\\\/vi\\\/book-of-dead\\\/#breadcrumb\"},\"inLanguage\":\"vi\",\"potentialAction\":[{\"@type\":\"ReadAction\",\"target\":[\"https:\\\/\\\/megapari.games\\\/vi\\\/book-of-dead\\\/\"]}]},{\"@type\":\"BreadcrumbList\",\"@id\":\"https:\\\/\\\/megapari.games\\\/vi\\\/book-of-dead\\\/#breadcrumb\",\"itemListElement\":[{\"@type\":\"ListItem\",\"position\":1,\"name\":\"\u0413\u043b\u0430\u0432\u043d\u0430\u044f \u0441\u0442\u0440\u0430\u043d\u0438\u0446\u0430\",\"item\":\"https:\\\/\\\/megapari.games\\\/vi\\\/\"},{\"@type\":\"ListItem\",\"position\":2,\"name\":\"Book of Dead\"}]},{\"@type\":\"WebSite\",\"@id\":\"https:\\\/\\\/megapari.games\\\/vi\\\/#website\",\"url\":\"https:\\\/\\\/megapari.games\\\/vi\\\/\",\"name\":\"Megapari Games vi\",\"description\":\"My WordPress Blog\",\"potentialAction\":[{\"@type\":\"SearchAction\",\"target\":{\"@type\":\"EntryPoint\",\"urlTemplate\":\"https:\\\/\\\/megapari.games\\\/vi\\\/?s={search_term_string}\"},\"query-input\":{\"@type\":\"PropertyValueSpecification\",\"valueRequired\":true,\"valueName\":\"search_term_string\"}}],\"inLanguage\":\"vi\"}]}<\/script>\n<!-- \/ Yoast SEO plugin. -->","yoast_head_json":{"title":"Book of Dead Megapari \u2014 \"cu\u1ed1n s\u00e1ch\" mang t\u00ednh bi\u1ec3u t\u01b0\u1ee3ng","description":"H\u00e3y \u0111\u1eafm ch\u00ecm trong b\u1ea7u kh\u00f4ng kh\u00ed huy\u1ec1n b\u00ed c\u1ed5 x\u01b0a c\u00f9ng Book of Dead! V\u1edbi c\u01a1 ch\u1ebf ch\u01a1i \u0111\u01a1n gi\u1ea3n, v\u00f2ng quay mi\u1ec5n ph\u00ed v\u00e0 c\u00e1c bi\u1ec3u t\u01b0\u1ee3ng m\u1edf r\u1ed9ng, tr\u00f2 ch\u01a1i slot n\u00e0y t\u1ea1i Megapari l\u00e0 s\u1ef1 l\u1ef1a ch\u1ecdn ho\u00e0n h\u1ea3o cho c\u1ea3 ng\u01b0\u1eddi m\u1edbi b\u1eaft \u0111\u1ea7u l\u1eabn nh\u1eefng ng\u01b0\u1eddi ch\u01a1i d\u00e0y d\u1ea1n kinh nghi\u1ec7m.","robots":{"index":"index","follow":"follow","max-snippet":"max-snippet:-1","max-image-preview":"max-image-preview:large","max-video-preview":"max-video-preview:-1"},"canonical":"https:\/\/megapari.games\/vi\/book-of-dead\/","og_locale":"vi_VN","og_type":"article","og_title":"Book of Dead Megapari \u2014 \"cu\u1ed1n s\u00e1ch\" mang t\u00ednh bi\u1ec3u t\u01b0\u1ee3ng","og_description":"H\u00e3y \u0111\u1eafm ch\u00ecm trong b\u1ea7u kh\u00f4ng kh\u00ed huy\u1ec1n b\u00ed c\u1ed5 x\u01b0a c\u00f9ng Book of Dead! V\u1edbi c\u01a1 ch\u1ebf ch\u01a1i \u0111\u01a1n gi\u1ea3n, v\u00f2ng quay mi\u1ec5n ph\u00ed v\u00e0 c\u00e1c bi\u1ec3u t\u01b0\u1ee3ng m\u1edf r\u1ed9ng, tr\u00f2 ch\u01a1i slot n\u00e0y t\u1ea1i Megapari l\u00e0 s\u1ef1 l\u1ef1a ch\u1ecdn ho\u00e0n h\u1ea3o cho c\u1ea3 ng\u01b0\u1eddi m\u1edbi b\u1eaft \u0111\u1ea7u l\u1eabn nh\u1eefng ng\u01b0\u1eddi ch\u01a1i d\u00e0y d\u1ea1n kinh nghi\u1ec7m.","og_url":"https:\/\/megapari.games\/vi\/book-of-dead\/","og_site_name":"Megapari Games vi","article_modified_time":"2026-03-27T04:32:06+00:00","twitter_card":"summary_large_image","schema":{"@context":"https:\/\/schema.org","@graph":[{"@type":"WebPage","@id":"https:\/\/megapari.games\/vi\/book-of-dead\/","url":"https:\/\/megapari.games\/vi\/book-of-dead\/","name":"Book of Dead Megapari \u2014 \"cu\u1ed1n s\u00e1ch\" mang t\u00ednh bi\u1ec3u t\u01b0\u1ee3ng","isPartOf":{"@id":"https:\/\/megapari.games\/vi\/#website"},"datePublished":"2026-02-10T04:35:10+00:00","dateModified":"2026-03-27T04:32:06+00:00","description":"H\u00e3y \u0111\u1eafm ch\u00ecm trong b\u1ea7u kh\u00f4ng kh\u00ed huy\u1ec1n b\u00ed c\u1ed5 x\u01b0a c\u00f9ng Book of Dead! V\u1edbi c\u01a1 ch\u1ebf ch\u01a1i \u0111\u01a1n gi\u1ea3n, v\u00f2ng quay mi\u1ec5n ph\u00ed v\u00e0 c\u00e1c bi\u1ec3u t\u01b0\u1ee3ng m\u1edf r\u1ed9ng, tr\u00f2 ch\u01a1i slot n\u00e0y t\u1ea1i Megapari l\u00e0 s\u1ef1 l\u1ef1a ch\u1ecdn ho\u00e0n h\u1ea3o cho c\u1ea3 ng\u01b0\u1eddi m\u1edbi b\u1eaft \u0111\u1ea7u l\u1eabn nh\u1eefng ng\u01b0\u1eddi ch\u01a1i d\u00e0y d\u1ea1n kinh nghi\u1ec7m.","breadcrumb":{"@id":"https:\/\/megapari.games\/vi\/book-of-dead\/#breadcrumb"},"inLanguage":"vi","potentialAction":[{"@type":"ReadAction","target":["https:\/\/megapari.games\/vi\/book-of-dead\/"]}]},{"@type":"BreadcrumbList","@id":"https:\/\/megapari.games\/vi\/book-of-dead\/#breadcrumb","itemListElement":[{"@type":"ListItem","position":1,"name":"\u0413\u043b\u0430\u0432\u043d\u0430\u044f \u0441\u0442\u0440\u0430\u043d\u0438\u0446\u0430","item":"https:\/\/megapari.games\/vi\/"},{"@type":"ListItem","position":2,"name":"Book of Dead"}]},{"@type":"WebSite","@id":"https:\/\/megapari.games\/vi\/#website","url":"https:\/\/megapari.games\/vi\/","name":"Megapari Games vi","description":"My WordPress Blog","potentialAction":[{"@type":"SearchAction","target":{"@type":"EntryPoint","urlTemplate":"https:\/\/megapari.games\/vi\/?s={search_term_string}"},"query-input":{"@type":"PropertyValueSpecification","valueRequired":true,"valueName":"search_term_string"}}],"inLanguage":"vi"}]}},"_links":{"self":[{"href":"https:\/\/megapari.games\/vi\/wp-json\/wp\/v2\/pages\/1320","targetHints":{"allow":["GET"]}}],"collection":[{"href":"https:\/\/megapari.games\/vi\/wp-json\/wp\/v2\/pages"}],"about":[{"href":"https:\/\/megapari.games\/vi\/wp-json\/wp\/v2\/types\/page"}],"author":[{"embeddable":true,"href":"https:\/\/megapari.games\/vi\/wp-json\/wp\/v2\/users\/1"}],"replies":[{"embeddable":true,"href":"https:\/\/megapari.games\/vi\/wp-json\/wp\/v2\/comments?post=1320"}],"version-history":[{"count":6,"href":"https:\/\/megapari.games\/vi\/wp-json\/wp\/v2\/pages\/1320\/revisions"}],"predecessor-version":[{"id":1762,"href":"https:\/\/megapari.games\/vi\/wp-json\/wp\/v2\/pages\/1320\/revisions\/1762"}],"wp:attachment":[{"href":"https:\/\/megapari.games\/vi\/wp-json\/wp\/v2\/media?parent=1320"}],"curies":[{"name":"wp","href":"https:\/\/api.w.org\/{rel}","templated":true}]}}