{"id":1357,"date":"2026-02-10T06:00:17","date_gmt":"2026-02-10T06:00:17","guid":{"rendered":"https:\/\/megapari.games\/vi\/?page_id=1357"},"modified":"2026-03-27T12:04:12","modified_gmt":"2026-03-27T12:04:12","slug":"mines","status":"publish","type":"page","link":"https:\/\/megapari.games\/vi\/mines\/","title":{"rendered":"Mines"},"content":{"rendered":"","protected":false},"excerpt":{"rendered":"","protected":false},"author":1,"featured_media":0,"parent":0,"menu_order":0,"comment_status":"closed","ping_status":"closed","template":"","meta":{"inline_featured_image":false,"footnotes":""},"class_list":["post-1357","page","type-page","status-publish","hentry"],"yoast_head":"<!-- This site is optimized with the Yoast SEO plugin v27.5 - https:\/\/yoast.com\/product\/yoast-seo-wordpress\/ -->\n<title>Mines Megapari \u2014 Quy t\u1eafc, chi\u1ebfn l\u01b0\u1ee3c v\u00e0 h\u1ec7 s\u1ed1 nh\u00e2n cao<\/title>\n<meta name=\"description\" content=\"T\u1ed5ng quan v\u1ec1 tr\u00f2 ch\u01a1i Mines t\u1ea1i Megapari \u2014 M\u1edf c\u00e1c \u00f4 an to\u00e0n, tr\u00e1nh c\u00e1c \u00f4 m\u00ecn v\u00e0 thu th\u1eadp ph\u1ea7n th\u01b0\u1edfng k\u1ecbp th\u1eddi. Ki\u1ec3m so\u00e1t r\u1ee7i ro, l\u1ed1i ch\u01a1i s\u00f4i \u0111\u1ed9ng v\u00e0 t\u1ef7 l\u1ec7 c\u01b0\u1ee3c cao.\" \/>\n<meta name=\"robots\" content=\"index, follow, max-snippet:-1, max-image-preview:large, max-video-preview:-1\" \/>\n<link rel=\"canonical\" href=\"https:\/\/megapari.games\/vi\/mines\/\" \/>\n<meta property=\"og:locale\" content=\"vi_VN\" \/>\n<meta property=\"og:type\" content=\"article\" \/>\n<meta property=\"og:title\" content=\"Mines Megapari \u2014 Quy t\u1eafc, chi\u1ebfn l\u01b0\u1ee3c v\u00e0 h\u1ec7 s\u1ed1 nh\u00e2n cao\" \/>\n<meta property=\"og:description\" content=\"T\u1ed5ng quan v\u1ec1 tr\u00f2 ch\u01a1i Mines t\u1ea1i Megapari \u2014 M\u1edf c\u00e1c \u00f4 an to\u00e0n, tr\u00e1nh c\u00e1c \u00f4 m\u00ecn v\u00e0 thu th\u1eadp ph\u1ea7n th\u01b0\u1edfng k\u1ecbp th\u1eddi. Ki\u1ec3m so\u00e1t r\u1ee7i ro, l\u1ed1i ch\u01a1i s\u00f4i \u0111\u1ed9ng v\u00e0 t\u1ef7 l\u1ec7 c\u01b0\u1ee3c cao.\" \/>\n<meta property=\"og:url\" content=\"https:\/\/megapari.games\/vi\/mines\/\" \/>\n<meta property=\"og:site_name\" content=\"Megapari Games vi\" \/>\n<meta property=\"article:modified_time\" content=\"2026-03-27T12:04:12+00:00\" \/>\n<meta name=\"twitter:card\" content=\"summary_large_image\" \/>\n<script type=\"application\/ld+json\" class=\"yoast-schema-graph\">{\"@context\":\"https:\\\/\\\/schema.org\",\"@graph\":[{\"@type\":\"WebPage\",\"@id\":\"https:\\\/\\\/megapari.games\\\/vi\\\/mines\\\/\",\"url\":\"https:\\\/\\\/megapari.games\\\/vi\\\/mines\\\/\",\"name\":\"Mines Megapari \u2014 Quy t\u1eafc, chi\u1ebfn l\u01b0\u1ee3c v\u00e0 h\u1ec7 s\u1ed1 nh\u00e2n cao\",\"isPartOf\":{\"@id\":\"https:\\\/\\\/megapari.games\\\/vi\\\/#website\"},\"datePublished\":\"2026-02-10T06:00:17+00:00\",\"dateModified\":\"2026-03-27T12:04:12+00:00\",\"description\":\"T\u1ed5ng quan v\u1ec1 tr\u00f2 ch\u01a1i Mines t\u1ea1i Megapari \u2014 M\u1edf c\u00e1c \u00f4 an to\u00e0n, tr\u00e1nh c\u00e1c \u00f4 m\u00ecn v\u00e0 thu th\u1eadp ph\u1ea7n th\u01b0\u1edfng k\u1ecbp th\u1eddi. Ki\u1ec3m so\u00e1t r\u1ee7i ro, l\u1ed1i ch\u01a1i s\u00f4i \u0111\u1ed9ng v\u00e0 t\u1ef7 l\u1ec7 c\u01b0\u1ee3c cao.\",\"breadcrumb\":{\"@id\":\"https:\\\/\\\/megapari.games\\\/vi\\\/mines\\\/#breadcrumb\"},\"inLanguage\":\"vi\",\"potentialAction\":[{\"@type\":\"ReadAction\",\"target\":[\"https:\\\/\\\/megapari.games\\\/vi\\\/mines\\\/\"]}]},{\"@type\":\"BreadcrumbList\",\"@id\":\"https:\\\/\\\/megapari.games\\\/vi\\\/mines\\\/#breadcrumb\",\"itemListElement\":[{\"@type\":\"ListItem\",\"position\":1,\"name\":\"\u0413\u043b\u0430\u0432\u043d\u0430\u044f \u0441\u0442\u0440\u0430\u043d\u0438\u0446\u0430\",\"item\":\"https:\\\/\\\/megapari.games\\\/vi\\\/\"},{\"@type\":\"ListItem\",\"position\":2,\"name\":\"Mines\"}]},{\"@type\":\"WebSite\",\"@id\":\"https:\\\/\\\/megapari.games\\\/vi\\\/#website\",\"url\":\"https:\\\/\\\/megapari.games\\\/vi\\\/\",\"name\":\"Megapari Games vi\",\"description\":\"My WordPress Blog\",\"potentialAction\":[{\"@type\":\"SearchAction\",\"target\":{\"@type\":\"EntryPoint\",\"urlTemplate\":\"https:\\\/\\\/megapari.games\\\/vi\\\/?s={search_term_string}\"},\"query-input\":{\"@type\":\"PropertyValueSpecification\",\"valueRequired\":true,\"valueName\":\"search_term_string\"}}],\"inLanguage\":\"vi\"}]}<\/script>\n<!-- \/ Yoast SEO plugin. -->","yoast_head_json":{"title":"Mines Megapari \u2014 Quy t\u1eafc, chi\u1ebfn l\u01b0\u1ee3c v\u00e0 h\u1ec7 s\u1ed1 nh\u00e2n cao","description":"T\u1ed5ng quan v\u1ec1 tr\u00f2 ch\u01a1i Mines t\u1ea1i Megapari \u2014 M\u1edf c\u00e1c \u00f4 an to\u00e0n, tr\u00e1nh c\u00e1c \u00f4 m\u00ecn v\u00e0 thu th\u1eadp ph\u1ea7n th\u01b0\u1edfng k\u1ecbp th\u1eddi. Ki\u1ec3m so\u00e1t r\u1ee7i ro, l\u1ed1i ch\u01a1i s\u00f4i \u0111\u1ed9ng v\u00e0 t\u1ef7 l\u1ec7 c\u01b0\u1ee3c cao.","robots":{"index":"index","follow":"follow","max-snippet":"max-snippet:-1","max-image-preview":"max-image-preview:large","max-video-preview":"max-video-preview:-1"},"canonical":"https:\/\/megapari.games\/vi\/mines\/","og_locale":"vi_VN","og_type":"article","og_title":"Mines Megapari \u2014 Quy t\u1eafc, chi\u1ebfn l\u01b0\u1ee3c v\u00e0 h\u1ec7 s\u1ed1 nh\u00e2n cao","og_description":"T\u1ed5ng quan v\u1ec1 tr\u00f2 ch\u01a1i Mines t\u1ea1i Megapari \u2014 M\u1edf c\u00e1c \u00f4 an to\u00e0n, tr\u00e1nh c\u00e1c \u00f4 m\u00ecn v\u00e0 thu th\u1eadp ph\u1ea7n th\u01b0\u1edfng k\u1ecbp th\u1eddi. Ki\u1ec3m so\u00e1t r\u1ee7i ro, l\u1ed1i ch\u01a1i s\u00f4i \u0111\u1ed9ng v\u00e0 t\u1ef7 l\u1ec7 c\u01b0\u1ee3c cao.","og_url":"https:\/\/megapari.games\/vi\/mines\/","og_site_name":"Megapari Games vi","article_modified_time":"2026-03-27T12:04:12+00:00","twitter_card":"summary_large_image","schema":{"@context":"https:\/\/schema.org","@graph":[{"@type":"WebPage","@id":"https:\/\/megapari.games\/vi\/mines\/","url":"https:\/\/megapari.games\/vi\/mines\/","name":"Mines Megapari \u2014 Quy t\u1eafc, chi\u1ebfn l\u01b0\u1ee3c v\u00e0 h\u1ec7 s\u1ed1 nh\u00e2n cao","isPartOf":{"@id":"https:\/\/megapari.games\/vi\/#website"},"datePublished":"2026-02-10T06:00:17+00:00","dateModified":"2026-03-27T12:04:12+00:00","description":"T\u1ed5ng quan v\u1ec1 tr\u00f2 ch\u01a1i Mines t\u1ea1i Megapari \u2014 M\u1edf c\u00e1c \u00f4 an to\u00e0n, tr\u00e1nh c\u00e1c \u00f4 m\u00ecn v\u00e0 thu th\u1eadp ph\u1ea7n th\u01b0\u1edfng k\u1ecbp th\u1eddi. Ki\u1ec3m so\u00e1t r\u1ee7i ro, l\u1ed1i ch\u01a1i s\u00f4i \u0111\u1ed9ng v\u00e0 t\u1ef7 l\u1ec7 c\u01b0\u1ee3c cao.","breadcrumb":{"@id":"https:\/\/megapari.games\/vi\/mines\/#breadcrumb"},"inLanguage":"vi","potentialAction":[{"@type":"ReadAction","target":["https:\/\/megapari.games\/vi\/mines\/"]}]},{"@type":"BreadcrumbList","@id":"https:\/\/megapari.games\/vi\/mines\/#breadcrumb","itemListElement":[{"@type":"ListItem","position":1,"name":"\u0413\u043b\u0430\u0432\u043d\u0430\u044f \u0441\u0442\u0440\u0430\u043d\u0438\u0446\u0430","item":"https:\/\/megapari.games\/vi\/"},{"@type":"ListItem","position":2,"name":"Mines"}]},{"@type":"WebSite","@id":"https:\/\/megapari.games\/vi\/#website","url":"https:\/\/megapari.games\/vi\/","name":"Megapari Games vi","description":"My WordPress Blog","potentialAction":[{"@type":"SearchAction","target":{"@type":"EntryPoint","urlTemplate":"https:\/\/megapari.games\/vi\/?s={search_term_string}"},"query-input":{"@type":"PropertyValueSpecification","valueRequired":true,"valueName":"search_term_string"}}],"inLanguage":"vi"}]}},"_links":{"self":[{"href":"https:\/\/megapari.games\/vi\/wp-json\/wp\/v2\/pages\/1357","targetHints":{"allow":["GET"]}}],"collection":[{"href":"https:\/\/megapari.games\/vi\/wp-json\/wp\/v2\/pages"}],"about":[{"href":"https:\/\/megapari.games\/vi\/wp-json\/wp\/v2\/types\/page"}],"author":[{"embeddable":true,"href":"https:\/\/megapari.games\/vi\/wp-json\/wp\/v2\/users\/1"}],"replies":[{"embeddable":true,"href":"https:\/\/megapari.games\/vi\/wp-json\/wp\/v2\/comments?post=1357"}],"version-history":[{"count":5,"href":"https:\/\/megapari.games\/vi\/wp-json\/wp\/v2\/pages\/1357\/revisions"}],"predecessor-version":[{"id":1786,"href":"https:\/\/megapari.games\/vi\/wp-json\/wp\/v2\/pages\/1357\/revisions\/1786"}],"wp:attachment":[{"href":"https:\/\/megapari.games\/vi\/wp-json\/wp\/v2\/media?parent=1357"}],"curies":[{"name":"wp","href":"https:\/\/api.w.org\/{rel}","templated":true}]}}