{"id":1364,"date":"2026-02-10T09:03:10","date_gmt":"2026-02-10T09:03:10","guid":{"rendered":"https:\/\/megapari.games\/vi\/?page_id=1364"},"modified":"2026-03-27T10:35:30","modified_gmt":"2026-03-27T10:35:30","slug":"jetx","status":"publish","type":"page","link":"https:\/\/megapari.games\/vi\/jetx\/","title":{"rendered":"JetX"},"content":{"rendered":"","protected":false},"excerpt":{"rendered":"","protected":false},"author":1,"featured_media":0,"parent":0,"menu_order":0,"comment_status":"closed","ping_status":"closed","template":"","meta":{"inline_featured_image":false,"footnotes":""},"class_list":["post-1364","page","type-page","status-publish","hentry"],"yoast_head":"<!-- This site is optimized with the Yoast SEO plugin v27.5 - https:\/\/yoast.com\/product\/yoast-seo-wordpress\/ -->\n<title>JetX Megapari \u2014 tr\u00f2 ch\u01a1i c\u00f3 t\u00ean l\u1eeda v\u00e0 h\u1ec7 s\u1ed1 nh\u00e2n x1000+<\/title>\n<meta name=\"description\" content=\"Ch\u01a1i JetX t\u1ea1i Megapari \u2014 m\u1ed9t tr\u00f2 ch\u01a1i crash s\u00f4i \u0111\u1ed9ng v\u1edbi h\u1ec7 s\u1ed1 nh\u00e2n c\u00f3 th\u1ec3 t\u0103ng l\u00ean \u0111\u1ebfn x1000+. T\u00ecm hi\u1ec3u lu\u1eadt ch\u01a1i, ch\u1ebf \u0111\u1ed9 demo, c\u00e1c t\u00ednh n\u0103ng \u0111\u1eb7t c\u01b0\u1ee3c v\u00e0 c\u00e1ch b\u1eaft \u0111\u1ea7u ch\u01a1i tr\u1ef1c tuy\u1ebfn.\" \/>\n<meta name=\"robots\" content=\"index, follow, max-snippet:-1, max-image-preview:large, max-video-preview:-1\" \/>\n<link rel=\"canonical\" href=\"https:\/\/megapari.games\/vi\/jetx\/\" \/>\n<meta property=\"og:locale\" content=\"vi_VN\" \/>\n<meta property=\"og:type\" content=\"article\" \/>\n<meta property=\"og:title\" content=\"JetX Megapari \u2014 tr\u00f2 ch\u01a1i c\u00f3 t\u00ean l\u1eeda v\u00e0 h\u1ec7 s\u1ed1 nh\u00e2n x1000+\" \/>\n<meta property=\"og:description\" content=\"Ch\u01a1i JetX t\u1ea1i Megapari \u2014 m\u1ed9t tr\u00f2 ch\u01a1i crash s\u00f4i \u0111\u1ed9ng v\u1edbi h\u1ec7 s\u1ed1 nh\u00e2n c\u00f3 th\u1ec3 t\u0103ng l\u00ean \u0111\u1ebfn x1000+. T\u00ecm hi\u1ec3u lu\u1eadt ch\u01a1i, ch\u1ebf \u0111\u1ed9 demo, c\u00e1c t\u00ednh n\u0103ng \u0111\u1eb7t c\u01b0\u1ee3c v\u00e0 c\u00e1ch b\u1eaft \u0111\u1ea7u ch\u01a1i tr\u1ef1c tuy\u1ebfn.\" \/>\n<meta property=\"og:url\" content=\"https:\/\/megapari.games\/vi\/jetx\/\" \/>\n<meta property=\"og:site_name\" content=\"Megapari Games vi\" \/>\n<meta property=\"article:modified_time\" content=\"2026-03-27T10:35:30+00:00\" \/>\n<meta name=\"twitter:card\" content=\"summary_large_image\" \/>\n<script type=\"application\/ld+json\" class=\"yoast-schema-graph\">{\"@context\":\"https:\\\/\\\/schema.org\",\"@graph\":[{\"@type\":\"WebPage\",\"@id\":\"https:\\\/\\\/megapari.games\\\/vi\\\/jetx\\\/\",\"url\":\"https:\\\/\\\/megapari.games\\\/vi\\\/jetx\\\/\",\"name\":\"JetX Megapari \u2014 tr\u00f2 ch\u01a1i c\u00f3 t\u00ean l\u1eeda v\u00e0 h\u1ec7 s\u1ed1 nh\u00e2n x1000+\",\"isPartOf\":{\"@id\":\"https:\\\/\\\/megapari.games\\\/vi\\\/#website\"},\"datePublished\":\"2026-02-10T09:03:10+00:00\",\"dateModified\":\"2026-03-27T10:35:30+00:00\",\"description\":\"Ch\u01a1i JetX t\u1ea1i Megapari \u2014 m\u1ed9t tr\u00f2 ch\u01a1i crash s\u00f4i \u0111\u1ed9ng v\u1edbi h\u1ec7 s\u1ed1 nh\u00e2n c\u00f3 th\u1ec3 t\u0103ng l\u00ean \u0111\u1ebfn x1000+. T\u00ecm hi\u1ec3u lu\u1eadt ch\u01a1i, ch\u1ebf \u0111\u1ed9 demo, c\u00e1c t\u00ednh n\u0103ng \u0111\u1eb7t c\u01b0\u1ee3c v\u00e0 c\u00e1ch b\u1eaft \u0111\u1ea7u ch\u01a1i tr\u1ef1c tuy\u1ebfn.\",\"breadcrumb\":{\"@id\":\"https:\\\/\\\/megapari.games\\\/vi\\\/jetx\\\/#breadcrumb\"},\"inLanguage\":\"vi\",\"potentialAction\":[{\"@type\":\"ReadAction\",\"target\":[\"https:\\\/\\\/megapari.games\\\/vi\\\/jetx\\\/\"]}]},{\"@type\":\"BreadcrumbList\",\"@id\":\"https:\\\/\\\/megapari.games\\\/vi\\\/jetx\\\/#breadcrumb\",\"itemListElement\":[{\"@type\":\"ListItem\",\"position\":1,\"name\":\"\u0413\u043b\u0430\u0432\u043d\u0430\u044f \u0441\u0442\u0440\u0430\u043d\u0438\u0446\u0430\",\"item\":\"https:\\\/\\\/megapari.games\\\/vi\\\/\"},{\"@type\":\"ListItem\",\"position\":2,\"name\":\"JetX\"}]},{\"@type\":\"WebSite\",\"@id\":\"https:\\\/\\\/megapari.games\\\/vi\\\/#website\",\"url\":\"https:\\\/\\\/megapari.games\\\/vi\\\/\",\"name\":\"Megapari Games vi\",\"description\":\"My WordPress Blog\",\"potentialAction\":[{\"@type\":\"SearchAction\",\"target\":{\"@type\":\"EntryPoint\",\"urlTemplate\":\"https:\\\/\\\/megapari.games\\\/vi\\\/?s={search_term_string}\"},\"query-input\":{\"@type\":\"PropertyValueSpecification\",\"valueRequired\":true,\"valueName\":\"search_term_string\"}}],\"inLanguage\":\"vi\"}]}<\/script>\n<!-- \/ Yoast SEO plugin. -->","yoast_head_json":{"title":"JetX Megapari \u2014 tr\u00f2 ch\u01a1i c\u00f3 t\u00ean l\u1eeda v\u00e0 h\u1ec7 s\u1ed1 nh\u00e2n x1000+","description":"Ch\u01a1i JetX t\u1ea1i Megapari \u2014 m\u1ed9t tr\u00f2 ch\u01a1i crash s\u00f4i \u0111\u1ed9ng v\u1edbi h\u1ec7 s\u1ed1 nh\u00e2n c\u00f3 th\u1ec3 t\u0103ng l\u00ean \u0111\u1ebfn x1000+. T\u00ecm hi\u1ec3u lu\u1eadt ch\u01a1i, ch\u1ebf \u0111\u1ed9 demo, c\u00e1c t\u00ednh n\u0103ng \u0111\u1eb7t c\u01b0\u1ee3c v\u00e0 c\u00e1ch b\u1eaft \u0111\u1ea7u ch\u01a1i tr\u1ef1c tuy\u1ebfn.","robots":{"index":"index","follow":"follow","max-snippet":"max-snippet:-1","max-image-preview":"max-image-preview:large","max-video-preview":"max-video-preview:-1"},"canonical":"https:\/\/megapari.games\/vi\/jetx\/","og_locale":"vi_VN","og_type":"article","og_title":"JetX Megapari \u2014 tr\u00f2 ch\u01a1i c\u00f3 t\u00ean l\u1eeda v\u00e0 h\u1ec7 s\u1ed1 nh\u00e2n x1000+","og_description":"Ch\u01a1i JetX t\u1ea1i Megapari \u2014 m\u1ed9t tr\u00f2 ch\u01a1i crash s\u00f4i \u0111\u1ed9ng v\u1edbi h\u1ec7 s\u1ed1 nh\u00e2n c\u00f3 th\u1ec3 t\u0103ng l\u00ean \u0111\u1ebfn x1000+. T\u00ecm hi\u1ec3u lu\u1eadt ch\u01a1i, ch\u1ebf \u0111\u1ed9 demo, c\u00e1c t\u00ednh n\u0103ng \u0111\u1eb7t c\u01b0\u1ee3c v\u00e0 c\u00e1ch b\u1eaft \u0111\u1ea7u ch\u01a1i tr\u1ef1c tuy\u1ebfn.","og_url":"https:\/\/megapari.games\/vi\/jetx\/","og_site_name":"Megapari Games vi","article_modified_time":"2026-03-27T10:35:30+00:00","twitter_card":"summary_large_image","schema":{"@context":"https:\/\/schema.org","@graph":[{"@type":"WebPage","@id":"https:\/\/megapari.games\/vi\/jetx\/","url":"https:\/\/megapari.games\/vi\/jetx\/","name":"JetX Megapari \u2014 tr\u00f2 ch\u01a1i c\u00f3 t\u00ean l\u1eeda v\u00e0 h\u1ec7 s\u1ed1 nh\u00e2n x1000+","isPartOf":{"@id":"https:\/\/megapari.games\/vi\/#website"},"datePublished":"2026-02-10T09:03:10+00:00","dateModified":"2026-03-27T10:35:30+00:00","description":"Ch\u01a1i JetX t\u1ea1i Megapari \u2014 m\u1ed9t tr\u00f2 ch\u01a1i crash s\u00f4i \u0111\u1ed9ng v\u1edbi h\u1ec7 s\u1ed1 nh\u00e2n c\u00f3 th\u1ec3 t\u0103ng l\u00ean \u0111\u1ebfn x1000+. T\u00ecm hi\u1ec3u lu\u1eadt ch\u01a1i, ch\u1ebf \u0111\u1ed9 demo, c\u00e1c t\u00ednh n\u0103ng \u0111\u1eb7t c\u01b0\u1ee3c v\u00e0 c\u00e1ch b\u1eaft \u0111\u1ea7u ch\u01a1i tr\u1ef1c tuy\u1ebfn.","breadcrumb":{"@id":"https:\/\/megapari.games\/vi\/jetx\/#breadcrumb"},"inLanguage":"vi","potentialAction":[{"@type":"ReadAction","target":["https:\/\/megapari.games\/vi\/jetx\/"]}]},{"@type":"BreadcrumbList","@id":"https:\/\/megapari.games\/vi\/jetx\/#breadcrumb","itemListElement":[{"@type":"ListItem","position":1,"name":"\u0413\u043b\u0430\u0432\u043d\u0430\u044f \u0441\u0442\u0440\u0430\u043d\u0438\u0446\u0430","item":"https:\/\/megapari.games\/vi\/"},{"@type":"ListItem","position":2,"name":"JetX"}]},{"@type":"WebSite","@id":"https:\/\/megapari.games\/vi\/#website","url":"https:\/\/megapari.games\/vi\/","name":"Megapari Games vi","description":"My WordPress Blog","potentialAction":[{"@type":"SearchAction","target":{"@type":"EntryPoint","urlTemplate":"https:\/\/megapari.games\/vi\/?s={search_term_string}"},"query-input":{"@type":"PropertyValueSpecification","valueRequired":true,"valueName":"search_term_string"}}],"inLanguage":"vi"}]}},"_links":{"self":[{"href":"https:\/\/megapari.games\/vi\/wp-json\/wp\/v2\/pages\/1364","targetHints":{"allow":["GET"]}}],"collection":[{"href":"https:\/\/megapari.games\/vi\/wp-json\/wp\/v2\/pages"}],"about":[{"href":"https:\/\/megapari.games\/vi\/wp-json\/wp\/v2\/types\/page"}],"author":[{"embeddable":true,"href":"https:\/\/megapari.games\/vi\/wp-json\/wp\/v2\/users\/1"}],"replies":[{"embeddable":true,"href":"https:\/\/megapari.games\/vi\/wp-json\/wp\/v2\/comments?post=1364"}],"version-history":[{"count":7,"href":"https:\/\/megapari.games\/vi\/wp-json\/wp\/v2\/pages\/1364\/revisions"}],"predecessor-version":[{"id":1778,"href":"https:\/\/megapari.games\/vi\/wp-json\/wp\/v2\/pages\/1364\/revisions\/1778"}],"wp:attachment":[{"href":"https:\/\/megapari.games\/vi\/wp-json\/wp\/v2\/media?parent=1364"}],"curies":[{"name":"wp","href":"https:\/\/api.w.org\/{rel}","templated":true}]}}