{"id":1383,"date":"2026-02-10T10:34:24","date_gmt":"2026-02-10T10:34:24","guid":{"rendered":"https:\/\/megapari.games\/vi\/?page_id=1383"},"modified":"2026-03-27T13:42:45","modified_gmt":"2026-03-27T13:42:45","slug":"spaceman","status":"publish","type":"page","link":"https:\/\/megapari.games\/vi\/spaceman\/","title":{"rendered":"Spaceman"},"content":{"rendered":"","protected":false},"excerpt":{"rendered":"","protected":false},"author":1,"featured_media":0,"parent":0,"menu_order":0,"comment_status":"closed","ping_status":"closed","template":"","meta":{"inline_featured_image":false,"footnotes":""},"class_list":["post-1383","page","type-page","status-publish","hentry"],"yoast_head":"<!-- This site is optimized with the Yoast SEO plugin v27.5 - https:\/\/yoast.com\/product\/yoast-seo-wordpress\/ -->\n<title>Spaceman Megapari \u2014 tr\u00f2 ch\u01a1i c\u00f3 h\u1ec7 s\u1ed1 nh\u00e2n x1000000<\/title>\n<meta name=\"description\" content=\"Ch\u01a1i Spaceman t\u1eeb Megapari \u2014 Phi h\u00e0nh gia bay l\u00ean, h\u1ec7 s\u1ed1 nh\u00e2n t\u0103ng l\u00ean t\u1edbi x1.000.000! R\u00fat ti\u1ec1n k\u1ecbp th\u1eddi trong tr\u00f2 ch\u01a1i va ch\u1ea1m kh\u00f4ng gian v\u00e0 gi\u00e0nh chi\u1ebfn th\u1eafng.\" \/>\n<meta name=\"robots\" content=\"index, follow, max-snippet:-1, max-image-preview:large, max-video-preview:-1\" \/>\n<link rel=\"canonical\" href=\"https:\/\/megapari.games\/vi\/spaceman\/\" \/>\n<meta property=\"og:locale\" content=\"vi_VN\" \/>\n<meta property=\"og:type\" content=\"article\" \/>\n<meta property=\"og:title\" content=\"Spaceman Megapari \u2014 tr\u00f2 ch\u01a1i c\u00f3 h\u1ec7 s\u1ed1 nh\u00e2n x1000000\" \/>\n<meta property=\"og:description\" content=\"Ch\u01a1i Spaceman t\u1eeb Megapari \u2014 Phi h\u00e0nh gia bay l\u00ean, h\u1ec7 s\u1ed1 nh\u00e2n t\u0103ng l\u00ean t\u1edbi x1.000.000! R\u00fat ti\u1ec1n k\u1ecbp th\u1eddi trong tr\u00f2 ch\u01a1i va ch\u1ea1m kh\u00f4ng gian v\u00e0 gi\u00e0nh chi\u1ebfn th\u1eafng.\" \/>\n<meta property=\"og:url\" content=\"https:\/\/megapari.games\/vi\/spaceman\/\" \/>\n<meta property=\"og:site_name\" content=\"Megapari Games vi\" \/>\n<meta property=\"article:modified_time\" content=\"2026-03-27T13:42:45+00:00\" \/>\n<meta name=\"twitter:card\" content=\"summary_large_image\" \/>\n<script type=\"application\/ld+json\" class=\"yoast-schema-graph\">{\"@context\":\"https:\\\/\\\/schema.org\",\"@graph\":[{\"@type\":\"WebPage\",\"@id\":\"https:\\\/\\\/megapari.games\\\/vi\\\/spaceman\\\/\",\"url\":\"https:\\\/\\\/megapari.games\\\/vi\\\/spaceman\\\/\",\"name\":\"Spaceman Megapari \u2014 tr\u00f2 ch\u01a1i c\u00f3 h\u1ec7 s\u1ed1 nh\u00e2n x1000000\",\"isPartOf\":{\"@id\":\"https:\\\/\\\/megapari.games\\\/vi\\\/#website\"},\"datePublished\":\"2026-02-10T10:34:24+00:00\",\"dateModified\":\"2026-03-27T13:42:45+00:00\",\"description\":\"Ch\u01a1i Spaceman t\u1eeb Megapari \u2014 Phi h\u00e0nh gia bay l\u00ean, h\u1ec7 s\u1ed1 nh\u00e2n t\u0103ng l\u00ean t\u1edbi x1.000.000! R\u00fat ti\u1ec1n k\u1ecbp th\u1eddi trong tr\u00f2 ch\u01a1i va ch\u1ea1m kh\u00f4ng gian v\u00e0 gi\u00e0nh chi\u1ebfn th\u1eafng.\",\"breadcrumb\":{\"@id\":\"https:\\\/\\\/megapari.games\\\/vi\\\/spaceman\\\/#breadcrumb\"},\"inLanguage\":\"vi\",\"potentialAction\":[{\"@type\":\"ReadAction\",\"target\":[\"https:\\\/\\\/megapari.games\\\/vi\\\/spaceman\\\/\"]}]},{\"@type\":\"BreadcrumbList\",\"@id\":\"https:\\\/\\\/megapari.games\\\/vi\\\/spaceman\\\/#breadcrumb\",\"itemListElement\":[{\"@type\":\"ListItem\",\"position\":1,\"name\":\"\u0413\u043b\u0430\u0432\u043d\u0430\u044f \u0441\u0442\u0440\u0430\u043d\u0438\u0446\u0430\",\"item\":\"https:\\\/\\\/megapari.games\\\/vi\\\/\"},{\"@type\":\"ListItem\",\"position\":2,\"name\":\"Spaceman\"}]},{\"@type\":\"WebSite\",\"@id\":\"https:\\\/\\\/megapari.games\\\/vi\\\/#website\",\"url\":\"https:\\\/\\\/megapari.games\\\/vi\\\/\",\"name\":\"Megapari Games vi\",\"description\":\"My WordPress Blog\",\"potentialAction\":[{\"@type\":\"SearchAction\",\"target\":{\"@type\":\"EntryPoint\",\"urlTemplate\":\"https:\\\/\\\/megapari.games\\\/vi\\\/?s={search_term_string}\"},\"query-input\":{\"@type\":\"PropertyValueSpecification\",\"valueRequired\":true,\"valueName\":\"search_term_string\"}}],\"inLanguage\":\"vi\"}]}<\/script>\n<!-- \/ Yoast SEO plugin. -->","yoast_head_json":{"title":"Spaceman Megapari \u2014 tr\u00f2 ch\u01a1i c\u00f3 h\u1ec7 s\u1ed1 nh\u00e2n x1000000","description":"Ch\u01a1i Spaceman t\u1eeb Megapari \u2014 Phi h\u00e0nh gia bay l\u00ean, h\u1ec7 s\u1ed1 nh\u00e2n t\u0103ng l\u00ean t\u1edbi x1.000.000! R\u00fat ti\u1ec1n k\u1ecbp th\u1eddi trong tr\u00f2 ch\u01a1i va ch\u1ea1m kh\u00f4ng gian v\u00e0 gi\u00e0nh chi\u1ebfn th\u1eafng.","robots":{"index":"index","follow":"follow","max-snippet":"max-snippet:-1","max-image-preview":"max-image-preview:large","max-video-preview":"max-video-preview:-1"},"canonical":"https:\/\/megapari.games\/vi\/spaceman\/","og_locale":"vi_VN","og_type":"article","og_title":"Spaceman Megapari \u2014 tr\u00f2 ch\u01a1i c\u00f3 h\u1ec7 s\u1ed1 nh\u00e2n x1000000","og_description":"Ch\u01a1i Spaceman t\u1eeb Megapari \u2014 Phi h\u00e0nh gia bay l\u00ean, h\u1ec7 s\u1ed1 nh\u00e2n t\u0103ng l\u00ean t\u1edbi x1.000.000! R\u00fat ti\u1ec1n k\u1ecbp th\u1eddi trong tr\u00f2 ch\u01a1i va ch\u1ea1m kh\u00f4ng gian v\u00e0 gi\u00e0nh chi\u1ebfn th\u1eafng.","og_url":"https:\/\/megapari.games\/vi\/spaceman\/","og_site_name":"Megapari Games vi","article_modified_time":"2026-03-27T13:42:45+00:00","twitter_card":"summary_large_image","schema":{"@context":"https:\/\/schema.org","@graph":[{"@type":"WebPage","@id":"https:\/\/megapari.games\/vi\/spaceman\/","url":"https:\/\/megapari.games\/vi\/spaceman\/","name":"Spaceman Megapari \u2014 tr\u00f2 ch\u01a1i c\u00f3 h\u1ec7 s\u1ed1 nh\u00e2n x1000000","isPartOf":{"@id":"https:\/\/megapari.games\/vi\/#website"},"datePublished":"2026-02-10T10:34:24+00:00","dateModified":"2026-03-27T13:42:45+00:00","description":"Ch\u01a1i Spaceman t\u1eeb Megapari \u2014 Phi h\u00e0nh gia bay l\u00ean, h\u1ec7 s\u1ed1 nh\u00e2n t\u0103ng l\u00ean t\u1edbi x1.000.000! R\u00fat ti\u1ec1n k\u1ecbp th\u1eddi trong tr\u00f2 ch\u01a1i va ch\u1ea1m kh\u00f4ng gian v\u00e0 gi\u00e0nh chi\u1ebfn th\u1eafng.","breadcrumb":{"@id":"https:\/\/megapari.games\/vi\/spaceman\/#breadcrumb"},"inLanguage":"vi","potentialAction":[{"@type":"ReadAction","target":["https:\/\/megapari.games\/vi\/spaceman\/"]}]},{"@type":"BreadcrumbList","@id":"https:\/\/megapari.games\/vi\/spaceman\/#breadcrumb","itemListElement":[{"@type":"ListItem","position":1,"name":"\u0413\u043b\u0430\u0432\u043d\u0430\u044f \u0441\u0442\u0440\u0430\u043d\u0438\u0446\u0430","item":"https:\/\/megapari.games\/vi\/"},{"@type":"ListItem","position":2,"name":"Spaceman"}]},{"@type":"WebSite","@id":"https:\/\/megapari.games\/vi\/#website","url":"https:\/\/megapari.games\/vi\/","name":"Megapari Games vi","description":"My WordPress Blog","potentialAction":[{"@type":"SearchAction","target":{"@type":"EntryPoint","urlTemplate":"https:\/\/megapari.games\/vi\/?s={search_term_string}"},"query-input":{"@type":"PropertyValueSpecification","valueRequired":true,"valueName":"search_term_string"}}],"inLanguage":"vi"}]}},"_links":{"self":[{"href":"https:\/\/megapari.games\/vi\/wp-json\/wp\/v2\/pages\/1383","targetHints":{"allow":["GET"]}}],"collection":[{"href":"https:\/\/megapari.games\/vi\/wp-json\/wp\/v2\/pages"}],"about":[{"href":"https:\/\/megapari.games\/vi\/wp-json\/wp\/v2\/types\/page"}],"author":[{"embeddable":true,"href":"https:\/\/megapari.games\/vi\/wp-json\/wp\/v2\/users\/1"}],"replies":[{"embeddable":true,"href":"https:\/\/megapari.games\/vi\/wp-json\/wp\/v2\/comments?post=1383"}],"version-history":[{"count":6,"href":"https:\/\/megapari.games\/vi\/wp-json\/wp\/v2\/pages\/1383\/revisions"}],"predecessor-version":[{"id":1792,"href":"https:\/\/megapari.games\/vi\/wp-json\/wp\/v2\/pages\/1383\/revisions\/1792"}],"wp:attachment":[{"href":"https:\/\/megapari.games\/vi\/wp-json\/wp\/v2\/media?parent=1383"}],"curies":[{"name":"wp","href":"https:\/\/api.w.org\/{rel}","templated":true}]}}