{"id":152,"date":"2024-06-18T17:39:43","date_gmt":"2024-06-18T17:39:43","guid":{"rendered":"https:\/\/megapari.games\/vi\/?page_id=152"},"modified":"2026-03-26T17:51:53","modified_gmt":"2026-03-26T17:51:53","slug":"bonus","status":"publish","type":"page","link":"https:\/\/megapari.games\/vi\/bonus\/","title":{"rendered":"Ti\u1ec1n th\u01b0\u1edfng"},"content":{"rendered":"","protected":false},"excerpt":{"rendered":"","protected":false},"author":1,"featured_media":0,"parent":0,"menu_order":0,"comment_status":"closed","ping_status":"closed","template":"","meta":{"inline_featured_image":false,"footnotes":""},"class_list":["post-152","page","type-page","status-publish","hentry"],"yoast_head":"<!-- This site is optimized with the Yoast SEO plugin v27.6 - https:\/\/yoast.com\/product\/yoast-seo-wordpress\/ -->\n<title>Megapari Ti\u1ec1n th\u01b0\u1edfng v\u00e0 ch\u01b0\u01a1ng tr\u00ecnh khuy\u1ebfn m\u00e3i 2026<\/title>\n<meta name=\"description\" content=\"T\u00ecm hi\u1ec3u m\u1ecdi th\u00f4ng tin v\u1ec1 Ch\u01b0\u01a1ng tr\u00ecnh Khuy\u1ebfn m\u00e3i Megapari | C\u00e1c ch\u01b0\u01a1ng tr\u00ecnh khuy\u1ebfn m\u00e3i, \u01b0u \u0111\u00e3i \u0111\u1eb7c bi\u1ec7t v\u00e0 ch\u01b0\u01a1ng tr\u00ecnh kh\u00e1ch h\u00e0ng th\u00e2n thi\u1ebft h\u1ea5p d\u1eabn nh\u1ea5t | \u0110\u0103ng k\u00fd ngay \u0111\u1ec3 nh\u1eadn th\u01b0\u1edfng!\" \/>\n<meta name=\"robots\" content=\"index, follow, max-snippet:-1, max-image-preview:large, max-video-preview:-1\" \/>\n<link rel=\"canonical\" href=\"https:\/\/megapari.games\/vi\/bonus\/\" \/>\n<meta property=\"og:locale\" content=\"vi_VN\" \/>\n<meta property=\"og:type\" content=\"article\" \/>\n<meta property=\"og:title\" content=\"Megapari Ti\u1ec1n th\u01b0\u1edfng v\u00e0 ch\u01b0\u01a1ng tr\u00ecnh khuy\u1ebfn m\u00e3i 2026\" \/>\n<meta property=\"og:description\" content=\"T\u00ecm hi\u1ec3u m\u1ecdi th\u00f4ng tin v\u1ec1 Ch\u01b0\u01a1ng tr\u00ecnh Khuy\u1ebfn m\u00e3i Megapari | C\u00e1c ch\u01b0\u01a1ng tr\u00ecnh khuy\u1ebfn m\u00e3i, \u01b0u \u0111\u00e3i \u0111\u1eb7c bi\u1ec7t v\u00e0 ch\u01b0\u01a1ng tr\u00ecnh kh\u00e1ch h\u00e0ng th\u00e2n thi\u1ebft h\u1ea5p d\u1eabn nh\u1ea5t | \u0110\u0103ng k\u00fd ngay \u0111\u1ec3 nh\u1eadn th\u01b0\u1edfng!\" \/>\n<meta property=\"og:url\" content=\"https:\/\/megapari.games\/vi\/bonus\/\" \/>\n<meta property=\"og:site_name\" content=\"Megapari Games vi\" \/>\n<meta property=\"article:modified_time\" content=\"2026-03-26T17:51:53+00:00\" \/>\n<meta name=\"twitter:card\" content=\"summary_large_image\" \/>\n<script type=\"application\/ld+json\" class=\"yoast-schema-graph\">{\"@context\":\"https:\\\/\\\/schema.org\",\"@graph\":[{\"@type\":\"WebPage\",\"@id\":\"https:\\\/\\\/megapari.games\\\/vi\\\/bonus\\\/\",\"url\":\"https:\\\/\\\/megapari.games\\\/vi\\\/bonus\\\/\",\"name\":\"Megapari Ti\u1ec1n th\u01b0\u1edfng v\u00e0 ch\u01b0\u01a1ng tr\u00ecnh khuy\u1ebfn m\u00e3i 2026\",\"isPartOf\":{\"@id\":\"https:\\\/\\\/megapari.games\\\/vi\\\/#website\"},\"datePublished\":\"2024-06-18T17:39:43+00:00\",\"dateModified\":\"2026-03-26T17:51:53+00:00\",\"description\":\"T\u00ecm hi\u1ec3u m\u1ecdi th\u00f4ng tin v\u1ec1 Ch\u01b0\u01a1ng tr\u00ecnh Khuy\u1ebfn m\u00e3i Megapari | C\u00e1c ch\u01b0\u01a1ng tr\u00ecnh khuy\u1ebfn m\u00e3i, \u01b0u \u0111\u00e3i \u0111\u1eb7c bi\u1ec7t v\u00e0 ch\u01b0\u01a1ng tr\u00ecnh kh\u00e1ch h\u00e0ng th\u00e2n thi\u1ebft h\u1ea5p d\u1eabn nh\u1ea5t | \u0110\u0103ng k\u00fd ngay \u0111\u1ec3 nh\u1eadn th\u01b0\u1edfng!\",\"breadcrumb\":{\"@id\":\"https:\\\/\\\/megapari.games\\\/vi\\\/bonus\\\/#breadcrumb\"},\"inLanguage\":\"vi\",\"potentialAction\":[{\"@type\":\"ReadAction\",\"target\":[\"https:\\\/\\\/megapari.games\\\/vi\\\/bonus\\\/\"]}]},{\"@type\":\"BreadcrumbList\",\"@id\":\"https:\\\/\\\/megapari.games\\\/vi\\\/bonus\\\/#breadcrumb\",\"itemListElement\":[{\"@type\":\"ListItem\",\"position\":1,\"name\":\"\u0413\u043b\u0430\u0432\u043d\u0430\u044f \u0441\u0442\u0440\u0430\u043d\u0438\u0446\u0430\",\"item\":\"https:\\\/\\\/megapari.games\\\/vi\\\/\"},{\"@type\":\"ListItem\",\"position\":2,\"name\":\"Ti\u1ec1n th\u01b0\u1edfng\"}]},{\"@type\":\"WebSite\",\"@id\":\"https:\\\/\\\/megapari.games\\\/vi\\\/#website\",\"url\":\"https:\\\/\\\/megapari.games\\\/vi\\\/\",\"name\":\"Megapari Games vi\",\"description\":\"My WordPress Blog\",\"potentialAction\":[{\"@type\":\"SearchAction\",\"target\":{\"@type\":\"EntryPoint\",\"urlTemplate\":\"https:\\\/\\\/megapari.games\\\/vi\\\/?s={search_term_string}\"},\"query-input\":{\"@type\":\"PropertyValueSpecification\",\"valueRequired\":true,\"valueName\":\"search_term_string\"}}],\"inLanguage\":\"vi\"}]}<\/script>\n<!-- \/ Yoast SEO plugin. -->","yoast_head_json":{"title":"Megapari Ti\u1ec1n th\u01b0\u1edfng v\u00e0 ch\u01b0\u01a1ng tr\u00ecnh khuy\u1ebfn m\u00e3i 2026","description":"T\u00ecm hi\u1ec3u m\u1ecdi th\u00f4ng tin v\u1ec1 Ch\u01b0\u01a1ng tr\u00ecnh Khuy\u1ebfn m\u00e3i Megapari | C\u00e1c ch\u01b0\u01a1ng tr\u00ecnh khuy\u1ebfn m\u00e3i, \u01b0u \u0111\u00e3i \u0111\u1eb7c bi\u1ec7t v\u00e0 ch\u01b0\u01a1ng tr\u00ecnh kh\u00e1ch h\u00e0ng th\u00e2n thi\u1ebft h\u1ea5p d\u1eabn nh\u1ea5t | \u0110\u0103ng k\u00fd ngay \u0111\u1ec3 nh\u1eadn th\u01b0\u1edfng!","robots":{"index":"index","follow":"follow","max-snippet":"max-snippet:-1","max-image-preview":"max-image-preview:large","max-video-preview":"max-video-preview:-1"},"canonical":"https:\/\/megapari.games\/vi\/bonus\/","og_locale":"vi_VN","og_type":"article","og_title":"Megapari Ti\u1ec1n th\u01b0\u1edfng v\u00e0 ch\u01b0\u01a1ng tr\u00ecnh khuy\u1ebfn m\u00e3i 2026","og_description":"T\u00ecm hi\u1ec3u m\u1ecdi th\u00f4ng tin v\u1ec1 Ch\u01b0\u01a1ng tr\u00ecnh Khuy\u1ebfn m\u00e3i Megapari | C\u00e1c ch\u01b0\u01a1ng tr\u00ecnh khuy\u1ebfn m\u00e3i, \u01b0u \u0111\u00e3i \u0111\u1eb7c bi\u1ec7t v\u00e0 ch\u01b0\u01a1ng tr\u00ecnh kh\u00e1ch h\u00e0ng th\u00e2n thi\u1ebft h\u1ea5p d\u1eabn nh\u1ea5t | \u0110\u0103ng k\u00fd ngay \u0111\u1ec3 nh\u1eadn th\u01b0\u1edfng!","og_url":"https:\/\/megapari.games\/vi\/bonus\/","og_site_name":"Megapari Games vi","article_modified_time":"2026-03-26T17:51:53+00:00","twitter_card":"summary_large_image","schema":{"@context":"https:\/\/schema.org","@graph":[{"@type":"WebPage","@id":"https:\/\/megapari.games\/vi\/bonus\/","url":"https:\/\/megapari.games\/vi\/bonus\/","name":"Megapari Ti\u1ec1n th\u01b0\u1edfng v\u00e0 ch\u01b0\u01a1ng tr\u00ecnh khuy\u1ebfn m\u00e3i 2026","isPartOf":{"@id":"https:\/\/megapari.games\/vi\/#website"},"datePublished":"2024-06-18T17:39:43+00:00","dateModified":"2026-03-26T17:51:53+00:00","description":"T\u00ecm hi\u1ec3u m\u1ecdi th\u00f4ng tin v\u1ec1 Ch\u01b0\u01a1ng tr\u00ecnh Khuy\u1ebfn m\u00e3i Megapari | C\u00e1c ch\u01b0\u01a1ng tr\u00ecnh khuy\u1ebfn m\u00e3i, \u01b0u \u0111\u00e3i \u0111\u1eb7c bi\u1ec7t v\u00e0 ch\u01b0\u01a1ng tr\u00ecnh kh\u00e1ch h\u00e0ng th\u00e2n thi\u1ebft h\u1ea5p d\u1eabn nh\u1ea5t | \u0110\u0103ng k\u00fd ngay \u0111\u1ec3 nh\u1eadn th\u01b0\u1edfng!","breadcrumb":{"@id":"https:\/\/megapari.games\/vi\/bonus\/#breadcrumb"},"inLanguage":"vi","potentialAction":[{"@type":"ReadAction","target":["https:\/\/megapari.games\/vi\/bonus\/"]}]},{"@type":"BreadcrumbList","@id":"https:\/\/megapari.games\/vi\/bonus\/#breadcrumb","itemListElement":[{"@type":"ListItem","position":1,"name":"\u0413\u043b\u0430\u0432\u043d\u0430\u044f \u0441\u0442\u0440\u0430\u043d\u0438\u0446\u0430","item":"https:\/\/megapari.games\/vi\/"},{"@type":"ListItem","position":2,"name":"Ti\u1ec1n th\u01b0\u1edfng"}]},{"@type":"WebSite","@id":"https:\/\/megapari.games\/vi\/#website","url":"https:\/\/megapari.games\/vi\/","name":"Megapari Games vi","description":"My WordPress Blog","potentialAction":[{"@type":"SearchAction","target":{"@type":"EntryPoint","urlTemplate":"https:\/\/megapari.games\/vi\/?s={search_term_string}"},"query-input":{"@type":"PropertyValueSpecification","valueRequired":true,"valueName":"search_term_string"}}],"inLanguage":"vi"}]}},"_links":{"self":[{"href":"https:\/\/megapari.games\/vi\/wp-json\/wp\/v2\/pages\/152","targetHints":{"allow":["GET"]}}],"collection":[{"href":"https:\/\/megapari.games\/vi\/wp-json\/wp\/v2\/pages"}],"about":[{"href":"https:\/\/megapari.games\/vi\/wp-json\/wp\/v2\/types\/page"}],"author":[{"embeddable":true,"href":"https:\/\/megapari.games\/vi\/wp-json\/wp\/v2\/users\/1"}],"replies":[{"embeddable":true,"href":"https:\/\/megapari.games\/vi\/wp-json\/wp\/v2\/comments?post=152"}],"version-history":[{"count":11,"href":"https:\/\/megapari.games\/vi\/wp-json\/wp\/v2\/pages\/152\/revisions"}],"predecessor-version":[{"id":1756,"href":"https:\/\/megapari.games\/vi\/wp-json\/wp\/v2\/pages\/152\/revisions\/1756"}],"wp:attachment":[{"href":"https:\/\/megapari.games\/vi\/wp-json\/wp\/v2\/media?parent=152"}],"curies":[{"name":"wp","href":"https:\/\/api.w.org\/{rel}","templated":true}]}}