{"id":1554,"date":"2026-03-02T14:22:01","date_gmt":"2026-03-02T14:22:01","guid":{"rendered":"https:\/\/megapari.games\/vi\/?page_id=1554"},"modified":"2026-03-27T11:58:20","modified_gmt":"2026-03-27T11:58:20","slug":"megapari","status":"publish","type":"page","link":"https:\/\/megapari.games\/vi\/","title":{"rendered":"Megapari"},"content":{"rendered":"","protected":false},"excerpt":{"rendered":"","protected":false},"author":1,"featured_media":0,"parent":0,"menu_order":0,"comment_status":"closed","ping_status":"closed","template":"","meta":{"inline_featured_image":false,"footnotes":""},"class_list":["post-1554","page","type-page","status-publish","hentry"],"yoast_head":"<!-- This site is optimized with the Yoast SEO plugin v27.6 - https:\/\/yoast.com\/product\/yoast-seo-wordpress\/ -->\n<title>MegaPari\u2122 \u2014 C\u00e1 c\u01b0\u1ee3c th\u1ec3 thao &amp; T\u1ef7 l\u1ec7 c\u01b0\u1ee3c \u2014 Th\u00e1ng 5 2026<\/title>\n<meta name=\"description\" content=\"\u0110\u1eb7t c\u01b0\u1ee3c c\u00f9ng Mega Pari cho c\u00e1c tr\u1eadn \u0111\u1ea5u b\u00f3ng \u0111\u00e1 v\u00e0 c\u00e1c s\u1ef1 ki\u1ec7n l\u1edbn, t\u1eadn h\u01b0\u1edfng t\u1ef7 l\u1ec7 c\u01b0\u1ee3c tr\u1ef1c ti\u1ebfp, thanh to\u00e1n nhanh ch\u00f3ng v\u00e0 tr\u1ea3i nghi\u1ec7m c\u00e1 c\u01b0\u1ee3c tr\u00ean di \u0111\u1ed9ng m\u01b0\u1ee3t m\u00e0 v\u1edbi \u0111a d\u1ea1ng c\u00e1c th\u1ecb tr\u01b0\u1eddng th\u1ec3 thao.\" \/>\n<meta name=\"robots\" content=\"index, follow, max-snippet:-1, max-image-preview:large, max-video-preview:-1\" \/>\n<link rel=\"canonical\" href=\"https:\/\/megapari.games\/vi\/\" \/>\n<meta property=\"og:locale\" content=\"vi_VN\" \/>\n<meta property=\"og:type\" content=\"article\" \/>\n<meta property=\"og:title\" content=\"MegaPari\u2122 \u2014 C\u00e1 c\u01b0\u1ee3c th\u1ec3 thao &amp; T\u1ef7 l\u1ec7 c\u01b0\u1ee3c \u2014 Th\u00e1ng 5 2026\" \/>\n<meta property=\"og:description\" content=\"\u0110\u1eb7t c\u01b0\u1ee3c c\u00f9ng Mega Pari cho c\u00e1c tr\u1eadn \u0111\u1ea5u b\u00f3ng \u0111\u00e1 v\u00e0 c\u00e1c s\u1ef1 ki\u1ec7n l\u1edbn, t\u1eadn h\u01b0\u1edfng t\u1ef7 l\u1ec7 c\u01b0\u1ee3c tr\u1ef1c ti\u1ebfp, thanh to\u00e1n nhanh ch\u00f3ng v\u00e0 tr\u1ea3i nghi\u1ec7m c\u00e1 c\u01b0\u1ee3c tr\u00ean di \u0111\u1ed9ng m\u01b0\u1ee3t m\u00e0 v\u1edbi \u0111a d\u1ea1ng c\u00e1c th\u1ecb tr\u01b0\u1eddng th\u1ec3 thao.\" \/>\n<meta property=\"og:url\" content=\"https:\/\/megapari.games\/vi\/\" \/>\n<meta property=\"og:site_name\" content=\"Megapari Games vi\" \/>\n<meta property=\"article:modified_time\" content=\"2026-03-27T11:58:20+00:00\" \/>\n<meta name=\"twitter:card\" content=\"summary_large_image\" \/>\n<script type=\"application\/ld+json\" class=\"yoast-schema-graph\">{\"@context\":\"https:\\\/\\\/schema.org\",\"@graph\":[{\"@type\":\"WebPage\",\"@id\":\"https:\\\/\\\/megapari.games\\\/vi\\\/\",\"url\":\"https:\\\/\\\/megapari.games\\\/vi\\\/\",\"name\":\"MegaPari\u2122 \u2014 C\u00e1 c\u01b0\u1ee3c th\u1ec3 thao & T\u1ef7 l\u1ec7 c\u01b0\u1ee3c \u2014 Th\u00e1ng 5 2026\",\"isPartOf\":{\"@id\":\"https:\\\/\\\/megapari.games\\\/vi\\\/#website\"},\"datePublished\":\"2026-03-02T14:22:01+00:00\",\"dateModified\":\"2026-03-27T11:58:20+00:00\",\"description\":\"\u0110\u1eb7t c\u01b0\u1ee3c c\u00f9ng Mega Pari cho c\u00e1c tr\u1eadn \u0111\u1ea5u b\u00f3ng \u0111\u00e1 v\u00e0 c\u00e1c s\u1ef1 ki\u1ec7n l\u1edbn, t\u1eadn h\u01b0\u1edfng t\u1ef7 l\u1ec7 c\u01b0\u1ee3c tr\u1ef1c ti\u1ebfp, thanh to\u00e1n nhanh ch\u00f3ng v\u00e0 tr\u1ea3i nghi\u1ec7m c\u00e1 c\u01b0\u1ee3c tr\u00ean di \u0111\u1ed9ng m\u01b0\u1ee3t m\u00e0 v\u1edbi \u0111a d\u1ea1ng c\u00e1c th\u1ecb tr\u01b0\u1eddng th\u1ec3 thao.\",\"breadcrumb\":{\"@id\":\"https:\\\/\\\/megapari.games\\\/vi\\\/#breadcrumb\"},\"inLanguage\":\"vi\",\"potentialAction\":[{\"@type\":\"ReadAction\",\"target\":[\"https:\\\/\\\/megapari.games\\\/vi\\\/\"]}]},{\"@type\":\"BreadcrumbList\",\"@id\":\"https:\\\/\\\/megapari.games\\\/vi\\\/#breadcrumb\",\"itemListElement\":[{\"@type\":\"ListItem\",\"position\":1,\"name\":\"\u0413\u043b\u0430\u0432\u043d\u0430\u044f \u0441\u0442\u0440\u0430\u043d\u0438\u0446\u0430\",\"item\":\"https:\\\/\\\/megapari.games\\\/vi\\\/\"},{\"@type\":\"ListItem\",\"position\":2,\"name\":\"Megapari\"}]},{\"@type\":\"WebSite\",\"@id\":\"https:\\\/\\\/megapari.games\\\/vi\\\/#website\",\"url\":\"https:\\\/\\\/megapari.games\\\/vi\\\/\",\"name\":\"Megapari Games vi\",\"description\":\"My WordPress Blog\",\"potentialAction\":[{\"@type\":\"SearchAction\",\"target\":{\"@type\":\"EntryPoint\",\"urlTemplate\":\"https:\\\/\\\/megapari.games\\\/vi\\\/?s={search_term_string}\"},\"query-input\":{\"@type\":\"PropertyValueSpecification\",\"valueRequired\":true,\"valueName\":\"search_term_string\"}}],\"inLanguage\":\"vi\"}]}<\/script>\n<!-- \/ Yoast SEO plugin. -->","yoast_head_json":{"title":"MegaPari\u2122 \u2014 C\u00e1 c\u01b0\u1ee3c th\u1ec3 thao & T\u1ef7 l\u1ec7 c\u01b0\u1ee3c \u2014 Th\u00e1ng 5 2026","description":"\u0110\u1eb7t c\u01b0\u1ee3c c\u00f9ng Mega Pari cho c\u00e1c tr\u1eadn \u0111\u1ea5u b\u00f3ng \u0111\u00e1 v\u00e0 c\u00e1c s\u1ef1 ki\u1ec7n l\u1edbn, t\u1eadn h\u01b0\u1edfng t\u1ef7 l\u1ec7 c\u01b0\u1ee3c tr\u1ef1c ti\u1ebfp, thanh to\u00e1n nhanh ch\u00f3ng v\u00e0 tr\u1ea3i nghi\u1ec7m c\u00e1 c\u01b0\u1ee3c tr\u00ean di \u0111\u1ed9ng m\u01b0\u1ee3t m\u00e0 v\u1edbi \u0111a d\u1ea1ng c\u00e1c th\u1ecb tr\u01b0\u1eddng th\u1ec3 thao.","robots":{"index":"index","follow":"follow","max-snippet":"max-snippet:-1","max-image-preview":"max-image-preview:large","max-video-preview":"max-video-preview:-1"},"canonical":"https:\/\/megapari.games\/vi\/","og_locale":"vi_VN","og_type":"article","og_title":"MegaPari\u2122 \u2014 C\u00e1 c\u01b0\u1ee3c th\u1ec3 thao & T\u1ef7 l\u1ec7 c\u01b0\u1ee3c \u2014 Th\u00e1ng 5 2026","og_description":"\u0110\u1eb7t c\u01b0\u1ee3c c\u00f9ng Mega Pari cho c\u00e1c tr\u1eadn \u0111\u1ea5u b\u00f3ng \u0111\u00e1 v\u00e0 c\u00e1c s\u1ef1 ki\u1ec7n l\u1edbn, t\u1eadn h\u01b0\u1edfng t\u1ef7 l\u1ec7 c\u01b0\u1ee3c tr\u1ef1c ti\u1ebfp, thanh to\u00e1n nhanh ch\u00f3ng v\u00e0 tr\u1ea3i nghi\u1ec7m c\u00e1 c\u01b0\u1ee3c tr\u00ean di \u0111\u1ed9ng m\u01b0\u1ee3t m\u00e0 v\u1edbi \u0111a d\u1ea1ng c\u00e1c th\u1ecb tr\u01b0\u1eddng th\u1ec3 thao.","og_url":"https:\/\/megapari.games\/vi\/","og_site_name":"Megapari Games vi","article_modified_time":"2026-03-27T11:58:20+00:00","twitter_card":"summary_large_image","schema":{"@context":"https:\/\/schema.org","@graph":[{"@type":"WebPage","@id":"https:\/\/megapari.games\/vi\/","url":"https:\/\/megapari.games\/vi\/","name":"MegaPari\u2122 \u2014 C\u00e1 c\u01b0\u1ee3c th\u1ec3 thao & T\u1ef7 l\u1ec7 c\u01b0\u1ee3c \u2014 Th\u00e1ng 5 2026","isPartOf":{"@id":"https:\/\/megapari.games\/vi\/#website"},"datePublished":"2026-03-02T14:22:01+00:00","dateModified":"2026-03-27T11:58:20+00:00","description":"\u0110\u1eb7t c\u01b0\u1ee3c c\u00f9ng Mega Pari cho c\u00e1c tr\u1eadn \u0111\u1ea5u b\u00f3ng \u0111\u00e1 v\u00e0 c\u00e1c s\u1ef1 ki\u1ec7n l\u1edbn, t\u1eadn h\u01b0\u1edfng t\u1ef7 l\u1ec7 c\u01b0\u1ee3c tr\u1ef1c ti\u1ebfp, thanh to\u00e1n nhanh ch\u00f3ng v\u00e0 tr\u1ea3i nghi\u1ec7m c\u00e1 c\u01b0\u1ee3c tr\u00ean di \u0111\u1ed9ng m\u01b0\u1ee3t m\u00e0 v\u1edbi \u0111a d\u1ea1ng c\u00e1c th\u1ecb tr\u01b0\u1eddng th\u1ec3 thao.","breadcrumb":{"@id":"https:\/\/megapari.games\/vi\/#breadcrumb"},"inLanguage":"vi","potentialAction":[{"@type":"ReadAction","target":["https:\/\/megapari.games\/vi\/"]}]},{"@type":"BreadcrumbList","@id":"https:\/\/megapari.games\/vi\/#breadcrumb","itemListElement":[{"@type":"ListItem","position":1,"name":"\u0413\u043b\u0430\u0432\u043d\u0430\u044f \u0441\u0442\u0440\u0430\u043d\u0438\u0446\u0430","item":"https:\/\/megapari.games\/vi\/"},{"@type":"ListItem","position":2,"name":"Megapari"}]},{"@type":"WebSite","@id":"https:\/\/megapari.games\/vi\/#website","url":"https:\/\/megapari.games\/vi\/","name":"Megapari Games vi","description":"My WordPress Blog","potentialAction":[{"@type":"SearchAction","target":{"@type":"EntryPoint","urlTemplate":"https:\/\/megapari.games\/vi\/?s={search_term_string}"},"query-input":{"@type":"PropertyValueSpecification","valueRequired":true,"valueName":"search_term_string"}}],"inLanguage":"vi"}]}},"_links":{"self":[{"href":"https:\/\/megapari.games\/vi\/wp-json\/wp\/v2\/pages\/1554","targetHints":{"allow":["GET"]}}],"collection":[{"href":"https:\/\/megapari.games\/vi\/wp-json\/wp\/v2\/pages"}],"about":[{"href":"https:\/\/megapari.games\/vi\/wp-json\/wp\/v2\/types\/page"}],"author":[{"embeddable":true,"href":"https:\/\/megapari.games\/vi\/wp-json\/wp\/v2\/users\/1"}],"replies":[{"embeddable":true,"href":"https:\/\/megapari.games\/vi\/wp-json\/wp\/v2\/comments?post=1554"}],"version-history":[{"count":20,"href":"https:\/\/megapari.games\/vi\/wp-json\/wp\/v2\/pages\/1554\/revisions"}],"predecessor-version":[{"id":1784,"href":"https:\/\/megapari.games\/vi\/wp-json\/wp\/v2\/pages\/1554\/revisions\/1784"}],"wp:attachment":[{"href":"https:\/\/megapari.games\/vi\/wp-json\/wp\/v2\/media?parent=1554"}],"curies":[{"name":"wp","href":"https:\/\/api.w.org\/{rel}","templated":true}]}}