{"id":1655,"date":"2026-03-19T14:30:02","date_gmt":"2026-03-19T14:30:02","guid":{"rendered":"https:\/\/megapari.games\/vi\/?page_id=1655"},"modified":"2026-03-27T16:44:09","modified_gmt":"2026-03-27T16:44:09","slug":"trustpilot","status":"publish","type":"page","link":"https:\/\/megapari.games\/vi\/trustpilot\/","title":{"rendered":"Trustpilot"},"content":{"rendered":"","protected":false},"excerpt":{"rendered":"","protected":false},"author":1,"featured_media":0,"parent":0,"menu_order":0,"comment_status":"closed","ping_status":"closed","template":"","meta":{"inline_featured_image":false,"footnotes":""},"class_list":["post-1655","page","type-page","status-publish","hentry"],"yoast_head":"<!-- This site is optimized with the Yoast SEO plugin v27.5 - https:\/\/yoast.com\/product\/yoast-seo-wordpress\/ -->\n<title>Megapari Trustpilot \u2013 \u0110\u00e1nh gi\u00e1 v\u00e0 ph\u1ea3n h\u1ed3i c\u1ee7a ng\u01b0\u1eddi d\u00f9ng<\/title>\n<meta name=\"description\" content=\"C\u00e1c \u0111\u00e1nh gi\u00e1 v\u1ec1 Megapari tr\u00ean Trustpilot nh\u00ecn chung \u0111\u1ec1u t\u00edch c\u1ef1c, v\u1edbi ng\u01b0\u1eddi d\u00f9ng \u0111\u00e1nh gi\u00e1 cao hi\u1ec7u su\u1ea5t \u1ed5n \u0111\u1ecbnh, vi\u1ec7c \u0111\u1eb7t c\u01b0\u1ee3c v\u00e0 truy c\u1eadp s\u00f2ng b\u1ea1c d\u1ec5 d\u00e0ng, c\u00f9ng v\u1edbi vi\u1ec7c thanh to\u00e1n \u0111\u00e1ng tin c\u1eady \u2014 \u0111i\u1ec1u n\u00e0y ph\u1ea3n \u00e1nh s\u1ef1 tin t\u01b0\u1edfng v\u1eefng ch\u1eafc v\u00e0 ch\u1ea5t l\u01b0\u1ee3ng d\u1ecbch v\u1ee5 \u1ed5n \u0111\u1ecbnh.\" \/>\n<meta name=\"robots\" content=\"index, follow, max-snippet:-1, max-image-preview:large, max-video-preview:-1\" \/>\n<link rel=\"canonical\" href=\"https:\/\/megapari.games\/vi\/trustpilot\/\" \/>\n<meta property=\"og:locale\" content=\"vi_VN\" \/>\n<meta property=\"og:type\" content=\"article\" \/>\n<meta property=\"og:title\" content=\"Megapari Trustpilot \u2013 \u0110\u00e1nh gi\u00e1 v\u00e0 ph\u1ea3n h\u1ed3i c\u1ee7a ng\u01b0\u1eddi d\u00f9ng\" \/>\n<meta property=\"og:description\" content=\"C\u00e1c \u0111\u00e1nh gi\u00e1 v\u1ec1 Megapari tr\u00ean Trustpilot nh\u00ecn chung \u0111\u1ec1u t\u00edch c\u1ef1c, v\u1edbi ng\u01b0\u1eddi d\u00f9ng \u0111\u00e1nh gi\u00e1 cao hi\u1ec7u su\u1ea5t \u1ed5n \u0111\u1ecbnh, vi\u1ec7c \u0111\u1eb7t c\u01b0\u1ee3c v\u00e0 truy c\u1eadp s\u00f2ng b\u1ea1c d\u1ec5 d\u00e0ng, c\u00f9ng v\u1edbi vi\u1ec7c thanh to\u00e1n \u0111\u00e1ng tin c\u1eady \u2014 \u0111i\u1ec1u n\u00e0y ph\u1ea3n \u00e1nh s\u1ef1 tin t\u01b0\u1edfng v\u1eefng ch\u1eafc v\u00e0 ch\u1ea5t l\u01b0\u1ee3ng d\u1ecbch v\u1ee5 \u1ed5n \u0111\u1ecbnh.\" \/>\n<meta property=\"og:url\" content=\"https:\/\/megapari.games\/vi\/trustpilot\/\" \/>\n<meta property=\"og:site_name\" content=\"Megapari Games vi\" \/>\n<meta property=\"article:modified_time\" content=\"2026-03-27T16:44:09+00:00\" \/>\n<meta name=\"twitter:card\" content=\"summary_large_image\" \/>\n<script type=\"application\/ld+json\" class=\"yoast-schema-graph\">{\"@context\":\"https:\\\/\\\/schema.org\",\"@graph\":[{\"@type\":\"WebPage\",\"@id\":\"https:\\\/\\\/megapari.games\\\/vi\\\/trustpilot\\\/\",\"url\":\"https:\\\/\\\/megapari.games\\\/vi\\\/trustpilot\\\/\",\"name\":\"Megapari Trustpilot \u2013 \u0110\u00e1nh gi\u00e1 v\u00e0 ph\u1ea3n h\u1ed3i c\u1ee7a ng\u01b0\u1eddi d\u00f9ng\",\"isPartOf\":{\"@id\":\"https:\\\/\\\/megapari.games\\\/vi\\\/#website\"},\"datePublished\":\"2026-03-19T14:30:02+00:00\",\"dateModified\":\"2026-03-27T16:44:09+00:00\",\"description\":\"C\u00e1c \u0111\u00e1nh gi\u00e1 v\u1ec1 Megapari tr\u00ean Trustpilot nh\u00ecn chung \u0111\u1ec1u t\u00edch c\u1ef1c, v\u1edbi ng\u01b0\u1eddi d\u00f9ng \u0111\u00e1nh gi\u00e1 cao hi\u1ec7u su\u1ea5t \u1ed5n \u0111\u1ecbnh, vi\u1ec7c \u0111\u1eb7t c\u01b0\u1ee3c v\u00e0 truy c\u1eadp s\u00f2ng b\u1ea1c d\u1ec5 d\u00e0ng, c\u00f9ng v\u1edbi vi\u1ec7c thanh to\u00e1n \u0111\u00e1ng tin c\u1eady \u2014 \u0111i\u1ec1u n\u00e0y ph\u1ea3n \u00e1nh s\u1ef1 tin t\u01b0\u1edfng v\u1eefng ch\u1eafc v\u00e0 ch\u1ea5t l\u01b0\u1ee3ng d\u1ecbch v\u1ee5 \u1ed5n \u0111\u1ecbnh.\",\"breadcrumb\":{\"@id\":\"https:\\\/\\\/megapari.games\\\/vi\\\/trustpilot\\\/#breadcrumb\"},\"inLanguage\":\"vi\",\"potentialAction\":[{\"@type\":\"ReadAction\",\"target\":[\"https:\\\/\\\/megapari.games\\\/vi\\\/trustpilot\\\/\"]}]},{\"@type\":\"BreadcrumbList\",\"@id\":\"https:\\\/\\\/megapari.games\\\/vi\\\/trustpilot\\\/#breadcrumb\",\"itemListElement\":[{\"@type\":\"ListItem\",\"position\":1,\"name\":\"\u0413\u043b\u0430\u0432\u043d\u0430\u044f \u0441\u0442\u0440\u0430\u043d\u0438\u0446\u0430\",\"item\":\"https:\\\/\\\/megapari.games\\\/vi\\\/\"},{\"@type\":\"ListItem\",\"position\":2,\"name\":\"Trustpilot\"}]},{\"@type\":\"WebSite\",\"@id\":\"https:\\\/\\\/megapari.games\\\/vi\\\/#website\",\"url\":\"https:\\\/\\\/megapari.games\\\/vi\\\/\",\"name\":\"Megapari Games vi\",\"description\":\"My WordPress Blog\",\"potentialAction\":[{\"@type\":\"SearchAction\",\"target\":{\"@type\":\"EntryPoint\",\"urlTemplate\":\"https:\\\/\\\/megapari.games\\\/vi\\\/?s={search_term_string}\"},\"query-input\":{\"@type\":\"PropertyValueSpecification\",\"valueRequired\":true,\"valueName\":\"search_term_string\"}}],\"inLanguage\":\"vi\"}]}<\/script>\n<!-- \/ Yoast SEO plugin. -->","yoast_head_json":{"title":"Megapari Trustpilot \u2013 \u0110\u00e1nh gi\u00e1 v\u00e0 ph\u1ea3n h\u1ed3i c\u1ee7a ng\u01b0\u1eddi d\u00f9ng","description":"C\u00e1c \u0111\u00e1nh gi\u00e1 v\u1ec1 Megapari tr\u00ean Trustpilot nh\u00ecn chung \u0111\u1ec1u t\u00edch c\u1ef1c, v\u1edbi ng\u01b0\u1eddi d\u00f9ng \u0111\u00e1nh gi\u00e1 cao hi\u1ec7u su\u1ea5t \u1ed5n \u0111\u1ecbnh, vi\u1ec7c \u0111\u1eb7t c\u01b0\u1ee3c v\u00e0 truy c\u1eadp s\u00f2ng b\u1ea1c d\u1ec5 d\u00e0ng, c\u00f9ng v\u1edbi vi\u1ec7c thanh to\u00e1n \u0111\u00e1ng tin c\u1eady \u2014 \u0111i\u1ec1u n\u00e0y ph\u1ea3n \u00e1nh s\u1ef1 tin t\u01b0\u1edfng v\u1eefng ch\u1eafc v\u00e0 ch\u1ea5t l\u01b0\u1ee3ng d\u1ecbch v\u1ee5 \u1ed5n \u0111\u1ecbnh.","robots":{"index":"index","follow":"follow","max-snippet":"max-snippet:-1","max-image-preview":"max-image-preview:large","max-video-preview":"max-video-preview:-1"},"canonical":"https:\/\/megapari.games\/vi\/trustpilot\/","og_locale":"vi_VN","og_type":"article","og_title":"Megapari Trustpilot \u2013 \u0110\u00e1nh gi\u00e1 v\u00e0 ph\u1ea3n h\u1ed3i c\u1ee7a ng\u01b0\u1eddi d\u00f9ng","og_description":"C\u00e1c \u0111\u00e1nh gi\u00e1 v\u1ec1 Megapari tr\u00ean Trustpilot nh\u00ecn chung \u0111\u1ec1u t\u00edch c\u1ef1c, v\u1edbi ng\u01b0\u1eddi d\u00f9ng \u0111\u00e1nh gi\u00e1 cao hi\u1ec7u su\u1ea5t \u1ed5n \u0111\u1ecbnh, vi\u1ec7c \u0111\u1eb7t c\u01b0\u1ee3c v\u00e0 truy c\u1eadp s\u00f2ng b\u1ea1c d\u1ec5 d\u00e0ng, c\u00f9ng v\u1edbi vi\u1ec7c thanh to\u00e1n \u0111\u00e1ng tin c\u1eady \u2014 \u0111i\u1ec1u n\u00e0y ph\u1ea3n \u00e1nh s\u1ef1 tin t\u01b0\u1edfng v\u1eefng ch\u1eafc v\u00e0 ch\u1ea5t l\u01b0\u1ee3ng d\u1ecbch v\u1ee5 \u1ed5n \u0111\u1ecbnh.","og_url":"https:\/\/megapari.games\/vi\/trustpilot\/","og_site_name":"Megapari Games vi","article_modified_time":"2026-03-27T16:44:09+00:00","twitter_card":"summary_large_image","schema":{"@context":"https:\/\/schema.org","@graph":[{"@type":"WebPage","@id":"https:\/\/megapari.games\/vi\/trustpilot\/","url":"https:\/\/megapari.games\/vi\/trustpilot\/","name":"Megapari Trustpilot \u2013 \u0110\u00e1nh gi\u00e1 v\u00e0 ph\u1ea3n h\u1ed3i c\u1ee7a ng\u01b0\u1eddi d\u00f9ng","isPartOf":{"@id":"https:\/\/megapari.games\/vi\/#website"},"datePublished":"2026-03-19T14:30:02+00:00","dateModified":"2026-03-27T16:44:09+00:00","description":"C\u00e1c \u0111\u00e1nh gi\u00e1 v\u1ec1 Megapari tr\u00ean Trustpilot nh\u00ecn chung \u0111\u1ec1u t\u00edch c\u1ef1c, v\u1edbi ng\u01b0\u1eddi d\u00f9ng \u0111\u00e1nh gi\u00e1 cao hi\u1ec7u su\u1ea5t \u1ed5n \u0111\u1ecbnh, vi\u1ec7c \u0111\u1eb7t c\u01b0\u1ee3c v\u00e0 truy c\u1eadp s\u00f2ng b\u1ea1c d\u1ec5 d\u00e0ng, c\u00f9ng v\u1edbi vi\u1ec7c thanh to\u00e1n \u0111\u00e1ng tin c\u1eady \u2014 \u0111i\u1ec1u n\u00e0y ph\u1ea3n \u00e1nh s\u1ef1 tin t\u01b0\u1edfng v\u1eefng ch\u1eafc v\u00e0 ch\u1ea5t l\u01b0\u1ee3ng d\u1ecbch v\u1ee5 \u1ed5n \u0111\u1ecbnh.","breadcrumb":{"@id":"https:\/\/megapari.games\/vi\/trustpilot\/#breadcrumb"},"inLanguage":"vi","potentialAction":[{"@type":"ReadAction","target":["https:\/\/megapari.games\/vi\/trustpilot\/"]}]},{"@type":"BreadcrumbList","@id":"https:\/\/megapari.games\/vi\/trustpilot\/#breadcrumb","itemListElement":[{"@type":"ListItem","position":1,"name":"\u0413\u043b\u0430\u0432\u043d\u0430\u044f \u0441\u0442\u0440\u0430\u043d\u0438\u0446\u0430","item":"https:\/\/megapari.games\/vi\/"},{"@type":"ListItem","position":2,"name":"Trustpilot"}]},{"@type":"WebSite","@id":"https:\/\/megapari.games\/vi\/#website","url":"https:\/\/megapari.games\/vi\/","name":"Megapari Games vi","description":"My WordPress Blog","potentialAction":[{"@type":"SearchAction","target":{"@type":"EntryPoint","urlTemplate":"https:\/\/megapari.games\/vi\/?s={search_term_string}"},"query-input":{"@type":"PropertyValueSpecification","valueRequired":true,"valueName":"search_term_string"}}],"inLanguage":"vi"}]}},"_links":{"self":[{"href":"https:\/\/megapari.games\/vi\/wp-json\/wp\/v2\/pages\/1655","targetHints":{"allow":["GET"]}}],"collection":[{"href":"https:\/\/megapari.games\/vi\/wp-json\/wp\/v2\/pages"}],"about":[{"href":"https:\/\/megapari.games\/vi\/wp-json\/wp\/v2\/types\/page"}],"author":[{"embeddable":true,"href":"https:\/\/megapari.games\/vi\/wp-json\/wp\/v2\/users\/1"}],"replies":[{"embeddable":true,"href":"https:\/\/megapari.games\/vi\/wp-json\/wp\/v2\/comments?post=1655"}],"version-history":[{"count":3,"href":"https:\/\/megapari.games\/vi\/wp-json\/wp\/v2\/pages\/1655\/revisions"}],"predecessor-version":[{"id":1829,"href":"https:\/\/megapari.games\/vi\/wp-json\/wp\/v2\/pages\/1655\/revisions\/1829"}],"wp:attachment":[{"href":"https:\/\/megapari.games\/vi\/wp-json\/wp\/v2\/media?parent=1655"}],"curies":[{"name":"wp","href":"https:\/\/api.w.org\/{rel}","templated":true}]}}