{"id":1662,"date":"2026-03-24T11:21:30","date_gmt":"2026-03-24T11:21:30","guid":{"rendered":"https:\/\/megapari.games\/vi\/?page_id=1662"},"modified":"2026-03-27T16:20:20","modified_gmt":"2026-03-27T16:20:20","slug":"ice-quest","status":"publish","type":"page","link":"https:\/\/megapari.games\/vi\/bonus\/ice-quest\/","title":{"rendered":"H\u00e0nh tr\u00ecnh b\u0103ng gi\u00e1"},"content":{"rendered":"","protected":false},"excerpt":{"rendered":"","protected":false},"author":1,"featured_media":0,"parent":152,"menu_order":0,"comment_status":"closed","ping_status":"closed","template":"","meta":{"inline_featured_image":false,"footnotes":""},"class_list":["post-1662","page","type-page","status-publish","hentry"],"yoast_head":"<!-- This site is optimized with the Yoast SEO plugin v27.6 - https:\/\/yoast.com\/product\/yoast-seo-wordpress\/ -->\n<title>Megapari H\u00e0nh tr\u00ecnh b\u0103ng gi\u00e1 \u2014 Nhi\u1ec7m v\u1ee5 &amp; C\u01b0\u1ee3c mi\u1ec5n ph\u00ed<\/title>\n<meta name=\"description\" content=\"H\u00e3y tham gia s\u1ef1 ki\u1ec7n Megapari H\u00e0nh tr\u00ecnh b\u0103ng gi\u00e1, ho\u00e0n th\u00e0nh c\u00e1c nhi\u1ec7m v\u1ee5 v\u00e0 nh\u1eadn c\u01b0\u1ee3c mi\u1ec5n ph\u00ed. Chi ti\u1ebft v\u1ec1 c\u00e1c \u0111i\u1ec1u kho\u1ea3n v\u00e0 \u0111i\u1ec1u ki\u1ec7n, m\u1eb9o c\u00e1 c\u01b0\u1ee3c v\u00e0 c\u00e1ch tr\u00e1nh m\u1ea5t v\u1ed1n.\" \/>\n<meta name=\"robots\" content=\"index, follow, max-snippet:-1, max-image-preview:large, max-video-preview:-1\" \/>\n<link rel=\"canonical\" href=\"https:\/\/megapari.games\/vi\/bonus\/ice-quest\/\" \/>\n<meta property=\"og:locale\" content=\"vi_VN\" \/>\n<meta property=\"og:type\" content=\"article\" \/>\n<meta property=\"og:title\" content=\"Megapari H\u00e0nh tr\u00ecnh b\u0103ng gi\u00e1 \u2014 Nhi\u1ec7m v\u1ee5 &amp; C\u01b0\u1ee3c mi\u1ec5n ph\u00ed\" \/>\n<meta property=\"og:description\" content=\"H\u00e3y tham gia s\u1ef1 ki\u1ec7n Megapari H\u00e0nh tr\u00ecnh b\u0103ng gi\u00e1, ho\u00e0n th\u00e0nh c\u00e1c nhi\u1ec7m v\u1ee5 v\u00e0 nh\u1eadn c\u01b0\u1ee3c mi\u1ec5n ph\u00ed. Chi ti\u1ebft v\u1ec1 c\u00e1c \u0111i\u1ec1u kho\u1ea3n v\u00e0 \u0111i\u1ec1u ki\u1ec7n, m\u1eb9o c\u00e1 c\u01b0\u1ee3c v\u00e0 c\u00e1ch tr\u00e1nh m\u1ea5t v\u1ed1n.\" \/>\n<meta property=\"og:url\" content=\"https:\/\/megapari.games\/vi\/bonus\/ice-quest\/\" \/>\n<meta property=\"og:site_name\" content=\"Megapari Games vi\" \/>\n<meta property=\"article:modified_time\" content=\"2026-03-27T16:20:20+00:00\" \/>\n<meta name=\"twitter:card\" content=\"summary_large_image\" \/>\n<script type=\"application\/ld+json\" class=\"yoast-schema-graph\">{\"@context\":\"https:\\\/\\\/schema.org\",\"@graph\":[{\"@type\":\"WebPage\",\"@id\":\"https:\\\/\\\/megapari.games\\\/vi\\\/bonus\\\/ice-quest\\\/\",\"url\":\"https:\\\/\\\/megapari.games\\\/vi\\\/bonus\\\/ice-quest\\\/\",\"name\":\"Megapari H\u00e0nh tr\u00ecnh b\u0103ng gi\u00e1 \u2014 Nhi\u1ec7m v\u1ee5 & C\u01b0\u1ee3c mi\u1ec5n ph\u00ed\",\"isPartOf\":{\"@id\":\"https:\\\/\\\/megapari.games\\\/vi\\\/#website\"},\"datePublished\":\"2026-03-24T11:21:30+00:00\",\"dateModified\":\"2026-03-27T16:20:20+00:00\",\"description\":\"H\u00e3y tham gia s\u1ef1 ki\u1ec7n Megapari H\u00e0nh tr\u00ecnh b\u0103ng gi\u00e1, ho\u00e0n th\u00e0nh c\u00e1c nhi\u1ec7m v\u1ee5 v\u00e0 nh\u1eadn c\u01b0\u1ee3c mi\u1ec5n ph\u00ed. Chi ti\u1ebft v\u1ec1 c\u00e1c \u0111i\u1ec1u kho\u1ea3n v\u00e0 \u0111i\u1ec1u ki\u1ec7n, m\u1eb9o c\u00e1 c\u01b0\u1ee3c v\u00e0 c\u00e1ch tr\u00e1nh m\u1ea5t v\u1ed1n.\",\"breadcrumb\":{\"@id\":\"https:\\\/\\\/megapari.games\\\/vi\\\/bonus\\\/ice-quest\\\/#breadcrumb\"},\"inLanguage\":\"vi\",\"potentialAction\":[{\"@type\":\"ReadAction\",\"target\":[\"https:\\\/\\\/megapari.games\\\/vi\\\/bonus\\\/ice-quest\\\/\"]}]},{\"@type\":\"BreadcrumbList\",\"@id\":\"https:\\\/\\\/megapari.games\\\/vi\\\/bonus\\\/ice-quest\\\/#breadcrumb\",\"itemListElement\":[{\"@type\":\"ListItem\",\"position\":1,\"name\":\"\u0413\u043b\u0430\u0432\u043d\u0430\u044f \u0441\u0442\u0440\u0430\u043d\u0438\u0446\u0430\",\"item\":\"https:\\\/\\\/megapari.games\\\/vi\\\/\"},{\"@type\":\"ListItem\",\"position\":2,\"name\":\"Ti\u1ec1n th\u01b0\u1edfng\",\"item\":\"https:\\\/\\\/megapari.games\\\/vi\\\/bonus\\\/\"},{\"@type\":\"ListItem\",\"position\":3,\"name\":\"H\u00e0nh tr\u00ecnh b\u0103ng gi\u00e1\"}]},{\"@type\":\"WebSite\",\"@id\":\"https:\\\/\\\/megapari.games\\\/vi\\\/#website\",\"url\":\"https:\\\/\\\/megapari.games\\\/vi\\\/\",\"name\":\"Megapari Games vi\",\"description\":\"My WordPress Blog\",\"potentialAction\":[{\"@type\":\"SearchAction\",\"target\":{\"@type\":\"EntryPoint\",\"urlTemplate\":\"https:\\\/\\\/megapari.games\\\/vi\\\/?s={search_term_string}\"},\"query-input\":{\"@type\":\"PropertyValueSpecification\",\"valueRequired\":true,\"valueName\":\"search_term_string\"}}],\"inLanguage\":\"vi\"}]}<\/script>\n<!-- \/ Yoast SEO plugin. -->","yoast_head_json":{"title":"Megapari H\u00e0nh tr\u00ecnh b\u0103ng gi\u00e1 \u2014 Nhi\u1ec7m v\u1ee5 & C\u01b0\u1ee3c mi\u1ec5n ph\u00ed","description":"H\u00e3y tham gia s\u1ef1 ki\u1ec7n Megapari H\u00e0nh tr\u00ecnh b\u0103ng gi\u00e1, ho\u00e0n th\u00e0nh c\u00e1c nhi\u1ec7m v\u1ee5 v\u00e0 nh\u1eadn c\u01b0\u1ee3c mi\u1ec5n ph\u00ed. Chi ti\u1ebft v\u1ec1 c\u00e1c \u0111i\u1ec1u kho\u1ea3n v\u00e0 \u0111i\u1ec1u ki\u1ec7n, m\u1eb9o c\u00e1 c\u01b0\u1ee3c v\u00e0 c\u00e1ch tr\u00e1nh m\u1ea5t v\u1ed1n.","robots":{"index":"index","follow":"follow","max-snippet":"max-snippet:-1","max-image-preview":"max-image-preview:large","max-video-preview":"max-video-preview:-1"},"canonical":"https:\/\/megapari.games\/vi\/bonus\/ice-quest\/","og_locale":"vi_VN","og_type":"article","og_title":"Megapari H\u00e0nh tr\u00ecnh b\u0103ng gi\u00e1 \u2014 Nhi\u1ec7m v\u1ee5 & C\u01b0\u1ee3c mi\u1ec5n ph\u00ed","og_description":"H\u00e3y tham gia s\u1ef1 ki\u1ec7n Megapari H\u00e0nh tr\u00ecnh b\u0103ng gi\u00e1, ho\u00e0n th\u00e0nh c\u00e1c nhi\u1ec7m v\u1ee5 v\u00e0 nh\u1eadn c\u01b0\u1ee3c mi\u1ec5n ph\u00ed. Chi ti\u1ebft v\u1ec1 c\u00e1c \u0111i\u1ec1u kho\u1ea3n v\u00e0 \u0111i\u1ec1u ki\u1ec7n, m\u1eb9o c\u00e1 c\u01b0\u1ee3c v\u00e0 c\u00e1ch tr\u00e1nh m\u1ea5t v\u1ed1n.","og_url":"https:\/\/megapari.games\/vi\/bonus\/ice-quest\/","og_site_name":"Megapari Games vi","article_modified_time":"2026-03-27T16:20:20+00:00","twitter_card":"summary_large_image","schema":{"@context":"https:\/\/schema.org","@graph":[{"@type":"WebPage","@id":"https:\/\/megapari.games\/vi\/bonus\/ice-quest\/","url":"https:\/\/megapari.games\/vi\/bonus\/ice-quest\/","name":"Megapari H\u00e0nh tr\u00ecnh b\u0103ng gi\u00e1 \u2014 Nhi\u1ec7m v\u1ee5 & C\u01b0\u1ee3c mi\u1ec5n ph\u00ed","isPartOf":{"@id":"https:\/\/megapari.games\/vi\/#website"},"datePublished":"2026-03-24T11:21:30+00:00","dateModified":"2026-03-27T16:20:20+00:00","description":"H\u00e3y tham gia s\u1ef1 ki\u1ec7n Megapari H\u00e0nh tr\u00ecnh b\u0103ng gi\u00e1, ho\u00e0n th\u00e0nh c\u00e1c nhi\u1ec7m v\u1ee5 v\u00e0 nh\u1eadn c\u01b0\u1ee3c mi\u1ec5n ph\u00ed. Chi ti\u1ebft v\u1ec1 c\u00e1c \u0111i\u1ec1u kho\u1ea3n v\u00e0 \u0111i\u1ec1u ki\u1ec7n, m\u1eb9o c\u00e1 c\u01b0\u1ee3c v\u00e0 c\u00e1ch tr\u00e1nh m\u1ea5t v\u1ed1n.","breadcrumb":{"@id":"https:\/\/megapari.games\/vi\/bonus\/ice-quest\/#breadcrumb"},"inLanguage":"vi","potentialAction":[{"@type":"ReadAction","target":["https:\/\/megapari.games\/vi\/bonus\/ice-quest\/"]}]},{"@type":"BreadcrumbList","@id":"https:\/\/megapari.games\/vi\/bonus\/ice-quest\/#breadcrumb","itemListElement":[{"@type":"ListItem","position":1,"name":"\u0413\u043b\u0430\u0432\u043d\u0430\u044f \u0441\u0442\u0440\u0430\u043d\u0438\u0446\u0430","item":"https:\/\/megapari.games\/vi\/"},{"@type":"ListItem","position":2,"name":"Ti\u1ec1n th\u01b0\u1edfng","item":"https:\/\/megapari.games\/vi\/bonus\/"},{"@type":"ListItem","position":3,"name":"H\u00e0nh tr\u00ecnh b\u0103ng gi\u00e1"}]},{"@type":"WebSite","@id":"https:\/\/megapari.games\/vi\/#website","url":"https:\/\/megapari.games\/vi\/","name":"Megapari Games vi","description":"My WordPress Blog","potentialAction":[{"@type":"SearchAction","target":{"@type":"EntryPoint","urlTemplate":"https:\/\/megapari.games\/vi\/?s={search_term_string}"},"query-input":{"@type":"PropertyValueSpecification","valueRequired":true,"valueName":"search_term_string"}}],"inLanguage":"vi"}]}},"_links":{"self":[{"href":"https:\/\/megapari.games\/vi\/wp-json\/wp\/v2\/pages\/1662","targetHints":{"allow":["GET"]}}],"collection":[{"href":"https:\/\/megapari.games\/vi\/wp-json\/wp\/v2\/pages"}],"about":[{"href":"https:\/\/megapari.games\/vi\/wp-json\/wp\/v2\/types\/page"}],"author":[{"embeddable":true,"href":"https:\/\/megapari.games\/vi\/wp-json\/wp\/v2\/users\/1"}],"replies":[{"embeddable":true,"href":"https:\/\/megapari.games\/vi\/wp-json\/wp\/v2\/comments?post=1662"}],"version-history":[{"count":4,"href":"https:\/\/megapari.games\/vi\/wp-json\/wp\/v2\/pages\/1662\/revisions"}],"predecessor-version":[{"id":1820,"href":"https:\/\/megapari.games\/vi\/wp-json\/wp\/v2\/pages\/1662\/revisions\/1820"}],"up":[{"embeddable":true,"href":"https:\/\/megapari.games\/vi\/wp-json\/wp\/v2\/pages\/152"}],"wp:attachment":[{"href":"https:\/\/megapari.games\/vi\/wp-json\/wp\/v2\/media?parent=1662"}],"curies":[{"name":"wp","href":"https:\/\/api.w.org\/{rel}","templated":true}]}}