{"id":1670,"date":"2026-03-24T12:03:30","date_gmt":"2026-03-24T12:03:30","guid":{"rendered":"https:\/\/megapari.games\/vi\/?page_id=1670"},"modified":"2026-03-27T16:27:52","modified_gmt":"2026-03-27T16:27:52","slug":"lucky-goals","status":"publish","type":"page","link":"https:\/\/megapari.games\/vi\/bonus\/lucky-goals\/","title":{"rendered":"Nh\u1eefng b\u00e0n th\u1eafng may m\u1eafn"},"content":{"rendered":"","protected":false},"excerpt":{"rendered":"","protected":false},"author":1,"featured_media":0,"parent":152,"menu_order":0,"comment_status":"closed","ping_status":"closed","template":"","meta":{"inline_featured_image":false,"footnotes":""},"class_list":["post-1670","page","type-page","status-publish","hentry"],"yoast_head":"<!-- This site is optimized with the Yoast SEO plugin v27.6 - https:\/\/yoast.com\/product\/yoast-seo-wordpress\/ -->\n<title>Megapari Nh\u1eefng b\u00e0n th\u1eafng may m\u1eafn \u2013 C\u01b0\u1ee3c &amp; \u00d4 c\u01b0\u1ee3c mi\u1ec5n ph\u00ed<\/title>\n<meta name=\"description\" content=\"Tham gia ch\u01b0\u01a1ng tr\u00ecnh Megapari Nh\u1eefng b\u00e0n th\u1eafng may m\u1eafn, \u0111\u1eb7t c\u01b0\u1ee3c \u0111\u1ec3 gi\u00e0nh chi\u1ebfn th\u1eafng v\u00e0 m\u1edf c\u00e1c h\u1ed9p c\u01b0\u1ee3c mi\u1ec5n ph\u00ed. T\u00ecm hi\u1ec3u c\u00e1ch th\u1ee9c ho\u1ea1t \u0111\u1ed9ng c\u1ee7a ch\u01b0\u01a1ng tr\u00ecnh khuy\u1ebfn m\u00e3i, c\u00e1c quy t\u1eafc ch\u00ednh v\u00e0 c\u00e1c chi\u1ebfn l\u01b0\u1ee3c c\u00e1 c\u01b0\u1ee3c th\u00f4ng minh.\" \/>\n<meta name=\"robots\" content=\"index, follow, max-snippet:-1, max-image-preview:large, max-video-preview:-1\" \/>\n<link rel=\"canonical\" href=\"https:\/\/megapari.games\/vi\/bonus\/lucky-goals\/\" \/>\n<meta property=\"og:locale\" content=\"vi_VN\" \/>\n<meta property=\"og:type\" content=\"article\" \/>\n<meta property=\"og:title\" content=\"Megapari Nh\u1eefng b\u00e0n th\u1eafng may m\u1eafn \u2013 C\u01b0\u1ee3c &amp; \u00d4 c\u01b0\u1ee3c mi\u1ec5n ph\u00ed\" \/>\n<meta property=\"og:description\" content=\"Tham gia ch\u01b0\u01a1ng tr\u00ecnh Megapari Nh\u1eefng b\u00e0n th\u1eafng may m\u1eafn, \u0111\u1eb7t c\u01b0\u1ee3c \u0111\u1ec3 gi\u00e0nh chi\u1ebfn th\u1eafng v\u00e0 m\u1edf c\u00e1c h\u1ed9p c\u01b0\u1ee3c mi\u1ec5n ph\u00ed. T\u00ecm hi\u1ec3u c\u00e1ch th\u1ee9c ho\u1ea1t \u0111\u1ed9ng c\u1ee7a ch\u01b0\u01a1ng tr\u00ecnh khuy\u1ebfn m\u00e3i, c\u00e1c quy t\u1eafc ch\u00ednh v\u00e0 c\u00e1c chi\u1ebfn l\u01b0\u1ee3c c\u00e1 c\u01b0\u1ee3c th\u00f4ng minh.\" \/>\n<meta property=\"og:url\" content=\"https:\/\/megapari.games\/vi\/bonus\/lucky-goals\/\" \/>\n<meta property=\"og:site_name\" content=\"Megapari Games vi\" \/>\n<meta property=\"article:modified_time\" content=\"2026-03-27T16:27:52+00:00\" \/>\n<meta name=\"twitter:card\" content=\"summary_large_image\" \/>\n<script type=\"application\/ld+json\" class=\"yoast-schema-graph\">{\"@context\":\"https:\\\/\\\/schema.org\",\"@graph\":[{\"@type\":\"WebPage\",\"@id\":\"https:\\\/\\\/megapari.games\\\/vi\\\/bonus\\\/lucky-goals\\\/\",\"url\":\"https:\\\/\\\/megapari.games\\\/vi\\\/bonus\\\/lucky-goals\\\/\",\"name\":\"Megapari Nh\u1eefng b\u00e0n th\u1eafng may m\u1eafn \u2013 C\u01b0\u1ee3c & \u00d4 c\u01b0\u1ee3c mi\u1ec5n ph\u00ed\",\"isPartOf\":{\"@id\":\"https:\\\/\\\/megapari.games\\\/vi\\\/#website\"},\"datePublished\":\"2026-03-24T12:03:30+00:00\",\"dateModified\":\"2026-03-27T16:27:52+00:00\",\"description\":\"Tham gia ch\u01b0\u01a1ng tr\u00ecnh Megapari Nh\u1eefng b\u00e0n th\u1eafng may m\u1eafn, \u0111\u1eb7t c\u01b0\u1ee3c \u0111\u1ec3 gi\u00e0nh chi\u1ebfn th\u1eafng v\u00e0 m\u1edf c\u00e1c h\u1ed9p c\u01b0\u1ee3c mi\u1ec5n ph\u00ed. T\u00ecm hi\u1ec3u c\u00e1ch th\u1ee9c ho\u1ea1t \u0111\u1ed9ng c\u1ee7a ch\u01b0\u01a1ng tr\u00ecnh khuy\u1ebfn m\u00e3i, c\u00e1c quy t\u1eafc ch\u00ednh v\u00e0 c\u00e1c chi\u1ebfn l\u01b0\u1ee3c c\u00e1 c\u01b0\u1ee3c th\u00f4ng minh.\",\"breadcrumb\":{\"@id\":\"https:\\\/\\\/megapari.games\\\/vi\\\/bonus\\\/lucky-goals\\\/#breadcrumb\"},\"inLanguage\":\"vi\",\"potentialAction\":[{\"@type\":\"ReadAction\",\"target\":[\"https:\\\/\\\/megapari.games\\\/vi\\\/bonus\\\/lucky-goals\\\/\"]}]},{\"@type\":\"BreadcrumbList\",\"@id\":\"https:\\\/\\\/megapari.games\\\/vi\\\/bonus\\\/lucky-goals\\\/#breadcrumb\",\"itemListElement\":[{\"@type\":\"ListItem\",\"position\":1,\"name\":\"\u0413\u043b\u0430\u0432\u043d\u0430\u044f \u0441\u0442\u0440\u0430\u043d\u0438\u0446\u0430\",\"item\":\"https:\\\/\\\/megapari.games\\\/vi\\\/\"},{\"@type\":\"ListItem\",\"position\":2,\"name\":\"Ti\u1ec1n th\u01b0\u1edfng\",\"item\":\"https:\\\/\\\/megapari.games\\\/vi\\\/bonus\\\/\"},{\"@type\":\"ListItem\",\"position\":3,\"name\":\"Nh\u1eefng b\u00e0n th\u1eafng may m\u1eafn\"}]},{\"@type\":\"WebSite\",\"@id\":\"https:\\\/\\\/megapari.games\\\/vi\\\/#website\",\"url\":\"https:\\\/\\\/megapari.games\\\/vi\\\/\",\"name\":\"Megapari Games vi\",\"description\":\"My WordPress Blog\",\"potentialAction\":[{\"@type\":\"SearchAction\",\"target\":{\"@type\":\"EntryPoint\",\"urlTemplate\":\"https:\\\/\\\/megapari.games\\\/vi\\\/?s={search_term_string}\"},\"query-input\":{\"@type\":\"PropertyValueSpecification\",\"valueRequired\":true,\"valueName\":\"search_term_string\"}}],\"inLanguage\":\"vi\"}]}<\/script>\n<!-- \/ Yoast SEO plugin. -->","yoast_head_json":{"title":"Megapari Nh\u1eefng b\u00e0n th\u1eafng may m\u1eafn \u2013 C\u01b0\u1ee3c & \u00d4 c\u01b0\u1ee3c mi\u1ec5n ph\u00ed","description":"Tham gia ch\u01b0\u01a1ng tr\u00ecnh Megapari Nh\u1eefng b\u00e0n th\u1eafng may m\u1eafn, \u0111\u1eb7t c\u01b0\u1ee3c \u0111\u1ec3 gi\u00e0nh chi\u1ebfn th\u1eafng v\u00e0 m\u1edf c\u00e1c h\u1ed9p c\u01b0\u1ee3c mi\u1ec5n ph\u00ed. T\u00ecm hi\u1ec3u c\u00e1ch th\u1ee9c ho\u1ea1t \u0111\u1ed9ng c\u1ee7a ch\u01b0\u01a1ng tr\u00ecnh khuy\u1ebfn m\u00e3i, c\u00e1c quy t\u1eafc ch\u00ednh v\u00e0 c\u00e1c chi\u1ebfn l\u01b0\u1ee3c c\u00e1 c\u01b0\u1ee3c th\u00f4ng minh.","robots":{"index":"index","follow":"follow","max-snippet":"max-snippet:-1","max-image-preview":"max-image-preview:large","max-video-preview":"max-video-preview:-1"},"canonical":"https:\/\/megapari.games\/vi\/bonus\/lucky-goals\/","og_locale":"vi_VN","og_type":"article","og_title":"Megapari Nh\u1eefng b\u00e0n th\u1eafng may m\u1eafn \u2013 C\u01b0\u1ee3c & \u00d4 c\u01b0\u1ee3c mi\u1ec5n ph\u00ed","og_description":"Tham gia ch\u01b0\u01a1ng tr\u00ecnh Megapari Nh\u1eefng b\u00e0n th\u1eafng may m\u1eafn, \u0111\u1eb7t c\u01b0\u1ee3c \u0111\u1ec3 gi\u00e0nh chi\u1ebfn th\u1eafng v\u00e0 m\u1edf c\u00e1c h\u1ed9p c\u01b0\u1ee3c mi\u1ec5n ph\u00ed. T\u00ecm hi\u1ec3u c\u00e1ch th\u1ee9c ho\u1ea1t \u0111\u1ed9ng c\u1ee7a ch\u01b0\u01a1ng tr\u00ecnh khuy\u1ebfn m\u00e3i, c\u00e1c quy t\u1eafc ch\u00ednh v\u00e0 c\u00e1c chi\u1ebfn l\u01b0\u1ee3c c\u00e1 c\u01b0\u1ee3c th\u00f4ng minh.","og_url":"https:\/\/megapari.games\/vi\/bonus\/lucky-goals\/","og_site_name":"Megapari Games vi","article_modified_time":"2026-03-27T16:27:52+00:00","twitter_card":"summary_large_image","schema":{"@context":"https:\/\/schema.org","@graph":[{"@type":"WebPage","@id":"https:\/\/megapari.games\/vi\/bonus\/lucky-goals\/","url":"https:\/\/megapari.games\/vi\/bonus\/lucky-goals\/","name":"Megapari Nh\u1eefng b\u00e0n th\u1eafng may m\u1eafn \u2013 C\u01b0\u1ee3c & \u00d4 c\u01b0\u1ee3c mi\u1ec5n ph\u00ed","isPartOf":{"@id":"https:\/\/megapari.games\/vi\/#website"},"datePublished":"2026-03-24T12:03:30+00:00","dateModified":"2026-03-27T16:27:52+00:00","description":"Tham gia ch\u01b0\u01a1ng tr\u00ecnh Megapari Nh\u1eefng b\u00e0n th\u1eafng may m\u1eafn, \u0111\u1eb7t c\u01b0\u1ee3c \u0111\u1ec3 gi\u00e0nh chi\u1ebfn th\u1eafng v\u00e0 m\u1edf c\u00e1c h\u1ed9p c\u01b0\u1ee3c mi\u1ec5n ph\u00ed. T\u00ecm hi\u1ec3u c\u00e1ch th\u1ee9c ho\u1ea1t \u0111\u1ed9ng c\u1ee7a ch\u01b0\u01a1ng tr\u00ecnh khuy\u1ebfn m\u00e3i, c\u00e1c quy t\u1eafc ch\u00ednh v\u00e0 c\u00e1c chi\u1ebfn l\u01b0\u1ee3c c\u00e1 c\u01b0\u1ee3c th\u00f4ng minh.","breadcrumb":{"@id":"https:\/\/megapari.games\/vi\/bonus\/lucky-goals\/#breadcrumb"},"inLanguage":"vi","potentialAction":[{"@type":"ReadAction","target":["https:\/\/megapari.games\/vi\/bonus\/lucky-goals\/"]}]},{"@type":"BreadcrumbList","@id":"https:\/\/megapari.games\/vi\/bonus\/lucky-goals\/#breadcrumb","itemListElement":[{"@type":"ListItem","position":1,"name":"\u0413\u043b\u0430\u0432\u043d\u0430\u044f \u0441\u0442\u0440\u0430\u043d\u0438\u0446\u0430","item":"https:\/\/megapari.games\/vi\/"},{"@type":"ListItem","position":2,"name":"Ti\u1ec1n th\u01b0\u1edfng","item":"https:\/\/megapari.games\/vi\/bonus\/"},{"@type":"ListItem","position":3,"name":"Nh\u1eefng b\u00e0n th\u1eafng may m\u1eafn"}]},{"@type":"WebSite","@id":"https:\/\/megapari.games\/vi\/#website","url":"https:\/\/megapari.games\/vi\/","name":"Megapari Games vi","description":"My WordPress Blog","potentialAction":[{"@type":"SearchAction","target":{"@type":"EntryPoint","urlTemplate":"https:\/\/megapari.games\/vi\/?s={search_term_string}"},"query-input":{"@type":"PropertyValueSpecification","valueRequired":true,"valueName":"search_term_string"}}],"inLanguage":"vi"}]}},"_links":{"self":[{"href":"https:\/\/megapari.games\/vi\/wp-json\/wp\/v2\/pages\/1670","targetHints":{"allow":["GET"]}}],"collection":[{"href":"https:\/\/megapari.games\/vi\/wp-json\/wp\/v2\/pages"}],"about":[{"href":"https:\/\/megapari.games\/vi\/wp-json\/wp\/v2\/types\/page"}],"author":[{"embeddable":true,"href":"https:\/\/megapari.games\/vi\/wp-json\/wp\/v2\/users\/1"}],"replies":[{"embeddable":true,"href":"https:\/\/megapari.games\/vi\/wp-json\/wp\/v2\/comments?post=1670"}],"version-history":[{"count":4,"href":"https:\/\/megapari.games\/vi\/wp-json\/wp\/v2\/pages\/1670\/revisions"}],"predecessor-version":[{"id":1823,"href":"https:\/\/megapari.games\/vi\/wp-json\/wp\/v2\/pages\/1670\/revisions\/1823"}],"up":[{"embeddable":true,"href":"https:\/\/megapari.games\/vi\/wp-json\/wp\/v2\/pages\/152"}],"wp:attachment":[{"href":"https:\/\/megapari.games\/vi\/wp-json\/wp\/v2\/media?parent=1670"}],"curies":[{"name":"wp","href":"https:\/\/api.w.org\/{rel}","templated":true}]}}