{"id":1674,"date":"2026-03-24T12:25:15","date_gmt":"2026-03-24T12:25:15","guid":{"rendered":"https:\/\/megapari.games\/vi\/?page_id=1674"},"modified":"2026-03-27T14:12:55","modified_gmt":"2026-03-27T14:12:55","slug":"cash-dunk","status":"publish","type":"page","link":"https:\/\/megapari.games\/vi\/bonus\/cash-dunk\/","title":{"rendered":"Ti\u1ec1n m\u1eb7t Dunk"},"content":{"rendered":"","protected":false},"excerpt":{"rendered":"","protected":false},"author":1,"featured_media":0,"parent":152,"menu_order":0,"comment_status":"closed","ping_status":"closed","template":"","meta":{"inline_featured_image":false,"footnotes":""},"class_list":["post-1674","page","type-page","status-publish","hentry"],"yoast_head":"<!-- This site is optimized with the Yoast SEO plugin v27.6 - https:\/\/yoast.com\/product\/yoast-seo-wordpress\/ -->\n<title>Megapari Ti\u1ec1n m\u1eb7t Dunk \u2013 Ho\u00e0n ti\u1ec1n khi ch\u01a1i b\u00f3ng r\u1ed5<\/title>\n<meta name=\"description\" content=\"Thua c\u01b0\u1ee3c? Megapari Ti\u1ec1n m\u1eb7t Dunk ho\u00e0n ti\u1ec1n d\u01b0\u1edbi d\u1ea1ng c\u01b0\u1ee3c mi\u1ec5n ph\u00ed cho s\u1ed1 ti\u1ec1n thua r\u00f2ng. H\u01b0\u1edbng d\u1eabn chi ti\u1ebft, quy \u0111\u1ecbnh v\u00e0 c\u00e1ch k\u00edch ho\u1ea1t \u01b0u \u0111\u00e3i.\" \/>\n<meta name=\"robots\" content=\"index, follow, max-snippet:-1, max-image-preview:large, max-video-preview:-1\" \/>\n<link rel=\"canonical\" href=\"https:\/\/megapari.games\/vi\/bonus\/cash-dunk\/\" \/>\n<meta property=\"og:locale\" content=\"vi_VN\" \/>\n<meta property=\"og:type\" content=\"article\" \/>\n<meta property=\"og:title\" content=\"Megapari Ti\u1ec1n m\u1eb7t Dunk \u2013 Ho\u00e0n ti\u1ec1n khi ch\u01a1i b\u00f3ng r\u1ed5\" \/>\n<meta property=\"og:description\" content=\"Thua c\u01b0\u1ee3c? Megapari Ti\u1ec1n m\u1eb7t Dunk ho\u00e0n ti\u1ec1n d\u01b0\u1edbi d\u1ea1ng c\u01b0\u1ee3c mi\u1ec5n ph\u00ed cho s\u1ed1 ti\u1ec1n thua r\u00f2ng. H\u01b0\u1edbng d\u1eabn chi ti\u1ebft, quy \u0111\u1ecbnh v\u00e0 c\u00e1ch k\u00edch ho\u1ea1t \u01b0u \u0111\u00e3i.\" \/>\n<meta property=\"og:url\" content=\"https:\/\/megapari.games\/vi\/bonus\/cash-dunk\/\" \/>\n<meta property=\"og:site_name\" content=\"Megapari Games vi\" \/>\n<meta property=\"article:modified_time\" content=\"2026-03-27T14:12:55+00:00\" \/>\n<meta name=\"twitter:card\" content=\"summary_large_image\" \/>\n<script type=\"application\/ld+json\" class=\"yoast-schema-graph\">{\"@context\":\"https:\\\/\\\/schema.org\",\"@graph\":[{\"@type\":\"WebPage\",\"@id\":\"https:\\\/\\\/megapari.games\\\/vi\\\/bonus\\\/cash-dunk\\\/\",\"url\":\"https:\\\/\\\/megapari.games\\\/vi\\\/bonus\\\/cash-dunk\\\/\",\"name\":\"Megapari Ti\u1ec1n m\u1eb7t Dunk \u2013 Ho\u00e0n ti\u1ec1n khi ch\u01a1i b\u00f3ng r\u1ed5\",\"isPartOf\":{\"@id\":\"https:\\\/\\\/megapari.games\\\/vi\\\/#website\"},\"datePublished\":\"2026-03-24T12:25:15+00:00\",\"dateModified\":\"2026-03-27T14:12:55+00:00\",\"description\":\"Thua c\u01b0\u1ee3c? Megapari Ti\u1ec1n m\u1eb7t Dunk ho\u00e0n ti\u1ec1n d\u01b0\u1edbi d\u1ea1ng c\u01b0\u1ee3c mi\u1ec5n ph\u00ed cho s\u1ed1 ti\u1ec1n thua r\u00f2ng. H\u01b0\u1edbng d\u1eabn chi ti\u1ebft, quy \u0111\u1ecbnh v\u00e0 c\u00e1ch k\u00edch ho\u1ea1t \u01b0u \u0111\u00e3i.\",\"breadcrumb\":{\"@id\":\"https:\\\/\\\/megapari.games\\\/vi\\\/bonus\\\/cash-dunk\\\/#breadcrumb\"},\"inLanguage\":\"vi\",\"potentialAction\":[{\"@type\":\"ReadAction\",\"target\":[\"https:\\\/\\\/megapari.games\\\/vi\\\/bonus\\\/cash-dunk\\\/\"]}]},{\"@type\":\"BreadcrumbList\",\"@id\":\"https:\\\/\\\/megapari.games\\\/vi\\\/bonus\\\/cash-dunk\\\/#breadcrumb\",\"itemListElement\":[{\"@type\":\"ListItem\",\"position\":1,\"name\":\"\u0413\u043b\u0430\u0432\u043d\u0430\u044f \u0441\u0442\u0440\u0430\u043d\u0438\u0446\u0430\",\"item\":\"https:\\\/\\\/megapari.games\\\/vi\\\/\"},{\"@type\":\"ListItem\",\"position\":2,\"name\":\"Ti\u1ec1n th\u01b0\u1edfng\",\"item\":\"https:\\\/\\\/megapari.games\\\/vi\\\/bonus\\\/\"},{\"@type\":\"ListItem\",\"position\":3,\"name\":\"Ti\u1ec1n m\u1eb7t Dunk\"}]},{\"@type\":\"WebSite\",\"@id\":\"https:\\\/\\\/megapari.games\\\/vi\\\/#website\",\"url\":\"https:\\\/\\\/megapari.games\\\/vi\\\/\",\"name\":\"Megapari Games vi\",\"description\":\"My WordPress Blog\",\"potentialAction\":[{\"@type\":\"SearchAction\",\"target\":{\"@type\":\"EntryPoint\",\"urlTemplate\":\"https:\\\/\\\/megapari.games\\\/vi\\\/?s={search_term_string}\"},\"query-input\":{\"@type\":\"PropertyValueSpecification\",\"valueRequired\":true,\"valueName\":\"search_term_string\"}}],\"inLanguage\":\"vi\"}]}<\/script>\n<!-- \/ Yoast SEO plugin. -->","yoast_head_json":{"title":"Megapari Ti\u1ec1n m\u1eb7t Dunk \u2013 Ho\u00e0n ti\u1ec1n khi ch\u01a1i b\u00f3ng r\u1ed5","description":"Thua c\u01b0\u1ee3c? Megapari Ti\u1ec1n m\u1eb7t Dunk ho\u00e0n ti\u1ec1n d\u01b0\u1edbi d\u1ea1ng c\u01b0\u1ee3c mi\u1ec5n ph\u00ed cho s\u1ed1 ti\u1ec1n thua r\u00f2ng. H\u01b0\u1edbng d\u1eabn chi ti\u1ebft, quy \u0111\u1ecbnh v\u00e0 c\u00e1ch k\u00edch ho\u1ea1t \u01b0u \u0111\u00e3i.","robots":{"index":"index","follow":"follow","max-snippet":"max-snippet:-1","max-image-preview":"max-image-preview:large","max-video-preview":"max-video-preview:-1"},"canonical":"https:\/\/megapari.games\/vi\/bonus\/cash-dunk\/","og_locale":"vi_VN","og_type":"article","og_title":"Megapari Ti\u1ec1n m\u1eb7t Dunk \u2013 Ho\u00e0n ti\u1ec1n khi ch\u01a1i b\u00f3ng r\u1ed5","og_description":"Thua c\u01b0\u1ee3c? Megapari Ti\u1ec1n m\u1eb7t Dunk ho\u00e0n ti\u1ec1n d\u01b0\u1edbi d\u1ea1ng c\u01b0\u1ee3c mi\u1ec5n ph\u00ed cho s\u1ed1 ti\u1ec1n thua r\u00f2ng. H\u01b0\u1edbng d\u1eabn chi ti\u1ebft, quy \u0111\u1ecbnh v\u00e0 c\u00e1ch k\u00edch ho\u1ea1t \u01b0u \u0111\u00e3i.","og_url":"https:\/\/megapari.games\/vi\/bonus\/cash-dunk\/","og_site_name":"Megapari Games vi","article_modified_time":"2026-03-27T14:12:55+00:00","twitter_card":"summary_large_image","schema":{"@context":"https:\/\/schema.org","@graph":[{"@type":"WebPage","@id":"https:\/\/megapari.games\/vi\/bonus\/cash-dunk\/","url":"https:\/\/megapari.games\/vi\/bonus\/cash-dunk\/","name":"Megapari Ti\u1ec1n m\u1eb7t Dunk \u2013 Ho\u00e0n ti\u1ec1n khi ch\u01a1i b\u00f3ng r\u1ed5","isPartOf":{"@id":"https:\/\/megapari.games\/vi\/#website"},"datePublished":"2026-03-24T12:25:15+00:00","dateModified":"2026-03-27T14:12:55+00:00","description":"Thua c\u01b0\u1ee3c? Megapari Ti\u1ec1n m\u1eb7t Dunk ho\u00e0n ti\u1ec1n d\u01b0\u1edbi d\u1ea1ng c\u01b0\u1ee3c mi\u1ec5n ph\u00ed cho s\u1ed1 ti\u1ec1n thua r\u00f2ng. H\u01b0\u1edbng d\u1eabn chi ti\u1ebft, quy \u0111\u1ecbnh v\u00e0 c\u00e1ch k\u00edch ho\u1ea1t \u01b0u \u0111\u00e3i.","breadcrumb":{"@id":"https:\/\/megapari.games\/vi\/bonus\/cash-dunk\/#breadcrumb"},"inLanguage":"vi","potentialAction":[{"@type":"ReadAction","target":["https:\/\/megapari.games\/vi\/bonus\/cash-dunk\/"]}]},{"@type":"BreadcrumbList","@id":"https:\/\/megapari.games\/vi\/bonus\/cash-dunk\/#breadcrumb","itemListElement":[{"@type":"ListItem","position":1,"name":"\u0413\u043b\u0430\u0432\u043d\u0430\u044f \u0441\u0442\u0440\u0430\u043d\u0438\u0446\u0430","item":"https:\/\/megapari.games\/vi\/"},{"@type":"ListItem","position":2,"name":"Ti\u1ec1n th\u01b0\u1edfng","item":"https:\/\/megapari.games\/vi\/bonus\/"},{"@type":"ListItem","position":3,"name":"Ti\u1ec1n m\u1eb7t Dunk"}]},{"@type":"WebSite","@id":"https:\/\/megapari.games\/vi\/#website","url":"https:\/\/megapari.games\/vi\/","name":"Megapari Games vi","description":"My WordPress Blog","potentialAction":[{"@type":"SearchAction","target":{"@type":"EntryPoint","urlTemplate":"https:\/\/megapari.games\/vi\/?s={search_term_string}"},"query-input":{"@type":"PropertyValueSpecification","valueRequired":true,"valueName":"search_term_string"}}],"inLanguage":"vi"}]}},"_links":{"self":[{"href":"https:\/\/megapari.games\/vi\/wp-json\/wp\/v2\/pages\/1674","targetHints":{"allow":["GET"]}}],"collection":[{"href":"https:\/\/megapari.games\/vi\/wp-json\/wp\/v2\/pages"}],"about":[{"href":"https:\/\/megapari.games\/vi\/wp-json\/wp\/v2\/types\/page"}],"author":[{"embeddable":true,"href":"https:\/\/megapari.games\/vi\/wp-json\/wp\/v2\/users\/1"}],"replies":[{"embeddable":true,"href":"https:\/\/megapari.games\/vi\/wp-json\/wp\/v2\/comments?post=1674"}],"version-history":[{"count":3,"href":"https:\/\/megapari.games\/vi\/wp-json\/wp\/v2\/pages\/1674\/revisions"}],"predecessor-version":[{"id":1805,"href":"https:\/\/megapari.games\/vi\/wp-json\/wp\/v2\/pages\/1674\/revisions\/1805"}],"up":[{"embeddable":true,"href":"https:\/\/megapari.games\/vi\/wp-json\/wp\/v2\/pages\/152"}],"wp:attachment":[{"href":"https:\/\/megapari.games\/vi\/wp-json\/wp\/v2\/media?parent=1674"}],"curies":[{"name":"wp","href":"https:\/\/api.w.org\/{rel}","templated":true}]}}