{"id":1681,"date":"2026-03-24T15:42:52","date_gmt":"2026-03-24T15:42:52","guid":{"rendered":"https:\/\/megapari.games\/vi\/?page_id=1681"},"modified":"2026-03-26T17:57:40","modified_gmt":"2026-03-26T17:57:40","slug":"10th-deposit-bonus","status":"publish","type":"page","link":"https:\/\/megapari.games\/vi\/bonus\/10th-deposit-bonus\/","title":{"rendered":"Ti\u1ec1n th\u01b0\u1edfng cho l\u1ea7n n\u1ea1p ti\u1ec1n th\u1ee9 10"},"content":{"rendered":"","protected":false},"excerpt":{"rendered":"","protected":false},"author":1,"featured_media":0,"parent":152,"menu_order":0,"comment_status":"closed","ping_status":"closed","template":"","meta":{"inline_featured_image":false,"footnotes":""},"class_list":["post-1681","page","type-page","status-publish","hentry"],"yoast_head":"<!-- This site is optimized with the Yoast SEO plugin v27.6 - https:\/\/yoast.com\/product\/yoast-seo-wordpress\/ -->\n<title>Megapari 50% Ti\u1ec1n th\u01b0\u1edfng s\u00f2ng b\u1ea1c l\u00ean \u0111\u1ebfn ng\u00e0y 10 Ti\u1ec1n \u0111\u1eb7t c\u1ecdc<\/title>\n<meta name=\"description\" content=\"Nh\u1eadn ngay 50% ti\u1ec1n th\u01b0\u1edfng s\u00f2ng b\u1ea1c, t\u1ed1i \u0111a 8.000.000 VND cho l\u1ea7n n\u1ea1p ti\u1ec1n th\u1ee9 10 t\u1ea1i Megapari. T\u00ecm hi\u1ec3u c\u00e1ch \u0111\u1ee7 \u0111i\u1ec1u ki\u1ec7n nh\u1eadn th\u01b0\u1edfng, c\u00e1c quy \u0111\u1ecbnh v\u1ec1 ti\u1ec1n th\u01b0\u1edfng v\u00e0 c\u00e1ch k\u00edch ho\u1ea1t \u01b0u \u0111\u00e3i.\" \/>\n<meta name=\"robots\" content=\"index, follow, max-snippet:-1, max-image-preview:large, max-video-preview:-1\" \/>\n<link rel=\"canonical\" href=\"https:\/\/megapari.games\/vi\/bonus\/10th-deposit-bonus\/\" \/>\n<meta property=\"og:locale\" content=\"vi_VN\" \/>\n<meta property=\"og:type\" content=\"article\" \/>\n<meta property=\"og:title\" content=\"Megapari 50% Ti\u1ec1n th\u01b0\u1edfng s\u00f2ng b\u1ea1c l\u00ean \u0111\u1ebfn ng\u00e0y 10 Ti\u1ec1n \u0111\u1eb7t c\u1ecdc\" \/>\n<meta property=\"og:description\" content=\"Nh\u1eadn ngay 50% ti\u1ec1n th\u01b0\u1edfng s\u00f2ng b\u1ea1c, t\u1ed1i \u0111a 8.000.000 VND cho l\u1ea7n n\u1ea1p ti\u1ec1n th\u1ee9 10 t\u1ea1i Megapari. T\u00ecm hi\u1ec3u c\u00e1ch \u0111\u1ee7 \u0111i\u1ec1u ki\u1ec7n nh\u1eadn th\u01b0\u1edfng, c\u00e1c quy \u0111\u1ecbnh v\u1ec1 ti\u1ec1n th\u01b0\u1edfng v\u00e0 c\u00e1ch k\u00edch ho\u1ea1t \u01b0u \u0111\u00e3i.\" \/>\n<meta property=\"og:url\" content=\"https:\/\/megapari.games\/vi\/bonus\/10th-deposit-bonus\/\" \/>\n<meta property=\"og:site_name\" content=\"Megapari Games vi\" \/>\n<meta property=\"article:modified_time\" content=\"2026-03-26T17:57:40+00:00\" \/>\n<meta name=\"twitter:card\" content=\"summary_large_image\" \/>\n<script type=\"application\/ld+json\" class=\"yoast-schema-graph\">{\"@context\":\"https:\\\/\\\/schema.org\",\"@graph\":[{\"@type\":\"WebPage\",\"@id\":\"https:\\\/\\\/megapari.games\\\/vi\\\/bonus\\\/10th-deposit-bonus\\\/\",\"url\":\"https:\\\/\\\/megapari.games\\\/vi\\\/bonus\\\/10th-deposit-bonus\\\/\",\"name\":\"Megapari 50% Ti\u1ec1n th\u01b0\u1edfng s\u00f2ng b\u1ea1c l\u00ean \u0111\u1ebfn ng\u00e0y 10 Ti\u1ec1n \u0111\u1eb7t c\u1ecdc\",\"isPartOf\":{\"@id\":\"https:\\\/\\\/megapari.games\\\/vi\\\/#website\"},\"datePublished\":\"2026-03-24T15:42:52+00:00\",\"dateModified\":\"2026-03-26T17:57:40+00:00\",\"description\":\"Nh\u1eadn ngay 50% ti\u1ec1n th\u01b0\u1edfng s\u00f2ng b\u1ea1c, t\u1ed1i \u0111a 8.000.000 VND cho l\u1ea7n n\u1ea1p ti\u1ec1n th\u1ee9 10 t\u1ea1i Megapari. T\u00ecm hi\u1ec3u c\u00e1ch \u0111\u1ee7 \u0111i\u1ec1u ki\u1ec7n nh\u1eadn th\u01b0\u1edfng, c\u00e1c quy \u0111\u1ecbnh v\u1ec1 ti\u1ec1n th\u01b0\u1edfng v\u00e0 c\u00e1ch k\u00edch ho\u1ea1t \u01b0u \u0111\u00e3i.\",\"breadcrumb\":{\"@id\":\"https:\\\/\\\/megapari.games\\\/vi\\\/bonus\\\/10th-deposit-bonus\\\/#breadcrumb\"},\"inLanguage\":\"vi\",\"potentialAction\":[{\"@type\":\"ReadAction\",\"target\":[\"https:\\\/\\\/megapari.games\\\/vi\\\/bonus\\\/10th-deposit-bonus\\\/\"]}]},{\"@type\":\"BreadcrumbList\",\"@id\":\"https:\\\/\\\/megapari.games\\\/vi\\\/bonus\\\/10th-deposit-bonus\\\/#breadcrumb\",\"itemListElement\":[{\"@type\":\"ListItem\",\"position\":1,\"name\":\"\u0413\u043b\u0430\u0432\u043d\u0430\u044f \u0441\u0442\u0440\u0430\u043d\u0438\u0446\u0430\",\"item\":\"https:\\\/\\\/megapari.games\\\/vi\\\/\"},{\"@type\":\"ListItem\",\"position\":2,\"name\":\"Ti\u1ec1n th\u01b0\u1edfng\",\"item\":\"https:\\\/\\\/megapari.games\\\/vi\\\/bonus\\\/\"},{\"@type\":\"ListItem\",\"position\":3,\"name\":\"Ti\u1ec1n th\u01b0\u1edfng cho l\u1ea7n n\u1ea1p ti\u1ec1n th\u1ee9 10\"}]},{\"@type\":\"WebSite\",\"@id\":\"https:\\\/\\\/megapari.games\\\/vi\\\/#website\",\"url\":\"https:\\\/\\\/megapari.games\\\/vi\\\/\",\"name\":\"Megapari Games vi\",\"description\":\"My WordPress Blog\",\"potentialAction\":[{\"@type\":\"SearchAction\",\"target\":{\"@type\":\"EntryPoint\",\"urlTemplate\":\"https:\\\/\\\/megapari.games\\\/vi\\\/?s={search_term_string}\"},\"query-input\":{\"@type\":\"PropertyValueSpecification\",\"valueRequired\":true,\"valueName\":\"search_term_string\"}}],\"inLanguage\":\"vi\"}]}<\/script>\n<!-- \/ Yoast SEO plugin. -->","yoast_head_json":{"title":"Megapari 50% Ti\u1ec1n th\u01b0\u1edfng s\u00f2ng b\u1ea1c l\u00ean \u0111\u1ebfn ng\u00e0y 10 Ti\u1ec1n \u0111\u1eb7t c\u1ecdc","description":"Nh\u1eadn ngay 50% ti\u1ec1n th\u01b0\u1edfng s\u00f2ng b\u1ea1c, t\u1ed1i \u0111a 8.000.000 VND cho l\u1ea7n n\u1ea1p ti\u1ec1n th\u1ee9 10 t\u1ea1i Megapari. T\u00ecm hi\u1ec3u c\u00e1ch \u0111\u1ee7 \u0111i\u1ec1u ki\u1ec7n nh\u1eadn th\u01b0\u1edfng, c\u00e1c quy \u0111\u1ecbnh v\u1ec1 ti\u1ec1n th\u01b0\u1edfng v\u00e0 c\u00e1ch k\u00edch ho\u1ea1t \u01b0u \u0111\u00e3i.","robots":{"index":"index","follow":"follow","max-snippet":"max-snippet:-1","max-image-preview":"max-image-preview:large","max-video-preview":"max-video-preview:-1"},"canonical":"https:\/\/megapari.games\/vi\/bonus\/10th-deposit-bonus\/","og_locale":"vi_VN","og_type":"article","og_title":"Megapari 50% Ti\u1ec1n th\u01b0\u1edfng s\u00f2ng b\u1ea1c l\u00ean \u0111\u1ebfn ng\u00e0y 10 Ti\u1ec1n \u0111\u1eb7t c\u1ecdc","og_description":"Nh\u1eadn ngay 50% ti\u1ec1n th\u01b0\u1edfng s\u00f2ng b\u1ea1c, t\u1ed1i \u0111a 8.000.000 VND cho l\u1ea7n n\u1ea1p ti\u1ec1n th\u1ee9 10 t\u1ea1i Megapari. T\u00ecm hi\u1ec3u c\u00e1ch \u0111\u1ee7 \u0111i\u1ec1u ki\u1ec7n nh\u1eadn th\u01b0\u1edfng, c\u00e1c quy \u0111\u1ecbnh v\u1ec1 ti\u1ec1n th\u01b0\u1edfng v\u00e0 c\u00e1ch k\u00edch ho\u1ea1t \u01b0u \u0111\u00e3i.","og_url":"https:\/\/megapari.games\/vi\/bonus\/10th-deposit-bonus\/","og_site_name":"Megapari Games vi","article_modified_time":"2026-03-26T17:57:40+00:00","twitter_card":"summary_large_image","schema":{"@context":"https:\/\/schema.org","@graph":[{"@type":"WebPage","@id":"https:\/\/megapari.games\/vi\/bonus\/10th-deposit-bonus\/","url":"https:\/\/megapari.games\/vi\/bonus\/10th-deposit-bonus\/","name":"Megapari 50% Ti\u1ec1n th\u01b0\u1edfng s\u00f2ng b\u1ea1c l\u00ean \u0111\u1ebfn ng\u00e0y 10 Ti\u1ec1n \u0111\u1eb7t c\u1ecdc","isPartOf":{"@id":"https:\/\/megapari.games\/vi\/#website"},"datePublished":"2026-03-24T15:42:52+00:00","dateModified":"2026-03-26T17:57:40+00:00","description":"Nh\u1eadn ngay 50% ti\u1ec1n th\u01b0\u1edfng s\u00f2ng b\u1ea1c, t\u1ed1i \u0111a 8.000.000 VND cho l\u1ea7n n\u1ea1p ti\u1ec1n th\u1ee9 10 t\u1ea1i Megapari. T\u00ecm hi\u1ec3u c\u00e1ch \u0111\u1ee7 \u0111i\u1ec1u ki\u1ec7n nh\u1eadn th\u01b0\u1edfng, c\u00e1c quy \u0111\u1ecbnh v\u1ec1 ti\u1ec1n th\u01b0\u1edfng v\u00e0 c\u00e1ch k\u00edch ho\u1ea1t \u01b0u \u0111\u00e3i.","breadcrumb":{"@id":"https:\/\/megapari.games\/vi\/bonus\/10th-deposit-bonus\/#breadcrumb"},"inLanguage":"vi","potentialAction":[{"@type":"ReadAction","target":["https:\/\/megapari.games\/vi\/bonus\/10th-deposit-bonus\/"]}]},{"@type":"BreadcrumbList","@id":"https:\/\/megapari.games\/vi\/bonus\/10th-deposit-bonus\/#breadcrumb","itemListElement":[{"@type":"ListItem","position":1,"name":"\u0413\u043b\u0430\u0432\u043d\u0430\u044f \u0441\u0442\u0440\u0430\u043d\u0438\u0446\u0430","item":"https:\/\/megapari.games\/vi\/"},{"@type":"ListItem","position":2,"name":"Ti\u1ec1n th\u01b0\u1edfng","item":"https:\/\/megapari.games\/vi\/bonus\/"},{"@type":"ListItem","position":3,"name":"Ti\u1ec1n th\u01b0\u1edfng cho l\u1ea7n n\u1ea1p ti\u1ec1n th\u1ee9 10"}]},{"@type":"WebSite","@id":"https:\/\/megapari.games\/vi\/#website","url":"https:\/\/megapari.games\/vi\/","name":"Megapari Games vi","description":"My WordPress Blog","potentialAction":[{"@type":"SearchAction","target":{"@type":"EntryPoint","urlTemplate":"https:\/\/megapari.games\/vi\/?s={search_term_string}"},"query-input":{"@type":"PropertyValueSpecification","valueRequired":true,"valueName":"search_term_string"}}],"inLanguage":"vi"}]}},"_links":{"self":[{"href":"https:\/\/megapari.games\/vi\/wp-json\/wp\/v2\/pages\/1681","targetHints":{"allow":["GET"]}}],"collection":[{"href":"https:\/\/megapari.games\/vi\/wp-json\/wp\/v2\/pages"}],"about":[{"href":"https:\/\/megapari.games\/vi\/wp-json\/wp\/v2\/types\/page"}],"author":[{"embeddable":true,"href":"https:\/\/megapari.games\/vi\/wp-json\/wp\/v2\/users\/1"}],"replies":[{"embeddable":true,"href":"https:\/\/megapari.games\/vi\/wp-json\/wp\/v2\/comments?post=1681"}],"version-history":[{"count":3,"href":"https:\/\/megapari.games\/vi\/wp-json\/wp\/v2\/pages\/1681\/revisions"}],"predecessor-version":[{"id":1758,"href":"https:\/\/megapari.games\/vi\/wp-json\/wp\/v2\/pages\/1681\/revisions\/1758"}],"up":[{"embeddable":true,"href":"https:\/\/megapari.games\/vi\/wp-json\/wp\/v2\/pages\/152"}],"wp:attachment":[{"href":"https:\/\/megapari.games\/vi\/wp-json\/wp\/v2\/media?parent=1681"}],"curies":[{"name":"wp","href":"https:\/\/api.w.org\/{rel}","templated":true}]}}