{"id":1688,"date":"2026-03-24T16:15:01","date_gmt":"2026-03-24T16:15:01","guid":{"rendered":"https:\/\/megapari.games\/vi\/?page_id=1688"},"modified":"2026-03-27T14:08:04","modified_gmt":"2026-03-27T14:08:04","slug":"birthday-bonus","status":"publish","type":"page","link":"https:\/\/megapari.games\/vi\/bonus\/birthday-bonus\/","title":{"rendered":"Ph\u1ea7n th\u01b0\u1edfng sinh nh\u1eadt"},"content":{"rendered":"","protected":false},"excerpt":{"rendered":"","protected":false},"author":1,"featured_media":0,"parent":152,"menu_order":0,"comment_status":"closed","ping_status":"closed","template":"","meta":{"inline_featured_image":false,"footnotes":""},"class_list":["post-1688","page","type-page","status-publish","hentry"],"yoast_head":"<!-- This site is optimized with the Yoast SEO plugin v27.6 - https:\/\/yoast.com\/product\/yoast-seo-wordpress\/ -->\n<title>Ti\u1ec1n th\u01b0\u1edfng sinh nh\u1eadt Megapari \u2014 Qu\u00e0 t\u1eb7ng &amp; C\u01b0\u1ee3c mi\u1ec5n ph\u00ed<\/title>\n<meta name=\"description\" content=\"H\u00e3y c\u00f9ng Megapari k\u1ef7 ni\u1ec7m sinh nh\u1eadt c\u1ee7a b\u1ea1n v\u00e0 nh\u1eadn ngay ph\u1ea7n th\u01b0\u1edfng c\u00e1 nh\u00e2n. Nh\u1eadn m\u00e3 khuy\u1ebfn m\u00e3i, c\u01b0\u1ee3c mi\u1ec5n ph\u00ed v\u00e0 ph\u1ea7n th\u01b0\u1edfng \u0111\u1ed9c quy\u1ec1n d\u1ef1a tr\u00ean m\u1ee9c \u0111\u1ed9 ho\u1ea1t \u0111\u1ed9ng c\u1ee7a b\u1ea1n.\" \/>\n<meta name=\"robots\" content=\"index, follow, max-snippet:-1, max-image-preview:large, max-video-preview:-1\" \/>\n<link rel=\"canonical\" href=\"https:\/\/megapari.games\/vi\/bonus\/birthday-bonus\/\" \/>\n<meta property=\"og:locale\" content=\"vi_VN\" \/>\n<meta property=\"og:type\" content=\"article\" \/>\n<meta property=\"og:title\" content=\"Ti\u1ec1n th\u01b0\u1edfng sinh nh\u1eadt Megapari \u2014 Qu\u00e0 t\u1eb7ng &amp; C\u01b0\u1ee3c mi\u1ec5n ph\u00ed\" \/>\n<meta property=\"og:description\" content=\"H\u00e3y c\u00f9ng Megapari k\u1ef7 ni\u1ec7m sinh nh\u1eadt c\u1ee7a b\u1ea1n v\u00e0 nh\u1eadn ngay ph\u1ea7n th\u01b0\u1edfng c\u00e1 nh\u00e2n. Nh\u1eadn m\u00e3 khuy\u1ebfn m\u00e3i, c\u01b0\u1ee3c mi\u1ec5n ph\u00ed v\u00e0 ph\u1ea7n th\u01b0\u1edfng \u0111\u1ed9c quy\u1ec1n d\u1ef1a tr\u00ean m\u1ee9c \u0111\u1ed9 ho\u1ea1t \u0111\u1ed9ng c\u1ee7a b\u1ea1n.\" \/>\n<meta property=\"og:url\" content=\"https:\/\/megapari.games\/vi\/bonus\/birthday-bonus\/\" \/>\n<meta property=\"og:site_name\" content=\"Megapari Games vi\" \/>\n<meta property=\"article:modified_time\" content=\"2026-03-27T14:08:04+00:00\" \/>\n<meta name=\"twitter:card\" content=\"summary_large_image\" \/>\n<script type=\"application\/ld+json\" class=\"yoast-schema-graph\">{\"@context\":\"https:\\\/\\\/schema.org\",\"@graph\":[{\"@type\":\"WebPage\",\"@id\":\"https:\\\/\\\/megapari.games\\\/vi\\\/bonus\\\/birthday-bonus\\\/\",\"url\":\"https:\\\/\\\/megapari.games\\\/vi\\\/bonus\\\/birthday-bonus\\\/\",\"name\":\"Ti\u1ec1n th\u01b0\u1edfng sinh nh\u1eadt Megapari \u2014 Qu\u00e0 t\u1eb7ng & C\u01b0\u1ee3c mi\u1ec5n ph\u00ed\",\"isPartOf\":{\"@id\":\"https:\\\/\\\/megapari.games\\\/vi\\\/#website\"},\"datePublished\":\"2026-03-24T16:15:01+00:00\",\"dateModified\":\"2026-03-27T14:08:04+00:00\",\"description\":\"H\u00e3y c\u00f9ng Megapari k\u1ef7 ni\u1ec7m sinh nh\u1eadt c\u1ee7a b\u1ea1n v\u00e0 nh\u1eadn ngay ph\u1ea7n th\u01b0\u1edfng c\u00e1 nh\u00e2n. Nh\u1eadn m\u00e3 khuy\u1ebfn m\u00e3i, c\u01b0\u1ee3c mi\u1ec5n ph\u00ed v\u00e0 ph\u1ea7n th\u01b0\u1edfng \u0111\u1ed9c quy\u1ec1n d\u1ef1a tr\u00ean m\u1ee9c \u0111\u1ed9 ho\u1ea1t \u0111\u1ed9ng c\u1ee7a b\u1ea1n.\",\"breadcrumb\":{\"@id\":\"https:\\\/\\\/megapari.games\\\/vi\\\/bonus\\\/birthday-bonus\\\/#breadcrumb\"},\"inLanguage\":\"vi\",\"potentialAction\":[{\"@type\":\"ReadAction\",\"target\":[\"https:\\\/\\\/megapari.games\\\/vi\\\/bonus\\\/birthday-bonus\\\/\"]}]},{\"@type\":\"BreadcrumbList\",\"@id\":\"https:\\\/\\\/megapari.games\\\/vi\\\/bonus\\\/birthday-bonus\\\/#breadcrumb\",\"itemListElement\":[{\"@type\":\"ListItem\",\"position\":1,\"name\":\"\u0413\u043b\u0430\u0432\u043d\u0430\u044f \u0441\u0442\u0440\u0430\u043d\u0438\u0446\u0430\",\"item\":\"https:\\\/\\\/megapari.games\\\/vi\\\/\"},{\"@type\":\"ListItem\",\"position\":2,\"name\":\"Ti\u1ec1n th\u01b0\u1edfng\",\"item\":\"https:\\\/\\\/megapari.games\\\/vi\\\/bonus\\\/\"},{\"@type\":\"ListItem\",\"position\":3,\"name\":\"Ph\u1ea7n th\u01b0\u1edfng sinh nh\u1eadt\"}]},{\"@type\":\"WebSite\",\"@id\":\"https:\\\/\\\/megapari.games\\\/vi\\\/#website\",\"url\":\"https:\\\/\\\/megapari.games\\\/vi\\\/\",\"name\":\"Megapari Games vi\",\"description\":\"My WordPress Blog\",\"potentialAction\":[{\"@type\":\"SearchAction\",\"target\":{\"@type\":\"EntryPoint\",\"urlTemplate\":\"https:\\\/\\\/megapari.games\\\/vi\\\/?s={search_term_string}\"},\"query-input\":{\"@type\":\"PropertyValueSpecification\",\"valueRequired\":true,\"valueName\":\"search_term_string\"}}],\"inLanguage\":\"vi\"}]}<\/script>\n<!-- \/ Yoast SEO plugin. -->","yoast_head_json":{"title":"Ti\u1ec1n th\u01b0\u1edfng sinh nh\u1eadt Megapari \u2014 Qu\u00e0 t\u1eb7ng & C\u01b0\u1ee3c mi\u1ec5n ph\u00ed","description":"H\u00e3y c\u00f9ng Megapari k\u1ef7 ni\u1ec7m sinh nh\u1eadt c\u1ee7a b\u1ea1n v\u00e0 nh\u1eadn ngay ph\u1ea7n th\u01b0\u1edfng c\u00e1 nh\u00e2n. Nh\u1eadn m\u00e3 khuy\u1ebfn m\u00e3i, c\u01b0\u1ee3c mi\u1ec5n ph\u00ed v\u00e0 ph\u1ea7n th\u01b0\u1edfng \u0111\u1ed9c quy\u1ec1n d\u1ef1a tr\u00ean m\u1ee9c \u0111\u1ed9 ho\u1ea1t \u0111\u1ed9ng c\u1ee7a b\u1ea1n.","robots":{"index":"index","follow":"follow","max-snippet":"max-snippet:-1","max-image-preview":"max-image-preview:large","max-video-preview":"max-video-preview:-1"},"canonical":"https:\/\/megapari.games\/vi\/bonus\/birthday-bonus\/","og_locale":"vi_VN","og_type":"article","og_title":"Ti\u1ec1n th\u01b0\u1edfng sinh nh\u1eadt Megapari \u2014 Qu\u00e0 t\u1eb7ng & C\u01b0\u1ee3c mi\u1ec5n ph\u00ed","og_description":"H\u00e3y c\u00f9ng Megapari k\u1ef7 ni\u1ec7m sinh nh\u1eadt c\u1ee7a b\u1ea1n v\u00e0 nh\u1eadn ngay ph\u1ea7n th\u01b0\u1edfng c\u00e1 nh\u00e2n. Nh\u1eadn m\u00e3 khuy\u1ebfn m\u00e3i, c\u01b0\u1ee3c mi\u1ec5n ph\u00ed v\u00e0 ph\u1ea7n th\u01b0\u1edfng \u0111\u1ed9c quy\u1ec1n d\u1ef1a tr\u00ean m\u1ee9c \u0111\u1ed9 ho\u1ea1t \u0111\u1ed9ng c\u1ee7a b\u1ea1n.","og_url":"https:\/\/megapari.games\/vi\/bonus\/birthday-bonus\/","og_site_name":"Megapari Games vi","article_modified_time":"2026-03-27T14:08:04+00:00","twitter_card":"summary_large_image","schema":{"@context":"https:\/\/schema.org","@graph":[{"@type":"WebPage","@id":"https:\/\/megapari.games\/vi\/bonus\/birthday-bonus\/","url":"https:\/\/megapari.games\/vi\/bonus\/birthday-bonus\/","name":"Ti\u1ec1n th\u01b0\u1edfng sinh nh\u1eadt Megapari \u2014 Qu\u00e0 t\u1eb7ng & C\u01b0\u1ee3c mi\u1ec5n ph\u00ed","isPartOf":{"@id":"https:\/\/megapari.games\/vi\/#website"},"datePublished":"2026-03-24T16:15:01+00:00","dateModified":"2026-03-27T14:08:04+00:00","description":"H\u00e3y c\u00f9ng Megapari k\u1ef7 ni\u1ec7m sinh nh\u1eadt c\u1ee7a b\u1ea1n v\u00e0 nh\u1eadn ngay ph\u1ea7n th\u01b0\u1edfng c\u00e1 nh\u00e2n. Nh\u1eadn m\u00e3 khuy\u1ebfn m\u00e3i, c\u01b0\u1ee3c mi\u1ec5n ph\u00ed v\u00e0 ph\u1ea7n th\u01b0\u1edfng \u0111\u1ed9c quy\u1ec1n d\u1ef1a tr\u00ean m\u1ee9c \u0111\u1ed9 ho\u1ea1t \u0111\u1ed9ng c\u1ee7a b\u1ea1n.","breadcrumb":{"@id":"https:\/\/megapari.games\/vi\/bonus\/birthday-bonus\/#breadcrumb"},"inLanguage":"vi","potentialAction":[{"@type":"ReadAction","target":["https:\/\/megapari.games\/vi\/bonus\/birthday-bonus\/"]}]},{"@type":"BreadcrumbList","@id":"https:\/\/megapari.games\/vi\/bonus\/birthday-bonus\/#breadcrumb","itemListElement":[{"@type":"ListItem","position":1,"name":"\u0413\u043b\u0430\u0432\u043d\u0430\u044f \u0441\u0442\u0440\u0430\u043d\u0438\u0446\u0430","item":"https:\/\/megapari.games\/vi\/"},{"@type":"ListItem","position":2,"name":"Ti\u1ec1n th\u01b0\u1edfng","item":"https:\/\/megapari.games\/vi\/bonus\/"},{"@type":"ListItem","position":3,"name":"Ph\u1ea7n th\u01b0\u1edfng sinh nh\u1eadt"}]},{"@type":"WebSite","@id":"https:\/\/megapari.games\/vi\/#website","url":"https:\/\/megapari.games\/vi\/","name":"Megapari Games vi","description":"My WordPress Blog","potentialAction":[{"@type":"SearchAction","target":{"@type":"EntryPoint","urlTemplate":"https:\/\/megapari.games\/vi\/?s={search_term_string}"},"query-input":{"@type":"PropertyValueSpecification","valueRequired":true,"valueName":"search_term_string"}}],"inLanguage":"vi"}]}},"_links":{"self":[{"href":"https:\/\/megapari.games\/vi\/wp-json\/wp\/v2\/pages\/1688","targetHints":{"allow":["GET"]}}],"collection":[{"href":"https:\/\/megapari.games\/vi\/wp-json\/wp\/v2\/pages"}],"about":[{"href":"https:\/\/megapari.games\/vi\/wp-json\/wp\/v2\/types\/page"}],"author":[{"embeddable":true,"href":"https:\/\/megapari.games\/vi\/wp-json\/wp\/v2\/users\/1"}],"replies":[{"embeddable":true,"href":"https:\/\/megapari.games\/vi\/wp-json\/wp\/v2\/comments?post=1688"}],"version-history":[{"count":3,"href":"https:\/\/megapari.games\/vi\/wp-json\/wp\/v2\/pages\/1688\/revisions"}],"predecessor-version":[{"id":1803,"href":"https:\/\/megapari.games\/vi\/wp-json\/wp\/v2\/pages\/1688\/revisions\/1803"}],"up":[{"embeddable":true,"href":"https:\/\/megapari.games\/vi\/wp-json\/wp\/v2\/pages\/152"}],"wp:attachment":[{"href":"https:\/\/megapari.games\/vi\/wp-json\/wp\/v2\/media?parent=1688"}],"curies":[{"name":"wp","href":"https:\/\/api.w.org\/{rel}","templated":true}]}}