{"id":1694,"date":"2026-03-24T17:21:38","date_gmt":"2026-03-24T17:21:38","guid":{"rendered":"https:\/\/megapari.games\/vi\/?page_id=1694"},"modified":"2026-03-26T18:08:08","modified_gmt":"2026-03-26T18:08:08","slug":"advancebet","status":"publish","type":"page","link":"https:\/\/megapari.games\/vi\/bonus\/advancebet\/","title":{"rendered":"C\u01b0\u1ee3c tr\u01b0\u1edbc"},"content":{"rendered":"","protected":false},"excerpt":{"rendered":"","protected":false},"author":1,"featured_media":0,"parent":152,"menu_order":0,"comment_status":"closed","ping_status":"closed","template":"","meta":{"inline_featured_image":false,"footnotes":""},"class_list":["post-1694","page","type-page","status-publish","hentry"],"yoast_head":"<!-- This site is optimized with the Yoast SEO plugin v27.6 - https:\/\/yoast.com\/product\/yoast-seo-wordpress\/ -->\n<title>Megapari Advancebet \u2014 Ki\u1ec3m tra s\u1ed1 ti\u1ec1n v\u00e0 \u0111\u1eb7t c\u01b0\u1ee3c<\/title>\n<meta name=\"description\" content=\"S\u1eed d\u1ee5ng t\u00ednh n\u0103ng Megapari Advancebet \u0111\u1ec3 \u0111\u1eb7t c\u01b0\u1ee3c ngay c\u1ea3 khi v\u1eabn c\u00f2n c\u00e1c c\u01b0\u1ee3c ch\u01b0a \u0111\u01b0\u1ee3c thanh to\u00e1n. T\u00ecm hi\u1ec3u c\u00e1ch truy c\u1eadp v\u00e0o s\u1ed1 d\u01b0 t\u00e0i kho\u1ea3n v\u00e0 \u0111\u1eb7t c\u01b0\u1ee3c tr\u1ef1c ti\u1ebfp v\u00e0o c\u00e1c s\u1ef1 ki\u1ec7n th\u1ec3 thao ngay l\u1eadp t\u1ee9c.\" \/>\n<meta name=\"robots\" content=\"index, follow, max-snippet:-1, max-image-preview:large, max-video-preview:-1\" \/>\n<link rel=\"canonical\" href=\"https:\/\/megapari.games\/vi\/bonus\/advancebet\/\" \/>\n<meta property=\"og:locale\" content=\"vi_VN\" \/>\n<meta property=\"og:type\" content=\"article\" \/>\n<meta property=\"og:title\" content=\"Megapari Advancebet \u2014 Ki\u1ec3m tra s\u1ed1 ti\u1ec1n v\u00e0 \u0111\u1eb7t c\u01b0\u1ee3c\" \/>\n<meta property=\"og:description\" content=\"S\u1eed d\u1ee5ng t\u00ednh n\u0103ng Megapari Advancebet \u0111\u1ec3 \u0111\u1eb7t c\u01b0\u1ee3c ngay c\u1ea3 khi v\u1eabn c\u00f2n c\u00e1c c\u01b0\u1ee3c ch\u01b0a \u0111\u01b0\u1ee3c thanh to\u00e1n. T\u00ecm hi\u1ec3u c\u00e1ch truy c\u1eadp v\u00e0o s\u1ed1 d\u01b0 t\u00e0i kho\u1ea3n v\u00e0 \u0111\u1eb7t c\u01b0\u1ee3c tr\u1ef1c ti\u1ebfp v\u00e0o c\u00e1c s\u1ef1 ki\u1ec7n th\u1ec3 thao ngay l\u1eadp t\u1ee9c.\" \/>\n<meta property=\"og:url\" content=\"https:\/\/megapari.games\/vi\/bonus\/advancebet\/\" \/>\n<meta property=\"og:site_name\" content=\"Megapari Games vi\" \/>\n<meta property=\"article:modified_time\" content=\"2026-03-26T18:08:08+00:00\" \/>\n<meta name=\"twitter:card\" content=\"summary_large_image\" \/>\n<script type=\"application\/ld+json\" class=\"yoast-schema-graph\">{\"@context\":\"https:\\\/\\\/schema.org\",\"@graph\":[{\"@type\":\"WebPage\",\"@id\":\"https:\\\/\\\/megapari.games\\\/vi\\\/bonus\\\/advancebet\\\/\",\"url\":\"https:\\\/\\\/megapari.games\\\/vi\\\/bonus\\\/advancebet\\\/\",\"name\":\"Megapari Advancebet \u2014 Ki\u1ec3m tra s\u1ed1 ti\u1ec1n v\u00e0 \u0111\u1eb7t c\u01b0\u1ee3c\",\"isPartOf\":{\"@id\":\"https:\\\/\\\/megapari.games\\\/vi\\\/#website\"},\"datePublished\":\"2026-03-24T17:21:38+00:00\",\"dateModified\":\"2026-03-26T18:08:08+00:00\",\"description\":\"S\u1eed d\u1ee5ng t\u00ednh n\u0103ng Megapari Advancebet \u0111\u1ec3 \u0111\u1eb7t c\u01b0\u1ee3c ngay c\u1ea3 khi v\u1eabn c\u00f2n c\u00e1c c\u01b0\u1ee3c ch\u01b0a \u0111\u01b0\u1ee3c thanh to\u00e1n. T\u00ecm hi\u1ec3u c\u00e1ch truy c\u1eadp v\u00e0o s\u1ed1 d\u01b0 t\u00e0i kho\u1ea3n v\u00e0 \u0111\u1eb7t c\u01b0\u1ee3c tr\u1ef1c ti\u1ebfp v\u00e0o c\u00e1c s\u1ef1 ki\u1ec7n th\u1ec3 thao ngay l\u1eadp t\u1ee9c.\",\"breadcrumb\":{\"@id\":\"https:\\\/\\\/megapari.games\\\/vi\\\/bonus\\\/advancebet\\\/#breadcrumb\"},\"inLanguage\":\"vi\",\"potentialAction\":[{\"@type\":\"ReadAction\",\"target\":[\"https:\\\/\\\/megapari.games\\\/vi\\\/bonus\\\/advancebet\\\/\"]}]},{\"@type\":\"BreadcrumbList\",\"@id\":\"https:\\\/\\\/megapari.games\\\/vi\\\/bonus\\\/advancebet\\\/#breadcrumb\",\"itemListElement\":[{\"@type\":\"ListItem\",\"position\":1,\"name\":\"\u0413\u043b\u0430\u0432\u043d\u0430\u044f \u0441\u0442\u0440\u0430\u043d\u0438\u0446\u0430\",\"item\":\"https:\\\/\\\/megapari.games\\\/vi\\\/\"},{\"@type\":\"ListItem\",\"position\":2,\"name\":\"Ti\u1ec1n th\u01b0\u1edfng\",\"item\":\"https:\\\/\\\/megapari.games\\\/vi\\\/bonus\\\/\"},{\"@type\":\"ListItem\",\"position\":3,\"name\":\"C\u01b0\u1ee3c tr\u01b0\u1edbc\"}]},{\"@type\":\"WebSite\",\"@id\":\"https:\\\/\\\/megapari.games\\\/vi\\\/#website\",\"url\":\"https:\\\/\\\/megapari.games\\\/vi\\\/\",\"name\":\"Megapari Games vi\",\"description\":\"My WordPress Blog\",\"potentialAction\":[{\"@type\":\"SearchAction\",\"target\":{\"@type\":\"EntryPoint\",\"urlTemplate\":\"https:\\\/\\\/megapari.games\\\/vi\\\/?s={search_term_string}\"},\"query-input\":{\"@type\":\"PropertyValueSpecification\",\"valueRequired\":true,\"valueName\":\"search_term_string\"}}],\"inLanguage\":\"vi\"}]}<\/script>\n<!-- \/ Yoast SEO plugin. -->","yoast_head_json":{"title":"Megapari Advancebet \u2014 Ki\u1ec3m tra s\u1ed1 ti\u1ec1n v\u00e0 \u0111\u1eb7t c\u01b0\u1ee3c","description":"S\u1eed d\u1ee5ng t\u00ednh n\u0103ng Megapari Advancebet \u0111\u1ec3 \u0111\u1eb7t c\u01b0\u1ee3c ngay c\u1ea3 khi v\u1eabn c\u00f2n c\u00e1c c\u01b0\u1ee3c ch\u01b0a \u0111\u01b0\u1ee3c thanh to\u00e1n. T\u00ecm hi\u1ec3u c\u00e1ch truy c\u1eadp v\u00e0o s\u1ed1 d\u01b0 t\u00e0i kho\u1ea3n v\u00e0 \u0111\u1eb7t c\u01b0\u1ee3c tr\u1ef1c ti\u1ebfp v\u00e0o c\u00e1c s\u1ef1 ki\u1ec7n th\u1ec3 thao ngay l\u1eadp t\u1ee9c.","robots":{"index":"index","follow":"follow","max-snippet":"max-snippet:-1","max-image-preview":"max-image-preview:large","max-video-preview":"max-video-preview:-1"},"canonical":"https:\/\/megapari.games\/vi\/bonus\/advancebet\/","og_locale":"vi_VN","og_type":"article","og_title":"Megapari Advancebet \u2014 Ki\u1ec3m tra s\u1ed1 ti\u1ec1n v\u00e0 \u0111\u1eb7t c\u01b0\u1ee3c","og_description":"S\u1eed d\u1ee5ng t\u00ednh n\u0103ng Megapari Advancebet \u0111\u1ec3 \u0111\u1eb7t c\u01b0\u1ee3c ngay c\u1ea3 khi v\u1eabn c\u00f2n c\u00e1c c\u01b0\u1ee3c ch\u01b0a \u0111\u01b0\u1ee3c thanh to\u00e1n. T\u00ecm hi\u1ec3u c\u00e1ch truy c\u1eadp v\u00e0o s\u1ed1 d\u01b0 t\u00e0i kho\u1ea3n v\u00e0 \u0111\u1eb7t c\u01b0\u1ee3c tr\u1ef1c ti\u1ebfp v\u00e0o c\u00e1c s\u1ef1 ki\u1ec7n th\u1ec3 thao ngay l\u1eadp t\u1ee9c.","og_url":"https:\/\/megapari.games\/vi\/bonus\/advancebet\/","og_site_name":"Megapari Games vi","article_modified_time":"2026-03-26T18:08:08+00:00","twitter_card":"summary_large_image","schema":{"@context":"https:\/\/schema.org","@graph":[{"@type":"WebPage","@id":"https:\/\/megapari.games\/vi\/bonus\/advancebet\/","url":"https:\/\/megapari.games\/vi\/bonus\/advancebet\/","name":"Megapari Advancebet \u2014 Ki\u1ec3m tra s\u1ed1 ti\u1ec1n v\u00e0 \u0111\u1eb7t c\u01b0\u1ee3c","isPartOf":{"@id":"https:\/\/megapari.games\/vi\/#website"},"datePublished":"2026-03-24T17:21:38+00:00","dateModified":"2026-03-26T18:08:08+00:00","description":"S\u1eed d\u1ee5ng t\u00ednh n\u0103ng Megapari Advancebet \u0111\u1ec3 \u0111\u1eb7t c\u01b0\u1ee3c ngay c\u1ea3 khi v\u1eabn c\u00f2n c\u00e1c c\u01b0\u1ee3c ch\u01b0a \u0111\u01b0\u1ee3c thanh to\u00e1n. T\u00ecm hi\u1ec3u c\u00e1ch truy c\u1eadp v\u00e0o s\u1ed1 d\u01b0 t\u00e0i kho\u1ea3n v\u00e0 \u0111\u1eb7t c\u01b0\u1ee3c tr\u1ef1c ti\u1ebfp v\u00e0o c\u00e1c s\u1ef1 ki\u1ec7n th\u1ec3 thao ngay l\u1eadp t\u1ee9c.","breadcrumb":{"@id":"https:\/\/megapari.games\/vi\/bonus\/advancebet\/#breadcrumb"},"inLanguage":"vi","potentialAction":[{"@type":"ReadAction","target":["https:\/\/megapari.games\/vi\/bonus\/advancebet\/"]}]},{"@type":"BreadcrumbList","@id":"https:\/\/megapari.games\/vi\/bonus\/advancebet\/#breadcrumb","itemListElement":[{"@type":"ListItem","position":1,"name":"\u0413\u043b\u0430\u0432\u043d\u0430\u044f \u0441\u0442\u0440\u0430\u043d\u0438\u0446\u0430","item":"https:\/\/megapari.games\/vi\/"},{"@type":"ListItem","position":2,"name":"Ti\u1ec1n th\u01b0\u1edfng","item":"https:\/\/megapari.games\/vi\/bonus\/"},{"@type":"ListItem","position":3,"name":"C\u01b0\u1ee3c tr\u01b0\u1edbc"}]},{"@type":"WebSite","@id":"https:\/\/megapari.games\/vi\/#website","url":"https:\/\/megapari.games\/vi\/","name":"Megapari Games vi","description":"My WordPress Blog","potentialAction":[{"@type":"SearchAction","target":{"@type":"EntryPoint","urlTemplate":"https:\/\/megapari.games\/vi\/?s={search_term_string}"},"query-input":{"@type":"PropertyValueSpecification","valueRequired":true,"valueName":"search_term_string"}}],"inLanguage":"vi"}]}},"_links":{"self":[{"href":"https:\/\/megapari.games\/vi\/wp-json\/wp\/v2\/pages\/1694","targetHints":{"allow":["GET"]}}],"collection":[{"href":"https:\/\/megapari.games\/vi\/wp-json\/wp\/v2\/pages"}],"about":[{"href":"https:\/\/megapari.games\/vi\/wp-json\/wp\/v2\/types\/page"}],"author":[{"embeddable":true,"href":"https:\/\/megapari.games\/vi\/wp-json\/wp\/v2\/users\/1"}],"replies":[{"embeddable":true,"href":"https:\/\/megapari.games\/vi\/wp-json\/wp\/v2\/comments?post=1694"}],"version-history":[{"count":5,"href":"https:\/\/megapari.games\/vi\/wp-json\/wp\/v2\/pages\/1694\/revisions"}],"predecessor-version":[{"id":1761,"href":"https:\/\/megapari.games\/vi\/wp-json\/wp\/v2\/pages\/1694\/revisions\/1761"}],"up":[{"embeddable":true,"href":"https:\/\/megapari.games\/vi\/wp-json\/wp\/v2\/pages\/152"}],"wp:attachment":[{"href":"https:\/\/megapari.games\/vi\/wp-json\/wp\/v2\/media?parent=1694"}],"curies":[{"name":"wp","href":"https:\/\/api.w.org\/{rel}","templated":true}]}}