{"id":1699,"date":"2026-03-24T18:09:40","date_gmt":"2026-03-24T18:09:40","guid":{"rendered":"https:\/\/megapari.games\/vi\/?page_id=1699"},"modified":"2026-03-27T16:05:20","modified_gmt":"2026-03-27T16:05:20","slug":"first-deposit-freebet","status":"publish","type":"page","link":"https:\/\/megapari.games\/vi\/bonus\/first-deposit-freebet\/","title":{"rendered":"Ti\u1ec1n c\u01b0\u1ee3c mi\u1ec5n ph\u00ed cho l\u1ea7n n\u1ea1p ti\u1ec1n \u0111\u1ea7u ti\u00ean"},"content":{"rendered":"","protected":false},"excerpt":{"rendered":"","protected":false},"author":1,"featured_media":0,"parent":152,"menu_order":0,"comment_status":"closed","ping_status":"closed","template":"","meta":{"inline_featured_image":false,"footnotes":""},"class_list":["post-1699","page","type-page","status-publish","hentry"],"yoast_head":"<!-- This site is optimized with the Yoast SEO plugin v27.6 - https:\/\/yoast.com\/product\/yoast-seo-wordpress\/ -->\n<title>Megapari Ti\u1ec1n c\u01b0\u1ee3c mi\u1ec5n ph\u00ed cho l\u1ea7n n\u1ea1p ti\u1ec1n \u0111\u1ea7u ti\u00ean<\/title>\n<meta name=\"description\" content=\"H\u00e3y th\u1ef1c hi\u1ec7n kho\u1ea3n n\u1ea1p ti\u1ec1n \u0111\u1ea7u ti\u00ean t\u1ea1i Megapari \u0111\u1ec3 nh\u1eadn ngay 15% ti\u1ec1n c\u01b0\u1ee3c mi\u1ec5n ph\u00ed, tr\u1ecb gi\u00e1 l\u00ean \u0111\u1ebfn 2.600.000 VND. \u0110\u0103ng k\u00fd, n\u1ea1p ti\u1ec1n v\u00e0o t\u00e0i kho\u1ea3n v\u00e0 nh\u1eadn 15% ti\u1ec1n c\u01b0\u1ee3c mi\u1ec5n ph\u00ed d\u01b0\u1edbi d\u1ea1ng m\u00e3 khuy\u1ebfn m\u00e3i.\" \/>\n<meta name=\"robots\" content=\"index, follow, max-snippet:-1, max-image-preview:large, max-video-preview:-1\" \/>\n<link rel=\"canonical\" href=\"https:\/\/megapari.games\/vi\/bonus\/first-deposit-freebet\/\" \/>\n<meta property=\"og:locale\" content=\"vi_VN\" \/>\n<meta property=\"og:type\" content=\"article\" \/>\n<meta property=\"og:title\" content=\"Megapari Ti\u1ec1n c\u01b0\u1ee3c mi\u1ec5n ph\u00ed cho l\u1ea7n n\u1ea1p ti\u1ec1n \u0111\u1ea7u ti\u00ean\" \/>\n<meta property=\"og:description\" content=\"H\u00e3y th\u1ef1c hi\u1ec7n kho\u1ea3n n\u1ea1p ti\u1ec1n \u0111\u1ea7u ti\u00ean t\u1ea1i Megapari \u0111\u1ec3 nh\u1eadn ngay 15% ti\u1ec1n c\u01b0\u1ee3c mi\u1ec5n ph\u00ed, tr\u1ecb gi\u00e1 l\u00ean \u0111\u1ebfn 2.600.000 VND. \u0110\u0103ng k\u00fd, n\u1ea1p ti\u1ec1n v\u00e0o t\u00e0i kho\u1ea3n v\u00e0 nh\u1eadn 15% ti\u1ec1n c\u01b0\u1ee3c mi\u1ec5n ph\u00ed d\u01b0\u1edbi d\u1ea1ng m\u00e3 khuy\u1ebfn m\u00e3i.\" \/>\n<meta property=\"og:url\" content=\"https:\/\/megapari.games\/vi\/bonus\/first-deposit-freebet\/\" \/>\n<meta property=\"og:site_name\" content=\"Megapari Games vi\" \/>\n<meta property=\"article:modified_time\" content=\"2026-03-27T16:05:20+00:00\" \/>\n<meta name=\"twitter:card\" content=\"summary_large_image\" \/>\n<script type=\"application\/ld+json\" class=\"yoast-schema-graph\">{\"@context\":\"https:\\\/\\\/schema.org\",\"@graph\":[{\"@type\":\"WebPage\",\"@id\":\"https:\\\/\\\/megapari.games\\\/vi\\\/bonus\\\/first-deposit-freebet\\\/\",\"url\":\"https:\\\/\\\/megapari.games\\\/vi\\\/bonus\\\/first-deposit-freebet\\\/\",\"name\":\"Megapari Ti\u1ec1n c\u01b0\u1ee3c mi\u1ec5n ph\u00ed cho l\u1ea7n n\u1ea1p ti\u1ec1n \u0111\u1ea7u ti\u00ean\",\"isPartOf\":{\"@id\":\"https:\\\/\\\/megapari.games\\\/vi\\\/#website\"},\"datePublished\":\"2026-03-24T18:09:40+00:00\",\"dateModified\":\"2026-03-27T16:05:20+00:00\",\"description\":\"H\u00e3y th\u1ef1c hi\u1ec7n kho\u1ea3n n\u1ea1p ti\u1ec1n \u0111\u1ea7u ti\u00ean t\u1ea1i Megapari \u0111\u1ec3 nh\u1eadn ngay 15% ti\u1ec1n c\u01b0\u1ee3c mi\u1ec5n ph\u00ed, tr\u1ecb gi\u00e1 l\u00ean \u0111\u1ebfn 2.600.000 VND. \u0110\u0103ng k\u00fd, n\u1ea1p ti\u1ec1n v\u00e0o t\u00e0i kho\u1ea3n v\u00e0 nh\u1eadn 15% ti\u1ec1n c\u01b0\u1ee3c mi\u1ec5n ph\u00ed d\u01b0\u1edbi d\u1ea1ng m\u00e3 khuy\u1ebfn m\u00e3i.\",\"breadcrumb\":{\"@id\":\"https:\\\/\\\/megapari.games\\\/vi\\\/bonus\\\/first-deposit-freebet\\\/#breadcrumb\"},\"inLanguage\":\"vi\",\"potentialAction\":[{\"@type\":\"ReadAction\",\"target\":[\"https:\\\/\\\/megapari.games\\\/vi\\\/bonus\\\/first-deposit-freebet\\\/\"]}]},{\"@type\":\"BreadcrumbList\",\"@id\":\"https:\\\/\\\/megapari.games\\\/vi\\\/bonus\\\/first-deposit-freebet\\\/#breadcrumb\",\"itemListElement\":[{\"@type\":\"ListItem\",\"position\":1,\"name\":\"\u0413\u043b\u0430\u0432\u043d\u0430\u044f \u0441\u0442\u0440\u0430\u043d\u0438\u0446\u0430\",\"item\":\"https:\\\/\\\/megapari.games\\\/vi\\\/\"},{\"@type\":\"ListItem\",\"position\":2,\"name\":\"Ti\u1ec1n th\u01b0\u1edfng\",\"item\":\"https:\\\/\\\/megapari.games\\\/vi\\\/bonus\\\/\"},{\"@type\":\"ListItem\",\"position\":3,\"name\":\"Ti\u1ec1n c\u01b0\u1ee3c mi\u1ec5n ph\u00ed cho l\u1ea7n n\u1ea1p ti\u1ec1n \u0111\u1ea7u ti\u00ean\"}]},{\"@type\":\"WebSite\",\"@id\":\"https:\\\/\\\/megapari.games\\\/vi\\\/#website\",\"url\":\"https:\\\/\\\/megapari.games\\\/vi\\\/\",\"name\":\"Megapari Games vi\",\"description\":\"My WordPress Blog\",\"potentialAction\":[{\"@type\":\"SearchAction\",\"target\":{\"@type\":\"EntryPoint\",\"urlTemplate\":\"https:\\\/\\\/megapari.games\\\/vi\\\/?s={search_term_string}\"},\"query-input\":{\"@type\":\"PropertyValueSpecification\",\"valueRequired\":true,\"valueName\":\"search_term_string\"}}],\"inLanguage\":\"vi\"}]}<\/script>\n<!-- \/ Yoast SEO plugin. -->","yoast_head_json":{"title":"Megapari Ti\u1ec1n c\u01b0\u1ee3c mi\u1ec5n ph\u00ed cho l\u1ea7n n\u1ea1p ti\u1ec1n \u0111\u1ea7u ti\u00ean","description":"H\u00e3y th\u1ef1c hi\u1ec7n kho\u1ea3n n\u1ea1p ti\u1ec1n \u0111\u1ea7u ti\u00ean t\u1ea1i Megapari \u0111\u1ec3 nh\u1eadn ngay 15% ti\u1ec1n c\u01b0\u1ee3c mi\u1ec5n ph\u00ed, tr\u1ecb gi\u00e1 l\u00ean \u0111\u1ebfn 2.600.000 VND. \u0110\u0103ng k\u00fd, n\u1ea1p ti\u1ec1n v\u00e0o t\u00e0i kho\u1ea3n v\u00e0 nh\u1eadn 15% ti\u1ec1n c\u01b0\u1ee3c mi\u1ec5n ph\u00ed d\u01b0\u1edbi d\u1ea1ng m\u00e3 khuy\u1ebfn m\u00e3i.","robots":{"index":"index","follow":"follow","max-snippet":"max-snippet:-1","max-image-preview":"max-image-preview:large","max-video-preview":"max-video-preview:-1"},"canonical":"https:\/\/megapari.games\/vi\/bonus\/first-deposit-freebet\/","og_locale":"vi_VN","og_type":"article","og_title":"Megapari Ti\u1ec1n c\u01b0\u1ee3c mi\u1ec5n ph\u00ed cho l\u1ea7n n\u1ea1p ti\u1ec1n \u0111\u1ea7u ti\u00ean","og_description":"H\u00e3y th\u1ef1c hi\u1ec7n kho\u1ea3n n\u1ea1p ti\u1ec1n \u0111\u1ea7u ti\u00ean t\u1ea1i Megapari \u0111\u1ec3 nh\u1eadn ngay 15% ti\u1ec1n c\u01b0\u1ee3c mi\u1ec5n ph\u00ed, tr\u1ecb gi\u00e1 l\u00ean \u0111\u1ebfn 2.600.000 VND. \u0110\u0103ng k\u00fd, n\u1ea1p ti\u1ec1n v\u00e0o t\u00e0i kho\u1ea3n v\u00e0 nh\u1eadn 15% ti\u1ec1n c\u01b0\u1ee3c mi\u1ec5n ph\u00ed d\u01b0\u1edbi d\u1ea1ng m\u00e3 khuy\u1ebfn m\u00e3i.","og_url":"https:\/\/megapari.games\/vi\/bonus\/first-deposit-freebet\/","og_site_name":"Megapari Games vi","article_modified_time":"2026-03-27T16:05:20+00:00","twitter_card":"summary_large_image","schema":{"@context":"https:\/\/schema.org","@graph":[{"@type":"WebPage","@id":"https:\/\/megapari.games\/vi\/bonus\/first-deposit-freebet\/","url":"https:\/\/megapari.games\/vi\/bonus\/first-deposit-freebet\/","name":"Megapari Ti\u1ec1n c\u01b0\u1ee3c mi\u1ec5n ph\u00ed cho l\u1ea7n n\u1ea1p ti\u1ec1n \u0111\u1ea7u ti\u00ean","isPartOf":{"@id":"https:\/\/megapari.games\/vi\/#website"},"datePublished":"2026-03-24T18:09:40+00:00","dateModified":"2026-03-27T16:05:20+00:00","description":"H\u00e3y th\u1ef1c hi\u1ec7n kho\u1ea3n n\u1ea1p ti\u1ec1n \u0111\u1ea7u ti\u00ean t\u1ea1i Megapari \u0111\u1ec3 nh\u1eadn ngay 15% ti\u1ec1n c\u01b0\u1ee3c mi\u1ec5n ph\u00ed, tr\u1ecb gi\u00e1 l\u00ean \u0111\u1ebfn 2.600.000 VND. \u0110\u0103ng k\u00fd, n\u1ea1p ti\u1ec1n v\u00e0o t\u00e0i kho\u1ea3n v\u00e0 nh\u1eadn 15% ti\u1ec1n c\u01b0\u1ee3c mi\u1ec5n ph\u00ed d\u01b0\u1edbi d\u1ea1ng m\u00e3 khuy\u1ebfn m\u00e3i.","breadcrumb":{"@id":"https:\/\/megapari.games\/vi\/bonus\/first-deposit-freebet\/#breadcrumb"},"inLanguage":"vi","potentialAction":[{"@type":"ReadAction","target":["https:\/\/megapari.games\/vi\/bonus\/first-deposit-freebet\/"]}]},{"@type":"BreadcrumbList","@id":"https:\/\/megapari.games\/vi\/bonus\/first-deposit-freebet\/#breadcrumb","itemListElement":[{"@type":"ListItem","position":1,"name":"\u0413\u043b\u0430\u0432\u043d\u0430\u044f \u0441\u0442\u0440\u0430\u043d\u0438\u0446\u0430","item":"https:\/\/megapari.games\/vi\/"},{"@type":"ListItem","position":2,"name":"Ti\u1ec1n th\u01b0\u1edfng","item":"https:\/\/megapari.games\/vi\/bonus\/"},{"@type":"ListItem","position":3,"name":"Ti\u1ec1n c\u01b0\u1ee3c mi\u1ec5n ph\u00ed cho l\u1ea7n n\u1ea1p ti\u1ec1n \u0111\u1ea7u ti\u00ean"}]},{"@type":"WebSite","@id":"https:\/\/megapari.games\/vi\/#website","url":"https:\/\/megapari.games\/vi\/","name":"Megapari Games vi","description":"My WordPress Blog","potentialAction":[{"@type":"SearchAction","target":{"@type":"EntryPoint","urlTemplate":"https:\/\/megapari.games\/vi\/?s={search_term_string}"},"query-input":{"@type":"PropertyValueSpecification","valueRequired":true,"valueName":"search_term_string"}}],"inLanguage":"vi"}]}},"_links":{"self":[{"href":"https:\/\/megapari.games\/vi\/wp-json\/wp\/v2\/pages\/1699","targetHints":{"allow":["GET"]}}],"collection":[{"href":"https:\/\/megapari.games\/vi\/wp-json\/wp\/v2\/pages"}],"about":[{"href":"https:\/\/megapari.games\/vi\/wp-json\/wp\/v2\/types\/page"}],"author":[{"embeddable":true,"href":"https:\/\/megapari.games\/vi\/wp-json\/wp\/v2\/users\/1"}],"replies":[{"embeddable":true,"href":"https:\/\/megapari.games\/vi\/wp-json\/wp\/v2\/comments?post=1699"}],"version-history":[{"count":3,"href":"https:\/\/megapari.games\/vi\/wp-json\/wp\/v2\/pages\/1699\/revisions"}],"predecessor-version":[{"id":1814,"href":"https:\/\/megapari.games\/vi\/wp-json\/wp\/v2\/pages\/1699\/revisions\/1814"}],"up":[{"embeddable":true,"href":"https:\/\/megapari.games\/vi\/wp-json\/wp\/v2\/pages\/152"}],"wp:attachment":[{"href":"https:\/\/megapari.games\/vi\/wp-json\/wp\/v2\/media?parent=1699"}],"curies":[{"name":"wp","href":"https:\/\/api.w.org\/{rel}","templated":true}]}}