{"id":1708,"date":"2026-03-25T05:57:04","date_gmt":"2026-03-25T05:57:04","guid":{"rendered":"https:\/\/megapari.games\/vi\/?page_id=1708"},"modified":"2026-04-18T10:04:32","modified_gmt":"2026-04-18T10:04:32","slug":"saturday-football-bonus","status":"publish","type":"page","link":"https:\/\/megapari.games\/vi\/bonus\/saturday-football-bonus\/","title":{"rendered":"Ti\u1ec1n th\u01b0\u1edfng b\u00f3ng \u0111\u00e1 th\u1ee9 B\u1ea3y"},"content":{"rendered":"","protected":false},"excerpt":{"rendered":"","protected":false},"author":1,"featured_media":0,"parent":152,"menu_order":0,"comment_status":"closed","ping_status":"closed","template":"","meta":{"inline_featured_image":false,"footnotes":""},"class_list":["post-1708","page","type-page","status-publish","hentry"],"yoast_head":"<!-- This site is optimized with the Yoast SEO plugin v27.6 - https:\/\/yoast.com\/product\/yoast-seo-wordpress\/ -->\n<title>Megapari Khuy\u1ebfn m\u00e3i b\u00f3ng \u0111\u00e1 th\u1ee9 B\u1ea3y \u2014 100% \u0111\u1ebfn 3000000 VND<\/title>\n<meta name=\"description\" content=\"Ontvang elke zaterdag een voetbalbonus van 100% bij Megapari. Stort minimaal 150.000 VND en ontvang tot 3.000.000 VND om in te zetten op voetbalwedstrijden.\" \/>\n<meta name=\"robots\" content=\"index, follow, max-snippet:-1, max-image-preview:large, max-video-preview:-1\" \/>\n<link rel=\"canonical\" href=\"https:\/\/megapari.games\/vi\/bonus\/saturday-football-bonus\/\" \/>\n<meta property=\"og:locale\" content=\"vi_VN\" \/>\n<meta property=\"og:type\" content=\"article\" \/>\n<meta property=\"og:title\" content=\"Megapari Khuy\u1ebfn m\u00e3i b\u00f3ng \u0111\u00e1 th\u1ee9 B\u1ea3y \u2014 100% \u0111\u1ebfn 3000000 VND\" \/>\n<meta property=\"og:description\" content=\"Ontvang elke zaterdag een voetbalbonus van 100% bij Megapari. Stort minimaal 150.000 VND en ontvang tot 3.000.000 VND om in te zetten op voetbalwedstrijden.\" \/>\n<meta property=\"og:url\" content=\"https:\/\/megapari.games\/vi\/bonus\/saturday-football-bonus\/\" \/>\n<meta property=\"og:site_name\" content=\"Megapari Games vi\" \/>\n<meta property=\"article:modified_time\" content=\"2026-04-18T10:04:32+00:00\" \/>\n<meta name=\"twitter:card\" content=\"summary_large_image\" \/>\n<script type=\"application\/ld+json\" class=\"yoast-schema-graph\">{\"@context\":\"https:\\\/\\\/schema.org\",\"@graph\":[{\"@type\":\"WebPage\",\"@id\":\"https:\\\/\\\/megapari.games\\\/vi\\\/bonus\\\/saturday-football-bonus\\\/\",\"url\":\"https:\\\/\\\/megapari.games\\\/vi\\\/bonus\\\/saturday-football-bonus\\\/\",\"name\":\"Megapari Khuy\u1ebfn m\u00e3i b\u00f3ng \u0111\u00e1 th\u1ee9 B\u1ea3y \u2014 100% \u0111\u1ebfn 3000000 VND\",\"isPartOf\":{\"@id\":\"https:\\\/\\\/megapari.games\\\/vi\\\/#website\"},\"datePublished\":\"2026-03-25T05:57:04+00:00\",\"dateModified\":\"2026-04-18T10:04:32+00:00\",\"description\":\"Ontvang elke zaterdag een voetbalbonus van 100% bij Megapari. Stort minimaal 150.000 VND en ontvang tot 3.000.000 VND om in te zetten op voetbalwedstrijden.\",\"breadcrumb\":{\"@id\":\"https:\\\/\\\/megapari.games\\\/vi\\\/bonus\\\/saturday-football-bonus\\\/#breadcrumb\"},\"inLanguage\":\"vi\",\"potentialAction\":[{\"@type\":\"ReadAction\",\"target\":[\"https:\\\/\\\/megapari.games\\\/vi\\\/bonus\\\/saturday-football-bonus\\\/\"]}]},{\"@type\":\"BreadcrumbList\",\"@id\":\"https:\\\/\\\/megapari.games\\\/vi\\\/bonus\\\/saturday-football-bonus\\\/#breadcrumb\",\"itemListElement\":[{\"@type\":\"ListItem\",\"position\":1,\"name\":\"\u0413\u043b\u0430\u0432\u043d\u0430\u044f \u0441\u0442\u0440\u0430\u043d\u0438\u0446\u0430\",\"item\":\"https:\\\/\\\/megapari.games\\\/vi\\\/\"},{\"@type\":\"ListItem\",\"position\":2,\"name\":\"Ti\u1ec1n th\u01b0\u1edfng\",\"item\":\"https:\\\/\\\/megapari.games\\\/vi\\\/bonus\\\/\"},{\"@type\":\"ListItem\",\"position\":3,\"name\":\"Ti\u1ec1n th\u01b0\u1edfng b\u00f3ng \u0111\u00e1 th\u1ee9 B\u1ea3y\"}]},{\"@type\":\"WebSite\",\"@id\":\"https:\\\/\\\/megapari.games\\\/vi\\\/#website\",\"url\":\"https:\\\/\\\/megapari.games\\\/vi\\\/\",\"name\":\"Megapari Games vi\",\"description\":\"My WordPress Blog\",\"potentialAction\":[{\"@type\":\"SearchAction\",\"target\":{\"@type\":\"EntryPoint\",\"urlTemplate\":\"https:\\\/\\\/megapari.games\\\/vi\\\/?s={search_term_string}\"},\"query-input\":{\"@type\":\"PropertyValueSpecification\",\"valueRequired\":true,\"valueName\":\"search_term_string\"}}],\"inLanguage\":\"vi\"}]}<\/script>\n<!-- \/ Yoast SEO plugin. -->","yoast_head_json":{"title":"Megapari Khuy\u1ebfn m\u00e3i b\u00f3ng \u0111\u00e1 th\u1ee9 B\u1ea3y \u2014 100% \u0111\u1ebfn 3000000 VND","description":"Ontvang elke zaterdag een voetbalbonus van 100% bij Megapari. Stort minimaal 150.000 VND en ontvang tot 3.000.000 VND om in te zetten op voetbalwedstrijden.","robots":{"index":"index","follow":"follow","max-snippet":"max-snippet:-1","max-image-preview":"max-image-preview:large","max-video-preview":"max-video-preview:-1"},"canonical":"https:\/\/megapari.games\/vi\/bonus\/saturday-football-bonus\/","og_locale":"vi_VN","og_type":"article","og_title":"Megapari Khuy\u1ebfn m\u00e3i b\u00f3ng \u0111\u00e1 th\u1ee9 B\u1ea3y \u2014 100% \u0111\u1ebfn 3000000 VND","og_description":"Ontvang elke zaterdag een voetbalbonus van 100% bij Megapari. Stort minimaal 150.000 VND en ontvang tot 3.000.000 VND om in te zetten op voetbalwedstrijden.","og_url":"https:\/\/megapari.games\/vi\/bonus\/saturday-football-bonus\/","og_site_name":"Megapari Games vi","article_modified_time":"2026-04-18T10:04:32+00:00","twitter_card":"summary_large_image","schema":{"@context":"https:\/\/schema.org","@graph":[{"@type":"WebPage","@id":"https:\/\/megapari.games\/vi\/bonus\/saturday-football-bonus\/","url":"https:\/\/megapari.games\/vi\/bonus\/saturday-football-bonus\/","name":"Megapari Khuy\u1ebfn m\u00e3i b\u00f3ng \u0111\u00e1 th\u1ee9 B\u1ea3y \u2014 100% \u0111\u1ebfn 3000000 VND","isPartOf":{"@id":"https:\/\/megapari.games\/vi\/#website"},"datePublished":"2026-03-25T05:57:04+00:00","dateModified":"2026-04-18T10:04:32+00:00","description":"Ontvang elke zaterdag een voetbalbonus van 100% bij Megapari. Stort minimaal 150.000 VND en ontvang tot 3.000.000 VND om in te zetten op voetbalwedstrijden.","breadcrumb":{"@id":"https:\/\/megapari.games\/vi\/bonus\/saturday-football-bonus\/#breadcrumb"},"inLanguage":"vi","potentialAction":[{"@type":"ReadAction","target":["https:\/\/megapari.games\/vi\/bonus\/saturday-football-bonus\/"]}]},{"@type":"BreadcrumbList","@id":"https:\/\/megapari.games\/vi\/bonus\/saturday-football-bonus\/#breadcrumb","itemListElement":[{"@type":"ListItem","position":1,"name":"\u0413\u043b\u0430\u0432\u043d\u0430\u044f \u0441\u0442\u0440\u0430\u043d\u0438\u0446\u0430","item":"https:\/\/megapari.games\/vi\/"},{"@type":"ListItem","position":2,"name":"Ti\u1ec1n th\u01b0\u1edfng","item":"https:\/\/megapari.games\/vi\/bonus\/"},{"@type":"ListItem","position":3,"name":"Ti\u1ec1n th\u01b0\u1edfng b\u00f3ng \u0111\u00e1 th\u1ee9 B\u1ea3y"}]},{"@type":"WebSite","@id":"https:\/\/megapari.games\/vi\/#website","url":"https:\/\/megapari.games\/vi\/","name":"Megapari Games vi","description":"My WordPress Blog","potentialAction":[{"@type":"SearchAction","target":{"@type":"EntryPoint","urlTemplate":"https:\/\/megapari.games\/vi\/?s={search_term_string}"},"query-input":{"@type":"PropertyValueSpecification","valueRequired":true,"valueName":"search_term_string"}}],"inLanguage":"vi"}]}},"_links":{"self":[{"href":"https:\/\/megapari.games\/vi\/wp-json\/wp\/v2\/pages\/1708","targetHints":{"allow":["GET"]}}],"collection":[{"href":"https:\/\/megapari.games\/vi\/wp-json\/wp\/v2\/pages"}],"about":[{"href":"https:\/\/megapari.games\/vi\/wp-json\/wp\/v2\/types\/page"}],"author":[{"embeddable":true,"href":"https:\/\/megapari.games\/vi\/wp-json\/wp\/v2\/users\/1"}],"replies":[{"embeddable":true,"href":"https:\/\/megapari.games\/vi\/wp-json\/wp\/v2\/comments?post=1708"}],"version-history":[{"count":3,"href":"https:\/\/megapari.games\/vi\/wp-json\/wp\/v2\/pages\/1708\/revisions"}],"predecessor-version":[{"id":1838,"href":"https:\/\/megapari.games\/vi\/wp-json\/wp\/v2\/pages\/1708\/revisions\/1838"}],"up":[{"embeddable":true,"href":"https:\/\/megapari.games\/vi\/wp-json\/wp\/v2\/pages\/152"}],"wp:attachment":[{"href":"https:\/\/megapari.games\/vi\/wp-json\/wp\/v2\/media?parent=1708"}],"curies":[{"name":"wp","href":"https:\/\/api.w.org\/{rel}","templated":true}]}}